{"id":7228,"date":"2025-04-26T16:17:54","date_gmt":"2025-04-26T14:17:54","guid":{"rendered":"https:\/\/deep-space-astronomy.ch\/?post_type=product&#038;p=7228"},"modified":"2025-09-17T15:41:25","modified_gmt":"2025-09-17T13:41:25","slug":"filtre-planetaire-antlia-u-venus","status":"publish","type":"product","link":"https:\/\/deep-space-astronomy.ch\/de\/produkt\/filtre-planetaire-antlia-u-venus\/","title":{"rendered":"Planetarischer Filter Antlia U-Venus"},"content":{"rendered":"<h3 style=\"text-align: center;\">Antlia U-Venus-Filter<\/h3>\n<p>Der Antlia U-Venus-Filter wurde entwickelt, um die Wolkenstruktur von Venus und Jupiter im ultravioletten Spektrum einzufangen. Durch die Verwendung der neuesten dielektrischen Beschichtungstechnologie bietet er eine hohe UV-Transmission und blockiert gleichzeitig die sichtbaren St\u00f6rfrequenzen, die bei herk\u00f6mmlichen Sensoren normalerweise die Wolkendetails verdecken. Dieser Filter ist der astronomischen Fotografie gewidmet und nicht der visuellen Beobachtung.<\/p>\n<h3>Hauptmerkmale<\/h3>\n<ul>\n<li>H\u00f6here Transmission als 80% in den UV-kritischen B\u00e4ndern<\/li>\n<li>Unterdr\u00fcckung OD3 (\u22650.001) von st\u00f6renden Wellenl\u00e4ngen von 200nm bis 1050nm<\/li>\n<li>Einteiliges, nicht verklebtes optisches Substrat<\/li>\n<li>Beidseitig polierte Oberfl\u00e4che zur Gew\u00e4hrleistung der Wellenplanheit \u03bb\/4<\/li>\n<li>Oberfl\u00e4chenqualit\u00e4t: 60\/40 (MIL-O-13830-Standard)<\/li>\n<li>Parallelit\u00e4t weniger als 30 arcsec<\/li>\n<li>Mehrschichtige dielektrische Beschichtung auf zwei Seiten<\/li>\n<li>Anti-Halo-Design f\u00fcr helle Sterne<\/li>\n<\/ul>\n<h3>Ideale Anwendungen<\/h3>\n<ul>\n<li>UV-Bilder der Wolkenstruktur der Venus<\/li>\n<li>Erfassung von UV-Details auf Jupiter und anderen Planeten<\/li>\n<li>UV-Fotografie au\u00dferhalb der Astronomie: Flora, Pflanzengesundheit, Insekten, forensische Untersuchungen<\/li>\n<\/ul>\n<h3>Empfehlungen zur Verwendung<\/h3>\n<ul>\n<li>Entfernen Sie alle UV\/IR-Schutzfilter von Planetenkameras, um die UV-Transmission zu maximieren.<\/li>\n<li>L\u00e4ngere Belichtungszeiten im UV-Bereich einplanen, da die Empfindlichkeit der Sensoren unter 400nm stark abnimmt.<\/li>\n<li>Speziell f\u00fcr die UV-Fotografie modifizierte Kameras mit DSLR-Kameras verwenden<\/li>\n<li>Vermeiden Sie die Verwendung mit Standard-Elektronenblitzen (geringe n\u00fctzliche UV-Emission).<\/li>\n<\/ul>\n<h3>Technische Spezifikationen<\/h3>\n<ul>\n<li>Format: 1.25\u2033 montiert (M28.5\u00d70.6)<\/li>\n<li>Dicke: 2mm \u00b1 0.05mm<\/li>\n<li>Mittlere Transmission (Tave) : &gt;80%<\/li>\n<li>Unterdr\u00fcckung von OD3 zwischen 200-1050nm au\u00dferhalb des gezielten UV-Bandes<\/li>\n<\/ul>\n<h3>Gestaltung des Mediums<\/h3>\n<ul>\n<li>Ultrad\u00fcnne Zelle zur Maximierung der nutzbaren Blende<\/li>\n<li>Widerstandsf\u00e4hige schwarz eloxierte Oberfl\u00e4che<\/li>\n<li>Dauerhafte Lasergravur ohne Verblassen<\/li>\n<\/ul>\n<h3>Vorsichtsma\u00dfnahmen und Warnungen<\/h3>\n<ul>\n<li><strong style=\"color: red;\">Nicht f\u00fcr die Sonnenbeobachtung verwenden.<\/strong><\/li>\n<li><strong style=\"color: red;\">Verboten f\u00fcr jede visuelle UV-Beobachtung.<\/strong><\/li>\n<li>Dieser Filter ist ausschlie\u00dflich f\u00fcr die fotografische Bildbearbeitung vorgesehen.<\/li>\n<\/ul>\n<p>&nbsp;<\/p>\n<p>&nbsp;<\/p>","protected":false},"excerpt":{"rendered":"<p>Filtre Antlia U-Venus Le filtre Antlia U-Venus est con\u00e7u pour capturer la structure nuageuse de V\u00e9nus et Jupiter dans le spectre ultraviolet. Utilisant les derni\u00e8res technologies de rev\u00eatement di\u00e9lectrique, il offre une transmission UV \u00e9lev\u00e9e tout en bloquant les fr\u00e9quences parasites visibles qui noient habituellement les d\u00e9tails des nuages dans les capteurs classiques. Ce filtre [&hellip;]<\/p>\n","protected":false},"featured_media":7229,"comment_status":"open","ping_status":"closed","template":"","meta":[],"product_brand":[791],"product_cat":[780,804],"product_tag":[],"class_list":{"0":"post-7228","1":"product","2":"type-product","3":"status-publish","4":"has-post-thumbnail","6":"product_brand-antlia","7":"product_cat-filtres-bande-etroite","8":"product_cat-filtres-planetaires","10":"first","11":"on_supplier","12":"taxable","13":"shipping-taxable","14":"purchasable","15":"product-type-simple"},"_links":{"self":[{"href":"https:\/\/deep-space-astronomy.ch\/de\/wp-json\/wp\/v2\/product\/7228","targetHints":{"allow":["GET"]}}],"collection":[{"href":"https:\/\/deep-space-astronomy.ch\/de\/wp-json\/wp\/v2\/product"}],"about":[{"href":"https:\/\/deep-space-astronomy.ch\/de\/wp-json\/wp\/v2\/types\/product"}],"replies":[{"embeddable":true,"href":"https:\/\/deep-space-astronomy.ch\/de\/wp-json\/wp\/v2\/comments?post=7228"}],"wp:featuredmedia":[{"embeddable":true,"href":"https:\/\/deep-space-astronomy.ch\/de\/wp-json\/wp\/v2\/media\/7229"}],"wp:attachment":[{"href":"https:\/\/deep-space-astronomy.ch\/de\/wp-json\/wp\/v2\/media?parent=7228"}],"wp:term":[{"taxonomy":"product_brand","embeddable":true,"href":"https:\/\/deep-space-astronomy.ch\/de\/wp-json\/wp\/v2\/product_brand?post=7228"},{"taxonomy":"product_cat","embeddable":true,"href":"https:\/\/deep-space-astronomy.ch\/de\/wp-json\/wp\/v2\/product_cat?post=7228"},{"taxonomy":"product_tag","embeddable":true,"href":"https:\/\/deep-space-astronomy.ch\/de\/wp-json\/wp\/v2\/product_tag?post=7228"}],"curies":[{"name":"wp","href":"https:\/\/api.w.org\/{rel}","templated":true}]}}