{"id":7230,"date":"2025-04-26T16:28:10","date_gmt":"2025-04-26T14:28:10","guid":{"rendered":"https:\/\/deep-space-astronomy.ch\/?post_type=product&#038;p=7230"},"modified":"2025-09-17T15:41:25","modified_gmt":"2025-09-17T13:41:25","slug":"filtre-planetaire-ir-pass-685nm","status":"publish","type":"product","link":"https:\/\/deep-space-astronomy.ch\/de\/produkt\/filtre-planetaire-ir-pass-685nm\/","title":{"rendered":"Planetenfilter IR Pass 685nm"},"content":{"rendered":"<h3>Antlia IR Pass Filter 685nm<\/h3>\n<p>Der Antlia IR Pass 685nm-Filter wurde f\u00fcr die fortgeschrittene Planetenabbildung entwickelt. Indem er nur Wellenl\u00e4ngen oberhalb von 685nm durchl\u00e4sst, reduziert er die Auswirkungen von atmosph\u00e4rischen Turbulenzen (Seeing) erheblich und erm\u00f6glicht so sch\u00e4rfere und kontrastreichere Bilder. Dieser Filter ist ideal f\u00fcr die Fotografie von Mars, Jupiter, Saturn und anderen Planeten, dank des abgedunkelten Himmelshintergrunds sogar bei Tageslicht.<\/p>\n<h3>Hauptmerkmale<\/h3>\n<ul>\n<li>Selektive Infrarot\u00fcbertragung jenseits von 685nm<\/li>\n<li>Schott optical glass von hoher Qualit\u00e4t<\/li>\n<li>Beidseitig polierte optische Oberfl\u00e4che f\u00fcr eine Genauigkeit von \u03bb\/4<\/li>\n<li>Oberfl\u00e4chenqualit\u00e4t: 60\/40 nach MIL-O-13830<\/li>\n<li>Parallelit\u00e4t weniger als 30 arcsec<\/li>\n<li>Ultrad\u00fcnne Zelle zur Maximierung der nutzbaren Blende und Minimierung der Vignettierung<\/li>\n<li>Haltbares schwarzes Eloxal-Finish mit widerstandsf\u00e4higer Lasergravur<\/li>\n<\/ul>\n<h3>Ideale Anwendungen<\/h3>\n<ul>\n<li>Infrarot-Planetenbilder von Mars, Jupiter, Saturn<\/li>\n<li>Planetenfotografie bei Tag (abgedunkelter Himmel dank IR-Filterung)<\/li>\n<li>Kombination mit RGB- und U-Venus-Filtern, um die Sch\u00e4rfe der Bilder zu erh\u00f6hen<\/li>\n<\/ul>\n<h3>Technische Spezifikationen<\/h3>\n<ul>\n<li>Format: 1.25\u2033 montiert (M28.5\u00d70.6)<\/li>\n<li>Dicke: 2mm \u00b1 0.05mm<\/li>\n<li>Substrat: Optisches Schott-Glas<\/li>\n<li>Beidseitig polierte Oberfl\u00e4che, um eine optimale Planheit zu gew\u00e4hrleisten<\/li>\n<\/ul>\n<h3>Gestaltung des Mediums<\/h3>\n<ul>\n<li>Ultrad\u00fcnner Rahmen zur Verringerung der Vignettierung<\/li>\n<li>Schwarz eloxierte, entspiegelte Oberfl\u00e4che<\/li>\n<li>Permanente Lasergravur auf dem Rahmen<\/li>\n<\/ul>\n<h3>Vorsichtsma\u00dfnahmen und Warnungen<\/h3>\n<ul>\n<li><strong style=\"color: red;\">Nicht f\u00fcr die Sonnenbeobachtung verwenden.<\/strong><\/li>\n<li><strong style=\"color: red;\">Nicht f\u00fcr die direkte visuelle Beobachtung verwenden.<\/strong><\/li>\n<li>Nutzung ausschlie\u00dflich f\u00fcr die Planetenfotografie.<\/li>\n<li>Beachten Sie die Sicherheitshinweise strikt, um schwere Augensch\u00e4den zu vermeiden.<\/li>\n<\/ul>\n<p>&nbsp;<\/p>\n<p>&nbsp;<\/p>","protected":false},"excerpt":{"rendered":"<p>Filtre Antlia IR Pass 685nm Le filtre Antlia IR Pass 685nm est con\u00e7u pour l&rsquo;imagerie plan\u00e9taire avanc\u00e9e. En ne laissant passer que les longueurs d&rsquo;onde sup\u00e9rieures \u00e0 685nm, il r\u00e9duit consid\u00e9rablement l&rsquo;effet de la turbulence atmosph\u00e9rique (seeing), permettant d&rsquo;obtenir des images plus nettes et contrast\u00e9es. Ce filtre est id\u00e9al pour la photographie de Mars, Jupiter, [&hellip;]<\/p>\n","protected":false},"featured_media":7231,"comment_status":"open","ping_status":"closed","template":"","meta":[],"product_brand":[791],"product_cat":[780,804],"product_tag":[],"class_list":{"0":"post-7230","1":"product","2":"type-product","3":"status-publish","4":"has-post-thumbnail","6":"product_brand-antlia","7":"product_cat-filtres-bande-etroite","8":"product_cat-filtres-planetaires","10":"first","11":"on_supplier","12":"taxable","13":"shipping-taxable","14":"purchasable","15":"product-type-simple"},"_links":{"self":[{"href":"https:\/\/deep-space-astronomy.ch\/de\/wp-json\/wp\/v2\/product\/7230","targetHints":{"allow":["GET"]}}],"collection":[{"href":"https:\/\/deep-space-astronomy.ch\/de\/wp-json\/wp\/v2\/product"}],"about":[{"href":"https:\/\/deep-space-astronomy.ch\/de\/wp-json\/wp\/v2\/types\/product"}],"replies":[{"embeddable":true,"href":"https:\/\/deep-space-astronomy.ch\/de\/wp-json\/wp\/v2\/comments?post=7230"}],"wp:featuredmedia":[{"embeddable":true,"href":"https:\/\/deep-space-astronomy.ch\/de\/wp-json\/wp\/v2\/media\/7231"}],"wp:attachment":[{"href":"https:\/\/deep-space-astronomy.ch\/de\/wp-json\/wp\/v2\/media?parent=7230"}],"wp:term":[{"taxonomy":"product_brand","embeddable":true,"href":"https:\/\/deep-space-astronomy.ch\/de\/wp-json\/wp\/v2\/product_brand?post=7230"},{"taxonomy":"product_cat","embeddable":true,"href":"https:\/\/deep-space-astronomy.ch\/de\/wp-json\/wp\/v2\/product_cat?post=7230"},{"taxonomy":"product_tag","embeddable":true,"href":"https:\/\/deep-space-astronomy.ch\/de\/wp-json\/wp\/v2\/product_tag?post=7230"}],"curies":[{"name":"wp","href":"https:\/\/api.w.org\/{rel}","templated":true}]}}