{"id":7234,"date":"2025-04-26T16:33:06","date_gmt":"2025-04-26T14:33:06","guid":{"rendered":"https:\/\/deep-space-astronomy.ch\/?post_type=product&#038;p=7234"},"modified":"2025-09-17T15:41:25","modified_gmt":"2025-09-17T13:41:25","slug":"filtre-solaire-calcium-cak-3nm","status":"publish","type":"product","link":"https:\/\/deep-space-astronomy.ch\/de\/produkt\/filtre-solaire-calcium-cak-3nm\/","title":{"rendered":"Filter Antlia Solar Discover 3nm Calcium (CaK) 3nm"},"content":{"rendered":"<h3 style=\"text-align: center;\">Filter Antlia Solar Discover 3nm CaK<\/h3>\n<p>Das Antlia Solar Discover 3nm CaK ist eine fortschrittliche Sonnenbildl\u00f6sung, die entwickelt wurde, um den Kontrast von Sonnenflecken, Oberfl\u00e4chengranulation und anderen Details zu maximieren, die auf der Calcium-II-K-Linie bei 393,3nm sichtbar sind. Die Baugruppe enth\u00e4lt einen ultra-schmalen 3nm-Filter mit hoher OD5-Blockung (0,001%), um die solare W\u00e4rmeeinstrahlung zu reduzieren und die Sicherheit der fotografischen Beobachtung zu erh\u00f6hen.<\/p>\n<p><img fetchpriority=\"high\" decoding=\"async\" class=\"size-full wp-image-7237 aligncenter\" src=\"https:\/\/deep-space-astronomy.ch\/wp-content\/uploads\/2025\/04\/3nm-CaK-photo-sample.jpg\" alt=\"\" width=\"1000\" height=\"1000\" srcset=\"https:\/\/deep-space-astronomy.ch\/wp-content\/uploads\/2025\/04\/3nm-CaK-photo-sample.jpg 1000w, https:\/\/deep-space-astronomy.ch\/wp-content\/uploads\/2025\/04\/3nm-CaK-photo-sample-300x300.jpg 300w, https:\/\/deep-space-astronomy.ch\/wp-content\/uploads\/2025\/04\/3nm-CaK-photo-sample-150x150.jpg 150w, https:\/\/deep-space-astronomy.ch\/wp-content\/uploads\/2025\/04\/3nm-CaK-photo-sample-768x768.jpg 768w, https:\/\/deep-space-astronomy.ch\/wp-content\/uploads\/2025\/04\/3nm-CaK-photo-sample-12x12.jpg 12w, https:\/\/deep-space-astronomy.ch\/wp-content\/uploads\/2025\/04\/3nm-CaK-photo-sample-600x600.jpg 600w, https:\/\/deep-space-astronomy.ch\/wp-content\/uploads\/2025\/04\/3nm-CaK-photo-sample-100x100.jpg 100w\" sizes=\"(max-width: 1000px) 100vw, 1000px\" \/><\/p>\n<h3>Hauptmerkmale<\/h3>\n<ul>\n<li>Integrierter ultra-schmaler 3nm-Filter, zentriert auf 393,3nm (Calcium K-Line)<\/li>\n<li>OD5-Sperre, um den Eintritt von Sonnenw\u00e4rme zu verringern<\/li>\n<li>Geschlossene Rohrstruktur, CNC-bearbeitet aus Flugzeugaluminium<\/li>\n<li>Adapter 1.25\u2033 und 2\u2033 im Lieferumfang enthalten<\/li>\n<li>Versiegelte Baugruppe verhindert Lichtaustritt<\/li>\n<li>Nur f\u00fcr die Bildgebung konzipiert, nicht f\u00fcr die visuelle Beobachtung empfohlen<\/li>\n<li>Installation \u00e4hnlich wie bei herk\u00f6mmlichen solaren Herschel-Prismen<\/li>\n<\/ul>\n<h3>Wichtiges zur Installation<\/h3>\n<ul>\n<li>Bei der Verwendung eines Zenitspiegels muss der ERF korrekt installiert werden, um die Sicherheit zu gew\u00e4hrleisten<\/li>\n<li>F\u00fcr Teleskope mit einem Durchmesser von mehr als 100 mm ist die Hinzuf\u00fcgung einer lichtreduzierenden L\u00f6sung (ERF, Sonnenschutzfolien) erforderlich.<\/li>\n<li>Ohne zus\u00e4tzliche Verkleinerung auf Refraktoren mit \u2264100mm \u00d6ffnung beschr\u00e4nkt.<\/li>\n<\/ul>\n<h3>\u00dcber visuelle Beobachtung<\/h3>\n<p>Das CaK-Band (393,3nm) ist f\u00fcr das menschliche Auge praktisch unsichtbar. Daher ist die Solar Discover 3nm CaK-Baugruppe in erster Linie f\u00fcr die fotografische Bildgebung gedacht. Sie wird nicht f\u00fcr den visuellen Gebrauch empfohlen, da es bei dieser Wellenl\u00e4nge schwierig ist, Details wahrzunehmen.<\/p>\n<p>Die IR-Beschichtung weicht geringf\u00fcgig von den ISO 12312-2-Anforderungen f\u00fcr die sichere Sonnenbeobachtung ab. Bei jeder visuellen Nutzung ist unbedingt darauf zu achten, dass alle eingebauten Filter in einwandfreiem Zustand sind. Wenden Sie sich an Antlia, wenn Sie Fragen zur Sicherheit haben.<\/p>\n<h3>\u00dcbertragungsstandards (ISO12312-2 vs. Antlia)<\/h3>\n<ul>\n<li>Tmax% (380-780nm): 0.0032%<\/li>\n<li>Tmin% (380-780nm): 0.000061%<\/li>\n<li>Tmax% UVB (280-315nm): 0.0032%<\/li>\n<li>Tmax% UVA (315-380nm): 0.0032%<\/li>\n<li>Tmax% IR (780-1700nm): 3%<\/li>\n<\/ul>\n<h3>Zus\u00e4tzliche Spezifikationen<\/h3>\n<ul>\n<li>Garantie: 3 Jahre<\/li>\n<li>Die Garantie erlischt, wenn die Baugruppe zerlegt wird.<\/li>\n<li>Keine R\u00fcckgabe, Umtausch oder Reparatur nach der Demontage akzeptiert<\/li>\n<\/ul>\n<h3>Vorsichtsma\u00dfnahmen f\u00fcr die Sicherheit<\/h3>\n<ul>\n<li><strong style=\"color: red;\">Verwenden Sie bei Teleskopen &gt;100mm niemals ohne geeignete Lichtreduziervorrichtung.<\/strong><\/li>\n<li><strong style=\"color: red;\">Nicht zur direkten Beobachtung ohne Sicherheitsfilter verwenden.<\/strong><\/li>\n<\/ul>\n<p>&nbsp;<\/p>","protected":false},"excerpt":{"rendered":"<p>Filtre Antlia Solar Discover 3nm CaK Le Antlia Solar Discover 3nm CaK est une solution d&rsquo;imagerie solaire avanc\u00e9e, con\u00e7ue pour maximiser le contraste des taches solaires, de la granulation de surface et d&rsquo;autres d\u00e9tails visibles sur la raie du Calcium II K \u00e0 393.3nm. L&rsquo;assemblage int\u00e8gre un filtre ultra-\u00e9troit de 3nm avec un blocage \u00e9lev\u00e9 [&hellip;]<\/p>\n","protected":false},"featured_media":7236,"comment_status":"open","ping_status":"closed","template":"","meta":[],"product_brand":[791],"product_cat":[642,647,645],"product_tag":[],"class_list":{"0":"post-7234","1":"product","2":"type-product","3":"status-publish","4":"has-post-thumbnail","6":"product_brand-antlia","7":"product_cat-materiel-pour-lobservation-solaire","8":"product_cat-filtres-bloquants-ha-ou-ca-k","9":"product_cat-filtres-solaires","11":"first","12":"on_supplier","13":"taxable","14":"shipping-taxable","15":"purchasable","16":"product-type-simple"},"_links":{"self":[{"href":"https:\/\/deep-space-astronomy.ch\/de\/wp-json\/wp\/v2\/product\/7234","targetHints":{"allow":["GET"]}}],"collection":[{"href":"https:\/\/deep-space-astronomy.ch\/de\/wp-json\/wp\/v2\/product"}],"about":[{"href":"https:\/\/deep-space-astronomy.ch\/de\/wp-json\/wp\/v2\/types\/product"}],"replies":[{"embeddable":true,"href":"https:\/\/deep-space-astronomy.ch\/de\/wp-json\/wp\/v2\/comments?post=7234"}],"wp:featuredmedia":[{"embeddable":true,"href":"https:\/\/deep-space-astronomy.ch\/de\/wp-json\/wp\/v2\/media\/7236"}],"wp:attachment":[{"href":"https:\/\/deep-space-astronomy.ch\/de\/wp-json\/wp\/v2\/media?parent=7234"}],"wp:term":[{"taxonomy":"product_brand","embeddable":true,"href":"https:\/\/deep-space-astronomy.ch\/de\/wp-json\/wp\/v2\/product_brand?post=7234"},{"taxonomy":"product_cat","embeddable":true,"href":"https:\/\/deep-space-astronomy.ch\/de\/wp-json\/wp\/v2\/product_cat?post=7234"},{"taxonomy":"product_tag","embeddable":true,"href":"https:\/\/deep-space-astronomy.ch\/de\/wp-json\/wp\/v2\/product_tag?post=7234"}],"curies":[{"name":"wp","href":"https:\/\/api.w.org\/{rel}","templated":true}]}}