{"id":7238,"date":"2025-04-26T16:37:38","date_gmt":"2025-04-26T14:37:38","guid":{"rendered":"https:\/\/deep-space-astronomy.ch\/?post_type=product&#038;p=7238"},"modified":"2025-09-17T15:41:25","modified_gmt":"2025-09-17T13:41:25","slug":"prisme-de-herschel-antlia-cak-3nm","status":"publish","type":"product","link":"https:\/\/deep-space-astronomy.ch\/de\/produkt\/prisme-de-herschel-antlia-cak-3nm\/","title":{"rendered":"Herschel-Prisma Antlia CaK 3nm"},"content":{"rendered":"<h3 style=\"text-align: center;\">Antlia Solar Herschel Wedge<\/h3>\n<p>Das Antlia Solar Herschel Wedge ist ein 35mm-Sonnenprisma, das den standardm\u00e4\u00dfigen Diagonalspiegel an der R\u00fcckseite von Refraktorteleskopen ersetzt. Es wurde f\u00fcr die hochaufl\u00f6sende Abbildung der Sonne entwickelt und liefert sch\u00e4rfere und kontrastreichere Bilder der Sonnengranulation, der Sonnenflecken und anderer feiner Details. Das System enth\u00e4lt einen ultra-schmalen 3nm CaK-Filter, der auf 393,3nm zentriert ist und sich perfekt f\u00fcr die Erfassung von sichtbaren Strukturen im Calcium-II-K-Band eignet.<\/p>\n<h3>Hauptmerkmale<\/h3>\n<ul>\n<li>35mm Prisma, das nach dem Prinzip des Herschel Wedge entworfen wurde<\/li>\n<li>Integrierter 3nm CaK-Filter, zentriert bei 393,3nm<\/li>\n<li>CNC-Konstruktion aus Flugzeugaluminium<\/li>\n<li>Sichere und reduzierte Durchl\u00e4ssigkeit des Sonnenlichts<\/li>\n<li>Helligkeitskontrolle durch verstellbaren Ring mit integrierter Blende<\/li>\n<li>Dicker polykristalliner Keramikdiffusor zur W\u00e4rmeableitung<\/li>\n<li>Effektive Bel\u00fcftung \u00fcber der Keramikplatte zur K\u00fchlung<\/li>\n<li>Mehrfach verg\u00fctete, entspiegelte Optiken zur Reduzierung interner Reflexionen<\/li>\n<li>Integration eines Sonnensuchers f\u00fcr eine sichere Ausrichtung<\/li>\n<\/ul>\n<h3>Spezifikationen des eingebauten CaK 3nm-Filters<\/h3>\n<ul>\n<li>Ultra-schmale Bandbreite von 3nm<\/li>\n<li>Zentrale Wellenl\u00e4nge: 393.3nm (Calcium K-Line)<\/li>\n<li>Hoher Block :\n<ul>\n<li>OD5 (0.001%) zwischen 200nm und 1200nm<\/li>\n<li>OD3 (0.1%) zwischen 1200nm und 1500nm<\/li>\n<\/ul>\n<\/li>\n<li>Doppelseitiges, poliertes, hitzebest\u00e4ndiges Substrat<\/li>\n<li>Entwickelt, um den Kontrast von Sonnenflecken, Granulation und anderen feinen Details zu maximieren<\/li>\n<\/ul>\n<h3>Ideale Anwendungen<\/h3>\n<ul>\n<li>Bildgebung der Sonnengranulation<\/li>\n<li>Erfassung von Sonnenflecken in hoher Aufl\u00f6sung<\/li>\n<li>Abbildung der Sonnenoberfl\u00e4che im Calcium-II-K-Band<\/li>\n<\/ul>\n<h3>Empfehlungen zur Verwendung<\/h3>\n<ul>\n<li>Nur mit Refraktorteleskopen zu verwenden<\/li>\n<li>Empfohlene maximale Blende: 120mm<\/li>\n<li>Empfohlene Brennweite: Verh\u00e4ltnis F\/5.5 oder h\u00f6her<\/li>\n<li>Ausschlie\u00dflich fotografische Nutzung, nicht f\u00fcr visuelle Beobachtung geeignet<\/li>\n<li>Niemals ohne den mitgelieferten CaK-Filter verwenden<\/li>\n<\/ul>\n<h3>Vorsichtsma\u00dfnahmen f\u00fcr die Sicherheit<\/h3>\n<ul>\n<li><strong style=\"color: red;\">NICHT f\u00fcr die direkte visuelle Beobachtung verwenden.<\/strong><\/li>\n<li><strong style=\"color: red;\">NICHT ohne Filter verwenden, um irreversible Sch\u00e4den an Augen und Ausr\u00fcstung zu vermeiden.<\/strong><\/li>\n<li>Ger\u00e4t, das ausschlie\u00dflich f\u00fcr die sichere Sonnenbildgebung bestimmt ist.<\/li>\n<\/ul>\n<h3>Garantie und Support<\/h3>\n<ul>\n<li>Herstellergarantie: 1 Jahr<\/li>\n<li>Die Garantie erlischt, wenn das Prisma zerlegt wird.<\/li>\n<li>Keine R\u00fcckgabe, Umtausch oder Reparatur nach dem \u00d6ffnen akzeptiert<\/li>\n<\/ul>\n<p>&nbsp;<\/p>","protected":false},"excerpt":{"rendered":"<p>Antlia Solar Herschel Wedge Le Antlia Solar Herschel Wedge est un prisme solaire de 35mm rempla\u00e7ant le miroir diagonal standard \u00e0 l&rsquo;arri\u00e8re des t\u00e9lescopes r\u00e9fracteurs. Con\u00e7u pour l&rsquo;imagerie haute r\u00e9solution du Soleil, il offre des images plus nettes et contrast\u00e9es de la granulation solaire, des taches solaires et d&rsquo;autres d\u00e9tails fins. Ce syst\u00e8me incorpore un [&hellip;]<\/p>\n","protected":false},"featured_media":7242,"comment_status":"open","ping_status":"closed","template":"","meta":[],"product_brand":[791],"product_cat":[642,646],"product_tag":[],"class_list":{"0":"post-7238","1":"product","2":"type-product","3":"status-publish","4":"has-post-thumbnail","6":"product_brand-antlia","7":"product_cat-materiel-pour-lobservation-solaire","8":"product_cat-prismes-de-herschel","10":"first","11":"on_supplier","12":"taxable","13":"shipping-taxable","14":"purchasable","15":"product-type-simple"},"_links":{"self":[{"href":"https:\/\/deep-space-astronomy.ch\/de\/wp-json\/wp\/v2\/product\/7238","targetHints":{"allow":["GET"]}}],"collection":[{"href":"https:\/\/deep-space-astronomy.ch\/de\/wp-json\/wp\/v2\/product"}],"about":[{"href":"https:\/\/deep-space-astronomy.ch\/de\/wp-json\/wp\/v2\/types\/product"}],"replies":[{"embeddable":true,"href":"https:\/\/deep-space-astronomy.ch\/de\/wp-json\/wp\/v2\/comments?post=7238"}],"wp:featuredmedia":[{"embeddable":true,"href":"https:\/\/deep-space-astronomy.ch\/de\/wp-json\/wp\/v2\/media\/7242"}],"wp:attachment":[{"href":"https:\/\/deep-space-astronomy.ch\/de\/wp-json\/wp\/v2\/media?parent=7238"}],"wp:term":[{"taxonomy":"product_brand","embeddable":true,"href":"https:\/\/deep-space-astronomy.ch\/de\/wp-json\/wp\/v2\/product_brand?post=7238"},{"taxonomy":"product_cat","embeddable":true,"href":"https:\/\/deep-space-astronomy.ch\/de\/wp-json\/wp\/v2\/product_cat?post=7238"},{"taxonomy":"product_tag","embeddable":true,"href":"https:\/\/deep-space-astronomy.ch\/de\/wp-json\/wp\/v2\/product_tag?post=7238"}],"curies":[{"name":"wp","href":"https:\/\/api.w.org\/{rel}","templated":true}]}}