{"id":7244,"date":"2025-04-26T16:45:45","date_gmt":"2025-04-26T14:45:45","guid":{"rendered":"https:\/\/deep-space-astronomy.ch\/?post_type=product&#038;p=7244"},"modified":"2025-11-18T18:03:01","modified_gmt":"2025-11-18T17:03:01","slug":"filtre-antlia-solar-discover-5a-cak","status":"publish","type":"product","link":"https:\/\/deep-space-astronomy.ch\/de\/produkt\/filtre-antlia-solar-discover-5a-cak\/","title":{"rendered":"Filter Antlia Solar Discover 5\u00c5 CaK"},"content":{"rendered":"<h3 style=\"text-align: center;\">Antlia Solar Discover 5\u00c5CaK<\/h3>\n<p>Das Antlia Solar Discover 5\u00c5 CaK ist ein spezielles optisches Set f\u00fcr die Sonnenabbildung, das lichtreduzierende Filter enth\u00e4lt, um den Eintritt von Sonnenw\u00e4rme zu begrenzen und die Sicherheit bei der Verwendung zu erh\u00f6hen. Es wurde entwickelt, um den Kontrast von Plages, Light Bridges und Sonnenflecken auf der Linie Calcium II K (393,3 nm) zu maximieren. Es bietet eine ultra-schmale Bandbreite von 0,5 nm, um feine Details der Sonnenchromosph\u00e4re zu erfassen.<\/p>\n<p><img fetchpriority=\"high\" decoding=\"async\" class=\"alignnone size-full wp-image-7245\" style=\"font-family: -apple-system, BlinkMacSystemFont, 'Segoe UI', Roboto, 'Helvetica Neue', Arial, 'Noto Sans', sans-serif, 'Apple Color Emoji', 'Segoe UI Emoji', 'Segoe UI Symbol', 'Noto Color Emoji';\" src=\"https:\/\/deep-space-astronomy.ch\/wp-content\/uploads\/2025\/04\/5A-sample-photo.jpg\" alt=\"\" width=\"1521\" height=\"1289\" srcset=\"https:\/\/deep-space-astronomy.ch\/wp-content\/uploads\/2025\/04\/5A-sample-photo.jpg 1521w, https:\/\/deep-space-astronomy.ch\/wp-content\/uploads\/2025\/04\/5A-sample-photo-300x254.jpg 300w, https:\/\/deep-space-astronomy.ch\/wp-content\/uploads\/2025\/04\/5A-sample-photo-1024x868.jpg 1024w, https:\/\/deep-space-astronomy.ch\/wp-content\/uploads\/2025\/04\/5A-sample-photo-768x651.jpg 768w, https:\/\/deep-space-astronomy.ch\/wp-content\/uploads\/2025\/04\/5A-sample-photo-14x12.jpg 14w, https:\/\/deep-space-astronomy.ch\/wp-content\/uploads\/2025\/04\/5A-sample-photo-600x508.jpg 600w\" sizes=\"(max-width: 1521px) 100vw, 1521px\" \/><\/p>\n<h3>Hauptmerkmale<\/h3>\n<ul>\n<li>Eingebauter Filter: Ultra-schmale Bandbreite 5\u00c5 (0.5nm) zentriert auf 393.3nm<\/li>\n<li>Klare Blende: D12mm (B1200)<\/li>\n<li>Vollst\u00e4ndig geschlossene R\u00f6hre aus CNC-Flugzeugaluminium, verhindert Lichtlecks<\/li>\n<li>Effektive Reduzierung des W\u00e4rmeeintrags f\u00fcr sichere Sonnenbilder<\/li>\n<li>Installation \u00e4hnlich dem Herschel-Prisma CaK 3nm<\/li>\n<\/ul>\n<h3>Kompatibilit\u00e4t und Zubeh\u00f6r<\/h3>\n<ul>\n<li>Verwendung mit einem Teleskop mit einem Brennweitenverh\u00e4ltnis von &gt; f\/7 erforderlich, wenn ohne Barlow<\/li>\n<li>Barlow 2X, 3X, und 5X speziell f\u00fcr Solar Discover 5\u00c5 CaK (optional)<\/li>\n<li>Einstellbare Aperturblende Dia 2.0mm-25mm (optional)<\/li>\n<li>Brennweitenverl\u00e4ngerungen: 50mm und 70mm R\u00f6hren optional erh\u00e4ltlich<\/li>\n<li>Sichere Installation erforderlich mit zus\u00e4tzlicher ERF f\u00fcr Optiken &gt; 100mm \u00d6ffnung<\/li>\n<\/ul>\n<h3>Wichtige Hinweise<\/h3>\n<ul>\n<li>Ohne zus\u00e4tzliche Lichtreduzierungsvorrichtung, beschr\u00e4nkt auf Refraktoren bis 100 mm \u00d6ffnung<\/li>\n<li>Pflicht zur Verwendung eines ERF bei Verwendung von Zenitspiegeln oder Barlow-Spiegeln anderer Marken<\/li>\n<li>Korrekte Installation unerl\u00e4sslich f\u00fcr einen sicheren Betrieb<\/li>\n<\/ul>\n<h3>Visuelle Nutzung<\/h3>\n<p>Das CaK-Band (393,3 nm) ist f\u00fcr das menschliche Auge fast unsichtbar. Das Solar Discover 5\u00c5 CaK ist in erster Linie f\u00fcr die Bildgebung gedacht und wird nicht f\u00fcr die visuelle Beobachtung empfohlen. Au\u00dferdem entspricht die IR-Abdeckung der Filter nicht genau den ISO 12312-2 Standards. Jegliche visuelle Nutzung sollte mit \u00e4u\u00dferster Vorsicht erfolgen und nur, wenn die Filter in einwandfreiem Zustand sind.<\/p>\n<h3>Einhaltung von ISO-Standards<\/h3>\n<ul>\n<li>Tmax% (380-780nm): 0.0032%<\/li>\n<li>Tmin% (380-780nm): 0.000061%<\/li>\n<li>Tmax% UVB (280-315nm): 0.0032%<\/li>\n<li>Tmax% UVA (315-380nm): 0.0032%<\/li>\n<li>Tmax% IR (780-1700nm): 3%<\/li>\n<\/ul>\n<h3>Optionen f\u00fcr Solar Discover (aus dem Dropdown-Men\u00fc ausw\u00e4hlen)<\/h3>\n<ul>\n<li>Solar Discover 5\u00c5 CaK Assembly allein: 880 USD<\/li>\n<li>Solar Discover 5\u00c5 CaK mit Barlow 2X oder 3X: 930 USD<\/li>\n<li>Solar Discover 5\u00c5 CaK mit Barlow 5X: 940 USD<\/li>\n<li>Barlow 2X oder 3X allein: 50 USD<\/li>\n<li>Barlow 5X allein: 60 USD<\/li>\n<li>Einstellbare Blende: 50 USD<\/li>\n<li>50-mm-Verl\u00e4ngerung: 20 USD<\/li>\n<li>70-mm-Extension: 25 USD<\/li>\n<\/ul>\n<h3>Garantie<\/h3>\n<ul>\n<li>Herstellergarantie: 3 Jahre<\/li>\n<li><strong>Wenn Sie die Baugruppe auseinandernehmen, erlischt die Garantie.<\/strong><\/li>\n<li>Keine Reparatur, R\u00fcckgabe oder Umtausch bei Zerlegung m\u00f6glich<\/li>\n<\/ul>\n<h3>Vorsichtsma\u00dfnahmen f\u00fcr die Sicherheit<\/h3>\n<ul>\n<li><strong style=\"color: red;\">Verwenden Sie bei Blenden &gt;100mm niemals ohne ein geeignetes Lichtreduzierungssystem.<\/strong><\/li>\n<li><strong style=\"color: red;\">Verboten f\u00fcr ungesicherte visuelle Sonnenbeobachtung.<\/strong><\/li>\n<li><strong style=\"color: red;\">\u00dcberpr\u00fcfen Sie die Filter vor dem Gebrauch immer auf Unversehrtheit.<\/strong><\/li>\n<\/ul>\n<p>&nbsp;<\/p>","protected":false},"excerpt":{"rendered":"<p>Antlia Solar Discover 5\u00c5CaK Le Antlia Solar Discover 5\u00c5 CaK est un ensemble optique sp\u00e9cialis\u00e9 pour l&rsquo;imagerie solaire, incorporant des filtres de r\u00e9duction de lumi\u00e8re pour limiter l&rsquo;entr\u00e9e de chaleur solaire et am\u00e9liorer la s\u00e9curit\u00e9 d&rsquo;utilisation. Con\u00e7u pour maximiser le contraste des Plages, Light Bridges et taches solaires sur la raie Calcium II K (393.3nm), [&hellip;]<\/p>\n","protected":false},"featured_media":7248,"comment_status":"open","ping_status":"closed","template":"","meta":[],"product_brand":[791],"product_cat":[642,647,645],"product_tag":[],"class_list":{"0":"post-7244","1":"product","2":"type-product","3":"status-publish","4":"has-post-thumbnail","6":"product_brand-antlia","7":"product_cat-materiel-pour-lobservation-solaire","8":"product_cat-filtres-bloquants-ha-ou-ca-k","9":"product_cat-filtres-solaires","11":"first","12":"instock","13":"taxable","14":"shipping-taxable","15":"purchasable","16":"product-type-variable"},"_links":{"self":[{"href":"https:\/\/deep-space-astronomy.ch\/de\/wp-json\/wp\/v2\/product\/7244","targetHints":{"allow":["GET"]}}],"collection":[{"href":"https:\/\/deep-space-astronomy.ch\/de\/wp-json\/wp\/v2\/product"}],"about":[{"href":"https:\/\/deep-space-astronomy.ch\/de\/wp-json\/wp\/v2\/types\/product"}],"replies":[{"embeddable":true,"href":"https:\/\/deep-space-astronomy.ch\/de\/wp-json\/wp\/v2\/comments?post=7244"}],"wp:featuredmedia":[{"embeddable":true,"href":"https:\/\/deep-space-astronomy.ch\/de\/wp-json\/wp\/v2\/media\/7248"}],"wp:attachment":[{"href":"https:\/\/deep-space-astronomy.ch\/de\/wp-json\/wp\/v2\/media?parent=7244"}],"wp:term":[{"taxonomy":"product_brand","embeddable":true,"href":"https:\/\/deep-space-astronomy.ch\/de\/wp-json\/wp\/v2\/product_brand?post=7244"},{"taxonomy":"product_cat","embeddable":true,"href":"https:\/\/deep-space-astronomy.ch\/de\/wp-json\/wp\/v2\/product_cat?post=7244"},{"taxonomy":"product_tag","embeddable":true,"href":"https:\/\/deep-space-astronomy.ch\/de\/wp-json\/wp\/v2\/product_tag?post=7244"}],"curies":[{"name":"wp","href":"https:\/\/api.w.org\/{rel}","templated":true}]}}