{"id":7266,"date":"2025-04-26T17:02:18","date_gmt":"2025-04-26T15:02:18","guid":{"rendered":"https:\/\/deep-space-astronomy.ch\/?post_type=product&#038;p=7266"},"modified":"2025-11-18T18:02:17","modified_gmt":"2025-11-18T17:02:17","slug":"filtre-antlia-solar-discover-dualband-ha-cak-et-cah","status":"publish","type":"product","link":"https:\/\/deep-space-astronomy.ch\/de\/produkt\/filtre-antlia-solar-discover-dualband-ha-cak-et-cah\/","title":{"rendered":"Antlia Solar Discover Dualband Ha-, CaK- und CaH-Filter"},"content":{"rendered":"<h3 style=\"text-align: center;\">Antlia Solar Discover Dualband Ha, CaK und CaH Filter Assembly<\/h3>\n<p>Der Antlia Solar Discover Dualband-Filter (Ha, CaK und CaH) wurde speziell f\u00fcr die Sonnenabbildung in der Photosph\u00e4re entwickelt. Er verbessert den Kontrast und die Sch\u00e4rfe, so dass Oberfl\u00e4chendetails der Sonne wie Sonnenflecken und Sonnenfakult\u00e4ten besser sichtbar werden. Das System enth\u00e4lt einen Energy Rejection Filter (ERF), der UV- und IR-Strahlung blockiert und nur die Wellenl\u00e4ngen Ha (656,3 nm), CaK (393,3 nm) und CaH (396,8 nm) durchl\u00e4sst.<\/p>\n<p><img fetchpriority=\"high\" decoding=\"async\" class=\"size-full wp-image-7277 aligncenter\" style=\"font-family: -apple-system, BlinkMacSystemFont, 'Segoe UI', Roboto, 'Helvetica Neue', Arial, 'Noto Sans', sans-serif, 'Apple Color Emoji', 'Segoe UI Emoji', 'Segoe UI Symbol', 'Noto Color Emoji';\" src=\"https:\/\/deep-space-astronomy.ch\/wp-content\/uploads\/2025\/04\/Sample-Photo-61.jpg\" alt=\"\" width=\"1000\" height=\"1000\" srcset=\"https:\/\/deep-space-astronomy.ch\/wp-content\/uploads\/2025\/04\/Sample-Photo-61.jpg 1000w, https:\/\/deep-space-astronomy.ch\/wp-content\/uploads\/2025\/04\/Sample-Photo-61-300x300.jpg 300w, https:\/\/deep-space-astronomy.ch\/wp-content\/uploads\/2025\/04\/Sample-Photo-61-150x150.jpg 150w, https:\/\/deep-space-astronomy.ch\/wp-content\/uploads\/2025\/04\/Sample-Photo-61-768x768.jpg 768w, https:\/\/deep-space-astronomy.ch\/wp-content\/uploads\/2025\/04\/Sample-Photo-61-12x12.jpg 12w, https:\/\/deep-space-astronomy.ch\/wp-content\/uploads\/2025\/04\/Sample-Photo-61-600x600.jpg 600w, https:\/\/deep-space-astronomy.ch\/wp-content\/uploads\/2025\/04\/Sample-Photo-61-100x100.jpg 100w\" sizes=\"(max-width: 1000px) 100vw, 1000px\" \/><\/p>\n<h3>Hauptmerkmale<\/h3>\n<ul>\n<li>Selektive Filterung der H\u03b1-, CaK- und CaH-Banden<\/li>\n<li>Geschlossene Rohrstruktur aus CNC-Flugzeugaluminium, widerstandsf\u00e4hig und langlebig<\/li>\n<li>Lichtdichte Montage ohne st\u00f6rende Lichtlecks<\/li>\n<li>Integrierter ND-Filter zur Reduzierung der Sonneneinstrahlung<\/li>\n<li>Bietet im Vergleich zu herk\u00f6mmlichen Sonnenschutzfolien eine h\u00f6here Aufl\u00f6sung und einen besseren Kontrast<\/li>\n<li>Einfache Bedienung und l\u00e4ngere Lebensdauer des Systems<\/li>\n<li>Erh\u00e4ltlich in den Versionen Standard (1.25\u2033 + 2\u2033) und Mini (1.25\u2033).<\/li>\n<\/ul>\n<h3>Kompatibilit\u00e4t<\/h3>\n<ul>\n<li>Inklusive Adapter: 1.25\u2033 und 2\u2033 f\u00fcr die Standard-Version; 1.25\u2033 f\u00fcr die Mini-Version.<\/li>\n<li>Schnelle Verbindung zu Teleskopen und Astrofotografie-Kameras<\/li>\n<li>Kompatibel mit Refraktoren bis zu einer \u00d6ffnung von 100 mm ohne zus\u00e4tzliche Reduktion<\/li>\n<\/ul>\n<h3>Wichtige Hinweise<\/h3>\n<ul>\n<li>Bei Verwendung mit einem Zenitspiegel muss der ERF korrekt positioniert werden.<\/li>\n<li>Bei Teleskopen mit einem Durchmesser von mehr als 100 mm ist die Verwendung eines zus\u00e4tzlichen Lichtreduktionsfilters (ERF, Sonnenschutzfolie, Blende) obligatorisch.<\/li>\n<li>Ohne zus\u00e4tzliche Reduktion, Verwendung nur f\u00fcr Refraktoren von \u2264100mm.<\/li>\n<\/ul>\n<h3>\u00dcber visuelle Beobachtung<\/h3>\n<p>Das Solar Discover Dualband Ha, CaK und CaH wird nicht f\u00fcr die visuelle Beobachtung empfohlen. Die IR-Abdeckung weicht geringf\u00fcgig von der ISO-Norm 12312-2 f\u00fcr Sonnenbeobachtungsbrillen ab. Bei jedem Versuch einer visuellen Beobachtung muss unbedingt sichergestellt werden, dass alle Filter intakt und voll funktionsf\u00e4hig sind.<\/p>\n<h3>Einhaltung von \u00dcbertragungsstandards<\/h3>\n<ul>\n<li>Tmax% (380-780nm): 0.0032%<\/li>\n<li>Tmin% (380-780nm): 0.000061%<\/li>\n<li>Tmax% UVB (280-315nm): 0.0032%<\/li>\n<li>Tmax% UVA (315-380nm): 0.0032%<\/li>\n<li>Tmax% IR (780-1700nm): 3%<\/li>\n<\/ul>\n<h3>Version (achten Sie darauf, die richtige zu bestellen)<\/h3>\n<ul>\n<li>Standard-Version<\/li>\n<li>Mini-Version<\/li>\n<\/ul>\n<h3>Garantie<\/h3>\n<ul>\n<li>Herstellergarantie: 3 Jahre<\/li>\n<li><strong>Wenn Sie die Baugruppe auseinandernehmen, erlischt die Garantie.<\/strong><\/li>\n<li>Keine R\u00fcckgabe, Umtausch oder Reparatur nach der Demontage akzeptiert<\/li>\n<\/ul>\n<p>&nbsp;<\/p>","protected":false},"excerpt":{"rendered":"<p>Antlia Solar Discover Dualband Ha, CaK et CaH Filter Assembly Le filtre Antlia Solar Discover Dualband (Ha, CaK et CaH) est sp\u00e9cialement con\u00e7u pour l&rsquo;imagerie solaire de la photosph\u00e8re. Il am\u00e9liore le contraste et la nettet\u00e9, permettant de mieux r\u00e9v\u00e9ler les d\u00e9tails de surface du Soleil tels que les taches solaires et les facules solaires. [&hellip;]<\/p>\n","protected":false},"featured_media":7281,"comment_status":"open","ping_status":"closed","template":"","meta":[],"product_brand":[791],"product_cat":[642,647,645],"product_tag":[],"class_list":{"0":"post-7266","1":"product","2":"type-product","3":"status-publish","4":"has-post-thumbnail","6":"product_brand-antlia","7":"product_cat-materiel-pour-lobservation-solaire","8":"product_cat-filtres-bloquants-ha-ou-ca-k","9":"product_cat-filtres-solaires","11":"first","12":"instock","13":"taxable","14":"shipping-taxable","15":"purchasable","16":"product-type-variable"},"_links":{"self":[{"href":"https:\/\/deep-space-astronomy.ch\/de\/wp-json\/wp\/v2\/product\/7266","targetHints":{"allow":["GET"]}}],"collection":[{"href":"https:\/\/deep-space-astronomy.ch\/de\/wp-json\/wp\/v2\/product"}],"about":[{"href":"https:\/\/deep-space-astronomy.ch\/de\/wp-json\/wp\/v2\/types\/product"}],"replies":[{"embeddable":true,"href":"https:\/\/deep-space-astronomy.ch\/de\/wp-json\/wp\/v2\/comments?post=7266"}],"wp:featuredmedia":[{"embeddable":true,"href":"https:\/\/deep-space-astronomy.ch\/de\/wp-json\/wp\/v2\/media\/7281"}],"wp:attachment":[{"href":"https:\/\/deep-space-astronomy.ch\/de\/wp-json\/wp\/v2\/media?parent=7266"}],"wp:term":[{"taxonomy":"product_brand","embeddable":true,"href":"https:\/\/deep-space-astronomy.ch\/de\/wp-json\/wp\/v2\/product_brand?post=7266"},{"taxonomy":"product_cat","embeddable":true,"href":"https:\/\/deep-space-astronomy.ch\/de\/wp-json\/wp\/v2\/product_cat?post=7266"},{"taxonomy":"product_tag","embeddable":true,"href":"https:\/\/deep-space-astronomy.ch\/de\/wp-json\/wp\/v2\/product_tag?post=7266"}],"curies":[{"name":"wp","href":"https:\/\/api.w.org\/{rel}","templated":true}]}}