{"id":7297,"date":"2025-04-26T19:42:03","date_gmt":"2025-04-26T17:42:03","guid":{"rendered":"https:\/\/deep-space-astronomy.ch\/?post_type=product&#038;p=7297"},"modified":"2025-09-17T15:41:33","modified_gmt":"2025-09-17T13:41:33","slug":"filtres-photometriques-antlia-sloan-griz-4-pieces","status":"publish","type":"product","link":"https:\/\/deep-space-astronomy.ch\/de\/produkt\/filtres-photometriques-antlia-sloan-griz-4-pieces\/","title":{"rendered":"Photometrische Filter Antlia SLOAN (g'r'i'z') - 4 St\u00fcck"},"content":{"rendered":"<h3 style=\"text-align: center;\">Antlia Photometric Sloan-Filter<\/h3>\n<p>Die Antlia Photometric Sloan-Filter wurden f\u00fcr die hochpr\u00e4zise photometrische Bildgebung entwickelt und basieren auf dem photometrischen System des Sloan Digital Sky Survey (SDSS). Dieser Filtersatz deckt einen breiten Spektralbereich von 401nm bis zur Empfindlichkeitsgrenze von Silizium-CCD-Kameras (~1100nm) ab. Jeder Filter ist auf maximale Transmission und \u00fcberlegenen Kontrast optimiert, was durch eine au\u00dfergew\u00f6hnliche optische Unterdr\u00fcckung der OD5-Dichte erreicht wird.<img fetchpriority=\"high\" decoding=\"async\" class=\"size-full wp-image-7298 aligncenter\" style=\"font-family: -apple-system, BlinkMacSystemFont, 'Segoe UI', Roboto, 'Helvetica Neue', Arial, 'Noto Sans', sans-serif, 'Apple Color Emoji', 'Segoe UI Emoji', 'Segoe UI Symbol', 'Noto Color Emoji';\" src=\"https:\/\/deep-space-astronomy.ch\/wp-content\/uploads\/2025\/04\/2022-Antlia-Photometric-Sloan-Filters-spectrum-curve.jpg\" alt=\"\" width=\"1112\" height=\"733\" srcset=\"https:\/\/deep-space-astronomy.ch\/wp-content\/uploads\/2025\/04\/2022-Antlia-Photometric-Sloan-Filters-spectrum-curve.jpg 1112w, https:\/\/deep-space-astronomy.ch\/wp-content\/uploads\/2025\/04\/2022-Antlia-Photometric-Sloan-Filters-spectrum-curve-300x198.jpg 300w, https:\/\/deep-space-astronomy.ch\/wp-content\/uploads\/2025\/04\/2022-Antlia-Photometric-Sloan-Filters-spectrum-curve-1024x675.jpg 1024w, https:\/\/deep-space-astronomy.ch\/wp-content\/uploads\/2025\/04\/2022-Antlia-Photometric-Sloan-Filters-spectrum-curve-768x506.jpg 768w, https:\/\/deep-space-astronomy.ch\/wp-content\/uploads\/2025\/04\/2022-Antlia-Photometric-Sloan-Filters-spectrum-curve-18x12.jpg 18w, https:\/\/deep-space-astronomy.ch\/wp-content\/uploads\/2025\/04\/2022-Antlia-Photometric-Sloan-Filters-spectrum-curve-600x396.jpg 600w\" sizes=\"(max-width: 1112px) 100vw, 1112px\" \/><\/p>\n<h3>Hauptmerkmale<\/h3>\n<ul>\n<li>Ionenkanonenunterst\u00fctzte Abscheidungsbeschichtung auf doppelseitig poliertem Substrat<\/li>\n<li>Unterdr\u00fcckung von Lichtlecks mit OD5 \u00fcber das gesamte Spektrum<\/li>\n<li>Optimierte Trennung zwischen g'- und r'-Filter zur Vermeidung der atmosph\u00e4rischen Glow-Linie bei 558nm<\/li>\n<li>Breite Transmissionsfenster erm\u00f6glichen die Messung schw\u00e4cherer Objekte in k\u00fcrzerer Zeit<\/li>\n<li>Kompatibilit\u00e4t mit optischen Systemen von f\/15 bis f\/1.8<\/li>\n<li>Maximale Transmission gr\u00f6\u00dfer als 98% (g' gr\u00f6\u00dfer als 95%)<\/li>\n<li>Parfokalit\u00e4t durch standardisierte Filterst\u00e4rken eingehalten<\/li>\n<li>Jeder Filter wird einzeln beschichtet (nicht aus einer Platte ausgeschnitten)<\/li>\n<\/ul>\n<h3>Anwendung und Leistung<\/h3>\n<ul>\n<li>Professionelle astronomische Photometrie<\/li>\n<li>Beobachtung von schwachen Zielen mit kurzer Belichtungszeit<\/li>\n<li>Wissenschaftliche Bildgebung, die eine genaue spektrale Trennung erfordert<\/li>\n<\/ul>\n<h3>Technische Spezifikationen<\/h3>\n<ul>\n<li>g': 401-550nm, Transmission 95%, Unterdr\u00fcckung \u2265OD5<\/li>\n<li>r': 562-695nm, Transmission 98%, Suppression \u2265OD5<\/li>\n<li>i': 695-844nm, \u00dcbertragung 98%, Unterdr\u00fcckung \u2265OD5<\/li>\n<li>z': &gt;820nm, \u00dcbertragung 98%, Unterdr\u00fcckung \u2265OD5<\/li>\n<li>Dicke: 3mm \u00b1 0.05mm (Format D50mm)<\/li>\n<li>Optische Fl\u00e4che: \u03bb\/4 vor der Beschichtung<\/li>\n<\/ul>\n<h3>Wichtiger Hinweis<\/h3>\n<ul>\n<li>Aufgrund der schlechten Quanteneffizienz der Sensoren im ultravioletten Bereich stellt Antlia den u'-Filter (300-400nm) nicht her.<\/li>\n<\/ul>\n<p>&nbsp;<\/p>\n<p>&nbsp;<\/p>","protected":false},"excerpt":{"rendered":"<p>Filtres Antlia Photometric Sloan Les filtres Antlia Photometric Sloan sont con\u00e7us pour l&rsquo;imagerie photom\u00e9trique de haute pr\u00e9cision, bas\u00e9s sur le syst\u00e8me photom\u00e9trique du Sloan Digital Sky Survey (SDSS). Ce jeu de filtres couvre une large gamme spectrale allant de 401nm jusqu&rsquo;\u00e0 la limite de sensibilit\u00e9 des cam\u00e9ras CCD en silicium (~1100nm). Chaque filtre est optimis\u00e9 [&hellip;]<\/p>\n","protected":false},"featured_media":7299,"comment_status":"open","ping_status":"closed","template":"","meta":[],"product_brand":[791],"product_cat":[780,805],"product_tag":[],"class_list":{"0":"post-7297","1":"product","2":"type-product","3":"status-publish","4":"has-post-thumbnail","6":"product_brand-antlia","7":"product_cat-filtres-bande-etroite","8":"product_cat-filtres-photometriques","10":"first","11":"on_supplier","12":"taxable","13":"shipping-taxable","14":"purchasable","15":"product-type-simple"},"_links":{"self":[{"href":"https:\/\/deep-space-astronomy.ch\/de\/wp-json\/wp\/v2\/product\/7297","targetHints":{"allow":["GET"]}}],"collection":[{"href":"https:\/\/deep-space-astronomy.ch\/de\/wp-json\/wp\/v2\/product"}],"about":[{"href":"https:\/\/deep-space-astronomy.ch\/de\/wp-json\/wp\/v2\/types\/product"}],"replies":[{"embeddable":true,"href":"https:\/\/deep-space-astronomy.ch\/de\/wp-json\/wp\/v2\/comments?post=7297"}],"wp:featuredmedia":[{"embeddable":true,"href":"https:\/\/deep-space-astronomy.ch\/de\/wp-json\/wp\/v2\/media\/7299"}],"wp:attachment":[{"href":"https:\/\/deep-space-astronomy.ch\/de\/wp-json\/wp\/v2\/media?parent=7297"}],"wp:term":[{"taxonomy":"product_brand","embeddable":true,"href":"https:\/\/deep-space-astronomy.ch\/de\/wp-json\/wp\/v2\/product_brand?post=7297"},{"taxonomy":"product_cat","embeddable":true,"href":"https:\/\/deep-space-astronomy.ch\/de\/wp-json\/wp\/v2\/product_cat?post=7297"},{"taxonomy":"product_tag","embeddable":true,"href":"https:\/\/deep-space-astronomy.ch\/de\/wp-json\/wp\/v2\/product_tag?post=7297"}],"curies":[{"name":"wp","href":"https:\/\/api.w.org\/{rel}","templated":true}]}}