{"id":7300,"date":"2025-04-26T19:48:23","date_gmt":"2025-04-26T17:48:23","guid":{"rendered":"https:\/\/deep-space-astronomy.ch\/?post_type=product&#038;p=7300"},"modified":"2025-09-17T15:41:33","modified_gmt":"2025-09-17T13:41:33","slug":"filtre-daugmentation-de-contraste-uhc-pro-antlia","status":"publish","type":"product","link":"https:\/\/deep-space-astronomy.ch\/de\/produkt\/filtre-daugmentation-de-contraste-uhc-pro-antlia\/","title":{"rendered":"Kontrastverst\u00e4rkungsfilter UHC Pro Antlia"},"content":{"rendered":"<h3 style=\"text-align: center;\">Filter Antlia 8-EL UHC Pro Visual Enhancer<\/h3>\n<p>Der Filter Antlia 8-EL UHC Pro Visual Enhancer wurde f\u00fcr die fortgeschrittene visuelle Beobachtung von Himmelsobjekten entwickelt. Er ist ideal zur Bek\u00e4mpfung m\u00e4\u00dfiger Lichtverschmutzung bei gleichzeitiger Aufrechterhaltung einer hervorragenden Farbbalance. Er eignet sich perfekt f\u00fcr die Beobachtung von Emissionsnebeln, planetarischen Nebeln und anderen Himmelszielen.<\/p>\n<h3>Hauptmerkmale<\/h3>\n<ul>\n<li>Spitzen\u00fcbertragung von 95% auf den Haupt-Emissionslinien :\n<ul>\n<li>486.1nm (H-Beta)<\/li>\n<li>495.9nm (OIII)<\/li>\n<li>500.7nm (OIII)<\/li>\n<li>654.8nm (NII)<\/li>\n<li>658.3nm (NII)<\/li>\n<li>656.3nm (H-Alpha)<\/li>\n<li>671.6nm (SII)<\/li>\n<li>673.1nm (SII)<\/li>\n<\/ul>\n<\/li>\n<li>Selektive Natriumdampf-Lichtunterdr\u00fcckung f\u00fcr verst\u00e4rkten Kontrast<\/li>\n<li>Ultrad\u00fcnne Struktur zur Minimierung von Vignettierungen und Maximierung der nutzbaren Blende<\/li>\n<li>Schwarz eloxiertes Finish mit widerstandsf\u00e4higer Lasergravur<\/li>\n<li>Ausschlie\u00dflich f\u00fcr die visuelle Beobachtung konzipiert (nicht f\u00fcr die Sonnenabbildung empfohlen)<\/li>\n<\/ul>\n<h3>Empfehlungen zur Verwendung<\/h3>\n<ul>\n<li>Mit Teleskopen mit gro\u00dfem Durchmesser (\u22658 Zoll) verwenden, um die mit der Filterung verbundene Verringerung des Lichtstroms auszugleichen<\/li>\n<li>Verbessert signifikant die Wahrnehmung feiner Strukturen in Emissions- und planetarischen Nebeln<\/li>\n<\/ul>\n<h3>Zielvorschl\u00e4ge nach Emissionslinien<\/h3>\n<ul>\n<li>H-beta (486.1nm): M42 (Orion), NGC7000 (North America), M16 (Eagle), M8 (Lagoon)<\/li>\n<li>OIII (495.9nm, 500.7nm): M57 (Ring), NGC6960 (Schleier), NGC6543 (Katzenauge), NGC6302 (Butterfly)<\/li>\n<li>NII (654.8nm, 658.3nm): M1 (Crab), M57 (Ring), NGC6960 (Veil)<\/li>\n<li>H-alpha (656.3nm): M42 (Orion), IC434 (Horsehead), NGC7000 (North America), M16 (Eagle), M8 (Lagoon)<\/li>\n<li>SII (671.6nm, 673.1nm): M1 (Crab), M42 (Orion), NGC6543 (Katzenauge), IC443 (Medusa), M27 (Dumbbell)<\/li>\n<\/ul>\n<h3>Technische Spezifikationen<\/h3>\n<ul>\n<li>Verf\u00fcgbare Gr\u00f6\u00dfe: 2\u2033 montiert (M48x0.75)<\/li>\n<li>Ultrad\u00fcnne Zelle f\u00fcr ein maximales Hellfeld<\/li>\n<li>Spitzen\u00fcbertragung: 95% auf den Hauptleitungen<\/li>\n<li>Effektive Unterdr\u00fcckung von k\u00fcnstlichem Licht (Lichtverschmutzung)<\/li>\n<li>Ausf\u00fchrung: Schwarz eloxiert mit alterungsbest\u00e4ndiger Lasergravur<\/li>\n<\/ul>\n<h3>Nicht empfohlen<\/h3>\n<ul>\n<li>Solar Imaging<\/li>\n<\/ul>\n<h3>Sicherheitswarnung<\/h3>\n<ul>\n<li><strong style=\"color: red;\">NICHT verwenden, um mit diesem Filter direkt die Sonne zu beobachten.<\/strong><\/li>\n<li>Bei unsachgem\u00e4\u00dfer Verwendung besteht die ernsthafte Gefahr von Augenverletzungen.<\/li>\n<\/ul>\n<h3>Garantie<\/h3>\n<ul>\n<li>Garantie: 3 Jahre gegen Delaminierung<\/li>\n<\/ul>\n<p>&nbsp;<\/p>","protected":false},"excerpt":{"rendered":"<p>Filtre Antlia 8-EL UHC Pro Visual Enhancer Le filtre Antlia 8-EL UHC Pro Visual Enhancer est con\u00e7u pour l&rsquo;observation visuelle avanc\u00e9e des objets c\u00e9lestes. Il est id\u00e9al pour lutter contre la pollution lumineuse mod\u00e9r\u00e9e tout en maintenant un excellent \u00e9quilibre des couleurs, parfait pour observer les n\u00e9buleuses d&rsquo;\u00e9mission, les n\u00e9buleuses plan\u00e9taires et d&rsquo;autres cibles c\u00e9lestes. [&hellip;]<\/p>\n","protected":false},"featured_media":7301,"comment_status":"open","ping_status":"closed","template":"","meta":[],"product_brand":[791],"product_cat":[628],"product_tag":[],"class_list":{"0":"post-7300","1":"product","2":"type-product","3":"status-publish","4":"has-post-thumbnail","6":"product_brand-antlia","7":"product_cat-renvois-coudes","9":"first","10":"on_supplier","11":"taxable","12":"shipping-taxable","13":"purchasable","14":"product-type-simple"},"_links":{"self":[{"href":"https:\/\/deep-space-astronomy.ch\/de\/wp-json\/wp\/v2\/product\/7300","targetHints":{"allow":["GET"]}}],"collection":[{"href":"https:\/\/deep-space-astronomy.ch\/de\/wp-json\/wp\/v2\/product"}],"about":[{"href":"https:\/\/deep-space-astronomy.ch\/de\/wp-json\/wp\/v2\/types\/product"}],"replies":[{"embeddable":true,"href":"https:\/\/deep-space-astronomy.ch\/de\/wp-json\/wp\/v2\/comments?post=7300"}],"wp:featuredmedia":[{"embeddable":true,"href":"https:\/\/deep-space-astronomy.ch\/de\/wp-json\/wp\/v2\/media\/7301"}],"wp:attachment":[{"href":"https:\/\/deep-space-astronomy.ch\/de\/wp-json\/wp\/v2\/media?parent=7300"}],"wp:term":[{"taxonomy":"product_brand","embeddable":true,"href":"https:\/\/deep-space-astronomy.ch\/de\/wp-json\/wp\/v2\/product_brand?post=7300"},{"taxonomy":"product_cat","embeddable":true,"href":"https:\/\/deep-space-astronomy.ch\/de\/wp-json\/wp\/v2\/product_cat?post=7300"},{"taxonomy":"product_tag","embeddable":true,"href":"https:\/\/deep-space-astronomy.ch\/de\/wp-json\/wp\/v2\/product_tag?post=7300"}],"curies":[{"name":"wp","href":"https:\/\/api.w.org\/{rel}","templated":true}]}}