{"id":7307,"date":"2025-04-28T16:04:42","date_gmt":"2025-04-28T14:04:42","guid":{"rendered":"https:\/\/deep-space-astronomy.ch\/?post_type=product&#038;p=7307"},"modified":"2025-09-17T15:41:33","modified_gmt":"2025-09-17T13:41:33","slug":"astrographe-super-apo-askar-sqa70","status":"publish","type":"product","link":"https:\/\/deep-space-astronomy.ch\/de\/produkt\/astrographe-super-apo-askar-sqa70\/","title":{"rendered":"Astrograf Super Apo Askar SQA70"},"content":{"rendered":"<h3 style=\"text-align: center;\">ASKAR SQA70 - der F\u00fcnffach-Astrograph, der Ihre Weitwinkelbilder veredelt<\/h3>\n<div class=\"section\">\n<p>G\u00f6nnen Sie sich die optische Pr\u00e4zision eines Instruments, das entwickelt wurde <em>nach Ma\u00df<\/em> f\u00fcr die hochaufl\u00f6sende digitale Bildgebung. Die SQA70 ist kompakt, leicht und \u00e4u\u00dferst effizient. Sie vereint das gesamte Know-how von Askar in einem 70mm-Tubus... und stellt die Standards f\u00fcr mobile Astrographen auf den Kopf.<\/p>\n<p><img decoding=\"async\" src=\"https:\/\/omo-oss-image.thefastimg.com\/portal-saas\/pg2024111409483993253\/cms\/image\/4d611550-dd51-409b-8429-1e194e944ece.jpg\" alt=\"\u957f\u53cb\u6c14\u4f53\" \/><\/p>\n<\/div>\n<div class=\"section\">\n<h3>Petzval F\u00fcnffach-Optik: Sch\u00e4rfe und Chromatizit\u00e4t unter Kontrolle<\/h3>\n<ul>\n<li>Ziel <strong>F\u00fcnffach-Airspaced<\/strong> mit <strong>2 ED-Linsen<\/strong>\u00a0: naturgetreue Farben und makellose Sterne.<\/li>\n<li>Brennweite von <strong>336 mm (f\/4,8)<\/strong>\u00a0: Breites und helles Feld, perfekt f\u00fcr Nebel und gro\u00dfe Sternwolken.<\/li>\n<li>Design Petzval \"\u00a0<em>flat-field<\/em>\u00a0\"eingebettet: Fokalebene <strong>vollkommen flach auf 44 mm<\/strong>Die meisten Menschen sind in der Lage, ohne externe Korrekturmittel zu arbeiten.<\/li>\n<\/ul>\n<\/div>\n<div class=\"section\">\n<h3>Au\u00dfergew\u00f6hnliche Illumination und Bildsch\u00e4rfe<\/h3>\n<ul>\n<li><strong>\u2265 90 % der Beleuchtung<\/strong> bis in die Ecken eines Vollformatsensors: minimale Vignettierung.<\/li>\n<li>RMS-Radius von Sternen <strong>&lt; 1,84 \u00b5m in der Mitte<\/strong> \/ <strong>&lt; 2,4 \u00b5m in den Ecken<\/strong>\u00a0: au\u00dfergew\u00f6hnliche P\u00fcnktlichkeit.<\/li>\n<\/ul>\n<\/div>\n<div class=\"section\">\n<h3>Premium-Mechanik, f\u00fcr Fotografen gedacht<\/h3>\n<ul>\n<li>Okularhalter <strong>Zahnstange 2,5\" dual-speed (1:10)<\/strong> die schwere Imaging-Z\u00fcge unterst\u00fctzen.<\/li>\n<li><strong>360\u00b0-Rotator<\/strong> mit ringf\u00f6rmiger Klemmung f\u00fcr einen pr\u00e4zisen Bildausschnitt, ohne die Sch\u00e4rfe zu verlieren.<\/li>\n<li>Leichte einteilige Schelle mit integriertem Griff\/Schiene und <strong>doppelte Sucherbasis<\/strong> f\u00fcr Zubeh\u00f6r.<\/li>\n<\/ul>\n<\/div>\n<div class=\"section\">\n<h3>Nomadisches, robustes und vielseitiges Format<\/h3>\n<ul>\n<li><strong>L\u00e4nge 332 mm<\/strong> (eingefahrene Gegenlichtblende) f\u00fcr <strong>2,68 kg<\/strong> nur: ideal als Handgep\u00e4ck.<\/li>\n<li>Hintere Gewinde <strong>M42, M48 (Filter 2\u2033) und M54<\/strong> mitgeliefert: empfohlener Backfokus 55 mm (einstellbar 37-68 mm).<\/li>\n<li>Geliefert in einer <strong>Weichschalenkoffer Oxford<\/strong> gepolstert bereit f\u00fcr das Feld.<\/li>\n<\/ul>\n<\/div>\n<div class=\"section\">\n<h2>Wichtige Spezifikationen<\/h2>\n<table>\n<thead>\n<tr>\n<th>Parameter<\/th>\n<th>Wert<\/th>\n<\/tr>\n<\/thead>\n<tbody>\n<tr>\n<td>Er\u00f6ffnung<\/td>\n<td>70 mm<\/td>\n<\/tr>\n<tr>\n<td>Brennweite \/ F-Verh\u00e4ltnis<\/td>\n<td>336 mm - f\/4,8<\/td>\n<\/tr>\n<tr>\n<td>Design<\/td>\n<td>Quintuplet Petzval APO (2 \u00d7 ED)<\/td>\n<\/tr>\n<tr>\n<td>Bildkreis<\/td>\n<td>44 mm (Vollformat)<\/td>\n<\/tr>\n<tr>\n<td>OTA-L\u00e4nge<\/td>\n<td>332 mm (eingeklappt) \/ 372 mm (ausgeklappt)<\/td>\n<\/tr>\n<tr>\n<td>OTA-Masse<\/td>\n<td>2,68 kg<\/td>\n<\/tr>\n<tr>\n<td>Okularhalter<\/td>\n<td>Zahnstange 2,5\u2033 dual-speed + 360 \u00b0 Rotator<\/td>\n<\/tr>\n<tr>\n<td>Gewinde Ausgang<\/td>\n<td>M42 - M48 (M48\u00d70,75) - M54<\/td>\n<\/tr>\n<tr>\n<td>Back-focus<\/td>\n<td>55 mm empfohlen (37-68 mm m\u00f6glich)<\/td>\n<\/tr>\n<\/tbody>\n<\/table>\n<\/div>\n<div class=\"section\">\n<h2>Warum sollten Sie sich f\u00fcr den SQA70 entscheiden?<\/h2>\n<ul>\n<li><strong>Extreme Vielseitigkeit<\/strong>\u00a0: Von Weitwinkel-Himmelslandschaften bis hin zu Mosaikbildern, sie zeichnet sich \u00fcberall aus.<\/li>\n<li><strong>Einfache Handhabung<\/strong>\u00a0: keine externen Korrektoren oder komplexen Berechnungen<\/li>\n<li><strong>Optische Leistung<\/strong>\u00a0: feine Sterne, beleuchtetes Feld, Chromatismus aufgehoben.<\/li>\n<li><strong>Mobilit\u00e4t<\/strong>\u00a0: weniger als 3 kg und 33 cm, perfekt f\u00fcr unterwegs oder als Festnetztelefon.<\/li>\n<\/ul>\n<\/div>\n<p style=\"text-align: center;\">Mit der <strong>ASKAR SQA70<\/strong>Erfassen Sie die Gr\u00f6\u00dfe des Nachthimmels - die Perfektion des Weitblicks liegt jetzt in Ihrer Hand.<\/p>\n<p>&nbsp;<\/p>","protected":false},"excerpt":{"rendered":"<p>ASKAR SQA70 \u2013 l\u2019astrographe quintuplet qui sublime vos images grand\u2011champ Offrez-vous la pr\u00e9cision optique d\u2019un instrument con\u00e7u sur mesure pour l\u2019imagerie num\u00e9rique haute r\u00e9solution. Compacte, l\u00e9g\u00e8re et d\u2019une redoutable efficacit\u00e9, la SQA70 concentre tout le savoir\u2011faire d\u2019Askar dans un tube de 70 mm\u2026 et bouscule les standards des astrographes nomades. Optique quintuplet Petzval\u00a0: piqu\u00e9 et [&hellip;]<\/p>\n","protected":false},"featured_media":7308,"comment_status":"open","ping_status":"closed","template":"","meta":[],"product_brand":[382],"product_cat":[755,384],"product_tag":[],"class_list":{"0":"post-7307","1":"product","2":"type-product","3":"status-publish","4":"has-post-thumbnail","6":"product_brand-askar","7":"product_cat-lunettes-apochromatiques","8":"product_cat-lunettes_refracteurs","10":"first","11":"on_supplier","12":"taxable","13":"shipping-taxable","14":"purchasable","15":"product-type-simple"},"_links":{"self":[{"href":"https:\/\/deep-space-astronomy.ch\/de\/wp-json\/wp\/v2\/product\/7307","targetHints":{"allow":["GET"]}}],"collection":[{"href":"https:\/\/deep-space-astronomy.ch\/de\/wp-json\/wp\/v2\/product"}],"about":[{"href":"https:\/\/deep-space-astronomy.ch\/de\/wp-json\/wp\/v2\/types\/product"}],"replies":[{"embeddable":true,"href":"https:\/\/deep-space-astronomy.ch\/de\/wp-json\/wp\/v2\/comments?post=7307"}],"wp:featuredmedia":[{"embeddable":true,"href":"https:\/\/deep-space-astronomy.ch\/de\/wp-json\/wp\/v2\/media\/7308"}],"wp:attachment":[{"href":"https:\/\/deep-space-astronomy.ch\/de\/wp-json\/wp\/v2\/media?parent=7307"}],"wp:term":[{"taxonomy":"product_brand","embeddable":true,"href":"https:\/\/deep-space-astronomy.ch\/de\/wp-json\/wp\/v2\/product_brand?post=7307"},{"taxonomy":"product_cat","embeddable":true,"href":"https:\/\/deep-space-astronomy.ch\/de\/wp-json\/wp\/v2\/product_cat?post=7307"},{"taxonomy":"product_tag","embeddable":true,"href":"https:\/\/deep-space-astronomy.ch\/de\/wp-json\/wp\/v2\/product_tag?post=7307"}],"curies":[{"name":"wp","href":"https:\/\/api.w.org\/{rel}","templated":true}]}}