{"id":7355,"date":"2025-05-01T10:35:55","date_gmt":"2025-05-01T08:35:55","guid":{"rendered":"https:\/\/deep-space-astronomy.ch\/?post_type=product&#038;p=7355"},"modified":"2025-11-18T18:00:45","modified_gmt":"2025-11-18T17:00:45","slug":"telescope-bresser-maksutov-cassegrain-127-1900-sur-monture-a-choix","status":"publish","type":"product","link":"https:\/\/deep-space-astronomy.ch\/de\/produkt\/telescope-bresser-maksutov-cassegrain-127-1900-sur-monture-a-choix\/","title":{"rendered":"Bresser Maksutov-Cassegrain 127\/1900 Teleskop auf frei w\u00e4hlbarer Montierung"},"content":{"rendered":"<p><!-- BRESSER Messier MC-127\/1900 EXOS-1 --><\/p>\n<h3>Allgemeine Darstellung<\/h3>\n<p>Die <strong>Bresser Messier MC-127\/1900<\/strong> ist ein Teleskop<br \/>\nMaksutov-Cassegrain mit 127 mm \u00d6ffnung und 1.900 mm Brennweite<br \/>\n(f\/15). Seine kontrastreiche Optik enth\u00fcllt feinste Monddetails,<br \/>\ndie jovanischen Wolkenb\u00e4nder oder die saturnischen Ringe, und dabei<br \/>\nzur Untersuchung von Kugelsternhaufen und planetarischen Nebeln. Lieferung<br \/>\nauf der \u00e4quatorialen Montierung <em>EXOS-1<\/em>Er ist ein sehr guter Sch\u00fcler.<br \/>\nStabilit\u00e4t und beinhaltet einen <strong>Sonnenfilter volle \u00d6ffnung<\/strong> f\u00fcr<br \/>\nunseren Stern sicher beobachten<\/p>\n<h3>Starke Punkte<\/h3>\n<ul>\n<li>Chromatisierungsfreie Maksutov-Cassegrain-Optik: Scharfe Bilder und<br \/>\nkontrastreich.<\/li>\n<li>Blende 127 mm - Brennweite 1 900 mm - Verh\u00e4ltnis<br \/>\nfokal f\/15.<\/li>\n<li>EXOS-1-Montierung (Nutzlast \u2264 7 kg) mit Steuerschl\u00e4uchen und<br \/>\nTeilkreise.<\/li>\n<li>Verstellbares Stahlstativ (69 - 109,5 cm) + Gegengewicht 4,5 kg.<\/li>\n<li>Sonnenfilter Objektiv, Red-Dot LED-Sucher und Super Pl\u00f6ssl-Okular<br \/>\n26 mm (73\u00d7) enthalten.<\/li>\n<li>Skalierbar: motorisierbar (optionales Star Tracker GoTo Kit), Schwanz<br \/>\n44 mm Schwalbenschwanz Typ GP\/EQ5.<\/li>\n<\/ul>\n<h3>Empfohlene Anwendungen<\/h3>\n<ul>\n<li>Mond &amp; Planeten bis ~250\u00d7.<\/li>\n<li>Sonnenbeobachtung (Filter wird bereitgestellt).<\/li>\n<li>Kugelsternhaufen, planetarische Nebel, dicht gedr\u00e4ngte Doppelsterne.<\/li>\n<li>Planetarische oder solare Astrofotografie nach Motorisierung.<\/li>\n<\/ul>\n<h3>Inhalt des Pakets<\/h3>\n<ul>\n<li>Optischer Tubus MC-127\/1900 (Schwalbenschwanz 44 mm).<\/li>\n<li>\u00c4quatoriale Montierung EXOS-1 + Gegengewicht 4,5 kg.<\/li>\n<li>Dreibeiniges Stativ aus Edelstahl + Zubeh\u00f6rtablett.<\/li>\n<li>Super Pl\u00f6ssl-Okular 26 mm (1,25\u2033).<\/li>\n<li>Zenitspiegel 1,25\u2033 + SC-Adapter 1,25\u2033.<\/li>\n<li>Red-Dot-LED-Sucher.<\/li>\n<li>Sonnenfilter volle \u00d6ffnung.<\/li>\n<li>Stellarium-Software (Download) &amp; mehrsprachige Anleitung.<\/li>\n<\/ul>\n<h3>Technische Daten<\/h3>\n<table>\n<tbody>\n<tr>\n<th>Optisches Design<\/th>\n<td>Maksutov-Cassegrain<\/td>\n<\/tr>\n<tr>\n<th>Nutzbarer Durchmesser<\/th>\n<td>127 mm<\/td>\n<\/tr>\n<tr>\n<th>Brennweite<\/th>\n<td>1.900 mm<\/td>\n<\/tr>\n<tr>\n<th>Verh\u00e4ltnis f\/d<\/th>\n<td>f\/15<\/td>\n<\/tr>\n<tr>\n<th>Gelieferte Vergr\u00f6\u00dferung<\/th>\n<td>73 \u00d7 (26 mm Okular)<\/td>\n<\/tr>\n<tr>\n<th>Empfohlene Nutzvergr\u00f6\u00dferung<\/th>\n<td>20 \u00d7 - 250 \u00d7<\/td>\n<\/tr>\n<tr>\n<th>Theoretische Aufl\u00f6sung<\/th>\n<td>0,9\u2033 d'arc<\/td>\n<\/tr>\n<tr>\n<th>Gewicht Fassung<\/th>\n<td>\u2248 4 kg (ohne Gegengewicht)<\/td>\n<\/tr>\n<tr>\n<th>Gewicht Stativ<\/th>\n<td>\u2248 4,7 kg<\/td>\n<\/tr>\n<tr>\n<th>Gesamtgewicht (mit Gegengewicht)<\/th>\n<td>\u2248 13,2 kg<\/td>\n<\/tr>\n<tr>\n<th>Zul\u00e4ssige Belastung<\/th>\n<td>\u2264 7 kg<\/td>\n<\/tr>\n<\/tbody>\n<\/table>\n<h3>Warum wir sie lieben<\/h3>\n<p>Der MC-127 ist kompakt, aber leistungsstark und kombiniert eine hochaufl\u00f6sende Optik mit einem<br \/>\neine robuste Montierung: das ideale Instrument f\u00fcr alle, die ein Teleskop suchen<br \/>\nvielseitig einsetzbarer Planetarier, der f\u00fcr die Sonnenbeobachtung bereit ist und sich zum<br \/>\nGoTo. F\u00fcgen Sie die 10-Jahres-Garantie von Bresser hinzu: ein zuverl\u00e4ssiger Begleiter f\u00fcr de<br \/>\nzahlreiche Beobachtungsn\u00e4chte (und -tage).<\/p>","protected":false},"excerpt":{"rendered":"<p>Pr\u00e9sentation g\u00e9n\u00e9rale Le Bresser Messier MC-127\/1900 est un t\u00e9lescope Maksutov-Cassegrain de 127\u00a0mm d\u2019ouverture et 1 900\u00a0mm de focale (f\/15). Son optique \u00e0 fort contraste r\u00e9v\u00e8le finement les d\u00e9tails lunaires, les bandes nuageuses joviennes ou les anneaux saturniens, tout en permettant l\u2019\u00e9tude d\u2019amas globulaires et de n\u00e9buleuses plan\u00e9taires. Livr\u00e9 sur la monture \u00e9quatoriale EXOS-1, il b\u00e9n\u00e9ficie [&hellip;]<\/p>\n","protected":false},"featured_media":7370,"comment_status":"open","ping_status":"closed","template":"","meta":[],"product_brand":[807],"product_cat":[392,752,815,745],"product_tag":[],"class_list":{"0":"post-7355","1":"product","2":"type-product","3":"status-publish","4":"has-post-thumbnail","6":"product_brand-bresser","7":"product_cat-telescopes_reflecteurs","8":"product_cat-maksutov-cassegrain","9":"product_cat-debutants","10":"product_cat-telescope-dinitiation","12":"first","13":"instock","14":"taxable","15":"shipping-taxable","16":"purchasable","17":"product-type-variable"},"_links":{"self":[{"href":"https:\/\/deep-space-astronomy.ch\/de\/wp-json\/wp\/v2\/product\/7355","targetHints":{"allow":["GET"]}}],"collection":[{"href":"https:\/\/deep-space-astronomy.ch\/de\/wp-json\/wp\/v2\/product"}],"about":[{"href":"https:\/\/deep-space-astronomy.ch\/de\/wp-json\/wp\/v2\/types\/product"}],"replies":[{"embeddable":true,"href":"https:\/\/deep-space-astronomy.ch\/de\/wp-json\/wp\/v2\/comments?post=7355"}],"wp:featuredmedia":[{"embeddable":true,"href":"https:\/\/deep-space-astronomy.ch\/de\/wp-json\/wp\/v2\/media\/7370"}],"wp:attachment":[{"href":"https:\/\/deep-space-astronomy.ch\/de\/wp-json\/wp\/v2\/media?parent=7355"}],"wp:term":[{"taxonomy":"product_brand","embeddable":true,"href":"https:\/\/deep-space-astronomy.ch\/de\/wp-json\/wp\/v2\/product_brand?post=7355"},{"taxonomy":"product_cat","embeddable":true,"href":"https:\/\/deep-space-astronomy.ch\/de\/wp-json\/wp\/v2\/product_cat?post=7355"},{"taxonomy":"product_tag","embeddable":true,"href":"https:\/\/deep-space-astronomy.ch\/de\/wp-json\/wp\/v2\/product_tag?post=7355"}],"curies":[{"name":"wp","href":"https:\/\/api.w.org\/{rel}","templated":true}]}}