{"id":7566,"date":"2025-05-06T16:57:07","date_gmt":"2025-05-06T14:57:07","guid":{"rendered":"https:\/\/deep-space-astronomy.ch\/?post_type=product&#038;p=7566"},"modified":"2025-11-18T17:59:17","modified_gmt":"2025-11-18T16:59:17","slug":"monture-equatoriale-gm-3000-hps-10micron","status":"publish","type":"product","link":"https:\/\/deep-space-astronomy.ch\/de\/produkt\/monture-equatoriale-gm-3000-hps-10micron\/","title":{"rendered":"\u00c4quatoriale Montierung GM 3000 HPS 10Micron"},"content":{"rendered":"<h2 style=\"text-align: center;\">10Micron GM 3000 HPS<\/h2>\n<h2><\/h2>\n<h2 style=\"text-align: center;\"><img fetchpriority=\"high\" decoding=\"async\" class=\"size-medium wp-image-7587 aligncenter\" style=\"font-family: -apple-system, BlinkMacSystemFont, 'Segoe UI', Roboto, 'Helvetica Neue', Arial, 'Noto Sans', sans-serif, 'Apple Color Emoji', 'Segoe UI Emoji', 'Segoe UI Symbol', 'Noto Color Emoji'; font-size: 16px;\" src=\"https:\/\/deep-space-astronomy.ch\/wp-content\/uploads\/2025\/05\/GM3000HPS-04-1-Photoroom-1-300x300.png\" alt=\"\" width=\"300\" height=\"300\" srcset=\"https:\/\/deep-space-astronomy.ch\/wp-content\/uploads\/2025\/05\/GM3000HPS-04-1-Photoroom-1-300x300.png 300w, https:\/\/deep-space-astronomy.ch\/wp-content\/uploads\/2025\/05\/GM3000HPS-04-1-Photoroom-1-150x150.png 150w, https:\/\/deep-space-astronomy.ch\/wp-content\/uploads\/2025\/05\/GM3000HPS-04-1-Photoroom-1-12x12.png 12w, https:\/\/deep-space-astronomy.ch\/wp-content\/uploads\/2025\/05\/GM3000HPS-04-1-Photoroom-1-100x100.png 100w, https:\/\/deep-space-astronomy.ch\/wp-content\/uploads\/2025\/05\/GM3000HPS-04-1-Photoroom-1.png 600w\" sizes=\"(max-width: 300px) 100vw, 300px\" \/><\/h2>\n<p>Entwickelt f\u00fcr anspruchsvolle Observatorien <strong>eine Instrumentenlast von 100 kg (<\/strong>OTA ohne Gegengewicht), kombiniert die GM 3000 HPS Sub-Arcsec Absolut-Encoder, 100 % CNC-Mechanik und einen eingebetteten Linux-Controller.<\/p>\n<ul>\n<li style=\"list-style-type: none;\">\n<ul>\n<li><strong>Zeigergenauigkeit &lt; 20 \u2033 RMS<\/strong> dank der internen Modellierung (100 Sterne).<\/li>\n<li><strong>Trackingfehler \u2248 1 \u2033 p-p \/ 15 min<\/strong> - lange belichtete Bildgebung ohne Autoguiding m\u00f6glich.<\/li>\n<li><strong>GoTo-Geschwindigkeit 2 - 15 \u00b0\/s<\/strong> und bis zu \u00b130 \u00b0 \u00fcber den Meridian hinaus verfolgt.<\/li>\n<li>Geschlossenes System: Nach Netzausfall bleibt die Ausrichtung erhalten, es wird keine neue Stationierung vorgenommen.<\/li>\n<\/ul>\n<\/li>\n<\/ul>\n<p>&nbsp;<\/p>\n<p style=\"color: #c00; font-weight: bold;\">ACHTUNG: Aufgrund des Gewichts und des Platzbedarfs des Brillengestells muss der Versand unbedingt auf einer Palette erfolgen. Um Ihre Bestellung zu best\u00e4tigen, <u>f\u00fcgen Sie Ihrem Warenkorb unbedingt das \u00abVersandset f\u00fcr GM3000\u00bb hinzu, das Folgendes enth\u00e4lt:<\/u><\/p>\n<ul style=\"margin-top: 4px; color: #c00;\">\n<li><strong>die Transportkiste aus Holz<\/strong><\/li>\n<li><strong>den Fu\u00df-S\u00e4ulen-Adapter (kann sp\u00e4ter verwendet werden, um die Montierung auf ein Stativ zu stellen)<\/strong><\/li>\n<\/ul>\n<p>&nbsp;<\/p>\n<p>Diese beiden Elemente sichern die Montierung w\u00e4hrend des Transports und dienen sp\u00e4ter zur Installation in Ihrer Sternwarte.<\/p>\n<p>&nbsp;<\/p>\n<p><!-- --><\/p>\n<hr \/>\n<h3>Detaillierte technische Spezifikationen<\/h3>\n<table>\n<thead>\n<tr>\n<th>Kategorie<\/th>\n<th>Merkmal<\/th>\n<th>Wert \/ Details<\/th>\n<\/tr>\n<\/thead>\n<tbody>\n<tr>\n<td rowspan=\"2\">Kapazit\u00e4t &amp; Masse<\/td>\n<td>Empfohlene Fotoladung<\/td>\n<td>100 kg<\/td>\n<\/tr>\n<tr>\n<td>Gewicht Kopf (ohne Zubeh\u00f6r)<\/td>\n<td>\u2248 65 kg<\/td>\n<\/tr>\n<tr>\n<td rowspan=\"6\">Kinematik<\/td>\n<td>Typ<\/td>\n<td>Deutsches \u00e4quatoriales Gestell<\/td>\n<\/tr>\n<tr>\n<td>Krone RA<\/td>\n<td>\u00d8 244 mm, 315 Z\u00e4hne, Bronze<\/td>\n<\/tr>\n<tr>\n<td>Krone Dec<\/td>\n<td>\u00d8 192 mm, Bronze<\/td>\n<\/tr>\n<tr>\n<td>Mutterschraube<\/td>\n<td>\u00d8 32 mm (RA) \/ 24 mm (Dec), Stahl geschliffen<\/td>\n<\/tr>\n<tr>\n<td>Achsen<\/td>\n<td>\u00d8 80 mm (RA) \/ 50 mm (Dec), legierter Stahl<\/td>\n<\/tr>\n<tr>\n<td>\u00dcbertragung<\/td>\n<td>Spielfreie Riemen + Auto Backlash-Aufholung<\/td>\n<\/tr>\n<tr>\n<td rowspan=\"4\">Motor &amp; Bewegungen<\/td>\n<td>Motoren<\/td>\n<td>Brushless-Servo \u00d7 2<\/td>\n<\/tr>\n<tr>\n<td>GoTo-Geschwindigkeit<\/td>\n<td>2 - 15 \u00b0\/s einstellbar<\/td>\n<\/tr>\n<tr>\n<td>Breitengradbereich<\/td>\n<td>20 - 70 \u00b0<\/td>\n<\/tr>\n<tr>\n<td>Feineinstellung Azimut<\/td>\n<td>\u00b1 10 \u00b0<\/td>\n<\/tr>\n<tr>\n<td rowspan=\"2\">Genauigkeit<\/td>\n<td>RMS-Punktestand<\/td>\n<td>&lt; 20\u2033<\/td>\n<\/tr>\n<tr>\n<td>Typische Verfolgung<\/td>\n<td>\u2248 1\u2033 p-p \/ 15 min<\/td>\n<\/tr>\n<tr>\n<td rowspan=\"3\">Elektronik &amp; I\/O<\/td>\n<td>Ern\u00e4hrung<\/td>\n<td>24 V DC 0,8 A (tracking) \/ 5 A Spitze (slew)<\/td>\n<\/tr>\n<tr>\n<td>Schnittstellen<\/td>\n<td>RS-232, Gigabit-Ethernet, Wi-Fi<\/td>\n<\/tr>\n<tr>\n<td>Dedizierte Ports<\/td>\n<td>GPS, ST-4, Keypad, AUX, Remote On\/Off<\/td>\n<\/tr>\n<tr>\n<td>Eingebettete Software<\/td>\n<td colspan=\"2\">QCI v 2.x: 100-Sterne-Modellierung, siderische\/solare\/lunare Verfolgung,<br \/>\nSatelliten- und Asteroidenverfolgung, Kuppelverwaltung, Horizontgrenzen, OTA-Update.<\/td>\n<\/tr>\n<\/tbody>\n<\/table>\n<p><!-- --><\/p>\n<hr \/>\n<h3>ColdTemp\"-Version<\/h3>\n<p>Die Fertigstellung <strong>ColdTemp<\/strong> verwendet kryogene Schmierstoffe und elektronische Industriekomponenten f\u00fcr einen zertifizierten Betrieb <strong>bis zu -35 \u00b0C<\/strong>. Die Option wird bei der Montage werkseitig eingebaut; nicht abw\u00e4rtskompatibel. Alle anderen Merkmale bleiben gleich.<\/p>\n<p><!-- --><\/p>\n<hr \/>\n<h3>Gelieferter Standardinhalt<\/h3>\n<table>\n<thead>\n<tr>\n<th>Element<\/th>\n<th>Kommentar<\/th>\n<\/tr>\n<\/thead>\n<tbody>\n<tr>\n<td>Eigenst\u00e4ndiges Keypad mit 4 Zeilen, Metallgeh\u00e4use, beheizter Bildschirm<\/td>\n<td>Lokale Kontrolle ohne PC<\/td>\n<\/tr>\n<tr>\n<td>Embedded Linux Controller<\/td>\n<td>Voller Zugriff auf Netzwerk + Satellitenfunktionen<\/td>\n<\/tr>\n<tr>\n<td>Schnittstellen RS-232 \/ Ethernet \/ Wi-Fi<\/td>\n<td><\/td>\n<\/tr>\n<tr>\n<td>Anschl\u00fcsse GPS, Autoguiding, AUX, Remote Switch<\/td>\n<td><\/td>\n<\/tr>\n<tr>\n<td>QCI-Software + PC-Suite (Virtual Keypad, Clock Sync, Multi-Mount, ASCOM)<\/td>\n<td><\/td>\n<\/tr>\n<tr>\n<td>Komplette Verkabelung + Gegengewichtsstange<\/td>\n<td><\/td>\n<\/tr>\n<tr>\n<td>Benutzerhandbuch<\/td>\n<td><\/td>\n<\/tr>\n<tr>\n<td>Versandset mit S\u00e4ulenadapter und Palettenkiste<\/td>\n<td>Sicherer Transport<\/td>\n<\/tr>\n<\/tbody>\n<\/table>\n<p><!-- --><\/p>\n<hr \/>\n<h3>Starke Punkte<\/h3>\n<ul>\n<li><strong>Absolute Encoder<\/strong>\u00a0: Lesen 0,1\u2033, keine R\u00fcckstellungen.<\/li>\n<li><strong>CNC-Mechanik aus einem St\u00fcck<\/strong>\u00a0: optimale Steifigkeit, null Formteile.<\/li>\n<li><strong>V3-Controller<\/strong>\u00a0: ARM-CPU, Binder IP-class-Anschl\u00fcsse, externes Wi-Fi.<\/li>\n<li><strong>Dual Tracking<\/strong>\u00a0Dynamische Kompensation von Polar- und Beugungsfehlern.<\/li>\n<li><strong>ColdTemp-Option<\/strong>\u00a0Zuverl\u00e4ssiger Betrieb an arktischen Standorten.<\/li>\n<\/ul>\n<hr \/>\n<h3>Schlussfolgerung<\/h3>\n<p>Mit einer Nutzlast von 100 kg und Sub-Arcsecond-Tracking ist die <strong>GM 3000 HPS<\/strong> \u00fcbertrifft die meisten Direct-Drive-L\u00f6sungen und bewahrt gleichzeitig die Robustheit traditioneller Schraube-ohne-Ende-Mechanismen. Die ColdTemp-Version ebnet den Weg f\u00fcr wissenschaftliche Projekte in Umgebungen<br \/>\nextrem, w\u00e4hrend die Standardkonfiguration bereits alles bietet, was f\u00fcr ein Hochleistungsobservatorium notwendig ist.<\/p>\n<p>&nbsp;<\/p>\n<h3>Schema aller verf\u00fcgbaren Zubeh\u00f6rteile:<\/h3>\n<p>&nbsp;<\/p>\n<p><img decoding=\"async\" class=\"wp-image-7591 size-full aligncenter\" src=\"https:\/\/deep-space-astronomy.ch\/wp-content\/uploads\/2025\/05\/Capture-decran-2025-05-06-a-18.40.25.png\" alt=\"\" width=\"2016\" height=\"1586\" srcset=\"https:\/\/deep-space-astronomy.ch\/wp-content\/uploads\/2025\/05\/Capture-decran-2025-05-06-a-18.40.25.png 2016w, https:\/\/deep-space-astronomy.ch\/wp-content\/uploads\/2025\/05\/Capture-decran-2025-05-06-a-18.40.25-300x236.png 300w, https:\/\/deep-space-astronomy.ch\/wp-content\/uploads\/2025\/05\/Capture-decran-2025-05-06-a-18.40.25-1024x806.png 1024w, https:\/\/deep-space-astronomy.ch\/wp-content\/uploads\/2025\/05\/Capture-decran-2025-05-06-a-18.40.25-768x604.png 768w, https:\/\/deep-space-astronomy.ch\/wp-content\/uploads\/2025\/05\/Capture-decran-2025-05-06-a-18.40.25-1536x1208.png 1536w, https:\/\/deep-space-astronomy.ch\/wp-content\/uploads\/2025\/05\/Capture-decran-2025-05-06-a-18.40.25-15x12.png 15w, https:\/\/deep-space-astronomy.ch\/wp-content\/uploads\/2025\/05\/Capture-decran-2025-05-06-a-18.40.25-600x472.png 600w\" sizes=\"(max-width: 2016px) 100vw, 2016px\" \/><\/p>","protected":false},"excerpt":{"rendered":"<p>Computergest\u00fctzte deutsche \u00e4quatoriale Montierung, HPS-Technologie mit absoluten Encodern in den Achsen und Hochleistungsmotoren; 100 kg Nutzlast<\/p>","protected":false},"featured_media":7580,"comment_status":"open","ping_status":"closed","template":"","meta":[],"product_brand":[812],"product_cat":[20,762],"product_tag":[],"class_list":{"0":"post-7566","1":"product","2":"type-product","3":"status-publish","4":"has-post-thumbnail","6":"product_brand-10micron","7":"product_cat-montures","8":"product_cat-equatoriales","9":"product_shipping_class-expedition-sur-palette-depuis-letranger","11":"first","12":"instock","13":"taxable","14":"shipping-taxable","15":"purchasable","16":"product-type-variable"},"_links":{"self":[{"href":"https:\/\/deep-space-astronomy.ch\/de\/wp-json\/wp\/v2\/product\/7566","targetHints":{"allow":["GET"]}}],"collection":[{"href":"https:\/\/deep-space-astronomy.ch\/de\/wp-json\/wp\/v2\/product"}],"about":[{"href":"https:\/\/deep-space-astronomy.ch\/de\/wp-json\/wp\/v2\/types\/product"}],"replies":[{"embeddable":true,"href":"https:\/\/deep-space-astronomy.ch\/de\/wp-json\/wp\/v2\/comments?post=7566"}],"wp:featuredmedia":[{"embeddable":true,"href":"https:\/\/deep-space-astronomy.ch\/de\/wp-json\/wp\/v2\/media\/7580"}],"wp:attachment":[{"href":"https:\/\/deep-space-astronomy.ch\/de\/wp-json\/wp\/v2\/media?parent=7566"}],"wp:term":[{"taxonomy":"product_brand","embeddable":true,"href":"https:\/\/deep-space-astronomy.ch\/de\/wp-json\/wp\/v2\/product_brand?post=7566"},{"taxonomy":"product_cat","embeddable":true,"href":"https:\/\/deep-space-astronomy.ch\/de\/wp-json\/wp\/v2\/product_cat?post=7566"},{"taxonomy":"product_tag","embeddable":true,"href":"https:\/\/deep-space-astronomy.ch\/de\/wp-json\/wp\/v2\/product_tag?post=7566"}],"curies":[{"name":"wp","href":"https:\/\/api.w.org\/{rel}","templated":true}]}}