{"id":7607,"date":"2025-05-07T11:25:25","date_gmt":"2025-05-07T09:25:25","guid":{"rendered":"https:\/\/deep-space-astronomy.ch\/?post_type=product&#038;p=7607"},"modified":"2025-09-17T15:42:05","modified_gmt":"2025-09-17T13:42:05","slug":"set-de-valises-rigides-ttx01-2-pieces","status":"publish","type":"product","link":"https:\/\/deep-space-astronomy.ch\/de\/produkt\/set-de-valises-rigides-ttx01-2-pieces\/","title":{"rendered":"GM 1000 HPS: Hartschalenkoffer-Set TTX01\u00ae (2 St\u00fcck)"},"content":{"rendered":"<p class=\"p1\">Vollst\u00e4ndiger Schutz gegen Wasser, Staub, Chemikalien, St\u00f6\u00dfe und St\u00fcrze.<\/p>","protected":false},"excerpt":{"rendered":"<p>Vollst\u00e4ndiger Schutz gegen Wasser, Staub, Chemikalien, St\u00f6\u00dfe und St\u00fcrze.<\/p>","protected":false},"featured_media":7670,"comment_status":"open","ping_status":"closed","template":"","meta":[],"product_brand":[812],"product_cat":[814],"product_tag":[],"class_list":{"0":"post-7607","1":"product","2":"type-product","3":"status-publish","4":"has-post-thumbnail","6":"product_brand-10micron","7":"product_cat-accessoires-pour-montures","9":"first","10":"on_supplier","11":"taxable","12":"shipping-taxable","13":"purchasable","14":"product-type-simple"},"_links":{"self":[{"href":"https:\/\/deep-space-astronomy.ch\/de\/wp-json\/wp\/v2\/product\/7607","targetHints":{"allow":["GET"]}}],"collection":[{"href":"https:\/\/deep-space-astronomy.ch\/de\/wp-json\/wp\/v2\/product"}],"about":[{"href":"https:\/\/deep-space-astronomy.ch\/de\/wp-json\/wp\/v2\/types\/product"}],"replies":[{"embeddable":true,"href":"https:\/\/deep-space-astronomy.ch\/de\/wp-json\/wp\/v2\/comments?post=7607"}],"wp:featuredmedia":[{"embeddable":true,"href":"https:\/\/deep-space-astronomy.ch\/de\/wp-json\/wp\/v2\/media\/7670"}],"wp:attachment":[{"href":"https:\/\/deep-space-astronomy.ch\/de\/wp-json\/wp\/v2\/media?parent=7607"}],"wp:term":[{"taxonomy":"product_brand","embeddable":true,"href":"https:\/\/deep-space-astronomy.ch\/de\/wp-json\/wp\/v2\/product_brand?post=7607"},{"taxonomy":"product_cat","embeddable":true,"href":"https:\/\/deep-space-astronomy.ch\/de\/wp-json\/wp\/v2\/product_cat?post=7607"},{"taxonomy":"product_tag","embeddable":true,"href":"https:\/\/deep-space-astronomy.ch\/de\/wp-json\/wp\/v2\/product_tag?post=7607"}],"curies":[{"name":"wp","href":"https:\/\/api.w.org\/{rel}","templated":true}]}}