{"id":7635,"date":"2025-05-07T11:54:17","date_gmt":"2025-05-07T09:54:17","guid":{"rendered":"https:\/\/deep-space-astronomy.ch\/?post_type=product&#038;p=7635"},"modified":"2025-09-17T15:42:29","modified_gmt":"2025-09-17T13:42:29","slug":"gm-2000-set-de-valises-flight-case-professionnel-ttx01-2-pieces","status":"publish","type":"product","link":"https:\/\/deep-space-astronomy.ch\/de\/produkt\/gm-2000-set-de-valises-flight-case-professionnel-ttx01-2-pieces\/","title":{"rendered":"GM 2000: Professionelles \"Flight-Case\"-Kofferset TTX01\u00ae (2 St\u00fcck)"},"content":{"rendered":"<p class=\"p1\"><i>F\u00fcr GM 2000 HPS II (Monolith), einschlie\u00dflich eines Koffers f\u00fcr die Montierung und eines f\u00fcr die Gegengewichte (Trolley + Handkoffer).<\/i><\/p>","protected":false},"excerpt":{"rendered":"<p>F\u00fcr GM 2000 HPS II (Monolith), einschlie\u00dflich eines Koffers f\u00fcr die Montierung und eines f\u00fcr die Gegengewichte (Trolley + Handkoffer).<\/p>","protected":false},"featured_media":7670,"comment_status":"open","ping_status":"closed","template":"","meta":[],"product_brand":[812],"product_cat":[814],"product_tag":[],"class_list":{"0":"post-7635","1":"product","2":"type-product","3":"status-publish","4":"has-post-thumbnail","6":"product_brand-10micron","7":"product_cat-accessoires-pour-montures","9":"first","10":"on_supplier","11":"taxable","12":"shipping-taxable","13":"purchasable","14":"product-type-simple"},"_links":{"self":[{"href":"https:\/\/deep-space-astronomy.ch\/de\/wp-json\/wp\/v2\/product\/7635","targetHints":{"allow":["GET"]}}],"collection":[{"href":"https:\/\/deep-space-astronomy.ch\/de\/wp-json\/wp\/v2\/product"}],"about":[{"href":"https:\/\/deep-space-astronomy.ch\/de\/wp-json\/wp\/v2\/types\/product"}],"replies":[{"embeddable":true,"href":"https:\/\/deep-space-astronomy.ch\/de\/wp-json\/wp\/v2\/comments?post=7635"}],"wp:featuredmedia":[{"embeddable":true,"href":"https:\/\/deep-space-astronomy.ch\/de\/wp-json\/wp\/v2\/media\/7670"}],"wp:attachment":[{"href":"https:\/\/deep-space-astronomy.ch\/de\/wp-json\/wp\/v2\/media?parent=7635"}],"wp:term":[{"taxonomy":"product_brand","embeddable":true,"href":"https:\/\/deep-space-astronomy.ch\/de\/wp-json\/wp\/v2\/product_brand?post=7635"},{"taxonomy":"product_cat","embeddable":true,"href":"https:\/\/deep-space-astronomy.ch\/de\/wp-json\/wp\/v2\/product_cat?post=7635"},{"taxonomy":"product_tag","embeddable":true,"href":"https:\/\/deep-space-astronomy.ch\/de\/wp-json\/wp\/v2\/product_tag?post=7635"}],"curies":[{"name":"wp","href":"https:\/\/api.w.org\/{rel}","templated":true}]}}