{"id":7640,"date":"2025-05-07T12:57:10","date_gmt":"2025-05-07T10:57:10","guid":{"rendered":"https:\/\/deep-space-astronomy.ch\/?post_type=product&#038;p=7640"},"modified":"2025-12-05T15:49:10","modified_gmt":"2025-12-05T14:49:10","slug":"gm-3000-support-pour-boitier-de-commande-10micron-a-fixer-sur-un-pilier","status":"publish","type":"product","link":"https:\/\/deep-space-astronomy.ch\/de\/produkt\/gm-3000-support-pour-boitier-de-commande-10micron-a-fixer-sur-un-pilier\/","title":{"rendered":"GM 3000: Halterung f\u00fcr 10Micron Steuerger\u00e4t zur Befestigung an einer S\u00e4ule"},"content":{"rendered":"","protected":false},"excerpt":{"rendered":"","protected":false},"featured_media":7672,"comment_status":"open","ping_status":"closed","template":"","meta":[],"product_brand":[812],"product_cat":[814],"product_tag":[],"class_list":{"0":"post-7640","1":"product","2":"type-product","3":"status-publish","4":"has-post-thumbnail","6":"product_brand-10micron","7":"product_cat-accessoires-pour-montures","9":"first","10":"on_supplier","11":"taxable","12":"shipping-taxable","13":"purchasable","14":"product-type-simple"},"_links":{"self":[{"href":"https:\/\/deep-space-astronomy.ch\/de\/wp-json\/wp\/v2\/product\/7640","targetHints":{"allow":["GET"]}}],"collection":[{"href":"https:\/\/deep-space-astronomy.ch\/de\/wp-json\/wp\/v2\/product"}],"about":[{"href":"https:\/\/deep-space-astronomy.ch\/de\/wp-json\/wp\/v2\/types\/product"}],"replies":[{"embeddable":true,"href":"https:\/\/deep-space-astronomy.ch\/de\/wp-json\/wp\/v2\/comments?post=7640"}],"wp:featuredmedia":[{"embeddable":true,"href":"https:\/\/deep-space-astronomy.ch\/de\/wp-json\/wp\/v2\/media\/7672"}],"wp:attachment":[{"href":"https:\/\/deep-space-astronomy.ch\/de\/wp-json\/wp\/v2\/media?parent=7640"}],"wp:term":[{"taxonomy":"product_brand","embeddable":true,"href":"https:\/\/deep-space-astronomy.ch\/de\/wp-json\/wp\/v2\/product_brand?post=7640"},{"taxonomy":"product_cat","embeddable":true,"href":"https:\/\/deep-space-astronomy.ch\/de\/wp-json\/wp\/v2\/product_cat?post=7640"},{"taxonomy":"product_tag","embeddable":true,"href":"https:\/\/deep-space-astronomy.ch\/de\/wp-json\/wp\/v2\/product_tag?post=7640"}],"curies":[{"name":"wp","href":"https:\/\/api.w.org\/{rel}","templated":true}]}}