{"id":7650,"date":"2025-05-07T13:18:15","date_gmt":"2025-05-07T11:18:15","guid":{"rendered":"https:\/\/deep-space-astronomy.ch\/?post_type=product&#038;p=7650"},"modified":"2025-09-17T15:42:44","modified_gmt":"2025-09-17T13:42:44","slug":"gm-4000-plaque-de-base-baader-400-mm-pour-bras-lateraux-sidewings","status":"publish","type":"product","link":"https:\/\/deep-space-astronomy.ch\/de\/produkt\/gm-4000-plaque-de-base-baader-400-mm-pour-bras-lateraux-sidewings\/","title":{"rendered":"GM 4000: Baader Grundplatte 400 mm f\u00fcr Seitenarme (Sidewings)"},"content":{"rendered":"<ul>\n<li>\n<p class=\"p1\"><i>Erm\u00f6glicht insbesondere die Anpassung der Baader-F\u00fchrungshalsb\u00e4nder der Gr\u00f6\u00dfen I, II und III.<\/i><\/p>\n<\/li>\n<\/ul>","protected":false},"excerpt":{"rendered":"<p>Erm\u00f6glicht insbesondere die Anpassung der Baader-F\u00fchrungshalsb\u00e4nder der Gr\u00f6\u00dfen I, II und III.<\/p>","protected":false},"featured_media":7717,"comment_status":"open","ping_status":"closed","template":"","meta":[],"product_brand":[812],"product_cat":[814],"product_tag":[],"class_list":{"0":"post-7650","1":"product","2":"type-product","3":"status-publish","4":"has-post-thumbnail","6":"product_brand-10micron","7":"product_cat-accessoires-pour-montures","9":"first","10":"on_supplier","11":"taxable","12":"shipping-taxable","13":"purchasable","14":"product-type-simple"},"_links":{"self":[{"href":"https:\/\/deep-space-astronomy.ch\/de\/wp-json\/wp\/v2\/product\/7650","targetHints":{"allow":["GET"]}}],"collection":[{"href":"https:\/\/deep-space-astronomy.ch\/de\/wp-json\/wp\/v2\/product"}],"about":[{"href":"https:\/\/deep-space-astronomy.ch\/de\/wp-json\/wp\/v2\/types\/product"}],"replies":[{"embeddable":true,"href":"https:\/\/deep-space-astronomy.ch\/de\/wp-json\/wp\/v2\/comments?post=7650"}],"wp:featuredmedia":[{"embeddable":true,"href":"https:\/\/deep-space-astronomy.ch\/de\/wp-json\/wp\/v2\/media\/7717"}],"wp:attachment":[{"href":"https:\/\/deep-space-astronomy.ch\/de\/wp-json\/wp\/v2\/media?parent=7650"}],"wp:term":[{"taxonomy":"product_brand","embeddable":true,"href":"https:\/\/deep-space-astronomy.ch\/de\/wp-json\/wp\/v2\/product_brand?post=7650"},{"taxonomy":"product_cat","embeddable":true,"href":"https:\/\/deep-space-astronomy.ch\/de\/wp-json\/wp\/v2\/product_cat?post=7650"},{"taxonomy":"product_tag","embeddable":true,"href":"https:\/\/deep-space-astronomy.ch\/de\/wp-json\/wp\/v2\/product_tag?post=7650"}],"curies":[{"name":"wp","href":"https:\/\/api.w.org\/{rel}","templated":true}]}}