{"id":7730,"date":"2025-05-08T22:44:08","date_gmt":"2025-05-08T20:44:08","guid":{"rendered":"https:\/\/deep-space-astronomy.ch\/?post_type=product&#038;p=7730"},"modified":"2025-09-17T15:42:52","modified_gmt":"2025-09-17T13:42:52","slug":"dobson-bresser-messier-6-152mm-version-planetaire","status":"publish","type":"product","link":"https:\/\/deep-space-astronomy.ch\/de\/produkt\/dobson-bresser-messier-6-152mm-version-planetaire\/","title":{"rendered":"Dobson Bresser Messier 6\u2033 (152mm) - Planetenversion"},"content":{"rendered":"<h3 style=\"text-align: center;\">Bresser-Teleskop Messier 6\u2033 - Planetenversion<\/h3>\n<p>Die <strong>Bresser Messier 6\u2033 Planeten Dobson<\/strong> ist ein kompaktes und leistungsstarkes Tischteleskop, das sich perfekt f\u00fcr Anf\u00e4nger und erfahrene Astronomen eignet. Mit seinem 150 mm Parabolspiegel und einer Brennweite von 1200 mm (f\/8) liefert es scharfe und helle Bilder des Deep Sky und von Objekten des Sonnensystems. Sein tragbares Design und die schnelle Einrichtung machen es zu einem idealen Begleiter f\u00fcr Beobachtungen zu Hause oder unterwegs.<\/p>\n<p>Warum die Planetenversion? Weil die 1200mm Brennweite das Bild viel st\u00e4rker vergr\u00f6\u00dfern kann, was bei der Planetarischen etwas ist, das man sich w\u00fcnscht!<\/p>\n<p>Es wird vormontiert geliefert und ist in wenigen Minuten einsatzbereit. Es ist mit einem optischen 6\u00d730-Sucher, einem 25-mm-Super-Pl\u00f6ssl-Okular, einem Mondfilter und einem hochwertigen Sonnenfilter f\u00fcr sichere Sonnenbeobachtungen ausgestattet. Ein eingebauter Kompass und eine Kreiswasserwaage erleichtern die Ausrichtung des Teleskops.<\/p>\n<h2>Technische Daten<\/h2>\n<table>\n<tbody>\n<tr>\n<th>Merkmal<\/th>\n<th>Detail<\/th>\n<\/tr>\n<tr>\n<td>Optischer Typ<\/td>\n<td>Newtonscher Reflektor<\/td>\n<\/tr>\n<tr>\n<td>Durchmesser des Hauptspiegels<\/td>\n<td>150 mm<\/td>\n<\/tr>\n<tr>\n<td>Brennweite<\/td>\n<td>1200 mm<\/td>\n<\/tr>\n<tr>\n<td>Fokusbericht<\/td>\n<td>f\/8<\/td>\n<\/tr>\n<tr>\n<td>Empfohlene maximale Vergr\u00f6\u00dferung<\/td>\n<td>300x<\/td>\n<\/tr>\n<tr>\n<td>Rahmen<\/td>\n<td>Dobson<\/td>\n<\/tr>\n<tr>\n<td>Fokussieren<\/td>\n<td>Zahnstange 2\u2033 mit Adapter 1,25\u2033.<\/td>\n<\/tr>\n<tr>\n<td>Inklusive Okular<\/td>\n<td>Super Pl\u00f6ssl 25 mm (\u00d8 31,7 mm \/ 1,25\u2033)<\/td>\n<\/tr>\n<tr>\n<td>Forscher<\/td>\n<td>6\u00d730-Optik<\/td>\n<\/tr>\n<tr>\n<td>Filter enthalten<\/td>\n<td>Mondfilter und Sonnenfilter zum \u00d6ffnen<\/td>\n<\/tr>\n<tr>\n<td>Sekund\u00e4rer Spiegel<\/td>\n<td>45 mm Durchmesser<\/td>\n<\/tr>\n<tr>\n<td>Material des Rohrs<\/td>\n<td>Metall<\/td>\n<\/tr>\n<tr>\n<td>Gewicht der R\u00f6hre<\/td>\n<td>8,3 kg<\/td>\n<\/tr>\n<tr>\n<td>Gesamtgewicht (mit Zubeh\u00f6r)<\/td>\n<td>16,1 kg<\/td>\n<\/tr>\n<tr>\n<td>Abmessungen der R\u00f6hre<\/td>\n<td>L\u00e4nge: 80 cm, Durchmesser: 17,5 cm<\/td>\n<\/tr>\n<tr>\n<td>Zus\u00e4tzliches Zubeh\u00f6r<\/td>\n<td>2 Kabelbinder mit GP-Adapter, Benutzerhandbuch<\/td>\n<\/tr>\n<\/tbody>\n<\/table>\n<p>Dieses Teleskop ist auch mit anderen Montierungen kompatibel, sodass es auch f\u00fcr die Astrofotografie verwendet werden kann. Seine Vielseitigkeit und Benutzerfreundlichkeit machen es zu einer ausgezeichneten Wahl f\u00fcr die Erkundung des Nacht- und Sonnenhimmels.<\/p>\n<p>&nbsp;<\/p>","protected":false},"excerpt":{"rendered":"<p>T\u00e9lescope Bresser Messier 6&Prime; &#8211; Version plan\u00e9taire Le Bresser Messier 6&Prime; Planeten Dobson est un t\u00e9lescope de table compact et performant, parfait pour les astronomes d\u00e9butants et confirm\u00e9s. Gr\u00e2ce \u00e0 son miroir parabolique de 150 mm et sa focale de 1200 mm (f\/8), il offre des images nettes et lumineuses du ciel profond et des [&hellip;]<\/p>\n","protected":false},"featured_media":7749,"comment_status":"open","ping_status":"closed","template":"","meta":[],"product_brand":[807],"product_cat":[392,746,815,745],"product_tag":[],"class_list":{"0":"post-7730","1":"product","2":"type-product","3":"status-publish","4":"has-post-thumbnail","6":"product_brand-bresser","7":"product_cat-telescopes_reflecteurs","8":"product_cat-dobson","9":"product_cat-debutants","10":"product_cat-telescope-dinitiation","12":"first","13":"on_supplier","14":"taxable","15":"shipping-taxable","16":"purchasable","17":"product-type-simple"},"_links":{"self":[{"href":"https:\/\/deep-space-astronomy.ch\/de\/wp-json\/wp\/v2\/product\/7730","targetHints":{"allow":["GET"]}}],"collection":[{"href":"https:\/\/deep-space-astronomy.ch\/de\/wp-json\/wp\/v2\/product"}],"about":[{"href":"https:\/\/deep-space-astronomy.ch\/de\/wp-json\/wp\/v2\/types\/product"}],"replies":[{"embeddable":true,"href":"https:\/\/deep-space-astronomy.ch\/de\/wp-json\/wp\/v2\/comments?post=7730"}],"wp:featuredmedia":[{"embeddable":true,"href":"https:\/\/deep-space-astronomy.ch\/de\/wp-json\/wp\/v2\/media\/7749"}],"wp:attachment":[{"href":"https:\/\/deep-space-astronomy.ch\/de\/wp-json\/wp\/v2\/media?parent=7730"}],"wp:term":[{"taxonomy":"product_brand","embeddable":true,"href":"https:\/\/deep-space-astronomy.ch\/de\/wp-json\/wp\/v2\/product_brand?post=7730"},{"taxonomy":"product_cat","embeddable":true,"href":"https:\/\/deep-space-astronomy.ch\/de\/wp-json\/wp\/v2\/product_cat?post=7730"},{"taxonomy":"product_tag","embeddable":true,"href":"https:\/\/deep-space-astronomy.ch\/de\/wp-json\/wp\/v2\/product_tag?post=7730"}],"curies":[{"name":"wp","href":"https:\/\/api.w.org\/{rel}","templated":true}]}}