{"id":7732,"date":"2025-05-08T22:44:08","date_gmt":"2025-05-08T20:44:08","guid":{"rendered":"https:\/\/deep-space-astronomy.ch\/?post_type=product&#038;p=7732"},"modified":"2025-09-17T15:42:52","modified_gmt":"2025-09-17T13:42:52","slug":"dobson-bresser-messier-10-254mm","status":"publish","type":"product","link":"https:\/\/deep-space-astronomy.ch\/de\/produkt\/dobson-bresser-messier-10-254mm\/","title":{"rendered":"Dobson Bresser Messier 10\u2033 (254mm)"},"content":{"rendered":"<h3>Bresser Messier 10\u2033 Dobson-Teleskop<\/h3>\n<p>Die <strong>Bresser Messier 10\u2033 Dobson<\/strong> ist ein sehr leistungsstarkes Teleskop, das sich perfekt f\u00fcr Astronomen eignet, die ernsthaft mit der Beobachtung des Deep Sky und der Planeten beginnen m\u00f6chten. Mit seinem gro\u00dfen 254-mm-Parabolspiegel und einer Brennweite von 1270 mm (f\/5) liefert es scharfe und helle Bilder des Deep Sky und von Objekten des Sonnensystems. Sein tragbares Design und die schnelle Einrichtung machen es zu einem idealen Begleiter f\u00fcr Beobachtungen zu Hause oder unterwegs.<\/p>\n<p>Es wird vormontiert geliefert und ist in wenigen Minuten einsatzbereit. Es ist mit einem 6\u00d730-Sucher, einem 25-mm-Super-Pl\u00f6ssl-Okular, einem Mondfilter und einem hochwertigen Sonnenfilter f\u00fcr sichere Sonnenbeobachtungen ausgestattet. Ein eingebauter Kompass und eine Kreiswasserwaage erleichtern die Ausrichtung des Teleskops.<\/p>\n<h2>Technische Daten<\/h2>\n<table>\n<tbody>\n<tr>\n<th>Merkmal<\/th>\n<th>Detail<\/th>\n<\/tr>\n<tr>\n<td>Optischer Typ<\/td>\n<td>Newtonscher Reflektor<\/td>\n<\/tr>\n<tr>\n<td>Durchmesser des Hauptspiegels<\/td>\n<td>254 mm<\/td>\n<\/tr>\n<tr>\n<td>Brennweite<\/td>\n<td>1270 mm<\/td>\n<\/tr>\n<tr>\n<td>Fokusbericht<\/td>\n<td>f\/5<\/td>\n<\/tr>\n<tr>\n<td>Empfohlene maximale Vergr\u00f6\u00dferung<\/td>\n<td>508x<\/td>\n<\/tr>\n<tr>\n<td>Rahmen<\/td>\n<td>Tisch-Dobson<\/td>\n<\/tr>\n<tr>\n<td>Fokussieren<\/td>\n<td>Zahnstange 2,5\u2033 HEXAFOC mit Adapter 1,25\u2033.<\/td>\n<\/tr>\n<tr>\n<td>Inklusive Okular<\/td>\n<td>Super Pl\u00f6ssl 25 mm (\u00d8 31,7 mm \/ 1,25\u2033)<\/td>\n<\/tr>\n<tr>\n<td>Forscher<\/td>\n<td>6\u00d730<\/td>\n<\/tr>\n<tr>\n<td>Filter enthalten<\/td>\n<td>Mondfilter und Sonnenfilter zum \u00d6ffnen<\/td>\n<\/tr>\n<tr>\n<td>Sekund\u00e4rer Spiegel<\/td>\n<td>74 mm Durchmesser<\/td>\n<\/tr>\n<tr>\n<td>Material des Rohrs<\/td>\n<td>Metall<\/td>\n<\/tr>\n<tr>\n<td>Gewicht der R\u00f6hre<\/td>\n<td>16,4 kg<\/td>\n<\/tr>\n<tr>\n<td>Gesamtgewicht (mit Zubeh\u00f6r)<\/td>\n<td>27,6 kg<\/td>\n<\/tr>\n<tr>\n<td>Abmessungen der R\u00f6hre<\/td>\n<td>L\u00e4nge: 120 cm, Durchmesser: 30 cm<\/td>\n<\/tr>\n<tr>\n<td>Zus\u00e4tzliches Zubeh\u00f6r<\/td>\n<td>2 Kabelbinder mit GP-Adapter, Benutzerhandbuch<\/td>\n<\/tr>\n<\/tbody>\n<\/table>\n<p>Dieses Teleskop ist auch mit anderen Montierungen kompatibel. Seine Vielseitigkeit und Benutzerfreundlichkeit machen es zu einer ausgezeichneten Wahl f\u00fcr die Erkundung des Nacht- und Sonnenhimmels.<\/p>\n<p>&nbsp;<\/p>","protected":false},"excerpt":{"rendered":"<p>T\u00e9lescope Bresser Messier 10&Prime; Dobson Le Bresser Messier 10&Prime; Dobson est un t\u00e9lescope tr\u00e8s performant, parfait pour les astronomes d\u00e9sireux de se lancer s\u00e9rieusement dans l&rsquo;observation du ciel profond et des plan\u00e8tes. Gr\u00e2ce \u00e0 son grand miroir parabolique de 254 mm et sa focale de 1270 mm (f\/5), il offre des images nettes et lumineuses [&hellip;]<\/p>\n","protected":false},"featured_media":7758,"comment_status":"open","ping_status":"closed","template":"","meta":[],"product_brand":[807],"product_cat":[392,746,815,745],"product_tag":[],"class_list":{"0":"post-7732","1":"product","2":"type-product","3":"status-publish","4":"has-post-thumbnail","6":"product_brand-bresser","7":"product_cat-telescopes_reflecteurs","8":"product_cat-dobson","9":"product_cat-debutants","10":"product_cat-telescope-dinitiation","12":"first","13":"on_supplier","14":"taxable","15":"shipping-taxable","16":"purchasable","17":"product-type-simple"},"_links":{"self":[{"href":"https:\/\/deep-space-astronomy.ch\/de\/wp-json\/wp\/v2\/product\/7732","targetHints":{"allow":["GET"]}}],"collection":[{"href":"https:\/\/deep-space-astronomy.ch\/de\/wp-json\/wp\/v2\/product"}],"about":[{"href":"https:\/\/deep-space-astronomy.ch\/de\/wp-json\/wp\/v2\/types\/product"}],"replies":[{"embeddable":true,"href":"https:\/\/deep-space-astronomy.ch\/de\/wp-json\/wp\/v2\/comments?post=7732"}],"wp:featuredmedia":[{"embeddable":true,"href":"https:\/\/deep-space-astronomy.ch\/de\/wp-json\/wp\/v2\/media\/7758"}],"wp:attachment":[{"href":"https:\/\/deep-space-astronomy.ch\/de\/wp-json\/wp\/v2\/media?parent=7732"}],"wp:term":[{"taxonomy":"product_brand","embeddable":true,"href":"https:\/\/deep-space-astronomy.ch\/de\/wp-json\/wp\/v2\/product_brand?post=7732"},{"taxonomy":"product_cat","embeddable":true,"href":"https:\/\/deep-space-astronomy.ch\/de\/wp-json\/wp\/v2\/product_cat?post=7732"},{"taxonomy":"product_tag","embeddable":true,"href":"https:\/\/deep-space-astronomy.ch\/de\/wp-json\/wp\/v2\/product_tag?post=7732"}],"curies":[{"name":"wp","href":"https:\/\/api.w.org\/{rel}","templated":true}]}}