{"id":784,"date":"2024-12-05T04:04:59","date_gmt":"2024-12-05T03:04:59","guid":{"rendered":"https:\/\/deep-space-astronomy.geekworkers.dev\/?post_type=product&#038;p=784"},"modified":"2025-12-03T20:33:49","modified_gmt":"2025-12-03T19:33:49","slug":"paramount-myt","status":"publish","type":"product","link":"https:\/\/deep-space-astronomy.ch\/de\/produkt\/paramount-myt\/","title":{"rendered":"Paramount MYT"},"content":{"rendered":"<h3>Paramount MYT\u2122 Serie 6: Die Hochleistungsmontierung f\u00fcr die Astrofotografie<\/h3>\n<p>Die <strong>Paramount MYT\u2122 Serie 6<\/strong> repr\u00e4sentiert den <strong>Spitzenleistung<\/strong> f\u00fcr deutsche \u00e4quatoriale Fassungen mit Zahnradantrieb. Sie bietet eine <strong>Erh\u00f6hung der instrumentellen Ladekapazit\u00e4t um 40 %<\/strong>Die <strong>absolute Ringgeber<\/strong> auf der Achse (optional), sowie von <strong>mehrere Konnektivit\u00e4tsoptionen<\/strong>.<\/p>\n<p>Die Paramount MYT ist die <strong>ideale Sternwartenhalterung<\/strong> f\u00fcr die nomadische Astrofotografie!<\/p>\n<h3>Wichtigste Merkmale<\/h3>\n<ul>\n<li><strong>Instrumentale Belastbarkeit :<\/strong> 32 kg; Gesamtkapazit\u00e4t mit Gegengewicht: 64 kg.<\/li>\n<li><strong>Leichtes einteiliges Gestell :<\/strong> 16 kg (ohne Gegengewicht und Gegengewichtsstange).<\/li>\n<li><strong>Inklusive Gegengewicht von 9 kg<\/strong> (zum Ausbalancieren eines Teleskops mit einem Gewicht von 11 bis 14 kg).<\/li>\n<li><strong>Genauigkeit beim Zeigen :<\/strong> 30 Bogensekunden oder weniger \u00fcber den gesamten Himmel.<\/li>\n<li><strong>Internes Kabelmanagement :<\/strong> Alle Kabel f\u00fcr den Motor, die Stromversorgung und die Elektronik sind integriert, sodass sie nicht h\u00e4ngen bleiben k\u00f6nnen.<\/li>\n<\/ul>\n<h3>Leistung von Encodern<\/h3>\n<ul>\n<li><strong>Maximaler periodischer Fehler :<\/strong> 7 Bogensekunden vor der Korrektur<\/li>\n<li><strong>Nach dem Lernen des periodischen Fehlers :<\/strong> Weniger als 1 Bogensekunde.<\/li>\n<li><strong>Riemenscheiben mit federbelasteter Schnecke :<\/strong> Praktisch keine Spiele.<\/li>\n<li><strong>H\u00f6here Genauigkeit dank TPoint\u2122 :<\/strong> Das Fehlen von Kupplungen verbessert die Zielgenauigkeit.<\/li>\n<\/ul>\n<h3>AutoHome\u2122: Eine automatische Orientierung<\/h3>\n<p>Die Funktion <strong>AutoHome\u2122<\/strong> stellt sicher, dass die Montierung nach einem schnellen Initialisierungsprozess (weniger als eine Minute) immer noch ihre Orientierung kennt.<\/p>\n<h3>Absolute Drehregler auf der Achse (Optional)<\/h3>\n<ul>\n<li><strong>Keine Initialisierung erforderlich<\/strong> f\u00fcr den sofortigen Betrieb.<\/li>\n<li><strong>Vollst\u00e4ndige Unterdr\u00fcckung des periodischen Fehlers<\/strong>.<\/li>\n<li><strong>Keine mechanischen Spiele<\/strong>Sie k\u00f6nnen sich auch an die Mitarbeiterinnen und Mitarbeiter der Schule wenden, um eine optimale Betreuung zu gew\u00e4hrleisten.<\/li>\n<li><strong>Au\u00dfergew\u00f6hnliche Genauigkeit :<\/strong> Aufl\u00f6sung von 0,02 Winkelsekunden.<\/li>\n<li><strong>Gro\u00dfer Temperaturbereich :<\/strong> Funktioniert zwischen -40\u00b0C und +80\u00b0C.<\/li>\n<\/ul>\n<h3>Elektronische und mechanische Eigenschaften<\/3><\/p>\n<ul>\n<li><strong>Fortschrittliches Kontrollsystem MKS 6000 :<\/strong> Konnektivit\u00e4t \u00fcber <strong>USB-C, Ethernet und Wi-Fi<\/strong>.<\/li>\n<li><strong>Drei XT60-Hochleistungsanschl\u00fcsse<\/strong> auf dem Anschlussfeld f\u00fcr Instrumente.<\/li>\n<li><strong>Versa-Plate\u2122-Schwalbenschwanzbefestigung<\/strong> im Lieferumfang enthalten, kompatibel mit den meisten Teleskopen.<\/li>\n<li><strong>48V DC Stromversorgung<\/strong>Das Ger\u00e4t ist mit einem USB- und Ethernet-Kabel ausgestattet.<\/li>\n<li><strong>Dauerhafte Beschichtung :<\/strong> Rot und schwarz eloxiertes, farbechtes Finish.<\/li>\n<\/ul>\n<h3>Software-Technologie: TPoint\u2122 und ProTrack\u2122<\/h3>\n<p>Die <strong>un\u00fcbertroffene Genauigkeit<\/strong> von Paramount wird durch die Technologien <strong>TPoint\u2122<\/strong> und <strong>ProTrack\u2122<\/strong>:<\/p>\n<ul>\n<li><strong>TPoint\u2122 :<\/strong> Erm\u00f6glicht eine <strong>Zielgenauigkeit von weniger als 30 Bogensekunden RMS<\/strong> \u00fcber den ganzen Himmel.<\/li>\n<li><strong>ProTrack\u2122 :<\/strong> Korrigiert fortlaufend Fehler bei der Verfolgung, einschlie\u00dflich :\n<ul>\n<li>Biegung des optischen Tubus.<\/li>\n<li>Atmosph\u00e4rische Refraktion.<\/li>\n<li>Polare Fehlausrichtung.<\/li>\n<li>Harmonische Fehler von Zahnr\u00e4dern.<\/li>\n<\/ul>\n<\/li>\n<\/ul>\n<p>Auch ohne Absolut-Encoder sind Ausstellungen ohne F\u00fchrung von <strong>5 bis 10 Minuten<\/strong> sind \u00fcblich, und manche erreichen bis zu 20 Minuten.<\/p>\n<h3>Andere Funktionen<\/h3>\n<ul>\n<li><strong>Inklusive: TheSky\u2122 Universal<\/strong> (TheSky\u2122 Professional, TPoint\u2122, Cameras+, Domes, Multi-OS+, Wettermodule).<\/li>\n<li><strong>Pr\u00e4zise Polarausrichtung :<\/strong> Erfordert keine Sichtbarkeit des Pols.<\/li>\n<li><strong>Kompatibilit\u00e4t mit Windows\u2122, macOS\u2122 und Linux<\/strong> (ARM64- und x86_64-Prozessoren).<\/li>\n<li><strong>Einheitliche Benutzeroberfl\u00e4che :<\/strong> Reibungsloser Einsatz auf mehreren Systemen (bis zu 6 Computer pro OS).<\/li>\n<\/ul>\n<h2>Schlussfolgerung<\/h2>\n<p>Die <strong>Paramount MYT\u2122 Serie 6<\/strong> ist ein Reittier <strong>Referenz<\/strong> f\u00fcr Astrofotografen und Sternwarten. Mit seinen <strong>fortschrittliche Technologien<\/strong>, Ton <strong>genaue Kontrolle<\/strong> und seine <strong>optimiertes Kabelmanagement<\/strong>Sie ist eine unverzichtbare Wahl f\u00fcr eine <strong>hochklassige Astronomieerfahrung<\/strong>.<\/p>","protected":false},"excerpt":{"rendered":"<p>Paramount MYT\u2122 S\u00e9rie 6 : La Monture Haute Performance pour l\u2019Astrophotographie La Paramount MYT\u2122 S\u00e9rie 6 repr\u00e9sente le summum de la performance pour les montures \u00e9quatoriales allemandes \u00e0 entra\u00eenement par engrenages. Elle offre une augmentation de 40 % de la capacit\u00e9 de charge instrumentale, des encodeurs annulaires absolus sur l\u2019axe (en option), ainsi que de [&hellip;]<\/p>\n","protected":false},"featured_media":3048,"comment_status":"open","ping_status":"closed","template":"","meta":[],"product_brand":[396],"product_cat":[762,20],"product_tag":[],"class_list":{"0":"post-784","1":"product","2":"type-product","3":"status-publish","4":"has-post-thumbnail","6":"product_brand-software-bisque","7":"product_cat-equatoriales","8":"product_cat-montures","10":"first","11":"outofstock","12":"taxable","13":"shipping-taxable","14":"purchasable","15":"product-type-simple"},"_links":{"self":[{"href":"https:\/\/deep-space-astronomy.ch\/de\/wp-json\/wp\/v2\/product\/784","targetHints":{"allow":["GET"]}}],"collection":[{"href":"https:\/\/deep-space-astronomy.ch\/de\/wp-json\/wp\/v2\/product"}],"about":[{"href":"https:\/\/deep-space-astronomy.ch\/de\/wp-json\/wp\/v2\/types\/product"}],"replies":[{"embeddable":true,"href":"https:\/\/deep-space-astronomy.ch\/de\/wp-json\/wp\/v2\/comments?post=784"}],"wp:featuredmedia":[{"embeddable":true,"href":"https:\/\/deep-space-astronomy.ch\/de\/wp-json\/wp\/v2\/media\/3048"}],"wp:attachment":[{"href":"https:\/\/deep-space-astronomy.ch\/de\/wp-json\/wp\/v2\/media?parent=784"}],"wp:term":[{"taxonomy":"product_brand","embeddable":true,"href":"https:\/\/deep-space-astronomy.ch\/de\/wp-json\/wp\/v2\/product_brand?post=784"},{"taxonomy":"product_cat","embeddable":true,"href":"https:\/\/deep-space-astronomy.ch\/de\/wp-json\/wp\/v2\/product_cat?post=784"},{"taxonomy":"product_tag","embeddable":true,"href":"https:\/\/deep-space-astronomy.ch\/de\/wp-json\/wp\/v2\/product_tag?post=784"}],"curies":[{"name":"wp","href":"https:\/\/api.w.org\/{rel}","templated":true}]}}