{"id":785,"date":"2024-12-05T05:06:56","date_gmt":"2024-12-05T04:06:56","guid":{"rendered":"https:\/\/deep-space-astronomy.geekworkers.dev\/?post_type=product&#038;p=785"},"modified":"2025-06-03T10:36:15","modified_gmt":"2025-06-03T08:36:15","slug":"paramount-myt-v2","status":"publish","type":"product","link":"https:\/\/deep-space-astronomy.ch\/de\/produkt\/paramount-myt-v2\/","title":{"rendered":"Celestron CGX-Montierung komplett"},"content":{"rendered":"<h1>Celestron CGX EQ Montierung: Eine Revolution bei Celestron<\/h1>\n<p>Die <strong>deutsche \u00e4quatoriale Montierung CGX EQ<\/strong> von Celestron definiert die Standards von Fassungen f\u00fcr <strong>Amateure und anspruchsvolle Astrofotografen<\/strong>. Entwickelt, um zu bieten <strong>Robustheit, Pr\u00e4zision und eine intuitive Erfahrung<\/strong>Das CGX EQ bietet fortschrittliche Technologien und ein optimiertes Design, um den modernen Anforderungen an Beobachtung und Bildgebung gerecht zu werden.<\/p>\n<h2>Erh\u00f6hte Belastbarkeit<\/h2>\n<ul>\n<li><strong>Maximale Belastung von 25 kg (55 lb) :<\/strong> Erm\u00f6glicht die Unterst\u00fctzung einer Vielzahl von Teleskopen, bis zu einer \u00d6ffnung von 14 Zoll, mit Zubeh\u00f6r.<\/li>\n<li><strong>Verst\u00e4rkte Struktur :<\/strong> Ein kompakteres und steiferes Gestell, das eine bessere Stabilit\u00e4t und k\u00fcrzere D\u00e4mpfungszeiten bietet.<\/li>\n<\/ul>\n<h2>Verbesserte Mechanismen zur Nachverfolgung und Punktevergabe<\/h2>\n<ul>\n<li><strong>Robustes Riemenantriebssystem :<\/strong> Weniger Backlash und reibungsloser Betrieb auch unter schweren Lasten.<\/li>\n<li><strong>Gefedertes Messingrad und Schnecke aus rostfreiem Stahl :<\/strong> Reduzieren die Reibung und sorgen f\u00fcr eine optimale Verzahnung der Zahnr\u00e4der.<\/li>\n<li><strong>Starke Motoren :<\/strong> Mehr Drehmoment f\u00fcr pr\u00e4zises Tracking und Punkten, selbst bei schweren Ger\u00e4ten.<\/li>\n<\/ul>\n<h2>Fortgeschrittene Kontrolltechnologien<\/h2>\n<ul>\n<li><strong>Integrierte optische Sensoren :<\/strong> Vereinfachen Fernoperationen, indem die Fassung ihre mechanischen Grenzen erkennt und automatisch in die urspr\u00fcngliche Position zur\u00fcckkehrt.<\/li>\n<li><strong>Software, die mit PlaneWave Instruments entwickelt wurde :<\/strong> Bietet professionelle Kontrolle, mit <strong>Mehrpunktmodellierung<\/strong> f\u00fcr eine au\u00dfergew\u00f6hnliche Zeigegenauigkeit.<\/li>\n<li><strong>Erweiterte Nachverfolgung \u00fcber den Meridian hinaus (+20\u00b0) :<\/strong> Ideal f\u00fcr die Langzeitbelichtung von Bildern.<\/li>\n<\/ul>\n<h2>Kabelmanagement und Fernoperationen<\/h2>\n<ul>\n<li><strong>Interne Verdrahtung :<\/strong> Verringert das Risiko, dass die Brille bei Bewegungen des Rahmens h\u00e4ngen bleibt oder besch\u00e4digt wird.<\/li>\n<li><strong>Feste Ports :<\/strong> Stromeing\u00e4nge und Zubeh\u00f6ranschl\u00fcsse bleiben unbeweglich, um eine zuverl\u00e4ssige Konnektivit\u00e4t zu gew\u00e4hrleisten.<\/li>\n<li><strong>WiFi-Kompatibilit\u00e4t und Zubeh\u00f6r :<\/strong> Unterst\u00fctzt das SkyPortal WiFi-Modul und StarSense AutoAlign (separat erh\u00e4ltliches Zubeh\u00f6r).<\/li>\n<\/ul>\n<h2>Vereinfachtes Ausrichten und Anpassen<\/h2>\n<ul>\n<li><strong>Ergonomische Breiteneinstellung :<\/strong> Leicht zu handhaben, auch bei maximaler Belastung, f\u00fcr eine pr\u00e4zise polare Ausrichtung.<\/li>\n<li><strong>Erweiterter Breitenbereich (3\u00b0-65\u00b0) :<\/strong> Geeignet f\u00fcr Nutzer an verschiedenen Standorten auf der ganzen Welt.<\/li>\n<li><strong>Kompatibilit\u00e4t mit einem optionalen Polsucher :<\/strong> F\u00fcr eine noch pr\u00e4zisere Ausrichtung.<\/li>\n<\/ul>\n<h2>Robustes und vielseitiges Stativ<\/h2>\n<ul>\n<li><strong>2-Zoll-Stahlf\u00fc\u00dfe mit H\u00f6henmarkierungen :<\/strong> Garantieren eine schnelle Nivellierung und erh\u00f6hte Stabilit\u00e4t.<\/li>\n<li><strong>Multifunktionales Tablett :<\/strong> Erm\u00f6glicht die Aufbewahrung von Okularen, Smartphone und anderem Zubeh\u00f6r.<\/li>\n<li><strong>Faltbares Design mit installiertem Tablett :<\/strong> Vereinfacht den Transport und die Installation.<\/li>\n<\/ul>\n<h2>Ergonomische Eigenschaften<\/h2>\n<ul>\n<li><strong>Ergonomische Tragegriffe :<\/strong> Leichte Fortbewegung.<\/li>\n<li><strong>Neu gestaltete Schwalbenschwanz-Klemmkn\u00f6pfe :<\/strong> Bequemer und sicherer Griff<\/li>\n<li><strong>Kompatibler Sattel :<\/strong> Unterst\u00fctzt die Schwalbenschw\u00e4nze CG-5\/Vixen und CGE\/Losmandy f\u00fcr maximale Flexibilit\u00e4t.<\/li>\n<\/ul>\n<h2>Moderne Elektronik<\/h2>\n<ul>\n<li><strong>NexStar+ Controller mit USB-Anschluss :<\/strong> Direkte Verbindung mit einem PC zur erweiterten Steuerung.<\/li>\n<li><strong>USB 2.0-Anschluss und Autoguider-Anschluss :<\/strong> Optimiert f\u00fcr die Astrofotografie.<\/li>\n<li><strong>Interne Echtzeituhr :<\/strong> Beh\u00e4lt die Orts- und Zeitinformationen zwischen den Sitzungen bei.<\/li>\n<\/ul>\n<h2>Ein Design, das f\u00fcr Astrofotografen gedacht ist<\/h2>\n<ul>\n<li><strong>Ideal f\u00fcr die Astrofotografie aus der Ferne<\/strong>Sie k\u00f6nnen sich auf eine Vielzahl von Ger\u00e4ten verlassen, die ein pr\u00e4zises Kabelmanagement und eine optimale Konnektivit\u00e4t erm\u00f6glichen.<\/li>\n<li><strong>Kompatibel mit erweiterten Konfigurationen<\/strong> die eine genaue \u00dcberwachung und zus\u00e4tzliches Zubeh\u00f6r erfordern.<\/li>\n<\/ul>\n<h2>Schlussfolgerung<\/h2>\n<p>Die <strong>CGX EQ-Montierung<\/strong> ist ein echtes R\u00fcckgrat f\u00fcr Beobachter und <strong>moderne Astromanager<\/strong>. Ob es sich um eine <strong>visuelle Beobachtung<\/strong> oder zum Einfangen von <strong>Bilder von weit entfernten Himmelsobjekten<\/strong>Diese Fassung bietet eine <strong>unvergleichliche Robustheit, Pr\u00e4zision und Benutzerfreundlichkeit<\/strong>. Genie\u00dfen Sie eine <strong>hochmoderne Astronomieerfahrung<\/strong>...ohne Kompromisse.<\/p>","protected":false},"excerpt":{"rendered":"<p>Monture Celestron CGX EQ : Une R\u00e9volution Chez Celestron La monture \u00e9quatoriale allemande CGX EQ de Celestron red\u00e9finit les standards des montures pour les amateurs et les astrophotographes exigeants. Con\u00e7ue pour offrir robustesse, pr\u00e9cision et une exp\u00e9rience intuitive, la CGX EQ int\u00e8gre des technologies avanc\u00e9es et un design optimis\u00e9 pour r\u00e9pondre aux besoins modernes d\u2019observation [&hellip;]<\/p>\n","protected":false},"featured_media":3105,"comment_status":"open","ping_status":"closed","template":"","meta":[],"product_brand":[413],"product_cat":[762,20],"product_tag":[],"class_list":{"0":"post-785","1":"product","2":"type-product","3":"status-publish","4":"has-post-thumbnail","6":"product_brand-celestron","7":"product_cat-equatoriales","8":"product_cat-montures","10":"first","11":"instock","12":"taxable","13":"shipping-taxable","14":"purchasable","15":"product-type-simple"},"_links":{"self":[{"href":"https:\/\/deep-space-astronomy.ch\/de\/wp-json\/wp\/v2\/product\/785","targetHints":{"allow":["GET"]}}],"collection":[{"href":"https:\/\/deep-space-astronomy.ch\/de\/wp-json\/wp\/v2\/product"}],"about":[{"href":"https:\/\/deep-space-astronomy.ch\/de\/wp-json\/wp\/v2\/types\/product"}],"replies":[{"embeddable":true,"href":"https:\/\/deep-space-astronomy.ch\/de\/wp-json\/wp\/v2\/comments?post=785"}],"wp:featuredmedia":[{"embeddable":true,"href":"https:\/\/deep-space-astronomy.ch\/de\/wp-json\/wp\/v2\/media\/3105"}],"wp:attachment":[{"href":"https:\/\/deep-space-astronomy.ch\/de\/wp-json\/wp\/v2\/media?parent=785"}],"wp:term":[{"taxonomy":"product_brand","embeddable":true,"href":"https:\/\/deep-space-astronomy.ch\/de\/wp-json\/wp\/v2\/product_brand?post=785"},{"taxonomy":"product_cat","embeddable":true,"href":"https:\/\/deep-space-astronomy.ch\/de\/wp-json\/wp\/v2\/product_cat?post=785"},{"taxonomy":"product_tag","embeddable":true,"href":"https:\/\/deep-space-astronomy.ch\/de\/wp-json\/wp\/v2\/product_tag?post=785"}],"curies":[{"name":"wp","href":"https:\/\/api.w.org\/{rel}","templated":true}]}}