{"id":8091,"date":"2025-05-22T07:24:23","date_gmt":"2025-05-22T05:24:23","guid":{"rendered":"https:\/\/deep-space-astronomy.ch\/?post_type=product&#038;p=8091"},"modified":"2025-12-09T20:49:09","modified_gmt":"2025-12-09T19:49:09","slug":"vespera-pro-station-dobservation-pro-vaonis","status":"publish","type":"product","link":"https:\/\/deep-space-astronomy.ch\/de\/produkt\/vespera-pro-station-dobservation-pro-vaonis\/","title":{"rendered":"Vespera Pro Beobachtungsstation Pro - VAONIS"},"content":{"rendered":"<section>\n<h3 style=\"text-align: center;\">Vaonis Vespera Pro Teleskop: Neu erfundene Astrofotografie f\u00fcr alle<\/h3>\n<p>Die <strong>Vespera Pro von Vaonis<\/strong> ist viel mehr als nur ein vernetztes Teleskop: Es ist eine Revolution in der Deep-Sky-Beobachtung und -Fotografie, die f\u00fcr jeden zug\u00e4nglich ist, egal ob Experte oder Anf\u00e4nger. Mit seinem kompakten Design, der fortschrittlichen Technologie und der intuitiven App verspricht es, jede Sitzung in ein immersives, lehrreiches und m\u00fcheloses Erlebnis zu verwandeln - selbst f\u00fcr Menschen mit eingeschr\u00e4nkter Mobilit\u00e4t oder R\u00fcckenschmerzen.<\/p>\n<p><img decoding=\"async\" class=\"aligncenter\" src=\"https:\/\/vaonis.com\/cdn\/shop\/files\/Vespera_Pro_-_experiences_highlight-min.jpg?format=webp&amp;v=1726670715&amp;width=2000\" alt=\"Vaonis\" \/><\/p>\n<p>Stellen Sie einfach das Teleskop auf, lassen Sie es sich automatisch kalibrieren und genie\u00dfen Sie dann die ersten Live-Bilder. Mit der Singularity Mobile App k\u00f6nnen Sie Ziele aus \u00fcber 4300 Objekten ausw\u00e4hlen, die Aufnahme in Echtzeit ansehen und alles sofort mit Ihren Freunden und Verwandten teilen. Ob Sie Anf\u00e4nger, sehr jung, in Eile sind oder einfach nur den Himmel ohne Einschr\u00e4nkungen entdecken m\u00f6chten, die Vespera Pro ist die ideale L\u00f6sung, um die moderne Astronomie zu erleben.<\/p>\n<figure style=\"width: 2000px\" class=\"wp-caption aligncenter\"><img fetchpriority=\"high\" decoding=\"async\" src=\"https:\/\/vaonis.com\/cdn\/shop\/files\/Rosette-nebula-Vespera-2-_2_-LIGHT.jpg?format=webp&amp;v=1727703943&amp;width=2000\" alt=\"Vaonis\" width=\"2000\" height=\"2094\" \/><figcaption class=\"wp-caption-text\">Mit der Vespera Pro im Mosaikmodus aufgenommenes Foto<\/figcaption><\/figure>\n<h4>Das Versprechen des Vespera Pro: Einfach das Universum erforschen<\/h4>\n<ul>\n<li>Ein Knopfdruck zum Starten, keine Vorkenntnisse erforderlich.<\/li>\n<li>Superschnelle Installation: Stellen Sie es auf, verbinden Sie Ihr Smartphone und lassen Sie sich f\u00fchren.<\/li>\n<li>Beobachten und erfassen Sie mit der Singularity-App mehr als 4300 Himmelsobjekte - mit Ihren Fingerspitzen.<\/li>\n<li>Sofortiges Teilen von Bildern mit Ihren Lieben in Echtzeit auf Smartphone oder Tablet.<\/li>\n<\/ul>\n<figure style=\"width: 2000px\" class=\"wp-caption aligncenter\"><img decoding=\"async\" src=\"https:\/\/vaonis.com\/cdn\/shop\/files\/LAgoon-_-Trifid-nebulae-Vesepra-Pro-Liht.jpg?format=webp&amp;v=1727703918&amp;width=2000\" alt=\"Vaonis\" width=\"2000\" height=\"1947\" \/><figcaption class=\"wp-caption-text\">Mit der Vespera Pro aufgenommenes Foto<\/figcaption><\/figure>\n<h4>Hochmoderne Funktionen f\u00fcr professionelle Ergebnisse<\/h4>\n<ul>\n<li><strong>Apochromatische Quadruplet-Optik<\/strong> mit Lanthan-Glas mit extra niedriger Dispersion und Feldkorrektur: Scharfe Bilder ohne Aberrationen bis zum Rand des Sichtfelds.<\/li>\n<li><strong>Sensor Sony IMX676 STARVIS 2<\/strong> mit 12,5 MP: feine Details (1,6\" Bogen pro Pixel), hohe Empfindlichkeit und naturgetreue Farbwiedergabe.<\/li>\n<li><strong>Hochaufl\u00f6sende Bildgebung mit bis zu 50 Megapixeln<\/strong> dank der CovalENS-Technologie f\u00fcr spektakul\u00e4re Himmelsmosaike.<\/li>\n<li><strong>Stapeln von Bildern in Echtzeit (Live Stacking)<\/strong> : Automatische Verbesserung der Klarheit und Rauschunterdr\u00fcckung f\u00fcr brillante Schnappsch\u00fcsse, auch f\u00fcr Anf\u00e4nger.<\/li>\n<li><strong>Live-Panorama-Modus<\/strong> : Erfassen Sie gro\u00dfe Felder und setzen Sie Ihre Bilder mit der patentierten Echtzeit-Mosaiktechnologie grenzenlos zusammen.<\/li>\n<li><strong>Integrierter KI-Assistent<\/strong> : automatische Himmelserkennung, intelligente Objektverfolgung, optimierte Fokussierung und Bildverarbeitung.<\/li>\n<li><strong>Hygrometrischer Sensor<\/strong> und automatisches Heizsystem: Schutz vor Feuchtigkeit f\u00fcr unterbrechungsfreie Beobachtungen.<\/li>\n<li><strong>Expertenmodus<\/strong> : Erweiterte Anpassung der Einstellungen, Abruf von 16-Bit-RAW-Dateien f\u00fcr anspruchsvolle Astrofotografen.<\/li>\n<\/ul>\n<h4>LumENS: Der KI-Assistent, der den Himmel zum Leben erweckt<\/h4>\n<p>Integriert in die Anwendung Singularity, <strong>LUMENS<\/strong> ist der intelligente Assistent, der jede Beobachtung in ein interaktives Bildungsabenteuer verwandelt. Sobald Sie das Vespera Pro auf ein Himmelsobjekt richten, liefert Ihnen LumENS kontextualisierte und zug\u00e4ngliche Informationen in Echtzeit. Ob Sie nun neugierig auf die Entfernung einer Galaxie oder die Eigenschaften eines Nebels sind - stellen Sie LumENS einfach eine Frage, entweder schriftlich oder per Sprachausgabe, und Sie erhalten sofort eine Antwort.<\/p>\n<ul>\n<li><strong>Lernen in Echtzeit<\/strong> : Erhalten Sie klare Erkl\u00e4rungen zu den beobachteten Objekten und bereichern Sie so Ihr Verst\u00e4ndnis des Himmels.<\/li>\n<li><strong>Nat\u00fcrliche Interaktion<\/strong> : Kommunizieren Sie mit LumENS wie mit einem pers\u00f6nlichen Reisef\u00fchrer, ohne Fachjargon.<\/li>\n<li><strong>Teilen von Wissen<\/strong> : ideal f\u00fcr Sitzungen mit der Familie, der Klasse oder mit Freunden, wodurch die Astronomie f\u00fcr alle zug\u00e4nglich und fesselnd wird.<\/li>\n<li><strong>Achtung der Privatsph\u00e4re<\/strong> : Es werden keine pers\u00f6nlichen Daten gespeichert; Ihr Austausch mit LumENS bleibt vertraulich.<\/li>\n<\/ul>\n<p>LumENS ist f\u00fcr iOS (und bald auch f\u00fcr Android) erh\u00e4ltlich und ist der ideale Begleiter, um den Himmel zu verstehen und ihn gleichzeitig zu beobachten - in Ihrem Tempo und nach Ihren W\u00fcnschen.<\/p>\n<p><img decoding=\"async\" src=\"https:\/\/vaonis.com\/cdn\/shop\/files\/Vespera_Pro_-_singularity_mockup-min.jpg?format=webp&amp;v=1726670716&amp;width=2000\" alt=\"Vaonis\" \/><\/p>\n<h4>Eine p\u00e4dagogische und intuitive mobile Anwendung: Singularity<\/h4>\n<ul>\n<li><strong>Katalog von 4300 Himmelsobjekten<\/strong> mit Beschreibungen, Karten und Beobachtungsvorschl\u00e4gen.<\/li>\n<li><strong>Schrittweise F\u00fchrung<\/strong> : perfekt f\u00fcr Jugendliche, Neugierige und Lehrer.<\/li>\n<li><strong>Soziales Teilen leicht gemacht<\/strong> : Senden Sie Ihre Aufnahmen mit einer einfachen Geste an soziale Netzwerke.<\/li>\n<\/ul>\n<h4>Ein Werkzeug, das f\u00fcr alle gedacht ist<\/h4>\n<ul>\n<li><strong>Anf\u00e4nger und Kinder<\/strong> : sofortige Einarbeitung, spielerisches und schnelles Lernen.<\/li>\n<li><strong>Personen mit eingeschr\u00e4nkter Mobilit\u00e4t<\/strong> : 100 % aus der Ferne steuern, kein schweres Tragen (5 kg).<\/li>\n<li><strong>Reisende und Wanderer<\/strong> : kompaktes Format, inklusive Transportkoffer.<\/li>\n<\/ul>\n<h4>Extreme Qualit\u00e4t und exklusive Innovationen<\/h4>\n<ul>\n<li><strong>Hochwertige Materialien<\/strong> und sorgf\u00e4ltige Verarbeitung.<\/li>\n<li><strong>Propriet\u00e4re Technologien Vaonis<\/strong> : BalENS, CovalENS, dynamisches Panorama, Live Stacking.<\/li>\n<li><strong>3 Jahre Garantie<\/strong> und Experten-Kundendienst mit Sitz in Frankreich.<\/li>\n<\/ul>\n<figure style=\"width: 2000px\" class=\"wp-caption aligncenter\"><img decoding=\"async\" src=\"https:\/\/vaonis.com\/cdn\/shop\/files\/M83_-_Vespera_Pro.jpg?format=webp&amp;v=1727701109&amp;width=2000\" alt=\"Vaonis\" width=\"2000\" height=\"2000\" \/><figcaption class=\"wp-caption-text\">Mit der Vespera Pro aufgenommenes Foto<\/figcaption><\/figure>\n<h4>Zusammenfassung: Warum sollte man sich f\u00fcr Vespera Pro entscheiden?<\/h4>\n<ul>\n<li>Sofortiger Zugang zur High-End-Astrofotografie ohne jegliche Vorkenntnisse.<\/li>\n<li>Interaktive Bildungserfahrung durch LumENS und Singularity.<\/li>\n<li>Ergebnisse in professioneller Qualit\u00e4t, die sofort weitergegeben werden k\u00f6nnen.<\/li>\n<li>Ein universelles Instrument, das f\u00fcr jedes Alter und jede Situation geeignet ist.<\/li>\n<\/ul>\n<\/section>","protected":false},"excerpt":{"rendered":"<p>T\u00e9lescope Vaonis Vespera Pro : L\u2019Astrophotographie R\u00e9invent\u00e9e pour Tous Le Vespera Pro de Vaonis est bien plus qu\u2019un simple t\u00e9lescope connect\u00e9 : c\u2019est une r\u00e9volution dans l\u2019observation et la photographie du ciel profond, accessible \u00e0 tous, experts comme d\u00e9butants. Gr\u00e2ce \u00e0 son design compact, sa technologie avanc\u00e9e et son application intuitive, il promet de transformer [&hellip;]<\/p>\n","protected":false},"featured_media":8104,"comment_status":"open","ping_status":"closed","template":"","meta":[],"product_brand":[818],"product_cat":[753,816],"product_tag":[],"class_list":{"0":"post-8091","1":"product","2":"type-product","3":"status-publish","4":"has-post-thumbnail","6":"product_brand-vaonis","7":"product_cat-smart-telescopes-telescopes_reflecteurs","8":"product_cat-nouveautes","10":"first","11":"on_supplier","12":"taxable","13":"shipping-taxable","14":"purchasable","15":"product-type-simple"},"_links":{"self":[{"href":"https:\/\/deep-space-astronomy.ch\/de\/wp-json\/wp\/v2\/product\/8091","targetHints":{"allow":["GET"]}}],"collection":[{"href":"https:\/\/deep-space-astronomy.ch\/de\/wp-json\/wp\/v2\/product"}],"about":[{"href":"https:\/\/deep-space-astronomy.ch\/de\/wp-json\/wp\/v2\/types\/product"}],"replies":[{"embeddable":true,"href":"https:\/\/deep-space-astronomy.ch\/de\/wp-json\/wp\/v2\/comments?post=8091"}],"wp:featuredmedia":[{"embeddable":true,"href":"https:\/\/deep-space-astronomy.ch\/de\/wp-json\/wp\/v2\/media\/8104"}],"wp:attachment":[{"href":"https:\/\/deep-space-astronomy.ch\/de\/wp-json\/wp\/v2\/media?parent=8091"}],"wp:term":[{"taxonomy":"product_brand","embeddable":true,"href":"https:\/\/deep-space-astronomy.ch\/de\/wp-json\/wp\/v2\/product_brand?post=8091"},{"taxonomy":"product_cat","embeddable":true,"href":"https:\/\/deep-space-astronomy.ch\/de\/wp-json\/wp\/v2\/product_cat?post=8091"},{"taxonomy":"product_tag","embeddable":true,"href":"https:\/\/deep-space-astronomy.ch\/de\/wp-json\/wp\/v2\/product_tag?post=8091"}],"curies":[{"name":"wp","href":"https:\/\/api.w.org\/{rel}","templated":true}]}}