{"id":8129,"date":"2025-05-22T13:17:20","date_gmt":"2025-05-22T11:17:20","guid":{"rendered":"https:\/\/deep-space-astronomy.ch\/?post_type=product&#038;p=8129"},"modified":"2025-11-18T17:58:34","modified_gmt":"2025-11-18T16:58:34","slug":"hestia-transformez-votre-smartphone-en-smart-telescope","status":"publish","type":"product","link":"https:\/\/deep-space-astronomy.ch\/de\/produkt\/hestia-transformez-votre-smartphone-en-smart-telescope\/","title":{"rendered":"Hestia - Verwandeln Sie Ihr Smartphone in ein Smart Telescope"},"content":{"rendered":"<h3 style=\"text-align: center;\"><span style=\"font-family: -apple-system, BlinkMacSystemFont, 'Segoe UI', Roboto, 'Helvetica Neue', Arial, 'Noto Sans', sans-serif, 'Apple Color Emoji', 'Segoe UI Emoji', 'Segoe UI Symbol', 'Noto Color Emoji';\">Hestia von Vaonis: Verwandeln Sie Ihr Smartphone in ein intelligentes Teleskop<\/span><\/h3>\n<section>Die <strong>Hestia<\/strong> von Vaonis ist eine revolution\u00e4re Innovation, die Ihr Smartphone in ein echtes Beobachtungsteleskop verwandelt. Mit seinem patentierten passiven optischen System mit sechs Linsen k\u00f6nnen Sie den Mond, die Sonne und sogar die hellsten Deep-Sky-Objekte erkunden - ganz ohne Elektronik oder Batterien.<\/section>\n<section><\/section>\n<section><\/section>\n<section><\/section>\n<section>Hestia ist eine hervorragende Option, um die totale Sonnenfinsternis im Jahr 2026 zu verfolgen. Denken Sie daran, sich fr\u00fchzeitig auszur\u00fcsten, denn je n\u00e4her wir dem Datum dieser Sonnenfinsternis kommen, desto mehr wird die Spannung auf die Lagerbest\u00e4nde sp\u00fcrbar werden!\u00a0<\/section>\n<section><\/section>\n<section>\n<figure style=\"width: 1372px\" class=\"wp-caption aligncenter\"><img fetchpriority=\"high\" decoding=\"async\" src=\"https:\/\/i.redd.it\/9s3u8osyn8vc1.jpeg\" alt=\"Eclipse totality over Central Texas with Hestia : r\/vaonis\" width=\"1372\" height=\"1373\" \/><figcaption class=\"wp-caption-text\">Foto, das mit einer Hestia w\u00e4hrend einer Sonnenfinsternis aufgenommen wurde. Man sieht Protuberanzen, was f\u00fcr ein Smartphone-Foto sehr beeindruckend ist!<\/figcaption><\/figure>\n<\/section>\n<section><\/section>\n<section><\/section>\n<section><\/section>\n<section><\/section>\n<section><img decoding=\"async\" class=\"aligncenter size-medium wp-image-8142\" src=\"https:\/\/deep-space-astronomy.ch\/wp-content\/uploads\/2025\/05\/Hestia-Sun-Mode-Total-Solar-Eclipse.jpg\" alt=\"\" width=\"1\" height=\"1\" \/><\/section>\n<section><\/section>\n<section><\/section>\n<section><img decoding=\"async\" class=\"aligncenter\" src=\"https:\/\/vaonis.com\/cdn\/shop\/files\/2N1A2470.png?format=webp&amp;v=1727448158&amp;width=2000\" alt=\"Vaonis\" \/><\/p>\n<h4>Wichtigste Merkmale<\/h4>\n<ul>\n<li><strong>Fortgeschrittene Optik :<\/strong> Sechslinsensystem mit Prismen und 30-mm-Objektiv.<\/li>\n<li><strong>Passive Technologie :<\/strong> keine Kabel, keine externe Stromversorgung, keine Ger\u00e4usche.<\/li>\n<li><strong>Bis zu 25\u00d7 Vergr\u00f6\u00dferung<\/strong> \u00fcber die Fotolinse Ihres Smartphones.<\/li>\n<li><strong>Ultraportabel :<\/strong> kompakt, 850 g, ideal f\u00fcr Spazierg\u00e4nge und Reisen.<\/li>\n<li><strong>Tag-\/Nachtkompatibel :<\/strong> beobachten Sie den Mond, die Sonne (mit Filter) und vieles mehr.<\/li>\n<\/ul>\n<p><img decoding=\"async\" class=\"aligncenter\" src=\"https:\/\/vaonis.com\/cdn\/shop\/files\/Gravity_-_Moon.png?format=webp&amp;v=1727448238&amp;width=2000\" alt=\"Vaonis\" \/><\/p>\n<h4>Die Gravity-Anwendung<\/h4>\n<p>Entwickelt, um Hestia zu begleiten, die Anwendung <strong>Gravity<\/strong> ist Ihre Kommandozentrale :<\/p>\n<ul>\n<li><strong>Schrittweise F\u00fchrung<\/strong> um Ihr Smartphone einfach auszurichten.<\/li>\n<li><strong>Himmelskarten in erweiterter Realit\u00e4t<\/strong> und Vorschl\u00e4ge f\u00fcr Ziele.<\/li>\n<li><strong>Dedizierte Modi<\/strong> (Mond, Sonne, Deep Sky, Landschaft) f\u00fcr optimierte Aufnahmen.<\/li>\n<li><strong>Bildungsinhalte<\/strong> interaktiv, um spielerisch zu lernen.<\/li>\n<\/ul>\n<p><img decoding=\"async\" class=\"aligncenter\" src=\"https:\/\/vaonis.com\/cdn\/shop\/files\/Gravity_-_Sun.jpg?format=webp&amp;v=1726840841&amp;width=2000\" alt=\"Vaonis\" \/><\/p>\n<h4>Smartphone-Kompatibilit\u00e4t<\/h4>\n<ul>\n<li><strong>iPhone :<\/strong> iPhone 8 und + (Sonne\/Mond), iPhone 13 und + (Deep Sky).<\/li>\n<li><strong>Android :<\/strong> Android 11+, gute Sensoren (Pixel, Samsung S20+).<\/li>\n<\/ul>\n<h4>Verf\u00fcgbare Pakete<\/h4>\n<p>Hestia wird in drei Versionen angeboten, um sich an Ihre Bed\u00fcrfnisse anzupassen:<\/p>\n<ul>\n<li><strong>Essential Pack<\/strong>: Hestia + weiche Schutzh\u00fclle. Achtung kein Stativ<\/li>\n<li><strong>Standardpaket :<\/strong> Hestia + weiche Schutzh\u00fclle <strong>+ Stativ<\/strong>: Sie haben alles, um loszulegen!<\/li>\n<li><strong>Solar-Paket :<\/strong> Hestia, eine sch\u00fctzende Hartschale, Sonnenpointer und angepasster Sonnenfilter, die den h\u00f6chsten Sicherheitsanforderungen entspricht. Achtung Stativ!<\/li>\n<li><strong>Ultimate Pack :<\/strong> Das All-in-One-Paket: Hestia, Sonnenfilter, verstellbares Stativ, feste Tragetasche und magnetische Telefonhalterung.<\/li>\n<\/ul>\n<h4>Warum Hestia w\u00e4hlen?<\/h4>\n<ul>\n<li>Eine L\u00f6sung, die f\u00fcr alle zug\u00e4nglich ist, ohne Elektronik oder Lernkurve.<\/li>\n<li>Kompatibel mit den meisten neueren Smartphones.<\/li>\n<li>Ideal f\u00fcr Familien, Kinder, Schulen und alle, die neugierig auf den Himmel sind.<\/li>\n<li>Das erste kompakte Teleskop, das daf\u00fcr konzipiert wurde, eine Sonnenfinsternis mit dem Smartphone zu beobachten.<\/li>\n<\/ul>\n<p><img decoding=\"async\" class=\"aligncenter\" src=\"https:\/\/vaonis.com\/cdn\/shop\/files\/Hestia_-_With_Family.png?format=webp&amp;v=1727448435&amp;width=2000\" alt=\"Vaonis\" \/><\/p>\n<p style=\"text-align: center;\"><strong>Hestia<\/strong> steht f\u00fcr eine neue Generation der Astronomie : <em>einfach, lehrreich und immer griffbereit<\/em>.<\/p>\n<p><img decoding=\"async\" class=\"aligncenter\" src=\"https:\/\/vaonis.com\/cdn\/shop\/files\/Gravity-mockup-Iphone-15-Scenery-website_Grey_BG.jpg?format=webp&amp;v=1728567154&amp;width=1080\" alt=\"Vaonis\" \/><\/p>\n<\/section>\n<p>&nbsp;<\/p>","protected":false},"excerpt":{"rendered":"<p>Hestia de Vaonis : Transformez votre Smartphone en T\u00e9lescope Intelligent Le Hestia de Vaonis est une innovation r\u00e9volutionnaire qui transforme votre smartphone en un v\u00e9ritable t\u00e9lescope d&rsquo;observation. Gr\u00e2ce \u00e0 son syst\u00e8me optique passif brevet\u00e9 \u00e0 six lentilles, il vous permet d&rsquo;explorer la Lune, le Soleil, et m\u00eame les objets les plus brillants du ciel profond, [&hellip;]<\/p>\n","protected":false},"featured_media":8146,"comment_status":"open","ping_status":"closed","template":"","meta":[],"product_brand":[818],"product_cat":[753,816,815],"product_tag":[],"class_list":{"0":"post-8129","1":"product","2":"type-product","3":"status-publish","4":"has-post-thumbnail","6":"product_brand-vaonis","7":"product_cat-smart-telescopes-telescopes_reflecteurs","8":"product_cat-nouveautes","9":"product_cat-debutants","11":"first","12":"instock","13":"taxable","14":"shipping-taxable","15":"purchasable","16":"product-type-variable"},"_links":{"self":[{"href":"https:\/\/deep-space-astronomy.ch\/de\/wp-json\/wp\/v2\/product\/8129","targetHints":{"allow":["GET"]}}],"collection":[{"href":"https:\/\/deep-space-astronomy.ch\/de\/wp-json\/wp\/v2\/product"}],"about":[{"href":"https:\/\/deep-space-astronomy.ch\/de\/wp-json\/wp\/v2\/types\/product"}],"replies":[{"embeddable":true,"href":"https:\/\/deep-space-astronomy.ch\/de\/wp-json\/wp\/v2\/comments?post=8129"}],"wp:featuredmedia":[{"embeddable":true,"href":"https:\/\/deep-space-astronomy.ch\/de\/wp-json\/wp\/v2\/media\/8146"}],"wp:attachment":[{"href":"https:\/\/deep-space-astronomy.ch\/de\/wp-json\/wp\/v2\/media?parent=8129"}],"wp:term":[{"taxonomy":"product_brand","embeddable":true,"href":"https:\/\/deep-space-astronomy.ch\/de\/wp-json\/wp\/v2\/product_brand?post=8129"},{"taxonomy":"product_cat","embeddable":true,"href":"https:\/\/deep-space-astronomy.ch\/de\/wp-json\/wp\/v2\/product_cat?post=8129"},{"taxonomy":"product_tag","embeddable":true,"href":"https:\/\/deep-space-astronomy.ch\/de\/wp-json\/wp\/v2\/product_tag?post=8129"}],"curies":[{"name":"wp","href":"https:\/\/api.w.org\/{rel}","templated":true}]}}