{"id":8158,"date":"2025-05-22T14:33:39","date_gmt":"2025-05-22T12:33:39","guid":{"rendered":"https:\/\/deep-space-astronomy.ch\/?post_type=product&#038;p=8158"},"modified":"2025-09-17T15:43:00","modified_gmt":"2025-09-17T13:43:00","slug":"filtre-dual-band-pour-vespera","status":"publish","type":"product","link":"https:\/\/deep-space-astronomy.ch\/de\/produkt\/filtre-dual-band-pour-vespera\/","title":{"rendered":"Dualband-Filter f\u00fcr Vespera"},"content":{"rendered":"<p>Der Vespera Dual Band Filter ist ein doppelter Schmalband-Interferenzfilter, der die Qualit\u00e4t von Fotos deutlich verbessert, egal ob Sie von einer st\u00e4dtischen oder nat\u00fcrlichen Umgebung aus beobachten.<\/p>\n<p><img decoding=\"async\" src=\"https:\/\/vaonis.com\/cdn\/shop\/files\/DualBand_Install_e8945c83-4742-4c28-bed0-7035b5520273.png?format=webp&amp;v=1747603616&amp;width=2000\" alt=\"Filtre Dual Band Vespera\" \/><\/p>\n<p>Durch die pr\u00e4zise Auswahl der Wellenl\u00e4ngen von Wasserstoff-Alpha (H-Alpha) und Sauerstoff-III (O-III), die haupts\u00e4chlich in Nebeln vorkommen, erh\u00f6ht der Filter den Kontrast zwischen dem Sternobjekt und dem Himmelshintergrund. Seine Verwendung f\u00fchrt daher zu einer h\u00f6heren Bildqualit\u00e4t mit feineren Sternen und Details.<\/p>\n<p>&nbsp;<\/p>\n<p><strong>Lassen Sie nur das Wichtigste durchgehen<\/strong><\/p>\n<p>Der Dualband-Filter wurde entwickelt, um nur zwei bestimmte Wellenl\u00e4ngen bis zum Sensor von Vespera durchzulassen:<br \/>\n- O-III<br \/>\n- H-Alpha<\/p>\n<p>Aufgrund der gefilterten Wellenl\u00e4ngen ist er besonders gut geeignet, um Emissionsnebel (z.B. Orionnebel M42, Herznebel IC 1805 ...), Dunkelnebel, die von Wasserstoff umgeben sind (z.B.: Pferdekopfnebel, Elefantenr\u00fcsselnebel), planetarische Nebel (z.B. Eulennebel M97, Hantelnebel M27 ...), Supernova\u00fcberreste (z.B. Schwanenzacken, Krabbennebel M1).<\/p>\n<p>Bei Kugelsternhaufen (z. B. Herkules-Haufen M13, Sternhaufen M92...) f\u00fchrt die Selektivit\u00e4t des Dualband-Filters zu feineren Sternen.<\/p>\n<p>&nbsp;<\/p>\n<p><b>Ein ma\u00dfgeschneiderter Filter\u00a0<\/b><\/p>\n<p>Die optische Qualit\u00e4t des Dual-Band-Filters wurde von unseren Ingenieuren speziell entwickelt, um eine Verwendung bei voller \u00d6ffnung zu erm\u00f6glichen, ohne den optischen Durchmesser des Instruments zu beeintr\u00e4chtigen. Der Linsenring ist mit einer elektronischen Mikrokarte ausgestattet, die es Vespera erm\u00f6glicht, den Dual-Band-Filter zu erkennen und seine Beobachtungs- und Bildverarbeitungsparameter anzupassen.<\/p>\n<p>&nbsp;<\/p>\n<p><b>\u00dcbertragungskurve<\/b><\/p>\n<p>Der Filter hat 12nm Bandbreite in jeder der beiden Wellenl\u00e4ngen (O-III = 500.7nm, H-alpha = 656.3nm).<\/p>","protected":false},"excerpt":{"rendered":"<p>Le filtre Dual Band Vespera est un filtre interf\u00e9rentiel \u00e0 bande \u00e9troite double qui permet d\u2019am\u00e9liorer significativement la qualit\u00e9 des photos, que vous observiez depuis un environnement urbain ou naturel. En s\u00e9lectionnant tr\u00e8s pr\u00e9cis\u00e9ment les longueurs d\u2019ondes de l\u2019Hydrog\u00e8ne Alpha (H-alpha) et l\u2019Oxyg\u00e8ne III (O-III), qu\u2019on trouve principalement dans les n\u00e9buleuses, le filtre va augmenter [&hellip;]<\/p>\n","protected":false},"featured_media":8179,"comment_status":"open","ping_status":"closed","template":"","meta":[],"product_brand":[818],"product_cat":[803,780],"product_tag":[],"class_list":{"0":"post-8158","1":"product","2":"type-product","3":"status-publish","4":"has-post-thumbnail","6":"product_brand-vaonis","7":"product_cat-filtres-multi-bandes","8":"product_cat-filtres-bande-etroite","10":"first","11":"on_supplier","12":"taxable","13":"shipping-taxable","14":"purchasable","15":"product-type-simple"},"_links":{"self":[{"href":"https:\/\/deep-space-astronomy.ch\/de\/wp-json\/wp\/v2\/product\/8158","targetHints":{"allow":["GET"]}}],"collection":[{"href":"https:\/\/deep-space-astronomy.ch\/de\/wp-json\/wp\/v2\/product"}],"about":[{"href":"https:\/\/deep-space-astronomy.ch\/de\/wp-json\/wp\/v2\/types\/product"}],"replies":[{"embeddable":true,"href":"https:\/\/deep-space-astronomy.ch\/de\/wp-json\/wp\/v2\/comments?post=8158"}],"wp:featuredmedia":[{"embeddable":true,"href":"https:\/\/deep-space-astronomy.ch\/de\/wp-json\/wp\/v2\/media\/8179"}],"wp:attachment":[{"href":"https:\/\/deep-space-astronomy.ch\/de\/wp-json\/wp\/v2\/media?parent=8158"}],"wp:term":[{"taxonomy":"product_brand","embeddable":true,"href":"https:\/\/deep-space-astronomy.ch\/de\/wp-json\/wp\/v2\/product_brand?post=8158"},{"taxonomy":"product_cat","embeddable":true,"href":"https:\/\/deep-space-astronomy.ch\/de\/wp-json\/wp\/v2\/product_cat?post=8158"},{"taxonomy":"product_tag","embeddable":true,"href":"https:\/\/deep-space-astronomy.ch\/de\/wp-json\/wp\/v2\/product_tag?post=8158"}],"curies":[{"name":"wp","href":"https:\/\/api.w.org\/{rel}","templated":true}]}}