{"id":8168,"date":"2025-05-22T14:33:40","date_gmt":"2025-05-22T12:33:40","guid":{"rendered":"https:\/\/deep-space-astronomy.ch\/?post_type=product&#038;p=8168"},"modified":"2025-09-17T15:43:00","modified_gmt":"2025-09-17T13:43:00","slug":"sac-a-dos-pour-vespera","status":"publish","type":"product","link":"https:\/\/deep-space-astronomy.ch\/de\/produkt\/sac-a-dos-pour-vespera\/","title":{"rendered":"Rucksack f\u00fcr Vespera"},"content":{"rendered":"<p>Nehmen Sie Ihre Vespera mit diesem Rucksack, der speziell f\u00fcr den sicheren Transport Ihrer Beobachtungsstation entwickelt wurde, \u00fcberall hin mit.<\/p>\n<p><img decoding=\"async\" src=\"https:\/\/vaonis.com\/cdn\/shop\/files\/Vespera-backpack_21ac3ced-a9e0-4f19-b0d3-46dcbc4294d3.jpg?format=webp&amp;v=1747604187&amp;width=960\" alt=\"Sac \u00e0 dos Vespera\" \/><\/p>\n<p><b>Nehmen Sie Vespera \u00fcberall hin mit<br \/>\n<\/b>Da die Tasche nur 1 kg wiegt, kann Vespera an Abenden im Freien oder auf Reisen leicht transportiert werden. Dank ihres kleinen Formats passt sie \u00fcberall ins Auto oder in \u00f6ffentliche Verkehrsmittel. Sie l\u00e4sst sich auch in eine Wander- oder Freizeittasche verwandeln, indem man einfach das herausnehmbare Innenfach herausnimmt.<\/p>\n<p><img decoding=\"async\" src=\"https:\/\/vaonis.com\/cdn\/shop\/files\/sac-vespera-9-scaled_98523828-be5c-47c1-8983-5d8c5f80ebe4.jpg?format=webp&amp;v=1747604187&amp;width=1707\" alt=\"Sac \u00e0 dos Vespera\" \/><\/p>\n<p><b>Sch\u00fctzen Sie Ihre Station<br \/>\n<\/b>Der Rucksack ist aus einem weichen Material gefertigt, das Regen, Staub und Abnutzung standh\u00e4lt. Die Schale von Vespera ist dank der Schaumstoffpolsterung auf der gesamten Oberfl\u00e4che des Rucksacks und des vollst\u00e4ndig gepolsterten Innenraums vor St\u00f6\u00dfen und Kratzern gesch\u00fctzt. F\u00e4cher und zahlreiche Taschen sorgen daf\u00fcr, dass das Zubeh\u00f6r nicht an der Beobachtungsstation reibt.<\/p>\n<p>&nbsp;<\/p>\n<p><b>Vorgesehene Ablagen f\u00fcr all Ihre Accessoires<br \/>\n<\/b>Der von Vaonis entworfene Rucksack Vespera bietet viel Stauraum f\u00fcr Ihre Beobachtungsstation und das Zubeh\u00f6r: Stativ, Ladeger\u00e4t, Filter, Tablet, Mobiltelefon, Ersatzakku...<\/p>\n<p>&nbsp;<\/p>\n<p><b>Un\u00fcbertroffener Tragekomfort f\u00fcr ein Teleskop<br \/>\n<\/b>Das R\u00fcckenteil ist verst\u00e4rkt, um beim Tragen des Rucksacks mehr Komfort zu bieten. Die Schultergurte sind gepolstert und mit Mesh-Gewebe gef\u00fcttert, um bei l\u00e4ngerem Tragen des Rucksacks auf dem R\u00fccken oder bei hohen Temperaturen f\u00fcr eine bessere Bel\u00fcftung zu sorgen.<\/p>","protected":false},"excerpt":{"rendered":"<p>Emmenez votre Vespera partout avec vous avec ce sac \u00e0 dos sp\u00e9cialement con\u00e7u pour transporter votre station d\u2019observation en toute s\u00e9curit\u00e9. Emmenez Vespera partout avec vous Pesant seulement 1 kg, le sac permet de transporter Vespera facilement les soirs en ext\u00e9rieur ou lors de voyages. Gr\u00e2ce \u00e0 son petit format, il se glisse partout dans [&hellip;]<\/p>\n","protected":false},"featured_media":8177,"comment_status":"open","ping_status":"closed","template":"","meta":[],"product_brand":[818],"product_cat":[802],"product_tag":[],"class_list":{"0":"post-8168","1":"product","2":"type-product","3":"status-publish","4":"has-post-thumbnail","6":"product_brand-vaonis","7":"product_cat-accessoires-generaux","9":"first","10":"on_supplier","11":"taxable","12":"shipping-taxable","13":"purchasable","14":"product-type-simple"},"_links":{"self":[{"href":"https:\/\/deep-space-astronomy.ch\/de\/wp-json\/wp\/v2\/product\/8168","targetHints":{"allow":["GET"]}}],"collection":[{"href":"https:\/\/deep-space-astronomy.ch\/de\/wp-json\/wp\/v2\/product"}],"about":[{"href":"https:\/\/deep-space-astronomy.ch\/de\/wp-json\/wp\/v2\/types\/product"}],"replies":[{"embeddable":true,"href":"https:\/\/deep-space-astronomy.ch\/de\/wp-json\/wp\/v2\/comments?post=8168"}],"wp:featuredmedia":[{"embeddable":true,"href":"https:\/\/deep-space-astronomy.ch\/de\/wp-json\/wp\/v2\/media\/8177"}],"wp:attachment":[{"href":"https:\/\/deep-space-astronomy.ch\/de\/wp-json\/wp\/v2\/media?parent=8168"}],"wp:term":[{"taxonomy":"product_brand","embeddable":true,"href":"https:\/\/deep-space-astronomy.ch\/de\/wp-json\/wp\/v2\/product_brand?post=8168"},{"taxonomy":"product_cat","embeddable":true,"href":"https:\/\/deep-space-astronomy.ch\/de\/wp-json\/wp\/v2\/product_cat?post=8168"},{"taxonomy":"product_tag","embeddable":true,"href":"https:\/\/deep-space-astronomy.ch\/de\/wp-json\/wp\/v2\/product_tag?post=8168"}],"curies":[{"name":"wp","href":"https:\/\/api.w.org\/{rel}","templated":true}]}}