{"id":8192,"date":"2025-05-22T16:10:21","date_gmt":"2025-05-22T14:10:21","guid":{"rendered":"https:\/\/deep-space-astronomy.ch\/?post_type=product&#038;p=8192"},"modified":"2026-03-29T18:01:26","modified_gmt":"2026-03-29T16:01:26","slug":"monture-harmonique-ioptron-az-eq-hae29c","status":"publish","type":"product","link":"https:\/\/deep-space-astronomy.ch\/de\/produkt\/monture-harmonique-ioptron-az-eq-hae29c\/","title":{"rendered":"Harmonische Montierung iOptron AZ\/EQ HAE29C"},"content":{"rendered":"<h3>iOptron HAE29C \/ HAE29C-EC - Harmonische AZ\/EQ-Montierung mit integrierten Anschl\u00fcssen<\/h3>\n<p>Die <strong>HAE29C<\/strong> (und seine Version <strong>EC<\/strong>) ist die neue Generation von iOptrons kompakten Fassungen mit integrierter <strong>Strain Wave Gear Harmonic Technology<\/strong>. Sie wurde entwickelt, um maximale Leistung in einem ultraleichten Format (3,7 kg) zu bieten, und kann ohne Gegengewicht bis zu 13,5 kg Nutzlast tragen. Ein wahrer Miniaturtitan, bereit f\u00fcr die visuelle Beobachtung oder die Astrofotografie unterwegs.<\/p>\n<h3>Modell \"C\" - Was \u00e4ndert sich?<\/h3>\n<p>Bei den \"C\"-Versionen wird die Hauptplatine direkt in den Mounting Head integriert, wodurch die Notwendigkeit einer Steuerbox oder eines Rackets entf\u00e4llt. Mit dem <strong>Integriertes Wi-Fi<\/strong> und <strong>USB-Anschl\u00fcsse + 12V am Schwalbenschwanz<\/strong>Die Kabelverwaltung wird einfach und reibungslos. Steuern Sie die Montierung mit einem Smartphone, einem Tablet, einem PC oder sogar einem Raspberry Pi.<\/p>\n<h3>EC-Version - Lenkung ohne Autoguiding<\/h3>\n<p>Die Version <strong>HAE29C-EC<\/strong> schifft einen <strong>hochaufl\u00f6sender Encoder auf der RA-Achse<\/strong> die eine so genaue Nachf\u00fchrung erm\u00f6glicht, dass das Autoguiding optional wird. Dies ist die perfekte Wahl f\u00fcr anspruchsvolle Astrofotografen, die Hardware und Kalibrierungsfehler reduzieren m\u00f6chten.<\/p>\n<h3>Schl\u00fcsselvorteile<\/h3>\n<ul>\n<li>Strain Wave Gear Technologie auf beiden Achsen (RA und DEC)<\/li>\n<li>RA-Encoder (EC-Version) zur Verfolgung ohne F\u00fchrung<\/li>\n<li>Schl\u00e4gerlose Steuerung, integriertes Wi-Fi kompatibel mit SkySafari und INDI<\/li>\n<li>USB- und 12V-Anschl\u00fcsse am Kopf f\u00fcr ein optimiertes Kabelmanagement<\/li>\n<li>Integrierte elektronische Bremse bei Abschaltung<\/li>\n<li>Ultraleichtes Gestell: nur 3,7 kg<\/li>\n<li>Nutzlast von 13,5 kg ohne Gegengewicht<\/li>\n<\/ul>\n<h3>Technische Spezifikationen<\/h3>\n<table>\n<thead>\n<tr>\n<th colspan=\"2\">Spezifikationen von HAE29C \/ HAE29C-EC<\/th>\n<\/tr>\n<\/thead>\n<tbody>\n<tr>\n<td>Art der Fassung<\/td>\n<td>Altazimutale \/ \u00c4quatoriale Harmonische<\/td>\n<\/tr>\n<tr>\n<td>Getriebe RA \/ DEC<\/td>\n<td>Strain Wave Gear<\/td>\n<\/tr>\n<tr>\n<td>Reduktionsverh\u00e4ltnis<\/td>\n<td>RA: 480:1, DEC: 360:1<\/td>\n<\/tr>\n<tr>\n<td>RA-Encoder<\/td>\n<td>Ja (nur bei der EC-Version)<\/td>\n<\/tr>\n<tr>\n<td>Nutzlast ohne Gegengewicht<\/td>\n<td>13,5 kg<\/td>\n<\/tr>\n<tr>\n<td>Nutzlast mit Gegengewicht<\/td>\n<td>18 kg<\/td>\n<\/tr>\n<tr>\n<td>Gewicht des Rahmens<\/td>\n<td>3,7 kg (mit Schwalbenschwanz)<\/td>\n<\/tr>\n<tr>\n<td>Periodischer Fehler<\/td>\n<td>&lt; \u00b118 arcsec<\/td>\n<\/tr>\n<tr>\n<td>Max. Fahrgeschwindigkeit<\/td>\n<td>6\u00b0\/sec<\/td>\n<\/tr>\n<tr>\n<td>Motoren<\/td>\n<td>Schritt f\u00fcr Schritt<\/td>\n<\/tr>\n<tr>\n<td>Betriebstemperatur<\/td>\n<td>-20\u00b0C bis +45\u00b0C<\/td>\n<\/tr>\n<tr>\n<td>Material<\/td>\n<td>CNC-gefr\u00e4stes Aluminium<\/td>\n<\/tr>\n<tr>\n<td>Finishing<\/td>\n<td>Schwarz eloxiert<\/td>\n<\/tr>\n<tr>\n<td>Sicherheitsbremse<\/td>\n<td>Integrierte elektronische Bremse<\/td>\n<\/tr>\n<tr>\n<td>Ebene<\/td>\n<td>Gegenwart (Sprechblase)<\/td>\n<\/tr>\n<tr>\n<td>Kontrollsystem<\/td>\n<td>Bestellen, SkySafari, INDI<\/td>\n<\/tr>\n<tr>\n<td>Schneeschuh<\/td>\n<td>Optional (Go2Nova\u00ae 8411 OLED)<\/td>\n<\/tr>\n<tr>\n<td>Ern\u00e4hrung<\/td>\n<td>12V 5A - Adapter wird mitgeliefert<\/td>\n<\/tr>\n<tr>\n<td>Verbrauch<\/td>\n<td>0,6 A (Tracking), 1 A (GOTO)<\/td>\n<\/tr>\n<tr>\n<td>Kommunikationsanschl\u00fcsse<\/td>\n<td>Wi-Fi und USB<\/td>\n<\/tr>\n<tr>\n<td>Ports auf dem Kopf<\/td>\n<td>USB und 12V auf Schwalbenschwanz<\/td>\n<\/tr>\n<tr>\n<td>Autoguide-Port<\/td>\n<td>Ja (ST-4)<\/td>\n<\/tr>\n<tr>\n<td>Firmware-Update<\/td>\n<td>Ja<\/td>\n<\/tr>\n<tr>\n<td>Schwalbenschwanz-Sattel<\/td>\n<td>Doppel (Vixen und Losmandy-D)<\/td>\n<\/tr>\n<tr>\n<td>Stativ<\/td>\n<td>Optional<\/td>\n<\/tr>\n<tr>\n<td>Gegengewichtsstange<\/td>\n<td>\u03a620\u00d7200 mm (optional)<\/td>\n<\/tr>\n<tr>\n<td>Gegengewicht<\/td>\n<td>4,5 kg (optional)<\/td>\n<\/tr>\n<tr>\n<td>Transportkoffer<\/td>\n<td>Enthalten<\/td>\n<\/tr>\n<tr>\n<td>Garantie<\/td>\n<td>2 Jahre<\/td>\n<\/tr>\n<\/tbody>\n<\/table>\n<h3>Optionales Zubeh\u00f6r<\/h3>\n<ul>\n<li>Go2Nova\u00ae 8411 Tennisschl\u00e4ger<\/li>\n<li>iPolar (elektronischer Polsucher)<\/li>\n<li>Stange und Gegengewicht 4,5 kg<\/li>\n<li>Dreibeiniges Stativ oder feste S\u00e4ule<\/li>\n<\/ul>\n<h3>Schlussfolgerung<\/h3>\n<p>Die <strong>HAE29C<\/strong> ist die ideale Montierung f\u00fcr den modernen Astronomen: ultra-transportabel, leistungsstark, mit vereinfachtem Kabelmanagement und beeindruckender Pr\u00e4zision. Durch die Wahl der <strong>EC<\/strong>k\u00f6nnen Sie eine Tracking-Ebene erreichen, die ohne Autoguiding selten erreicht wird. Perfekt f\u00fcr mobile oder semi-fixe Installationen mit Instrumenten bis zu 13,5 kg.<\/p>","protected":false},"excerpt":{"rendered":"<p>Monture iOptron HAE29C \/ HAE29C-EC \u2013 Monture harmonique AZ\/EQ avec ports int\u00e9gr\u00e9s La HAE29C (et sa version EC) est la nouvelle g\u00e9n\u00e9ration de montures compactes d\u2019iOptron int\u00e9grant la technologie harmonique Strain Wave Gear. Con\u00e7ue pour offrir un maximum de performance dans un format ultra-l\u00e9ger (3,7 kg), elle peut supporter jusqu\u2019\u00e0 13,5 kg de charge utile [&hellip;]<\/p>\n","protected":false},"featured_media":8235,"comment_status":"open","ping_status":"closed","template":"","meta":[],"product_brand":[819],"product_cat":[20,762,833],"product_tag":[],"class_list":{"0":"post-8192","1":"product","2":"type-product","3":"status-publish","4":"has-post-thumbnail","6":"product_brand-ioptron","7":"product_cat-montures","8":"product_cat-equatoriales","9":"product_cat-en-stock","11":"first","12":"instock","13":"taxable","14":"shipping-taxable","15":"purchasable","16":"product-type-variable"},"_links":{"self":[{"href":"https:\/\/deep-space-astronomy.ch\/de\/wp-json\/wp\/v2\/product\/8192","targetHints":{"allow":["GET"]}}],"collection":[{"href":"https:\/\/deep-space-astronomy.ch\/de\/wp-json\/wp\/v2\/product"}],"about":[{"href":"https:\/\/deep-space-astronomy.ch\/de\/wp-json\/wp\/v2\/types\/product"}],"replies":[{"embeddable":true,"href":"https:\/\/deep-space-astronomy.ch\/de\/wp-json\/wp\/v2\/comments?post=8192"}],"wp:featuredmedia":[{"embeddable":true,"href":"https:\/\/deep-space-astronomy.ch\/de\/wp-json\/wp\/v2\/media\/8235"}],"wp:attachment":[{"href":"https:\/\/deep-space-astronomy.ch\/de\/wp-json\/wp\/v2\/media?parent=8192"}],"wp:term":[{"taxonomy":"product_brand","embeddable":true,"href":"https:\/\/deep-space-astronomy.ch\/de\/wp-json\/wp\/v2\/product_brand?post=8192"},{"taxonomy":"product_cat","embeddable":true,"href":"https:\/\/deep-space-astronomy.ch\/de\/wp-json\/wp\/v2\/product_cat?post=8192"},{"taxonomy":"product_tag","embeddable":true,"href":"https:\/\/deep-space-astronomy.ch\/de\/wp-json\/wp\/v2\/product_tag?post=8192"}],"curies":[{"name":"wp","href":"https:\/\/api.w.org\/{rel}","templated":true}]}}