{"id":8351,"date":"2025-06-02T10:55:44","date_gmt":"2025-06-02T08:55:44","guid":{"rendered":"https:\/\/deep-space-astronomy.ch\/?post_type=product&#038;p=8351"},"modified":"2025-09-17T15:43:16","modified_gmt":"2025-09-17T13:43:16","slug":"monture-harmonique-rainbow-astro-rst135","status":"publish","type":"product","link":"https:\/\/deep-space-astronomy.ch\/de\/produkt\/monture-harmonique-rainbow-astro-rst135\/","title":{"rendered":"Harmonische Montierung Rainbow Astro RST135"},"content":{"rendered":"<h2>Rainbow Astro RST-135 Montierung: Ultimative Leichtigkeit, Leistung und Pr\u00e4zision f\u00fcr die Astrofotografie<\/h2>\n<p>Die Rainbow Astro Montierung RST-135 revolutioniert die Astrofotografie f\u00fcr unterwegs mit ihrer innovativen Technologie, die au\u00dfergew\u00f6hnlich geringes Gewicht, kompromisslose Pr\u00e4zision und vielseitige Einsatzm\u00f6glichkeiten kombiniert. Es ist in zwei Versionen erh\u00e4ltlich, dem Standard RST-135 und dem RST-135E mit Absolut-Encodern, und erf\u00fcllt die vielf\u00e4ltigen Anforderungen von Amateurastronomen und professionellen Astrofotografen gleicherma\u00dfen.<\/p>\n<h3>Warum sollten Sie sich f\u00fcr den Rainbow Astro RST-135 entscheiden?<\/h3>\n<ul>\n<li><strong>Harmonic Drive-Technologie (Strain Wave Gear)<\/strong> : Reduziert das mechanische Spiel (Backlash) drastisch und gew\u00e4hrleistet auch ohne Gegengewicht eine genaue Verfolgung.<\/li>\n<li><strong>Gewicht Feder<\/strong> : Nur 3,3 kg bei einer Tragf\u00e4higkeit von bis zu 13,5 kg ohne Gegengewicht (18 kg mit).<\/li>\n<li><strong>Doppelmodus \u00c4quatorial und Alt-Azimutal<\/strong> : Flexibel einsetzbar f\u00fcr visuelle Beobachtungen, Planetenabbildungen und Deep Sky.<\/li>\n<li><strong>Moderne Konnektivit\u00e4t<\/strong> : Integriertes GPS, Wi-Fi und ASCOM-Kompatibilit\u00e4t f\u00fcr eine schnelle und einfache Steuerung \u00fcber Smartphone oder Computer.<\/li>\n<li><strong>Premium-Design<\/strong> : Robuste Konstruktion aus CNC-gefr\u00e4stem AL6061-Aluminium, langlebig und \u00e4sthetisch.<\/li>\n<\/ul>\n<h3>RST-135 vs. RST-135E: Vergleichstabelle<\/h3>\n<table>\n<thead>\n<tr>\n<th>Merkmale<\/th>\n<th>RST-135<\/th>\n<th>RST-135E (Absolute Encoders)<\/th>\n<\/tr>\n<\/thead>\n<tbody>\n<tr>\n<td>Gewicht<\/td>\n<td>3,3 kg<\/td>\n<td>3,4 kg<\/td>\n<\/tr>\n<tr>\n<td>Nutzlast<\/td>\n<td>13,5 kg (ohne Gegengewicht)<\/td>\n<td>13,5 kg (ohne Gegengewicht)<\/td>\n<\/tr>\n<tr>\n<td>\u00dcbertragung<\/td>\n<td>Harmonic Drive<\/td>\n<td>Harmonic Drive<\/td>\n<\/tr>\n<tr>\n<td>Absolute Encoders<\/td>\n<td>Nicht<\/td>\n<td>Ja (RA-Achse, Renishaw)<\/td>\n<\/tr>\n<tr>\n<td>Motor<\/td>\n<td>Swiss made Maxon DC Hochpr\u00e4zisionsservo<\/td>\n<td>Swiss made Maxon DC Hochpr\u00e4zisionsservo<\/td>\n<\/tr>\n<tr>\n<td>Periodische Genauigkeit (PE)<\/td>\n<td>Besser als bei der Konkurrenz<\/td>\n<td>\u00b1 2,5 arcsec, Echtzeitkorrektur \u00fcber Encoder<\/td>\n<\/tr>\n<tr>\n<td>Wiederaufnahme nach Stromausfall<\/td>\n<td>Manuelle Suche erforderlich<\/td>\n<td>Sofortige automatische Wiederaufnahme (Absolut-Encoder)<\/td>\n<\/tr>\n<\/tbody>\n<\/table>\n<h3>Schl\u00fcsselvorteile und Differenzierung<\/h3>\n<p>Die Harmonic Drive-Technologie eliminiert praktisch jegliches mechanische Spiel, was zu einer au\u00dfergew\u00f6hnlichen Genauigkeit bei der Verfolgung von Himmelsobjekten f\u00fchrt. Im Gegensatz zu herk\u00f6mmlichen Zahnradmontierungen muss das mechanische Spiel nicht eingestellt werden, wodurch der Wartungsaufwand auf ein Minimum reduziert wird.<\/p>\n<p>Dank seines geringen Gewichts und der hohen Belastbarkeit ohne Gegengewicht ist das RST-135 ideal f\u00fcr reisende Astrofotografen, die eine schnelle und transportable Einrichtung suchen.<\/p>\n<h3>Genauigkeit der F\u00fchrung<\/h3>\n<p>Mit einer angegebenen Genauigkeit von \u00b1 2,5 arcsec produziert diese Montierung perfekt runde Sterne bei jeder Brennweite!<\/p>\n<h3>Beispiele<\/h3>\n<p><img decoding=\"async\" src=\"https:\/\/www.rainbowastro.com\/wp-content\/uploads\/2020\/02\/M78andBoogieman_LHaRGB_1920px_q10.jpg\" \/><\/p>\n<p style=\"text-align: center;\"><iframe title=\"RST-135 in der Dreifu\u00dftasche\" src=\"https:\/\/www.youtube.com\/embed\/Ty14FV7oS3s\" width=\"562\" height=\"337\" frameborder=\"0\" allowfullscreen=\"allowfullscreen\"><\/iframe><\/p>\n<p style=\"text-align: center;\"><iframe title=\"RST-135 Autoguiding\" src=\"https:\/\/www.youtube.com\/embed\/32mNKsfnTH4\" width=\"562\" height=\"337\" frameborder=\"0\" allowfullscreen=\"allowfullscreen\"><\/iframe><\/p>\n<p style=\"text-align: center;\"><iframe title=\"RST-135, Mewlon-210 ohne Gegengewicht\" src=\"https:\/\/www.youtube.com\/embed\/FPO0-dC860w\" width=\"562\" height=\"337\" frameborder=\"0\" allowfullscreen=\"allowfullscreen\"><\/iframe><\/p>\n<h3>Schnelle Installation und Stationierung<\/h3>\n<ol>\n<li>Bringen Sie die Montierung auf Ihrem Stativ an.<\/li>\n<li>W\u00e4hlen Sie je nach Bedarf den \u00e4quatorialen oder alt-azimutalen Modus.<\/li>\n<li>F\u00fchren Sie die Polarausrichtung mit dem integrierten Sucher durch.<\/li>\n<li>Aktivieren Sie das integrierte GPS, um Datum, Uhrzeit und Ihren Standort automatisch zu initialisieren.<\/li>\n<li>Starten Sie den Schnellausrichtungsvorgang \u00fcber den Controller oder eine kompatible Anwendung.<\/li>\n<\/ol>\n<h3>Vergleich von Positionierung und F\u00fchrung: RST-135 vs. RST-135E<\/h3>\n<table>\n<thead>\n<tr>\n<th>Kriterium<\/th>\n<th>RST-135<\/th>\n<th>RST-135E<\/th>\n<\/tr>\n<\/thead>\n<tbody>\n<tr>\n<td>Zeit f\u00fcr die anf\u00e4ngliche Ausrichtung<\/td>\n<td>~5 min<\/td>\n<td>~2 min<\/td>\n<\/tr>\n<tr>\n<td>Typischer F\u00fchrungsfehler (RMS)<\/td>\n<td>&lt; 1 arcsec<\/td>\n<td>&lt; 0,5 arcsec<\/td>\n<\/tr>\n<tr>\n<td>Wiederaufnahme nach Unterbrechung<\/td>\n<td>Manuell<\/td>\n<td>Automatisch<\/td>\n<\/tr>\n<\/tbody>\n<\/table>\n<h3>Fazit: Eine au\u00dfergew\u00f6hnliche Montierung f\u00fcr anspruchsvolle Astrofotografen<\/h3>\n<p>Ob Sie ein Amateurastronom sind, der Mobilit\u00e4t und Benutzerfreundlichkeit sucht, oder ein erfahrener Astrofotograf, der h\u00f6chste Pr\u00e4zision verlangt, die Rainbow Astro-Montierung RST-135 ist die perfekte Antwort auf Ihre Bed\u00fcrfnisse. Entscheiden Sie sich f\u00fcr das RST-135E, wenn Sie von der h\u00f6chsten Pr\u00e4zision profitieren m\u00f6chten, die Absolut-Encoder bieten. Wenn Sie sich f\u00fcr Rainbow Astro entscheiden, entscheiden Sie sich f\u00fcr die Exzellenz der Astrofotografie.<\/p>","protected":false},"excerpt":{"rendered":"<p>Monture Rainbow Astro RST-135 : L\u00e9g\u00e8ret\u00e9, Performance et Pr\u00e9cision Ultime pour l&rsquo;Astrophotographie La monture Rainbow Astro RST-135 r\u00e9volutionne l&rsquo;astrophotographie nomade gr\u00e2ce \u00e0 sa technologie innovante, combinant l\u00e9g\u00e8ret\u00e9 exceptionnelle, pr\u00e9cision sans compromis, et polyvalence d&rsquo;utilisation. Disponible en deux versions, la RST-135 standard et la RST-135E \u00e9quip\u00e9e d&rsquo;encodeurs absolus, elle r\u00e9pond aux besoins vari\u00e9s des astronomes amateurs [&hellip;]<\/p>\n","protected":false},"featured_media":8363,"comment_status":"open","ping_status":"closed","template":"","meta":[],"product_brand":[820],"product_cat":[762,816],"product_tag":[],"class_list":{"0":"post-8351","1":"product","2":"type-product","3":"status-publish","4":"has-post-thumbnail","6":"product_brand-rainbow-astro","7":"product_cat-equatoriales","8":"product_cat-nouveautes","10":"first","11":"on_supplier","12":"taxable","13":"shipping-taxable","14":"purchasable","15":"product-type-simple"},"_links":{"self":[{"href":"https:\/\/deep-space-astronomy.ch\/de\/wp-json\/wp\/v2\/product\/8351","targetHints":{"allow":["GET"]}}],"collection":[{"href":"https:\/\/deep-space-astronomy.ch\/de\/wp-json\/wp\/v2\/product"}],"about":[{"href":"https:\/\/deep-space-astronomy.ch\/de\/wp-json\/wp\/v2\/types\/product"}],"replies":[{"embeddable":true,"href":"https:\/\/deep-space-astronomy.ch\/de\/wp-json\/wp\/v2\/comments?post=8351"}],"wp:featuredmedia":[{"embeddable":true,"href":"https:\/\/deep-space-astronomy.ch\/de\/wp-json\/wp\/v2\/media\/8363"}],"wp:attachment":[{"href":"https:\/\/deep-space-astronomy.ch\/de\/wp-json\/wp\/v2\/media?parent=8351"}],"wp:term":[{"taxonomy":"product_brand","embeddable":true,"href":"https:\/\/deep-space-astronomy.ch\/de\/wp-json\/wp\/v2\/product_brand?post=8351"},{"taxonomy":"product_cat","embeddable":true,"href":"https:\/\/deep-space-astronomy.ch\/de\/wp-json\/wp\/v2\/product_cat?post=8351"},{"taxonomy":"product_tag","embeddable":true,"href":"https:\/\/deep-space-astronomy.ch\/de\/wp-json\/wp\/v2\/product_tag?post=8351"}],"curies":[{"name":"wp","href":"https:\/\/api.w.org\/{rel}","templated":true}]}}