{"id":8485,"date":"2025-06-18T14:22:16","date_gmt":"2025-06-18T12:22:16","guid":{"rendered":"https:\/\/deep-space-astronomy.ch\/?post_type=product&#038;p=8485"},"modified":"2025-11-23T12:02:21","modified_gmt":"2025-11-23T11:02:21","slug":"monture-harmonique-ioptron-az-eq-hae69c-avec-ou-sans-encodeurs","status":"publish","type":"product","link":"https:\/\/deep-space-astronomy.ch\/de\/produkt\/monture-harmonique-ioptron-az-eq-hae69c-avec-ou-sans-encodeurs\/","title":{"rendered":"Harmonische Montierung iOptron AZ\/EQ HAE69C mit oder ohne Drehregler"},"content":{"rendered":"<section>\n<h3>iOptron HAE69C-Montierung: Strain-Wave-Leistung (ohne iMate)<\/h3>\n<p>Die <strong>iOptron HAE69C<\/strong> ist eine hybride Alt-Az-\/\u00e4quatoriale Strain-Wave-Gear-Montierung auf beiden Achsen, die auf ein einzigartiges Gleichgewicht zwischen Tragbarkeit und hoher Belastbarkeit ausgelegt ist. Mit nur <strong>9 kg<\/strong> (19,8 lb) auf der Waage, sie tr\u00e4gt bis zu <strong>31 kg<\/strong> (69 lb) ohne Gegengewicht und <strong>36 kg<\/strong> mit, dank seiner zentralisierten Architektur .<\/p>\n<p>Der Rahmen ist CNC-gefr\u00e4st und besteht aus schwarz eloxiertem Aluminium, das f\u00fcr Robustheit und Langlebigkeit sorgt. Jede Achse verf\u00fcgt \u00fcber eine elektronische Reibungsbremse, die das Ger\u00e4t im Falle eines Stromausfalls sichert.<\/p>\n<p>Die HAE69C verf\u00fcgt \u00fcber eine Hauptplatine mit USB- (Basis &amp; Gurtzeug) und Wi-Fi-Anschl\u00fcssen, wodurch die Notwendigkeit einer externen Steuereinheit oder eines Controllers entf\u00e4llt. Der Benutzer kann direkt Computer, Tablets oder Kameras anschlie\u00dfen, um die Montierung zu steuern oder die Firmware zu aktualisieren.<\/p>\n<p>F\u00fcr diejenigen, die eine Touch-Steuerung w\u00fcnschen, ist die Montierung mit dem <em>Go2Nova 8411\/8409<\/em> (OLED, Datenbank mit 212.000+ Objekten) optional .<\/p>\n<table>\n<tbody>\n<tr>\n<th>Spezifikation<\/th>\n<th>Detail<\/th>\n<\/tr>\n<tr>\n<td>Art der Fassung<\/td>\n<td>Alt-Az\/\u00c4quatorial, Strain-Wave-Zahnr\u00e4der (RA &amp; DEC)<\/td>\n<\/tr>\n<tr>\n<td>Nutzlast<\/td>\n<td>31 kg (ohne CW) \/ 36 kg (mit CW)<\/td>\n<\/tr>\n<tr>\n<td>Gewicht<\/td>\n<td>9 kg (19,8 lb) mit Blitzschuh<\/td>\n<\/tr>\n<tr>\n<td>Zeitraum<\/td>\n<td>270 s<\/td>\n<\/tr>\n<tr>\n<td>Periodischer Fehler<\/td>\n<td>&lt; \u00b1 15\u2033 (Modell EC mit Encoder RA)<\/td>\n<\/tr>\n<tr>\n<td>Geschwindigkeit des Zeigens<\/td>\n<td>4,5\u00b0\/s<\/td>\n<\/tr>\n<tr>\n<td>Bereich Breitengrad<\/td>\n<td>0\u00b0-90\u00b0<\/td>\n<\/tr>\n<tr>\n<td>Temperatur<\/td>\n<td>-20 \u00b0C bis +40 \u00b0C<\/td>\n<\/tr>\n<tr>\n<td>Ports<\/td>\n<td>USB (Basis + Gurtzeug), Wi-Fi, ST-4<\/td>\n<\/tr>\n<tr>\n<td>Ern\u00e4hrung<\/td>\n<td>12 V DC, 6 A; inklusive 100-240-V-Adapter<\/td>\n<\/tr>\n<tr>\n<td>Clog<\/td>\n<td>Doppelte Vixen\/Losmandy<\/td>\n<\/tr>\n<tr>\n<td>Kontrolle<\/td>\n<td>Go2Nova (Option), ASCOM\/INDI<\/td>\n<\/tr>\n<tr>\n<td>Bremse<\/td>\n<td>Friktionselektronik auf jeder Achse<\/td>\n<\/tr>\n<tr>\n<td>Garantie<\/td>\n<td>2 Jahre begrenzt<\/td>\n<\/tr>\n<\/tbody>\n<\/table>\n<p>Die Vorlage <strong>HAE69C EC<\/strong> f\u00fcgt einen hochaufl\u00f6senden Encoder auf der RA-Achse mit periodischer Echtzeitkorrektur (RPEC) hinzu, der eine Genauigkeit erreicht, die f\u00fcr lange Aufnahmen ohne Autoguiding ausreicht.<\/p>\n<p>Die Konfiguration ohne iMate ist ideal f\u00fcr semipermanente Sternwarten oder f\u00fcr solche, die bereits \u00fcber einen PC\/eine externe Fernbedienung verf\u00fcgen. Die Wi-Fi-Schnittstelle erm\u00f6glicht die Steuerung \u00fcber SkySafari, iOptron Commander Lite oder jede andere Software, die ASCOM, INDI oder NINA unterst\u00fctzt.<\/p>\n<p>Der \"Zero Position\"-Speicher erm\u00f6glicht es der Montierung, nach einer Stromunterbrechung sofort wieder ihre Position einzunehmen, ohne dass eine langwierige Neuausrichtung erforderlich ist .<\/p>\n<p>Zusammenfassend l\u00e4sst sich sagen, dass die <strong>iOptron HAE69C<\/strong> ist ein kompaktes, robustes und extrem leistungsstarkes Gestell, das sich ideal f\u00fcr :<\/p>\n<ul>\n<li>Nomadische Astrofotografie oder Observatorium<\/li>\n<li>Gro\u00dfe Lasten ohne Gegengewichtsbeutel<\/li>\n<li>Genauigkeit mit EC-Encoder und iMate oder Go2Nova Optionalit\u00e4t<\/li>\n<li>Vereinfachte PC-\/Tablet-Verbindung \u00fcber USB\/Wi-Fi<\/li>\n<\/ul>\n<p><em>Im Vergleich zum HAE69B iMate bietet der HAE69C die gleiche SWG-Mechanik und Tragf\u00e4higkeit, jedoch ohne den Bordcomputer. Eine ausgezeichnete Wahl f\u00fcr bereits automatisierte Konfigurationen.<\/em><\/p>\n<\/section>","protected":false},"excerpt":{"rendered":"<p>Monture iOptron HAE69C : puissance Strain\u2011Wave (sans iMate) La iOptron HAE69C est une monture hybride Alt\u2011Az\/\u00c9quatoriale de type Strain\u2011Wave Gear sur les deux axes, con\u00e7ue pour offrir un \u00e9quilibre unique entre portabilit\u00e9 et capacit\u00e9 de charge \u00e9lev\u00e9e. Avec seulement 9\u202fkg (19,8\u202flb) sur la balance, elle supporte jusqu\u2019\u00e0 31\u202fkg (69\u202flb) sans contrepoids, et 36\u202fkg avec, gr\u00e2ce [&hellip;]<\/p>\n","protected":false},"featured_media":12042,"comment_status":"open","ping_status":"closed","template":"","meta":[],"product_brand":[819],"product_cat":[20,762],"product_tag":[],"class_list":{"0":"post-8485","1":"product","2":"type-product","3":"status-publish","4":"has-post-thumbnail","6":"product_brand-ioptron","7":"product_cat-montures","8":"product_cat-equatoriales","10":"first","11":"instock","12":"sale","13":"taxable","14":"shipping-taxable","15":"purchasable","16":"product-type-variable"},"_links":{"self":[{"href":"https:\/\/deep-space-astronomy.ch\/de\/wp-json\/wp\/v2\/product\/8485","targetHints":{"allow":["GET"]}}],"collection":[{"href":"https:\/\/deep-space-astronomy.ch\/de\/wp-json\/wp\/v2\/product"}],"about":[{"href":"https:\/\/deep-space-astronomy.ch\/de\/wp-json\/wp\/v2\/types\/product"}],"replies":[{"embeddable":true,"href":"https:\/\/deep-space-astronomy.ch\/de\/wp-json\/wp\/v2\/comments?post=8485"}],"wp:featuredmedia":[{"embeddable":true,"href":"https:\/\/deep-space-astronomy.ch\/de\/wp-json\/wp\/v2\/media\/12042"}],"wp:attachment":[{"href":"https:\/\/deep-space-astronomy.ch\/de\/wp-json\/wp\/v2\/media?parent=8485"}],"wp:term":[{"taxonomy":"product_brand","embeddable":true,"href":"https:\/\/deep-space-astronomy.ch\/de\/wp-json\/wp\/v2\/product_brand?post=8485"},{"taxonomy":"product_cat","embeddable":true,"href":"https:\/\/deep-space-astronomy.ch\/de\/wp-json\/wp\/v2\/product_cat?post=8485"},{"taxonomy":"product_tag","embeddable":true,"href":"https:\/\/deep-space-astronomy.ch\/de\/wp-json\/wp\/v2\/product_tag?post=8485"}],"curies":[{"name":"wp","href":"https:\/\/api.w.org\/{rel}","templated":true}]}}