{"id":8510,"date":"2025-06-18T14:56:57","date_gmt":"2025-06-18T12:56:57","guid":{"rendered":"https:\/\/deep-space-astronomy.ch\/?post_type=product&#038;p=8510"},"modified":"2025-11-18T17:54:43","modified_gmt":"2025-11-18T16:54:43","slug":"monture-ioptron-cem70-ec2","status":"publish","type":"product","link":"https:\/\/deep-space-astronomy.ch\/de\/produkt\/monture-ioptron-cem70-ec2\/","title":{"rendered":"iOptron-Rahmen CEM70 EC2"},"content":{"rendered":"<section>\n<h3>SEO-Beschreibung des Reittiers <strong>iOptron CEM70 EC2<\/strong><\/h3>\n<p>Die zentrisch-ausbalancierte \u00e4quatoriale Montierung <strong>iOptron CEM70 EC2<\/strong> wurde speziell f\u00fcr anspruchsvolle Astrofotografen entwickelt, die nach h\u00f6chster Pr\u00e4zision bei der Langzeitbelichtung suchen. Mit seinem hochaufl\u00f6senden Dual-Encoder-System auf der Rektaszensions- und Deklinationsachse bietet es eine periodische Fehlerkorrektur in Echtzeit auf beiden Achsen und sorgt so f\u00fcr absolut scharfe Bilder ohne Sternspuren. Die Center-Balanced Equatorial Mount (CBEM) Architektur minimiert Vibrationen und optimiert die Stabilit\u00e4t.<\/p>\n<p>Die <strong>CEM70 EC2<\/strong> zeichnet sich aus durch :<\/p>\n<ul>\n<li>Eine Tragf\u00e4higkeit von 31,8 kg (70 lb), um optische R\u00f6hren und schweres Zubeh\u00f6r aufzunehmen.<\/li>\n<li>Ein Gewicht des Rahmens von 13,6 kg bietet ein hervorragendes Verh\u00e4ltnis von Belastung zu Gewicht f\u00fcr maximale Tragbarkeit.<\/li>\n<li>Zwei hochaufl\u00f6sende Encoder (AD- &amp; DEC-Achse) f\u00fcr eine bidirektionale periodische Fehlerkorrektur.<\/li>\n<li>Ultrapr\u00e4zise Schrittmotoren (0,07\u2033 pro Schritt) sorgen f\u00fcr eine fl\u00fcssige und leise Verfolgung.<\/li>\n<li>Ein Go2Nova 8407+ V2 Controller mit \u00fcber 40.000 Objekten in der Datenbank und erweiterten GOTO-Funktionen.<\/li>\n<li>Eine eingebaute elektronische iPolar-Polarausrichtung, auch bei begrenztem Feld.<\/li>\n<li>Ein duales Vixen\/Losmandy-Sattelsystem f\u00fcr universelle Kompatibilit\u00e4t.<\/li>\n<li>Der periodische Korrektor (PEC) in Echtzeit auf zwei Achsen f\u00fcr eine Genauigkeit von weniger als 0,3\u2033 RMS.<\/li>\n<\/ul>\n<h3>Technische Spezifikationen<\/h3>\n<table border=\"1\" cellspacing=\"0\" cellpadding=\"6\">\n<thead>\n<tr>\n<th>Merkmal<\/th>\n<th>Detail<\/th>\n<\/tr>\n<\/thead>\n<tbody>\n<tr>\n<td>Typ<\/td>\n<td>Mittelausgewuchtete \u00e4quatoriale Montierung (CEM)<\/td>\n<\/tr>\n<tr>\n<td>Nutzlast<\/td>\n<td>31,8 kg (70 lb)<\/td>\n<\/tr>\n<tr>\n<td>Gewicht des Rahmens<\/td>\n<td>13,6 kg (30 lb)<\/td>\n<\/tr>\n<tr>\n<td>Verh\u00e4ltnis von Last zu Gewicht<\/td>\n<td>2,33<\/td>\n<\/tr>\n<tr>\n<td>Encoder<\/td>\n<td>2 hohe Aufl\u00f6sung (AD &amp; DEC)<\/td>\n<\/tr>\n<tr>\n<td>Genauigkeit pro Schritt<\/td>\n<td>0,07\u2033<\/td>\n<\/tr>\n<tr>\n<td>Periodische Korrektur (PEC)<\/td>\n<td>Bidirektional in Echtzeit &lt; 0,3\u2033 RMS<\/td>\n<\/tr>\n<tr>\n<td>Controller<\/td>\n<td>Go2Nova 8407+ V2, 40.000+ Gegenst\u00e4nde<\/td>\n<\/tr>\n<tr>\n<td>Polarausrichtung<\/td>\n<td>Integrierte elektronische iPolar<\/td>\n<\/tr>\n<tr>\n<td>Saddle<\/td>\n<td>Doppelte Vixen\/Losmandy<\/td>\n<\/tr>\n<\/tbody>\n<\/table>\n<h3>Vergleich <strong>CEM70 EC2<\/strong> vs <strong>CEM70 EC<\/strong><\/h3>\n<table border=\"1\" cellspacing=\"0\" cellpadding=\"6\">\n<thead>\n<tr>\n<th>Kriterium<\/th>\n<th>CEM70 EC2<\/th>\n<th>CEM70 EC<\/th>\n<\/tr>\n<\/thead>\n<tbody>\n<tr>\n<td>Encoder<\/td>\n<td>2 (AD &amp; DEC)<\/td>\n<td>1 (nur AD)<\/td>\n<\/tr>\n<tr>\n<td>Periodische Fehlerkorrektur<\/td>\n<td>Bidirektional auf zwei Achsen<\/td>\n<td>Unidirektional auf der AD-Achse<\/td>\n<\/tr>\n<tr>\n<td>Pr\u00e4zision bei Langzeitbelichtungen<\/td>\n<td>Optimal f\u00fcr tiefe Bildgebung<\/td>\n<td>Hervorragend f\u00fcr mittlere Posen<\/td>\n<\/tr>\n<tr>\n<td>Widerstand gegen Vibrationen<\/td>\n<td>Maximal (Doppelsensoren)<\/td>\n<td>Hoch (einzelner Sensor)<\/td>\n<\/tr>\n<tr>\n<td>Empfohlene Verwendung<\/td>\n<td>Astrofotografie lange extreme Belichtung<\/td>\n<td>Fortgeschrittene Astrofotografie<\/td>\n<\/tr>\n<tr>\n<td>\u00dcbertragbarkeit<\/td>\n<td>13,6 kg (gleiches Gewicht)<\/td>\n<td>13,6 kg<\/td>\n<\/tr>\n<tr>\n<td>Richtpreis<\/td>\n<td>Superior (Fortgeschrittene Technologie)<\/td>\n<td>Erschwinglich (ausgewogene Leistung\/Preis)<\/td>\n<\/tr>\n<\/tbody>\n<\/table>\n<p>Abschlie\u00dfend <strong>iOptron CEM70 EC2<\/strong> integriert ein duales Encodersystem f\u00fcr eine kompromisslose Korrektur und Nachf\u00fchrung auf beiden Achsen. Dies f\u00fchrt zu erh\u00f6hter Stabilit\u00e4t und Genauigkeit bei Astrofotografie-Sessions mit langen Belichtungszeiten, insbesondere bei Deep Imaging. Wenn Sie nach der bestm\u00f6glichen Leistung suchen und Ihr Budget es zul\u00e4sst, ist die CEM70 EC2 die Montierung der Wahl. Wenn Sie ein hervorragendes Preis-Leistungs-Verh\u00e4ltnis w\u00fcnschen, ohne auf Zuverl\u00e4ssigkeit verzichten zu m\u00fcssen, bleibt die CEM70 EC eine unverzichtbare Referenz.<\/p>\n<\/section>","protected":false},"excerpt":{"rendered":"<p>Description SEO de la monture iOptron CEM70 EC2 La monture \u00e9quatoriale centre-balanc\u00e9e iOptron CEM70 EC2 est sp\u00e9cialement con\u00e7ue pour les astrophotographes exigeants \u00e0 la recherche de la plus haute pr\u00e9cision en imagerie longue pose. Gr\u00e2ce \u00e0 son double syst\u00e8me d\u2019encodeurs haute r\u00e9solution sur les axes d\u2019ascension droite et de d\u00e9clinaison, elle offre une correction d\u2019erreur [&hellip;]<\/p>\n","protected":false},"featured_media":8502,"comment_status":"open","ping_status":"closed","template":"","meta":[],"product_brand":[819],"product_cat":[20,762],"product_tag":[],"class_list":{"0":"post-8510","1":"product","2":"type-product","3":"status-publish","4":"has-post-thumbnail","6":"product_brand-ioptron","7":"product_cat-montures","8":"product_cat-equatoriales","10":"first","11":"outofstock","12":"taxable","13":"shipping-taxable","14":"purchasable","15":"product-type-variable"},"_links":{"self":[{"href":"https:\/\/deep-space-astronomy.ch\/de\/wp-json\/wp\/v2\/product\/8510","targetHints":{"allow":["GET"]}}],"collection":[{"href":"https:\/\/deep-space-astronomy.ch\/de\/wp-json\/wp\/v2\/product"}],"about":[{"href":"https:\/\/deep-space-astronomy.ch\/de\/wp-json\/wp\/v2\/types\/product"}],"replies":[{"embeddable":true,"href":"https:\/\/deep-space-astronomy.ch\/de\/wp-json\/wp\/v2\/comments?post=8510"}],"wp:featuredmedia":[{"embeddable":true,"href":"https:\/\/deep-space-astronomy.ch\/de\/wp-json\/wp\/v2\/media\/8502"}],"wp:attachment":[{"href":"https:\/\/deep-space-astronomy.ch\/de\/wp-json\/wp\/v2\/media?parent=8510"}],"wp:term":[{"taxonomy":"product_brand","embeddable":true,"href":"https:\/\/deep-space-astronomy.ch\/de\/wp-json\/wp\/v2\/product_brand?post=8510"},{"taxonomy":"product_cat","embeddable":true,"href":"https:\/\/deep-space-astronomy.ch\/de\/wp-json\/wp\/v2\/product_cat?post=8510"},{"taxonomy":"product_tag","embeddable":true,"href":"https:\/\/deep-space-astronomy.ch\/de\/wp-json\/wp\/v2\/product_tag?post=8510"}],"curies":[{"name":"wp","href":"https:\/\/api.w.org\/{rel}","templated":true}]}}