{"id":8518,"date":"2025-06-18T15:38:18","date_gmt":"2025-06-18T13:38:18","guid":{"rendered":"https:\/\/deep-space-astronomy.ch\/?post_type=product&#038;p=8518"},"modified":"2025-11-18T17:54:11","modified_gmt":"2025-11-18T16:54:11","slug":"monture-ioptron-cem120-plusieurs-versions","status":"publish","type":"product","link":"https:\/\/deep-space-astronomy.ch\/de\/produkt\/monture-ioptron-cem120-plusieurs-versions\/","title":{"rendered":"iOptron CEM120-Rahmen (verschiedene Versionen)"},"content":{"rendered":"<section>\n<h3>Rahmen <strong>iOptron CEM120 (Standard)<\/strong><\/h3>\n<p>Die zentrisch-ausbalancierte \u00e4quatoriale Montierung <strong>iOptron CEM120<\/strong> Die Standardversion wurde f\u00fcr Astronomen und Astrofotografen entwickelt, die eine hohe Tragf\u00e4higkeit mit mechanischer Robustheit kombinieren m\u00f6chten. Mit einer Nutzlast von bis zu 54,4 kg (120 lb) tr\u00e4gt sie gro\u00dfe, schwer best\u00fcckte katadioptrische oder Dobson-Teleskope. Das Center-Balanced Equatorial Mount Design reduziert Vibrationen und erm\u00f6glicht eine fl\u00fcssige und pr\u00e4zise Nachf\u00fchrung f\u00fcr visuelle Beobachtungen und kurze bis mittlere Belichtungszeiten.<\/p>\n<ul>\n<li>Tragf\u00e4higkeit: 54,4 kg (120 lb)<\/li>\n<li>Gewicht des Reittiers: ca. 23 kg<\/li>\n<li>Verh\u00e4ltnis von Last zu Gewicht: ~2,4<\/li>\n<li>Achsen aus geh\u00e4rtetem Stahl mit versiegelten Kugellagern<\/li>\n<li>Manuelle Kontrollen von Azimut und Breitengrad<\/li>\n<li>Vixen\/Losmandy-Doppelsattel f\u00fcr universelle Kompatibilit\u00e4t<\/li>\n<li>Verstellbare Stahlrohrbeine<\/li>\n<\/ul>\n<p>Die Standardversion des CEM120 ist ideal f\u00fcr schwere Konfigurationen in der visuellen Beobachtung. Sie bietet eine stabile Basis ohne eingebaute Elektronik, so dass der Benutzer das Tracking- oder Encodersystem seiner Wahl integrieren kann. Das Ganzmetalldesign garantiert eine lange Lebensdauer und optimale Steifigkeit bei der Installation gro\u00dfer optischer R\u00f6hren.<\/p>\n<h3>Rahmen <strong>iOptron CEM120 EC<\/strong><\/h3>\n<p>Die <strong>CEM120 EC<\/strong> integriert einen hochaufl\u00f6senden Encoder auf der Rektaszensionsachse, um eine periodische Fehlerkorrektur in Echtzeit (RPEC) zu bieten. In Verbindung mit dem Go2Nova\u00ae 8408 Controller erm\u00f6glicht diese Version eine genauere Verfolgung bei langen Belichtungszeiten, ohne dass ein externes Autoguiding f\u00fcr Sitzungen bis zu einigen Minuten erforderlich ist.<\/p>\n<ul>\n<li>Hochaufl\u00f6sender Encoder auf der AD-Achse f\u00fcr unidirektionale PEC-Korrektur<\/li>\n<li>Go2Nova 8408 Controller mit einer Datenbank von 40.000+ Objekten<\/li>\n<li>Integrierte Verfolgung bis zu 5 Minuten ohne Autoguiding<\/li>\n<li>Optionale Polarausrichtung iPolar<\/li>\n<li>Kabelmanagementsystem und ergonomische Sperrhebel<\/li>\n<\/ul>\n<p>Die EC-Version beh\u00e4lt die mechanischen Eigenschaften des Standard-ECM120 bei und f\u00fcgt eine leistungsf\u00e4hige Bordelektronik hinzu, die ideal f\u00fcr die moderate bis fortgeschrittene Astrofotografie ist, ohne sofort in einen Autoguider zu investieren. Die PEC-Korrektur in Echtzeit verbessert die Nachf\u00fchrgenauigkeit signifikant und reduziert Artefakte in den Bildern.<\/p>\n<h3>Rahmen <strong>iOptron CEM120 EC2<\/strong><\/h3>\n<p>Die <strong>CEM120 EC2<\/strong> geht noch einen Schritt weiter und integriert zwei hochaufl\u00f6sende Encoder (AD- und DEC-Achse) f\u00fcr eine bidirektionale Echtzeit-Korrektur, die maximale Stabilit\u00e4t und Pr\u00e4zision f\u00fcr die Astrofotografie mit langen Belichtungszeiten und Deep Imaging bietet. In Verbindung mit dem Go2Nova 8408+ Controller erf\u00fcllt sie die Anforderungen der anspruchsvollsten Bildgebungsprojekte.<\/p>\n<ul>\n<li>Doppelte hochaufl\u00f6sende Encoder auf AD- &amp; DEC-Achsen<\/li>\n<li>Bidirektionaler periodischer Korrektor (PEC) &lt; 0,3\u2033 RMS auf beiden Achsen<\/li>\n<li>Zuverl\u00e4ssige Verfolgung in Langzeitbelichtungen (10+ Minuten) mit oder ohne Autoguiding<\/li>\n<li>Go2Nova 8408+ Controller mit USB-Anschluss und integriertem Wi-Fi<\/li>\n<li>Integrierte iPolar-Polarausrichtung f\u00fcr ultraschnelle Stationierung<\/li>\n<\/ul>\n<p>Die CEM120 EC2 wurde f\u00fcr die tiefe Bildgebung entwickelt und bietet dank ihrer Sensoren in beiden Achsen eine au\u00dfergew\u00f6hnliche Widerstandsf\u00e4higkeit gegen Unwucht und Vibrationen, wodurch eine kompromisslose Bildqualit\u00e4t gew\u00e4hrleistet wird. Sie reduziert den Bedarf an externen Korrekturen und vereinfacht den Arbeitsablauf von professionellen Astrofotografen.<\/p>\n<h3>Vergleichstabelle der Versionen <strong>CEM120<\/strong><\/h3>\n<table border=\"1\" cellspacing=\"0\" cellpadding=\"6\">\n<thead>\n<tr>\n<th>Kriterium<\/th>\n<th>CEM120 Standard<\/th>\n<th>CEM120 EC<\/th>\n<th>CEM120 EC2<\/th>\n<\/tr>\n<\/thead>\n<tbody>\n<tr>\n<td>Encoder<\/td>\n<td>Keine<\/td>\n<td>1 (AD-Achse)<\/td>\n<td>2 (AD- &amp; DEC-Achsen)<\/td>\n<\/tr>\n<tr>\n<td>Periodische Korrektur (PEC)<\/td>\n<td>-<\/td>\n<td>Unidirektional auf AD<\/td>\n<td>Bidirektional auf AD &amp; DEC<\/td>\n<\/tr>\n<tr>\n<td>Controller<\/td>\n<td>Manuell \/ Extern<\/td>\n<td>Go2Nova 8408<\/td>\n<td>Go2Nova 8408+<\/td>\n<\/tr>\n<tr>\n<td>Polarausrichtung<\/td>\n<td>Visuell (Polsucher)<\/td>\n<td>iPolar als Option<\/td>\n<td>Integrierter iPolar<\/td>\n<\/tr>\n<tr>\n<td>Verfolgung ohne Autoguiding<\/td>\n<td>Nicht<\/td>\n<td>Bis zu 5 min<\/td>\n<td>10 min+<\/td>\n<\/tr>\n<tr>\n<td>USB-Anschluss \/ Wi-Fi<\/td>\n<td>Nicht<\/td>\n<td>USB<\/td>\n<td>USB &amp; Wi-Fi<\/td>\n<\/tr>\n<tr>\n<td>Empfohlene Verwendung<\/td>\n<td>Visuelle Beobachtung &amp; Anf\u00e4nger Fotografie<\/td>\n<td>M\u00e4\u00dfige Astrofotografie<\/td>\n<td>Tiefenbildgebung &amp; Langzeitbelichtung<\/td>\n<\/tr>\n<tr>\n<td>Richtpreis<\/td>\n<td>Der Erschwinglichste<\/td>\n<td>Intermedi\u00e4r<\/td>\n<td>Premium<\/td>\n<\/tr>\n<\/tbody>\n<\/table>\n<\/section>","protected":false},"excerpt":{"rendered":"<p>Monture iOptron CEM120 (Standard) La monture \u00e9quatoriale centre-balanc\u00e9e iOptron CEM120 version standard est con\u00e7ue pour les astronomes et astrophotographes souhaitant combiner forte capacit\u00e9 de charge et robustesse m\u00e9canique. Avec une charge utile pouvant atteindre 54,4 kg (120 lb), elle permet de supporter de grands t\u00e9lescopes catadioptriques ou dobson lourdement \u00e9quip\u00e9s. Sa conception centre-\u00e9quilibr\u00e9e (Center-Balanced Equatorial [&hellip;]<\/p>\n","protected":false},"featured_media":8526,"comment_status":"open","ping_status":"closed","template":"","meta":[],"product_brand":[819],"product_cat":[20,762],"product_tag":[],"class_list":{"0":"post-8518","1":"product","2":"type-product","3":"status-publish","4":"has-post-thumbnail","6":"product_brand-ioptron","7":"product_cat-montures","8":"product_cat-equatoriales","10":"first","11":"instock","12":"taxable","13":"shipping-taxable","14":"purchasable","15":"product-type-variable"},"_links":{"self":[{"href":"https:\/\/deep-space-astronomy.ch\/de\/wp-json\/wp\/v2\/product\/8518","targetHints":{"allow":["GET"]}}],"collection":[{"href":"https:\/\/deep-space-astronomy.ch\/de\/wp-json\/wp\/v2\/product"}],"about":[{"href":"https:\/\/deep-space-astronomy.ch\/de\/wp-json\/wp\/v2\/types\/product"}],"replies":[{"embeddable":true,"href":"https:\/\/deep-space-astronomy.ch\/de\/wp-json\/wp\/v2\/comments?post=8518"}],"wp:featuredmedia":[{"embeddable":true,"href":"https:\/\/deep-space-astronomy.ch\/de\/wp-json\/wp\/v2\/media\/8526"}],"wp:attachment":[{"href":"https:\/\/deep-space-astronomy.ch\/de\/wp-json\/wp\/v2\/media?parent=8518"}],"wp:term":[{"taxonomy":"product_brand","embeddable":true,"href":"https:\/\/deep-space-astronomy.ch\/de\/wp-json\/wp\/v2\/product_brand?post=8518"},{"taxonomy":"product_cat","embeddable":true,"href":"https:\/\/deep-space-astronomy.ch\/de\/wp-json\/wp\/v2\/product_cat?post=8518"},{"taxonomy":"product_tag","embeddable":true,"href":"https:\/\/deep-space-astronomy.ch\/de\/wp-json\/wp\/v2\/product_tag?post=8518"}],"curies":[{"name":"wp","href":"https:\/\/api.w.org\/{rel}","templated":true}]}}