{"id":8542,"date":"2025-06-19T08:32:03","date_gmt":"2025-06-19T06:32:03","guid":{"rendered":"https:\/\/deep-space-astronomy.ch\/?post_type=product&#038;p=8542"},"modified":"2026-03-08T11:26:39","modified_gmt":"2026-03-08T10:26:39","slug":"move-shoot-move-monture-ultra-portable-nomad-star-tracker","status":"publish","type":"product","link":"https:\/\/deep-space-astronomy.ch\/de\/produkt\/move-shoot-move-monture-ultra-portable-nomad-star-tracker\/","title":{"rendered":"Move Shoot Move - Ultratragbares Nomad Star Tracker-Reittier"},"content":{"rendered":"<h3 style=\"text-align: center;\">Move Shoot Move NOMAD - Ultra-tragbarer Star Tracker f\u00fcr die Astrofotografie<\/h3>\n<p><strong>Der Move Shoot Move NOMAD<\/strong> ist ein <strong>star tracker der n\u00e4chsten Generation<\/strong> entwickelt f\u00fcr die Liebhaber von<strong>nomadische Astrofotografie<\/strong>. Ultraleicht, leise und einfach zu bedienen, erm\u00f6glicht es <strong>erfolgreiche Langzeitbelichtungen<\/strong> ohne Sternschnuppen, auch ohne vorherige Erfahrung im Stationieren.<\/p>\n<p>Dank ihrer kompakten Gr\u00f6\u00dfe und der Kompatibilit\u00e4t mit einer Vielzahl von Zubeh\u00f6rteilen ist sie ideal f\u00fcr <strong>Reisende, Anf\u00e4nger und Experten<\/strong>. NOMAD korrigiert die Erdrotation f\u00fcr scharfe Deep-Sky-Fotos mit einer Brennweite von bis zu 135 mm und noch viel mehr mit pr\u00e4ziser Stationierung.<\/p>\n<h4>Ein leistungsstarker, unauff\u00e4lliger und intelligenter Tracker<\/h4>\n<ul>\n<li><strong>Ultrakompakt<\/strong> : nur 430 g mit eingebautem Akku<\/li>\n<li><strong>USB-C Aufladen<\/strong> mit einer Akkulaufzeit von bis zu 24 Stunden<\/li>\n<li><strong>Pr\u00e4zise einachsige \u00e4quatoriale Nachf\u00fchrung<\/strong><\/li>\n<li><strong>Kompatibel mit Standard-Fotostativen<\/strong><\/li>\n<li><strong>Schalld\u00e4mpfer<\/strong> : unauff\u00e4lliger Motor ideal f\u00fcr Nachtaufnahmen<\/li>\n<\/ul>\n<h4>Technische Daten<\/h4>\n<table border=\"1\" cellspacing=\"0\" cellpadding=\"8\">\n<tbody>\n<tr>\n<td><strong>Gewicht<\/strong><\/td>\n<td>430 g (0.95 lb) mit wiederaufladbarem Li-Poly-Akku<\/td>\n<\/tr>\n<tr>\n<td><strong>Maximale Belastung<\/strong><\/td>\n<td>3.5 kg (7.7 lb)<\/td>\n<\/tr>\n<tr>\n<td><strong>Abmessungen<\/strong><\/td>\n<td>89 \u00d7 67 \u00d7 55 mm (3.5 \u00d7 2.6 \u00d7 2.16 inch)<\/td>\n<\/tr>\n<tr>\n<td><strong>Nachverfolgungsmodi<\/strong><\/td>\n<td>N\u00f6rdliche Hemisph\u00e4re \/ S\u00fcdliche Hemisph\u00e4re<\/td>\n<\/tr>\n<tr>\n<td><strong>Material<\/strong><\/td>\n<td>CNC-gefr\u00e4stes, eloxiertes Aluminium<\/td>\n<\/tr>\n<tr>\n<td><strong>Befestigung Basis<\/strong><\/td>\n<td>Arca-Swiss-Schwalbenschwanz mit 1\/4\u2033-Schraube<\/td>\n<\/tr>\n<\/tbody>\n<\/table>\n<h4>Kompatibilit\u00e4t und Verwendung<\/h4>\n<ul>\n<li><strong>Mit allen Kameras kompatibel<\/strong> : Spiegelreflex-, Hybrid- und Astrokameras.<\/li>\n<li><strong>Kompatibel mit GoPro \/ DJI Action Cam<\/strong> \u00fcber einen Standard-Foto-Kugelkopf.<\/li>\n<li><strong>Kompatibel mit den meisten Stativen<\/strong> die zu \u00abPan und Tilt\u00bb f\u00e4hig sind. Je nach Konfiguration kann ein Kugelgelenk erforderlich sein.<\/li>\n<li><strong>Verfolgung der Sonne und des Mondes<\/strong> : Der NOMAD kann jedes Himmelsobjekt verfolgen.<\/li>\n<\/ul>\n<h4>Alle Versionen von NOMAD verf\u00fcgbar<\/h4>\n<table border=\"1\" cellspacing=\"0\" cellpadding=\"8\">\n<thead>\n<tr>\n<th>Version<\/th>\n<th>Inhalt<\/th>\n<th>Ideale Verwendung<\/th>\n<th>Illustration<\/th>\n<\/tr>\n<\/thead>\n<tbody>\n<tr>\n<td>NOMAD Only<\/td>\n<td>Star tracker allein<\/td>\n<td>F\u00fcr erfahrene Nutzer, die bereits \u00fcber das n\u00f6tige Zubeh\u00f6r verf\u00fcgen, um die Fassung richtig zu bedienen.<\/td>\n<td><img fetchpriority=\"high\" decoding=\"async\" class=\"aligncenter size-medium wp-image-8551\" src=\"https:\/\/deep-space-astronomy.ch\/wp-content\/uploads\/2025\/06\/Capture-decran-2025-06-19-a-08.53.49-277x300.avif\" alt=\"\" width=\"277\" height=\"300\" srcset=\"https:\/\/deep-space-astronomy.ch\/wp-content\/uploads\/2025\/06\/Capture-decran-2025-06-19-a-08.53.49-277x300.avif 277w, https:\/\/deep-space-astronomy.ch\/wp-content\/uploads\/2025\/06\/Capture-decran-2025-06-19-a-08.53.49-11x12.avif 11w, https:\/\/deep-space-astronomy.ch\/wp-content\/uploads\/2025\/06\/Capture-decran-2025-06-19-a-08.53.49.avif 320w\" sizes=\"(max-width: 277px) 100vw, 277px\" \/><\/td>\n<\/tr>\n<tr>\n<td>Swiss Starter Kit<\/td>\n<td>NOMAD + Ballhead + klassisches Polsucherger\u00e4t<\/td>\n<td>Einfacher Start mit schneller Stationierung<\/td>\n<td><img decoding=\"async\" class=\"aligncenter size-full wp-image-12541\" src=\"https:\/\/deep-space-astronomy.ch\/wp-content\/uploads\/2025\/06\/Capture-decran-2025-12-18-a-14.51.19.png\" alt=\"\" width=\"722\" height=\"618\" srcset=\"https:\/\/deep-space-astronomy.ch\/wp-content\/uploads\/2025\/06\/Capture-decran-2025-12-18-a-14.51.19.png 722w, https:\/\/deep-space-astronomy.ch\/wp-content\/uploads\/2025\/06\/Capture-decran-2025-12-18-a-14.51.19-300x257.png 300w, https:\/\/deep-space-astronomy.ch\/wp-content\/uploads\/2025\/06\/Capture-decran-2025-12-18-a-14.51.19-14x12.png 14w, https:\/\/deep-space-astronomy.ch\/wp-content\/uploads\/2025\/06\/Capture-decran-2025-12-18-a-14.51.19-600x514.png 600w\" sizes=\"(max-width: 722px) 100vw, 722px\" \/><\/td>\n<\/tr>\n<tr>\n<td>Swiss Starter Kit Plus<\/td>\n<td>Swiss Starter Kit + Wedge<\/td>\n<td>Pr\u00e4zise Ausrichtung, \u00e4quatoriale Nachf\u00fchrung + Tragbarkeit<\/td>\n<td><img decoding=\"async\" class=\"aligncenter size-full wp-image-12554\" src=\"https:\/\/deep-space-astronomy.ch\/wp-content\/uploads\/2025\/06\/Capture-decran-2025-12-18-a-15.40.49.png\" alt=\"\" width=\"970\" height=\"490\" srcset=\"https:\/\/deep-space-astronomy.ch\/wp-content\/uploads\/2025\/06\/Capture-decran-2025-12-18-a-15.40.49.png 970w, https:\/\/deep-space-astronomy.ch\/wp-content\/uploads\/2025\/06\/Capture-decran-2025-12-18-a-15.40.49-300x152.png 300w, https:\/\/deep-space-astronomy.ch\/wp-content\/uploads\/2025\/06\/Capture-decran-2025-12-18-a-15.40.49-768x388.png 768w, https:\/\/deep-space-astronomy.ch\/wp-content\/uploads\/2025\/06\/Capture-decran-2025-12-18-a-15.40.49-18x9.png 18w, https:\/\/deep-space-astronomy.ch\/wp-content\/uploads\/2025\/06\/Capture-decran-2025-12-18-a-15.40.49-600x303.png 600w\" sizes=\"(max-width: 970px) 100vw, 970px\" \/><\/td>\n<\/tr>\n<tr>\n<td>Swiss Starter Kit Ultra<\/td>\n<td>Swiss Starter Kit Plus + Stirnlampe + ultrapr\u00e4zise Nivellierbasis<\/td>\n<td>Das leistungsst\u00e4rkste Kit f\u00fcr die beste Leistung<\/td>\n<td><img loading=\"lazy\" decoding=\"async\" class=\"aligncenter size-full wp-image-12553\" src=\"https:\/\/deep-space-astronomy.ch\/wp-content\/uploads\/2025\/06\/Capture-decran-2025-12-18-a-15.32.35.png\" alt=\"\" width=\"582\" height=\"366\" srcset=\"https:\/\/deep-space-astronomy.ch\/wp-content\/uploads\/2025\/06\/Capture-decran-2025-12-18-a-15.32.35.png 582w, https:\/\/deep-space-astronomy.ch\/wp-content\/uploads\/2025\/06\/Capture-decran-2025-12-18-a-15.32.35-300x189.png 300w, https:\/\/deep-space-astronomy.ch\/wp-content\/uploads\/2025\/06\/Capture-decran-2025-12-18-a-15.32.35-18x12.png 18w\" sizes=\"(max-width: 582px) 100vw, 582px\" \/><\/td>\n<\/tr>\n<tr>\n<td>Basic Kit A<\/td>\n<td>NOMAD + Polar Scope<\/td>\n<td>Stationierung <strong>ohne Laser<\/strong><\/td>\n<td><img loading=\"lazy\" decoding=\"async\" class=\"aligncenter size-medium wp-image-8557\" src=\"https:\/\/deep-space-astronomy.ch\/wp-content\/uploads\/2025\/06\/Capture-decran-2025-06-19-a-08.58.59-300x222.avif\" alt=\"\" width=\"300\" height=\"222\" srcset=\"https:\/\/deep-space-astronomy.ch\/wp-content\/uploads\/2025\/06\/Capture-decran-2025-06-19-a-08.58.59-300x222.avif 300w, https:\/\/deep-space-astronomy.ch\/wp-content\/uploads\/2025\/06\/Capture-decran-2025-06-19-a-08.58.59-768x568.avif 768w, https:\/\/deep-space-astronomy.ch\/wp-content\/uploads\/2025\/06\/Capture-decran-2025-06-19-a-08.58.59-16x12.avif 16w, https:\/\/deep-space-astronomy.ch\/wp-content\/uploads\/2025\/06\/Capture-decran-2025-06-19-a-08.58.59-600x444.avif 600w, https:\/\/deep-space-astronomy.ch\/wp-content\/uploads\/2025\/06\/Capture-decran-2025-06-19-a-08.58.59.avif 822w\" sizes=\"(max-width: 300px) 100vw, 300px\" \/><\/td>\n<\/tr>\n<tr>\n<td>Pro Kit A<\/td>\n<td>NOMAD + Polar Scope + Wedge + Stirnlampe<\/td>\n<td>Pr\u00e4zise Ausrichtung bei Nacht + Feldlampe<\/td>\n<td><img loading=\"lazy\" decoding=\"async\" class=\"aligncenter size-medium wp-image-8559\" src=\"https:\/\/deep-space-astronomy.ch\/wp-content\/uploads\/2025\/06\/Capture-decran-2025-06-19-a-09.00.30-300x245.avif\" alt=\"\" width=\"300\" height=\"245\" srcset=\"https:\/\/deep-space-astronomy.ch\/wp-content\/uploads\/2025\/06\/Capture-decran-2025-06-19-a-09.00.30-300x245.avif 300w, https:\/\/deep-space-astronomy.ch\/wp-content\/uploads\/2025\/06\/Capture-decran-2025-06-19-a-09.00.30-768x626.avif 768w, https:\/\/deep-space-astronomy.ch\/wp-content\/uploads\/2025\/06\/Capture-decran-2025-06-19-a-09.00.30-15x12.avif 15w, https:\/\/deep-space-astronomy.ch\/wp-content\/uploads\/2025\/06\/Capture-decran-2025-06-19-a-09.00.30-600x489.avif 600w, https:\/\/deep-space-astronomy.ch\/wp-content\/uploads\/2025\/06\/Capture-decran-2025-06-19-a-09.00.30.avif 812w\" sizes=\"(max-width: 300px) 100vw, 300px\" \/><\/td>\n<\/tr>\n<\/tbody>\n<\/table>\n<h4>\ud83d\udcd8 Glossar der Komponenten<\/h4>\n<ul>\n<li><strong>NOMAD<\/strong> : Ultrakompakter Star Tracker, der entwickelt wurde, um den Sternen zu folgen und die Erdrotation auszugleichen.<\/li>\n<li><strong>Ballhead<\/strong> : Kugelkopf zur Befestigung der Kamera am Tracker mit gro\u00dfer Flexibilit\u00e4t bei der Ausrichtung.<\/li>\n<li><strong>Wedge<\/strong> \u00c4quatorialbasis: \u00c4quatoriale Basis, die eine genauere Ausrichtung entsprechend dem Beobachtungsbreitenkreis erm\u00f6glicht.<\/li>\n<li><strong>Polar Scope<\/strong> : Optischer Sucher, um den Tracker fein auf die Himmelsachse auszurichten.<\/li>\n<li><strong>Headlamp<\/strong> : N\u00fctzliche Stirnlampe f\u00fcr Einstellungen bei Nacht, ohne die Anpassung an die Dunkelheit zu st\u00f6ren.<\/li>\n<\/ul>","protected":false},"excerpt":{"rendered":"<p>Move Shoot Move NOMAD \u2013 Star Tracker ultra-portable pour l\u2019astrophotographie Le Move Shoot Move NOMAD est un star tracker de nouvelle g\u00e9n\u00e9ration con\u00e7u pour les passionn\u00e9s d\u2019astrophotographie nomade. Ultra-l\u00e9ger, silencieux, et simple \u00e0 utiliser, il permet de r\u00e9ussir vos poses longues sans fil\u00e9 d\u2019\u00e9toiles, m\u00eame sans exp\u00e9rience pr\u00e9alable en mise en station. Son format compact [&hellip;]<\/p>\n","protected":false},"featured_media":8584,"comment_status":"open","ping_status":"closed","template":"","meta":[],"product_brand":[821],"product_cat":[20,816,815,765],"product_tag":[],"class_list":{"0":"post-8542","1":"product","2":"type-product","3":"status-publish","4":"has-post-thumbnail","6":"product_brand-move-shoot-move","7":"product_cat-montures","8":"product_cat-nouveautes","9":"product_cat-debutants","10":"product_cat-ultra-portables","12":"first","13":"onbackorder","14":"taxable","15":"shipping-taxable","16":"purchasable","17":"product-type-variable"},"_links":{"self":[{"href":"https:\/\/deep-space-astronomy.ch\/de\/wp-json\/wp\/v2\/product\/8542","targetHints":{"allow":["GET"]}}],"collection":[{"href":"https:\/\/deep-space-astronomy.ch\/de\/wp-json\/wp\/v2\/product"}],"about":[{"href":"https:\/\/deep-space-astronomy.ch\/de\/wp-json\/wp\/v2\/types\/product"}],"replies":[{"embeddable":true,"href":"https:\/\/deep-space-astronomy.ch\/de\/wp-json\/wp\/v2\/comments?post=8542"}],"wp:featuredmedia":[{"embeddable":true,"href":"https:\/\/deep-space-astronomy.ch\/de\/wp-json\/wp\/v2\/media\/8584"}],"wp:attachment":[{"href":"https:\/\/deep-space-astronomy.ch\/de\/wp-json\/wp\/v2\/media?parent=8542"}],"wp:term":[{"taxonomy":"product_brand","embeddable":true,"href":"https:\/\/deep-space-astronomy.ch\/de\/wp-json\/wp\/v2\/product_brand?post=8542"},{"taxonomy":"product_cat","embeddable":true,"href":"https:\/\/deep-space-astronomy.ch\/de\/wp-json\/wp\/v2\/product_cat?post=8542"},{"taxonomy":"product_tag","embeddable":true,"href":"https:\/\/deep-space-astronomy.ch\/de\/wp-json\/wp\/v2\/product_tag?post=8542"}],"curies":[{"name":"wp","href":"https:\/\/api.w.org\/{rel}","templated":true}]}}