{"id":8685,"date":"2025-06-26T17:07:39","date_gmt":"2025-06-26T15:07:39","guid":{"rendered":"https:\/\/deep-space-astronomy.ch\/?post_type=product&#038;p=8685"},"modified":"2025-09-17T15:43:24","modified_gmt":"2025-09-17T13:43:24","slug":"skywatcher-heliostar-76ha-lunette-solaire-h-alpha","status":"publish","type":"product","link":"https:\/\/deep-space-astronomy.ch\/de\/produkt\/skywatcher-heliostar-76ha-lunette-solaire-h-alpha\/","title":{"rendered":"Skywatcher Heliostar-76Ha - Sonnenbrille H-alpha"},"content":{"rendered":"<div class=\"product-description\">\n<h3>Sky-Watcher HELIOSTAR 76H\u03b1: 76 mm Ultra-leistungsstarkes H-Alpha-Sonnenteleskop<\/h3>\n<p>Die <strong>HELIOSTAR-76Ha<\/strong> von Sky-Watcher ist ein revolution\u00e4res 76-mm-H-alpha-Sonnenteleskop, das f\u00fcr eine au\u00dfergew\u00f6hnliche visuelle Leistung mit einer Bandbreite von <strong>weniger als 0.5 \u00c5ngstr\u00f6m<\/strong>. Es handelt sich um ein Pr\u00e4zisionsinstrument f\u00fcr Liebhaber und Enthusiasten der Sonnenastronomie, die Protuberanzen, aktive Regionen und Filamente mit einer Detailgenauigkeit beobachten wollen, die in dieser Preisklasse selten ist.<\/p>\n<blockquote><p><em>\"Die Ansichten, die das Heliostar 76Ha bietet, sind einfach hypnotisch. Im Vergleich zu den H-Alpha-Single-Stack-Teleskopen, die wir in der Vergangenheit getestet haben, bietet dieses Teleskop sofort mehr Kontrast und Klarheit. Wir haben es genossen, die klar definierten Protuberanzen zu sehen, von denen sich einige sogar von der Chromosph\u00e4re gel\u00f6st haben...\".<\/em><br \/>\n<strong>BBC SKY AT NIGHT MAGAZINE<\/strong><\/p><\/blockquote>\n<h3>Eine Double-Stack-Performance, ohne Double-Stack<\/h3>\n<p>Dank der exklusiven Technologie <strong>Solis Hengst<\/strong> von Sky-Watcher bietet das HELIOSTAR-76Ha eine Leistung, die der von Doppel-Etalon-Teleskopen entspricht, und gleichzeitig die Einfachheit eines einzigen Moduls. Das bedeutet eine \u00fcberragende Bildqualit\u00e4t schon beim \u00d6ffnen der Schachtel, ohne zus\u00e4tzliche Kosten oder technische Komplexit\u00e4t.<\/p>\n<h3>Entdecken Sie die unglaubliche Dynamik der Sonne in H-alpha<\/h3>\n<p>Die Beobachtung der Sonne in <strong>Wasserstoff-alpha (656,28 nm)<\/strong> offenbart eine Vielzahl faszinierender Details:<\/p>\n<ul>\n<li>Sonnige Ausst\u00fclpungen an der Blattspreite<\/li>\n<li>Aktive Sonnenflecken<\/li>\n<li>Helle Bereiche<\/li>\n<li>Feine K\u00f6rnung der Oberfl\u00e4che<\/li>\n<li>Schlangenf\u00f6rmige, schwebende Plasmaf\u00e4den<\/li>\n<li>Chromosph\u00e4renausbr\u00fcche und mehr<\/li>\n<\/ul>\n<p>Die <strong>HELIOSTAR 76Ha<\/strong> verwandelt jede Sonnenbeobachtung in ein fesselndes Erlebnis. Indem es jedes noch so kleine Detail der Sonnenaktivit\u00e4t in Echtzeit erfasst, bietet dieses Teleskop lebendige, detaillierte Ansichten voller beeindruckender Kontraste.<\/p>\n<h3>Konzentrierte Sicherheit f\u00fcr eine unbeschwerte Praxis<\/h3>\n<p>Die Beobachtung der Sonne erfordert eine einwandfreie Sicherheit. In diesem Modell sind mehrere Schutztechnologien integriert:<\/p>\n<ul>\n<li>Folie, die Infrarot-W\u00e4rmestrahlen reflektiert<\/li>\n<li>Spezieller Filter zum Blockieren von \u00fcberm\u00e4\u00dfiger Hitze<\/li>\n<li>Integrierter UV-Filter zum Schutz vor ultravioletten Strahlen<\/li>\n<li>Optisches System mit vorderen und hinteren Filtern, um nur monochromatisches H-Alpha-Licht durchzulassen<\/li>\n<\/ul>\n<p>Ein Sperrfilter von <strong>11,5 mm<\/strong> ist in der mitgelieferten Winkelumlenkung enthalten. Diese Komponente ist Teil des Sicherheitssystems - verwenden Sie mit diesem Instrument niemals eine andere Art von Winkelumlenkung.<\/p>\n<h3>Solis Etalon-Technologie und Druckeinstellung<\/h3>\n<p>Die Kombination aus dem <strong>Trifid Tuner<\/strong> und der Solis Etalon-Technologie bietet eine \u00e4u\u00dferst pr\u00e4zise und reibungslose Bandbreiteneinstellung, die f\u00fcr scharfe und dynamische Ansichten sorgt. Dieses System garantiert au\u00dferdem die sofortige Kompatibilit\u00e4t mit der Solarfotografie ohne zus\u00e4tzliches Zubeh\u00f6r.<\/p>\n<h3>Entspricht den Standards f\u00fcr Solarsicherheit<\/h3>\n<p>Der HELIOSTAR-76Ha entspricht dem internationalen Standard <strong>ISO 12312-2:2015<\/strong>Dadurch wird sichergestellt, dass alle Licht\u00fcbertragungen f\u00fcr die direkte Sonnenbeobachtung sicher gefiltert werden.<\/p>\n<h3>Detaillierte technische Daten<\/h3>\n<table>\n<tbody>\n<tr>\n<td><strong>Durchmesser des Objektivs<\/strong><\/td>\n<td>76 mm<\/td>\n<\/tr>\n<tr>\n<td><strong>Brennweite<\/strong><\/td>\n<td>630 mm (f\/8.3)<\/td>\n<\/tr>\n<tr>\n<td><strong>Okular im Lieferumfang enthalten<\/strong><\/td>\n<td>20 mm Weitwinkel 70\u00b0 (1.25\u2033)<\/td>\n<\/tr>\n<tr>\n<td><strong>Vergr\u00f6\u00dferung<\/strong><\/td>\n<td>31,5x<\/td>\n<\/tr>\n<tr>\n<td><strong>Art der Einstellung<\/strong><\/td>\n<td>Einstellung durch Druck - Trifid Tuner<\/td>\n<\/tr>\n<tr>\n<td><strong>Standard-Technologie<\/strong><\/td>\n<td>Solis Integrierter Hengst<\/td>\n<\/tr>\n<tr>\n<td><strong>Bandbreite<\/strong><\/td>\n<td>&lt; 0.5 \u00c5ngstr\u00f6m<\/td>\n<\/tr>\n<tr>\n<td><strong>Sperrfilter<\/strong><\/td>\n<td>11,5 mm integriert in die 90\u00b0 gekr\u00f6pfte Umlenkung (1.25\u2033)<\/td>\n<\/tr>\n<tr>\n<td><strong>Fokussieren<\/strong><\/td>\n<td>Crayford 2\" mit doppelter Geschwindigkeit<\/td>\n<\/tr>\n<tr>\n<td><strong>Integrierter Solarforscher<\/strong><\/td>\n<td>Ja (Heliostar Safe Solar Finder)<\/td>\n<\/tr>\n<tr>\n<td><strong>Back focus for imaging<\/strong><\/td>\n<td>58 mm oder weniger mit 1.25\u2033-Adapter<\/td>\n<\/tr>\n<tr>\n<td><strong>Gr\u00f6\u00dfe des Sonnenbildes<\/strong><\/td>\n<td>6 mm<\/td>\n<\/tr>\n<tr>\n<td><strong>Empfohlenes Gestell<\/strong><\/td>\n<td>Sky-Watcher SolarQuest Go-To \/ Solar Tracking<\/td>\n<\/tr>\n<tr>\n<td><strong>Zus\u00e4tzliches Zubeh\u00f6r<\/strong><\/td>\n<td>Universaladapter f\u00fcr Smartphones, Hartschalenkoffer<\/td>\n<\/tr>\n<tr>\n<td><strong>L\u00e4nge des optischen Tubus<\/strong><\/td>\n<td>600 mm<\/td>\n<\/tr>\n<tr>\n<td><strong>Gewicht der R\u00f6hre<\/strong><\/td>\n<td>3.8 kg<\/td>\n<\/tr>\n<tr>\n<td><strong>Sicherheitszertifizierung<\/strong><\/td>\n<td>ISO 12312-2:2015<\/td>\n<\/tr>\n<\/tbody>\n<\/table>\n<h3>Warum sollten Sie sich f\u00fcr den HELIOSTAR 76Ha entscheiden?<\/h3>\n<p>Mit seinem unschlagbaren Preis-Leistungs-Verh\u00e4ltnis ist der <strong>HELIOSTAR-76Ha<\/strong> bietet einen unmittelbaren Zugang zu den Wundern unseres Sterns. Es ist kompakt, leicht und absolut sicher und eignet sich perfekt f\u00fcr visuelle Beobachtungen, Smartphone-Bilder und H-Alpha-Astrofotografie auf fortgeschrittenem Amateurniveau. Seine einfache Bedienung erm\u00f6glicht einen schnellen Einstieg, w\u00e4hrend seine Leistung mit weitaus teureren Instrumenten konkurrieren kann.<\/p>\n<p>Ob Sie nun ein Sonnenfotograf, ein leidenschaftlicher Beobachter oder einfach nur neugierig auf die Sonne sind, dieses 76-mm-Sonnenteleskop wird Ihnen dauerhaft Freude bereiten. Es ist ein ideales Instrument f\u00fcr Astronomievereine, \u00f6ffentliche Vorf\u00fchrungen oder den pers\u00f6nlichen Gebrauch zu Hause.<\/p>\n<\/div>","protected":false},"excerpt":{"rendered":"<p>Sky-Watcher HELIOSTAR 76H\u03b1 : T\u00e9lescope Solaire H-alpha Ultra Performant de 76 mm Le HELIOSTAR-76Ha de Sky-Watcher est un t\u00e9lescope solaire r\u00e9volutionnaire de 76 mm en H-alpha, con\u00e7u pour offrir une performance visuelle exceptionnelle avec une bande passante inf\u00e9rieure \u00e0 0.5 \u00c5ngstr\u00f6m. Il s\u2019agit d\u2019un instrument de pr\u00e9cision destin\u00e9 aux amateurs et passionn\u00e9s d\u2019astronomie solaire qui [&hellip;]<\/p>\n","protected":false},"featured_media":8859,"comment_status":"open","ping_status":"closed","template":"","meta":[],"product_brand":[822],"product_cat":[643],"product_tag":[],"class_list":{"0":"post-8685","1":"product","2":"type-product","3":"status-publish","4":"has-post-thumbnail","6":"product_brand-sky-watcher","7":"product_cat-lunettes-solaires","9":"first","10":"on_supplier","11":"taxable","12":"shipping-taxable","13":"purchasable","14":"product-type-simple"},"_links":{"self":[{"href":"https:\/\/deep-space-astronomy.ch\/de\/wp-json\/wp\/v2\/product\/8685","targetHints":{"allow":["GET"]}}],"collection":[{"href":"https:\/\/deep-space-astronomy.ch\/de\/wp-json\/wp\/v2\/product"}],"about":[{"href":"https:\/\/deep-space-astronomy.ch\/de\/wp-json\/wp\/v2\/types\/product"}],"replies":[{"embeddable":true,"href":"https:\/\/deep-space-astronomy.ch\/de\/wp-json\/wp\/v2\/comments?post=8685"}],"wp:featuredmedia":[{"embeddable":true,"href":"https:\/\/deep-space-astronomy.ch\/de\/wp-json\/wp\/v2\/media\/8859"}],"wp:attachment":[{"href":"https:\/\/deep-space-astronomy.ch\/de\/wp-json\/wp\/v2\/media?parent=8685"}],"wp:term":[{"taxonomy":"product_brand","embeddable":true,"href":"https:\/\/deep-space-astronomy.ch\/de\/wp-json\/wp\/v2\/product_brand?post=8685"},{"taxonomy":"product_cat","embeddable":true,"href":"https:\/\/deep-space-astronomy.ch\/de\/wp-json\/wp\/v2\/product_cat?post=8685"},{"taxonomy":"product_tag","embeddable":true,"href":"https:\/\/deep-space-astronomy.ch\/de\/wp-json\/wp\/v2\/product_tag?post=8685"}],"curies":[{"name":"wp","href":"https:\/\/api.w.org\/{rel}","templated":true}]}}