{"id":8695,"date":"2025-06-26T17:18:24","date_gmt":"2025-06-26T15:18:24","guid":{"rendered":"https:\/\/deep-space-astronomy.ch\/?post_type=product&#038;p=8695"},"modified":"2026-04-01T14:52:36","modified_gmt":"2026-04-01T12:52:36","slug":"sky-watcher-explorer-200pds-heq5-r-pro","status":"publish","type":"product","link":"https:\/\/deep-space-astronomy.ch\/de\/produkt\/sky-watcher-explorer-200pds-heq5-r-pro\/","title":{"rendered":"Sky-Watcher Explorer 200PDS HEQ5-R PRO"},"content":{"rendered":"<h2>Sky-Watcher Explorer 200PDS HEQ5-R PRO Go-To<\/h2>\n<p><strong>Ein ultra-stabiles, leistungsstarkes System f\u00fcr die Astrofotografie mit langer Belichtungszeit und f\u00fcr fortgeschrittene Beobachtungen<\/strong><\/p>\n<p>Die <strong>Sky-Watcher Explorer 200PDS auf HEQ5-R PRO Go-To<\/strong> ist f\u00fcr anspruchsvolle Enthusiasten gedacht, die einen <strong>leistungsstarkes, pr\u00e4zises und automatisiertes Teleskop<\/strong>.<br \/>\nEr \u00fcbernimmt die hervorragende Optik des Modells <em>200P Black Diamond<\/em>mit zwei wichtigen Verbesserungen:<\/p>\n<ul>\n<li><strong>Crayford 2\u2033 Okularhalter mit 10:1 Untersetzung<\/strong> f\u00fcr eine extrem feine Fokussierung.<\/li>\n<li><strong>Verk\u00fcrztes Rohr<\/strong> um die direkte Fokussierung mit einer Spiegelreflex- oder Astrokamera zu erleichtern.<\/li>\n<\/ul>\n<p>Die Leistung bei Fotos wie auch bei visuellen Darstellungen wird noch verst\u00e4rkt, wenn sie mit dem <strong>Sky-Watcher-Koma-Korrektur<\/strong> (Ref. 20233).<\/p>\n<p><strong>\ud83d\udca1 Wichtiger Hinweis:<\/strong> Dieses Modell verf\u00fcgt \u00fcber einen <strong>58 mm Sekund\u00e4rspiegel<\/strong>Der Explorer 200P ist 52 mm l\u00e4nger als der Explorer 200P. <strong>verbesserte Feldausleuchtung<\/strong>Die Kamera ist perfekt f\u00fcr die Astrofotografie mit gro\u00dfem Sensor.<\/p>\n<h3>Technische Daten Sky-Watcher Explorer 200PDS HEQ5-R PRO<\/h3>\n<table border=\"1\" cellspacing=\"0\" cellpadding=\"8\">\n<tbody>\n<tr>\n<th>Art des Teleskops<\/th>\n<td>Newton-Reflektor<\/td>\n<\/tr>\n<tr>\n<th>Durchmesser des Hauptspiegels<\/th>\n<td>200 mm<\/td>\n<\/tr>\n<tr>\n<th>Brennweite<\/th>\n<td>1000 mm (f\/5)<\/td>\n<\/tr>\n<tr>\n<th>Vergr\u00f6\u00dferung mit dem mitgelieferten Okular<\/th>\n<td>x36<\/td>\n<\/tr>\n<tr>\n<th>Empfohlene maximale Vergr\u00f6\u00dferung<\/th>\n<td>x400<\/td>\n<\/tr>\n<tr>\n<th>Okular im Lieferumfang enthalten<\/th>\n<td>28 mm LET (2\u2033-Format, entspricht 50,8 mm)<\/td>\n<\/tr>\n<tr>\n<th>Forscher<\/th>\n<td>9\u00d750 optisch<\/td>\n<\/tr>\n<tr>\n<th>Okularhalter<\/th>\n<td>Crayford 2\u2033 mit \u00dcbersetzung 10:1 + Adapter 1,25\u2033.<\/td>\n<\/tr>\n<tr>\n<th>Beschichtung von Spiegeln<\/th>\n<td>Radiant\u2122 Aluminum Quartz (RAQ\u2122), bis zu 94% Reflexionsverm\u00f6gen<\/td>\n<\/tr>\n<tr>\n<th>Gr\u00f6\u00dfe des Sekund\u00e4rspiegels<\/th>\n<td>58 mm (besser ausgeleuchtetes Feld f\u00fcr Fotos)<\/td>\n<\/tr>\n<tr>\n<th>Halterungen des Sekund\u00e4rspiegels<\/th>\n<td>0,5 mm ultrad\u00fcnne Medien<\/td>\n<\/tr>\n<tr>\n<th>Rahmen<\/th>\n<td>HEQ5-R PRO Go-To mit Stativ aus Edelstahl 1,75\u2033.<\/td>\n<\/tr>\n<tr>\n<th>SynScan-Datenbank<\/th>\n<td>42'900+ Himmelsobjekte (Planeten, Nebel, Galaxien, Cluster...)<\/td>\n<\/tr>\n<tr>\n<th>Sammeln von Licht<\/th>\n<td>77% gr\u00f6\u00dfer als ein 150-mm-Spiegel<\/td>\n<\/tr>\n<\/tbody>\n<\/table>\n<h3>Parabolspiegel: optische Pr\u00e4zision und au\u00dfergew\u00f6hnlicher Kontrast<\/h3>\n<p>Die <strong>hochwertige Parabolspiegel<\/strong> des 200PDS eliminieren die typischen sph\u00e4rischen Aberrationen, die bei kurzbrennweitigen Optiken auftreten.<br \/>\nSie erm\u00f6glichen eine perfekte Fokussierung der Lichtstrahlen f\u00fcr eine <strong>scharfes, kontrastreiches und detailreiches Bild<\/strong>Die Sch\u00fclerinnen und Sch\u00fcler k\u00f6nnen sowohl beobachten als auch fotografieren.<\/p>\n<h3>Die ultimative Kombination f\u00fcr anspruchsvolle Astrofotografen<\/h3>\n<p>Dieses 200 mm f\/5-Teleskop auf <strong>HEQ5-R PRO motorisiert und f\u00fchrbar<\/strong> stellt ein hervorragendes Setup f\u00fcr die Deep-Sky-Bildgebung dar.<br \/>\nDank seiner Tragf\u00e4higkeit und Stabilit\u00e4t k\u00f6nnen Sie Kameras, Guidescope, Filterrad und anderes Zubeh\u00f6r daran befestigen.<br \/>\nEin echtes Pr\u00e4zisionswerkzeug f\u00fcr kompromisslose N\u00e4chte.<\/p>\n<p>&nbsp;<\/p>","protected":false},"excerpt":{"rendered":"<p>Sky-Watcher Explorer 200PDS HEQ5-R PRO Go-To Un syst\u00e8me ultra-stable et performant pour l\u2019astrophotographie longue pose et l\u2019observation avanc\u00e9e Le Sky-Watcher Explorer 200PDS sur HEQ5-R PRO Go-To est con\u00e7u pour les passionn\u00e9s exigeants qui recherchent un t\u00e9lescope puissant, pr\u00e9cis et automatis\u00e9. Il reprend les excellentes optiques du mod\u00e8le 200P Black Diamond, avec deux am\u00e9liorations majeures : [&hellip;]<\/p>\n","protected":false},"featured_media":8930,"comment_status":"open","ping_status":"closed","template":"","meta":[],"product_brand":[822],"product_cat":[392,747],"product_tag":[],"class_list":{"0":"post-8695","1":"product","2":"type-product","3":"status-publish","4":"has-post-thumbnail","6":"product_brand-sky-watcher","7":"product_cat-telescopes_reflecteurs","8":"product_cat-newton","10":"first","11":"on_supplier","12":"taxable","13":"shipping-taxable","14":"purchasable","15":"product-type-simple"},"_links":{"self":[{"href":"https:\/\/deep-space-astronomy.ch\/de\/wp-json\/wp\/v2\/product\/8695","targetHints":{"allow":["GET"]}}],"collection":[{"href":"https:\/\/deep-space-astronomy.ch\/de\/wp-json\/wp\/v2\/product"}],"about":[{"href":"https:\/\/deep-space-astronomy.ch\/de\/wp-json\/wp\/v2\/types\/product"}],"replies":[{"embeddable":true,"href":"https:\/\/deep-space-astronomy.ch\/de\/wp-json\/wp\/v2\/comments?post=8695"}],"wp:featuredmedia":[{"embeddable":true,"href":"https:\/\/deep-space-astronomy.ch\/de\/wp-json\/wp\/v2\/media\/8930"}],"wp:attachment":[{"href":"https:\/\/deep-space-astronomy.ch\/de\/wp-json\/wp\/v2\/media?parent=8695"}],"wp:term":[{"taxonomy":"product_brand","embeddable":true,"href":"https:\/\/deep-space-astronomy.ch\/de\/wp-json\/wp\/v2\/product_brand?post=8695"},{"taxonomy":"product_cat","embeddable":true,"href":"https:\/\/deep-space-astronomy.ch\/de\/wp-json\/wp\/v2\/product_cat?post=8695"},{"taxonomy":"product_tag","embeddable":true,"href":"https:\/\/deep-space-astronomy.ch\/de\/wp-json\/wp\/v2\/product_tag?post=8695"}],"curies":[{"name":"wp","href":"https:\/\/api.w.org\/{rel}","templated":true}]}}