{"id":8699,"date":"2025-06-26T17:18:25","date_gmt":"2025-06-26T15:18:25","guid":{"rendered":"https:\/\/deep-space-astronomy.ch\/?post_type=product&#038;p=8699"},"modified":"2026-01-22T17:54:45","modified_gmt":"2026-01-22T16:54:45","slug":"sky-watcher-explorer-150pds-eq3-pro","status":"publish","type":"product","link":"https:\/\/deep-space-astronomy.ch\/de\/produkt\/sky-watcher-explorer-150pds-eq3-pro\/","title":{"rendered":"Sky-Watcher Explorer-150PDS auf EQ3 PRO Go-To Montierung"},"content":{"rendered":"<div>\n<h2>Sky-Watcher Explorer 150PDS EQ3 PRO Go-To - Newton-Teleskop f\u00fcr assistierte Astrofotografie<\/h2>\n<p><strong>Ein leistungsstarkes, automatisiertes Teleskop, das perfekt f\u00fcr die Astrofotografie im Haushalt geeignet ist<\/strong><\/p>\n<p>Die <strong>Sky-Watcher Explorer 150PDS EQ3 PRO Go-To<\/strong> ist eine High-End-Version des ber\u00fchmten 150 mm f\/5 Newton-Teleskops,<br \/>\nhier montiert an der motorisierten \u00e4quatorialen Montierung EQ3 PRO mit Go-To-System <strong>SynScan<\/strong> und Datenbank mit \u00fcber 42'900 Himmelsobjekten.<\/p>\n<p>Dieses Modell beh\u00e4lt die hervorragende Optik der Serie bei <em>Black Diamond Explorer-150P<\/em>mit zwei wichtigen Verbesserungen:<\/p>\n<ul>\n<li><strong>Crayford 2\u2033 Okularhalter mit doppelter Geschwindigkeit (10:1)<\/strong> f\u00fcr eine bemerkenswert pr\u00e4zise Fokussierung.<\/li>\n<li><strong>Verk\u00fcrztes Rohr<\/strong> um die Fokussierung im Fokus mit einer Spiegelreflexkamera oder einem Camcorder zu erleichtern.<\/li>\n<\/ul>\n<p>F\u00fcr eine noch bessere Leistung in der Astrofotografie ist die gemeinsame Verwendung mit dem <strong>Sky-Watcher-Koma-Korrektur<\/strong> (Produktref. 20233) wird empfohlen.<\/p>\n<h3>Technische Daten zum Sky-Watcher Explorer 150PDS EQ3 PRO Go-To<\/h3>\n<table border=\"1\" cellspacing=\"0\" cellpadding=\"8\">\n<tbody>\n<tr>\n<th>Art des Teleskops<\/th>\n<td>Newton-Reflektor<\/td>\n<\/tr>\n<tr>\n<th>Durchmesser des Hauptspiegels<\/th>\n<td>150 mm<\/td>\n<\/tr>\n<tr>\n<th>Brennweite<\/th>\n<td>750 mm (f\/5)<\/td>\n<\/tr>\n<tr>\n<th>Vergr\u00f6\u00dferung mit dem mitgelieferten Okular<\/th>\n<td>x30<\/td>\n<\/tr>\n<tr>\n<th>Empfohlene maximale Vergr\u00f6\u00dferung<\/th>\n<td>x300<\/td>\n<\/tr>\n<tr>\n<th>Okular im Lieferumfang enthalten<\/th>\n<td>25 mm (Format 1,25\u2033, d. h. 31,7 mm)<\/td>\n<\/tr>\n<tr>\n<th>Forscher<\/th>\n<td>6\u00d730 optisch<\/td>\n<\/tr>\n<tr>\n<th>Okularhalter<\/th>\n<td>Crayford 2\u2033 mit \u00dcbersetzung 10:1 + Adapter 1,25\u2033.<\/td>\n<\/tr>\n<tr>\n<th>Beschichtung von Spiegeln<\/th>\n<td>Radiant\u2122 Aluminum Quartz (RAQ\u2122), Reflexionsverm\u00f6gen bis zu 94%<\/td>\n<\/tr>\n<tr>\n<th>Halterungen des Sekund\u00e4rspiegels<\/th>\n<td>0,5 mm ultrad\u00fcnne Medien<\/td>\n<\/tr>\n<tr>\n<th>Rahmen<\/th>\n<td>EQ3 PRO Motorisierter Go-To mit Aluminiumstativ<\/td>\n<\/tr>\n<tr>\n<th>Integrierte Datenbank<\/th>\n<td>42'900+ Himmelsobjekte (Planeten, Nebel, Galaxien, Cluster...)<\/td>\n<\/tr>\n<tr>\n<th>Sammeln von Licht<\/th>\n<td>33% gr\u00f6\u00dfer als ein 130-mm-Teleskop<\/td>\n<\/tr>\n<\/tbody>\n<\/table>\n<h3>Hochwertige Parabolspiegel: scharfe und pr\u00e4zise Bilder<\/h3>\n<p>Die <strong>Parabolspiegel<\/strong> eliminieren die sph\u00e4rischen Aberrationen, die h\u00e4ufig bei Teleskopen mit sph\u00e4rischem Spiegel auftreten.<br \/>\nHier laufen alle Strahlen perfekt in einem einzigen Brennpunkt zusammen und sorgen f\u00fcr Bilder <strong>kontrastreich, scharf und detailreich<\/strong>.<\/p>\n<h3>Ein Teleskop f\u00fcr anspruchsvolle Enthusiasten<\/h3>\n<p>Dieses Teleskop ist ideal f\u00fcr fortgeschrittene Amateure, die ein komplettes System f\u00fcr Deep-Sky-Astrofotografie und hochwertige visuelle Beobachtung w\u00fcnschen.<br \/>\nSeine <strong>Go-To-Rahmen EQ3 PRO<\/strong> erm\u00f6glicht die automatische Verfolgung von Himmelsobjekten, vereinfacht die Stationierung durch das SynScan-System,<br \/>\nund mehr Zeit mit dem Fangen als mit dem Suchen verbringen.<\/p>\n<p><em>sofort lieferbar - schnelle Lieferung aus der Schweiz - Ratenzahlung akzeptiert<\/em><\/p>\n<\/div>","protected":false},"excerpt":{"rendered":"<p>Sky-Watcher Explorer 150PDS EQ3 PRO Go-To \u2013 T\u00e9lescope Newton pour astrophotographie assist\u00e9e Un t\u00e9lescope puissant, automatis\u00e9 et parfaitement adapt\u00e9 \u00e0 l\u2019astrophoto au foyer Le Sky-Watcher Explorer 150PDS EQ3 PRO Go-To est une version haut de gamme du fameux t\u00e9lescope Newton 150 mm f\/5, mont\u00e9 ici sur la monture \u00e9quatoriale motoris\u00e9e EQ3 PRO avec syst\u00e8me Go-To [&hellip;]<\/p>\n","protected":false},"featured_media":8926,"comment_status":"open","ping_status":"closed","template":"","meta":[],"product_brand":[822],"product_cat":[815,747,392],"product_tag":[],"class_list":{"0":"post-8699","1":"product","2":"type-product","3":"status-publish","4":"has-post-thumbnail","6":"product_brand-sky-watcher","7":"product_cat-debutants","8":"product_cat-newton","9":"product_cat-telescopes_reflecteurs","11":"first","12":"on_supplier","13":"taxable","14":"shipping-taxable","15":"purchasable","16":"product-type-simple"},"_links":{"self":[{"href":"https:\/\/deep-space-astronomy.ch\/de\/wp-json\/wp\/v2\/product\/8699","targetHints":{"allow":["GET"]}}],"collection":[{"href":"https:\/\/deep-space-astronomy.ch\/de\/wp-json\/wp\/v2\/product"}],"about":[{"href":"https:\/\/deep-space-astronomy.ch\/de\/wp-json\/wp\/v2\/types\/product"}],"replies":[{"embeddable":true,"href":"https:\/\/deep-space-astronomy.ch\/de\/wp-json\/wp\/v2\/comments?post=8699"}],"wp:featuredmedia":[{"embeddable":true,"href":"https:\/\/deep-space-astronomy.ch\/de\/wp-json\/wp\/v2\/media\/8926"}],"wp:attachment":[{"href":"https:\/\/deep-space-astronomy.ch\/de\/wp-json\/wp\/v2\/media?parent=8699"}],"wp:term":[{"taxonomy":"product_brand","embeddable":true,"href":"https:\/\/deep-space-astronomy.ch\/de\/wp-json\/wp\/v2\/product_brand?post=8699"},{"taxonomy":"product_cat","embeddable":true,"href":"https:\/\/deep-space-astronomy.ch\/de\/wp-json\/wp\/v2\/product_cat?post=8699"},{"taxonomy":"product_tag","embeddable":true,"href":"https:\/\/deep-space-astronomy.ch\/de\/wp-json\/wp\/v2\/product_tag?post=8699"}],"curies":[{"name":"wp","href":"https:\/\/api.w.org\/{rel}","templated":true}]}}