{"id":8700,"date":"2025-06-26T17:18:25","date_gmt":"2025-06-26T15:18:25","guid":{"rendered":"https:\/\/deep-space-astronomy.ch\/?post_type=product&#038;p=8700"},"modified":"2026-01-22T17:53:46","modified_gmt":"2026-01-22T16:53:46","slug":"sky-watcher-explorer-150pds-eq3-2","status":"publish","type":"product","link":"https:\/\/deep-space-astronomy.ch\/de\/produkt\/sky-watcher-explorer-150pds-eq3-2\/","title":{"rendered":"Sky-Watcher Explorer-150PDS auf EQ3-2-Montierung"},"content":{"rendered":"<div>\n<h2>Sky-Watcher Explorer 150PDS mit EQ3-2 Montierung - Newton-Teleskop, das f\u00fcr die Astrofotografie optimiert ist<\/h2>\n<p><strong>Ein komplettes Setup f\u00fcr den ernsthaften Einstieg in die Astrofotografie und die Himmelsbeobachtung<\/strong><\/p>\n<p>Die <strong>Sky-Watcher Explorer 150PDS<\/strong> auf <strong>\u00c4quatoriale Montierung EQ3-2<\/strong> kombiniert einen ausgezeichneten 150-mm-Parabolspiegel mit einer optimierten Mechanik<br \/>\nf\u00fcr die Astrofotografie im Foyer. Erbe des Modells <em>Explorer-150P Black Diamond<\/em>Es bietet zwei wichtige Verbesserungen:<\/p>\n<ul>\n<li><strong>Okularhalter Crayford 2\u2033 untersetzt 10:1<\/strong> f\u00fcr eine feine Fokussierung, die bei der Bildgebung unerl\u00e4sslich ist.<\/li>\n<li><strong>Verk\u00fcrztes Rohr<\/strong> die eine direkte Fokussierung mit Kameras erm\u00f6glicht, ohne dass diese ver\u00e4ndert werden m\u00fcssen.<\/li>\n<\/ul>\n<p>F\u00fcr eine optimale Wiedergabe der Sterne bis zum Rand des Bildfeldes kombinieren Sie diesen Tubus mit dem <strong>Sky-Watcher-Koma-Korrektur<\/strong> (Referenz 20233).<br \/>\nDiese Kombination maximiert die Leistung sowohl bei der visuellen Beobachtung als auch bei der Astrofotografie.<\/p>\n<h3>Technische Daten zum Sky-Watcher Explorer 150PDS EQ3-2<\/h3>\n<table border=\"1\" cellspacing=\"0\" cellpadding=\"8\">\n<tbody>\n<tr>\n<th>Art des Teleskops<\/th>\n<td>Newton-Reflektor<\/td>\n<\/tr>\n<tr>\n<th>Durchmesser des Hauptspiegels<\/th>\n<td>150 mm<\/td>\n<\/tr>\n<tr>\n<th>Brennweite<\/th>\n<td>750 mm (f\/5)<\/td>\n<\/tr>\n<tr>\n<th>Vergr\u00f6\u00dferung mit dem mitgelieferten Okular<\/th>\n<td>x30<\/td>\n<\/tr>\n<tr>\n<th>Empfohlene maximale Vergr\u00f6\u00dferung<\/th>\n<td>x300<\/td>\n<\/tr>\n<tr>\n<th>Okular im Lieferumfang enthalten<\/th>\n<td>25 mm (Format 1,25\u2033, d. h. 31,7 mm)<\/td>\n<\/tr>\n<tr>\n<th>Forscher<\/th>\n<td>6\u00d730 optisch<\/td>\n<\/tr>\n<tr>\n<th>Okularhalter<\/th>\n<td>Crayford 2\u2033 mit \u00dcbersetzung 10:1 + Adapter 1,25\u2033.<\/td>\n<\/tr>\n<tr>\n<th>Beschichtung von Spiegeln<\/th>\n<td>Radiant\u2122 Aluminum Quarz (RAQ\u2122), Reflexionsverm\u00f6gen 94%<\/td>\n<\/tr>\n<tr>\n<th>Halterungen des Sekund\u00e4rspiegels<\/th>\n<td>0,5 mm ultrad\u00fcnne Medien<\/td>\n<\/tr>\n<tr>\n<th>Rahmen<\/th>\n<td>EQ3-2 \u00e4quatorial mit Aluminiumstativ<\/td>\n<\/tr>\n<tr>\n<th>Sammeln von Licht<\/th>\n<td>33% gr\u00f6\u00dfer als ein 130-mm-Teleskop<\/td>\n<\/tr>\n<\/tbody>\n<\/table>\n<h3>Parabolspiegel: ein au\u00dfergew\u00f6hnlicher Kontrast<\/h3>\n<p>Die <strong>hochpr\u00e4ziser Parabolspiegel<\/strong> korrigiert sph\u00e4rische Aberrationen, die typisch f\u00fcr Teleskope mit kurzer Brennweite sind<br \/>\ndie mit sph\u00e4rischen Spiegeln ausgestattet sind. Jeder Lichtstrahl wird exakt auf denselben Punkt fokussiert und garantiert Bilder<br \/>\n<strong>scharf, kontrastreich und voller Details<\/strong>.<\/p>\n<h3>Ein ausgezeichnetes Teleskop, um Fortschritte in der Astrofotografie und im visuellen Bereich zu machen<\/h3>\n<p>Mit seiner gro\u00dfen Blende von 150 mm und dem kurzen Fokussierungsverh\u00e4ltnis von f\/5 bietet der Sky-Watcher Explorer 150PDS<br \/>\nein ausgezeichneter Kompromiss zwischen Leistung, Sichtfeld und Tragbarkeit. Montiert auf einem <strong>EQ3-2 stabil und skalierbar<\/strong>,<br \/>\nEs ist eine erstklassige Wahl f\u00fcr Amateur-Astrofotografen, die ein zuverl\u00e4ssiges, erweiterbares und leistungsstarkes Set erwerben m\u00f6chten.<\/p>\n<p><em>Pers\u00f6nlicher Kundendienst - Ratenzahlung m\u00f6glich<\/em><\/p>\n<\/div>","protected":false},"excerpt":{"rendered":"<p>Sky-Watcher Explorer 150PDS avec monture EQ3-2 \u2013 T\u00e9lescope Newton optimis\u00e9 pour l\u2019astrophotographie Un setup complet pour d\u00e9buter s\u00e9rieusement l\u2019astrophoto et l\u2019observation c\u00e9leste Le Sky-Watcher Explorer 150PDS sur monture \u00e9quatoriale EQ3-2 combine un excellent miroir parabolique de 150 mm et une m\u00e9canique optimis\u00e9e pour l\u2019astrophotographie au foyer. H\u00e9ritier du mod\u00e8le Explorer-150P Black Diamond, il offre deux [&hellip;]<\/p>\n","protected":false},"featured_media":8924,"comment_status":"open","ping_status":"closed","template":"","meta":[],"product_brand":[822],"product_cat":[392,747,815],"product_tag":[],"class_list":{"0":"post-8700","1":"product","2":"type-product","3":"status-publish","4":"has-post-thumbnail","6":"product_brand-sky-watcher","7":"product_cat-telescopes_reflecteurs","8":"product_cat-newton","9":"product_cat-debutants","11":"first","12":"on_supplier","13":"taxable","14":"shipping-taxable","15":"purchasable","16":"product-type-simple"},"_links":{"self":[{"href":"https:\/\/deep-space-astronomy.ch\/de\/wp-json\/wp\/v2\/product\/8700","targetHints":{"allow":["GET"]}}],"collection":[{"href":"https:\/\/deep-space-astronomy.ch\/de\/wp-json\/wp\/v2\/product"}],"about":[{"href":"https:\/\/deep-space-astronomy.ch\/de\/wp-json\/wp\/v2\/types\/product"}],"replies":[{"embeddable":true,"href":"https:\/\/deep-space-astronomy.ch\/de\/wp-json\/wp\/v2\/comments?post=8700"}],"wp:featuredmedia":[{"embeddable":true,"href":"https:\/\/deep-space-astronomy.ch\/de\/wp-json\/wp\/v2\/media\/8924"}],"wp:attachment":[{"href":"https:\/\/deep-space-astronomy.ch\/de\/wp-json\/wp\/v2\/media?parent=8700"}],"wp:term":[{"taxonomy":"product_brand","embeddable":true,"href":"https:\/\/deep-space-astronomy.ch\/de\/wp-json\/wp\/v2\/product_brand?post=8700"},{"taxonomy":"product_cat","embeddable":true,"href":"https:\/\/deep-space-astronomy.ch\/de\/wp-json\/wp\/v2\/product_cat?post=8700"},{"taxonomy":"product_tag","embeddable":true,"href":"https:\/\/deep-space-astronomy.ch\/de\/wp-json\/wp\/v2\/product_tag?post=8700"}],"curies":[{"name":"wp","href":"https:\/\/api.w.org\/{rel}","templated":true}]}}