{"id":8709,"date":"2025-06-26T17:18:26","date_gmt":"2025-06-26T15:18:26","guid":{"rendered":"https:\/\/deep-space-astronomy.ch\/?post_type=product&#038;p=8709"},"modified":"2025-09-17T15:43:50","modified_gmt":"2025-09-17T13:43:50","slug":"sky-watcher-quattro-300p-f-4","status":"publish","type":"product","link":"https:\/\/deep-space-astronomy.ch\/de\/produkt\/sky-watcher-quattro-300p-f-4\/","title":{"rendered":"Sky-Watcher Quattro-300P (f\/4)"},"content":{"rendered":"<section lang=\"fr\">\n<h1>Sky-Watcher Quattro 300P Imaging Newtonian - Astrografisches Teleskop 305mm f\/4<\/h1>\n<p>Die <strong>Sky-Watcher Quattro 300P Imaging Newtonian<\/strong> ist ein <strong>305-mm-Newtonsches Teleskop<\/strong> das f\u00fcr die anspruchsvolle Astrofotografie entwickelt wurde. Dank seiner <strong>1200 mm Brennweite<\/strong> und sein <strong>ultraschneller f\/4-Ansatz<\/strong>, erm\u00f6glicht es Ihnen, tiefe Bilder mit maximaler Signalst\u00e4rke in k\u00fcrzester Zeit aufzunehmen. Diese R\u00f6hre eignet sich perfekt f\u00fcr Vollformatsensoren von Kameras und digitalen Spiegelreflexkameras.<\/p>\n<h2>Ein leistungsstarkes Instrument f\u00fcr Foto- und visuelle Zwecke<\/h2>\n<p>Erbaut um einen <strong>parabolischer Borsilikat-Prim\u00e4rspiegel<\/strong>, Der Quattro 300P verf\u00fcgt \u00fcber die exklusive Beschichtung <strong>Radiant\u2122 Aluminum Quartz\u2122 (RAQ\u2122)<\/strong> sichert eine <strong>Reflexionsverm\u00f6gen von 94 %<\/strong>. Sein \u00fcbergro\u00dfer Sekund\u00e4rspiegel sorgt f\u00fcr eine gleichm\u00e4\u00dfige Ausleuchtung von Sensoren bis zum Vollformat.<\/p>\n<p>Obwohl der Tubus f\u00fcr die Bildgebung optimiert wurde, ist er auch f\u00fcr die visuelle Beobachtung hervorragend geeignet. Er liefert helle und detailreiche Bilder von Nebeln, Galaxien, Sternhaufen und schwachen Deep-Sky-Objekten.<\/p>\n<h2>Technische Spezifikationen - Quattro 300P Imaging Newtonian<\/h2>\n<table border=\"1\" cellspacing=\"0\" cellpadding=\"8\">\n<caption><strong>Optische Daten<\/strong><\/caption>\n<tbody>\n<tr>\n<td>Art der Optik<\/td>\n<td>Parabolischer Newton-Reflektor<\/td>\n<\/tr>\n<tr>\n<td>Er\u00f6ffnung<\/td>\n<td>305 mm (12\u2033)<\/td>\n<\/tr>\n<tr>\n<td>Brennweite<\/td>\n<td>1200 mm<\/td>\n<\/tr>\n<tr>\n<td>Fokusbericht<\/td>\n<td>f\/4<\/td>\n<\/tr>\n<tr>\n<td>Glas<\/td>\n<td>Borosilikat<\/td>\n<\/tr>\n<tr>\n<td>Beschichtung von Spiegeln<\/td>\n<td>RAQ\u2122 (94 % Reflektivit\u00e4t)<\/td>\n<\/tr>\n<tr>\n<td>Durchmesser des Sekund\u00e4rteils<\/td>\n<td>102 mm (Obstruktion 33 %)<\/td>\n<\/tr>\n<tr>\n<td>Obstruktion durch Oberfl\u00e4che<\/td>\n<td>11 %<\/td>\n<\/tr>\n<tr>\n<td>Trennende Kraft (Dawes)<\/td>\n<td>0,38\u2033<\/td>\n<\/tr>\n<tr>\n<td>Rayleigh-Grenze<\/td>\n<td>0,46\u2033<\/td>\n<\/tr>\n<tr>\n<td>Grenzmagnitude<\/td>\n<td>14,9<\/td>\n<\/tr>\n<tr>\n<td>Nutzbare Vergr\u00f6\u00dferungen min.\/max.<\/td>\n<td>43\u00d7 \/ 600\u00d7<\/td>\n<\/tr>\n<tr>\n<td>Lichtverst\u00e4rkung vs. 250 mm<\/td>\n<td>+44 %<\/td>\n<\/tr>\n<\/tbody>\n<\/table>\n<p>&nbsp;<\/p>\n<table border=\"1\" cellspacing=\"0\" cellpadding=\"8\">\n<caption><strong>Zubeh\u00f6r und Ma\u00dfe<\/strong><\/caption>\n<tbody>\n<tr>\n<td>Fokussieren<\/td>\n<td>Crayford 2\u2033 Doppelte Geschwindigkeit (10:1)<\/td>\n<\/tr>\n<tr>\n<td>Forscher<\/td>\n<td>9\u00d750 optisch<\/td>\n<\/tr>\n<tr>\n<td>Okularadapter<\/td>\n<td>1,25\u2033 und 2\u2033.<\/td>\n<\/tr>\n<tr>\n<td>Inklusive Okulare<\/td>\n<td>Keine (R\u00f6hre f\u00fcr Bildgebung konzipiert)<\/td>\n<\/tr>\n<tr>\n<td>Koma-Korrektur<\/td>\n<td>Nicht enthalten (optional)<\/td>\n<\/tr>\n<tr>\n<td>Montage<\/td>\n<td>Ringe + Schwalbenschwanz Typ D (Losmandy)<\/td>\n<\/tr>\n<tr>\n<td>L\u00e4nge des Rohrs<\/td>\n<td>108 cm (42,5\u2033)<\/td>\n<\/tr>\n<tr>\n<td>Durchmesser des Rohrs<\/td>\n<td>362 mm (14,25\u2033)<\/td>\n<\/tr>\n<tr>\n<td>Gewicht (mit Zubeh\u00f6r)<\/td>\n<td>25,8 kg<\/td>\n<\/tr>\n<\/tbody>\n<\/table>\n<h2>Warum sollten Sie sich f\u00fcr den Quattro 300P entscheiden?<\/h2>\n<ul>\n<li><strong>305 mm \u00d6ffnung<\/strong> f\u00fcr maximale Lichtsammlung<\/li>\n<li><strong>Verh\u00e4ltnis f\/4<\/strong> ultraschnell f\u00fcr k\u00fcrzere Belichtungszeiten<\/li>\n<li><strong>Kompatibel mit Vollformatsensoren<\/strong> dank des \u00fcbergro\u00dfen Sekund\u00e4rteils<\/li>\n<li><strong>Robuste und pr\u00e4zise R\u00f6hre<\/strong> mit Black Diamond Finish<\/li>\n<li><strong>Ideal f\u00fcr die Fassungen EQ8, EQ6-R, AM5 (mit Gegengewicht)<\/strong><\/li>\n<\/ul>\n<h2>Ein Astrograph mit gro\u00dfem Durchmesser f\u00fcr anspruchsvolle Fotografen<\/h2>\n<p>Die <strong>Sky-Watcher Quattro 300P<\/strong> richtet sich an alle, die die Grenzen ihrer Bildgebung erweitern wollen. Es ist ein leistungsstarkes, zuverl\u00e4ssiges und skalierbares Instrument, das sich f\u00fcr alle Sensoren eignet, von der APS-C-Spiegelreflexkamera bis zur Vollformat-CCD-Kamera. Seine Geschwindigkeit, Genauigkeit und Helligkeit machen es zu einer strategischen Wahl, wenn es darum geht, Galaxien, Nebel, Sternhaufen und schwache Deep-Sky-Objekte mit gro\u00dfer Sch\u00e4rfe einzufangen.<\/p>\n<p><strong>Jetzt verf\u00fcgbar<\/strong> - schnelle Lieferung, fachkundige Beratung und pers\u00f6nliche Betreuung f\u00fcr einen guten Start Ihrer Imaging-Sessions!<\/p>\n<\/section>","protected":false},"excerpt":{"rendered":"<p>Sky-Watcher Quattro 300P Imaging Newtonian \u2013 T\u00e9lescope Astrographe 305 mm f\/4 Le Sky-Watcher Quattro 300P Imaging Newtonian est un t\u00e9lescope newtonien de 305 mm con\u00e7u pour l\u2019astrophotographie exigeante. Gr\u00e2ce \u00e0 sa focale de 1200 mm et son rapport f\/4 ultra-rapide, il permet de capturer des images profondes avec un maximum de signal en un minimum [&hellip;]<\/p>\n","protected":false},"featured_media":9762,"comment_status":"open","ping_status":"closed","template":"","meta":[],"product_brand":[822],"product_cat":[392,747],"product_tag":[],"class_list":{"0":"post-8709","1":"product","2":"type-product","3":"status-publish","4":"has-post-thumbnail","6":"product_brand-sky-watcher","7":"product_cat-telescopes_reflecteurs","8":"product_cat-newton","10":"first","11":"on_supplier","12":"taxable","13":"shipping-taxable","14":"purchasable","15":"product-type-simple"},"_links":{"self":[{"href":"https:\/\/deep-space-astronomy.ch\/de\/wp-json\/wp\/v2\/product\/8709","targetHints":{"allow":["GET"]}}],"collection":[{"href":"https:\/\/deep-space-astronomy.ch\/de\/wp-json\/wp\/v2\/product"}],"about":[{"href":"https:\/\/deep-space-astronomy.ch\/de\/wp-json\/wp\/v2\/types\/product"}],"replies":[{"embeddable":true,"href":"https:\/\/deep-space-astronomy.ch\/de\/wp-json\/wp\/v2\/comments?post=8709"}],"wp:featuredmedia":[{"embeddable":true,"href":"https:\/\/deep-space-astronomy.ch\/de\/wp-json\/wp\/v2\/media\/9762"}],"wp:attachment":[{"href":"https:\/\/deep-space-astronomy.ch\/de\/wp-json\/wp\/v2\/media?parent=8709"}],"wp:term":[{"taxonomy":"product_brand","embeddable":true,"href":"https:\/\/deep-space-astronomy.ch\/de\/wp-json\/wp\/v2\/product_brand?post=8709"},{"taxonomy":"product_cat","embeddable":true,"href":"https:\/\/deep-space-astronomy.ch\/de\/wp-json\/wp\/v2\/product_cat?post=8709"},{"taxonomy":"product_tag","embeddable":true,"href":"https:\/\/deep-space-astronomy.ch\/de\/wp-json\/wp\/v2\/product_tag?post=8709"}],"curies":[{"name":"wp","href":"https:\/\/api.w.org\/{rel}","templated":true}]}}