{"id":8710,"date":"2025-06-26T17:18:26","date_gmt":"2025-06-26T15:18:26","guid":{"rendered":"https:\/\/deep-space-astronomy.ch\/?post_type=product&#038;p=8710"},"modified":"2025-12-04T09:36:00","modified_gmt":"2025-12-04T08:36:00","slug":"sky-watcher-quattro-250p-f-4","status":"publish","type":"product","link":"https:\/\/deep-space-astronomy.ch\/de\/produkt\/sky-watcher-quattro-250p-f-4\/","title":{"rendered":"Sky-Watcher Quattro-250P (f\/4)"},"content":{"rendered":"<section lang=\"fr\">\n<h1>Sky-Watcher Quattro 250P Imaging Newtonian - Astrografisches Teleskop 254 mm f\/4<\/h1>\n<p>Die <strong>Sky-Watcher Quattro 250P Imaging Newtonian<\/strong> ist ein 10-Zoll-Newtonsches Teleskop (254 mm), das f\u00fcr die<strong>schnelle und leistungsf\u00e4hige Astrofotografie<\/strong>. Mit seinem <strong>f\/4-Brennweite<\/strong> und seinem \u00fcbergro\u00dfen Sekund\u00e4rspiegel garantiert es eine ideale Abdeckung von Vollformat-DSLR-Sensoren und modernen CCD-Kameras. Sie ist eine leistungsstarke und erschwingliche L\u00f6sung f\u00fcr Deep-Sky-Fotografen.<\/p>\n<h2>Ein Hochleistungs-Astrograph f\u00fcr Ihre ambitioniertesten Bilder<\/h2>\n<p>Dank seiner <strong>Brennweite von 1000 mm<\/strong> und einer Blende von 254 mm erm\u00f6glicht der Quattro 250P kurze Belichtungszeiten, w\u00e4hrend er gleichzeitig ein Maximum an Licht einf\u00e4ngt. Seine <strong>Parabolspiegel aus Borosilikatglas<\/strong> ist mit der exklusiven Beschichtung <strong>Radiant\u2122 Aluminum Quartz\u2122 (RAQ\u2122)<\/strong>und bietet eine <strong>Reflektivit\u00e4t von 94%<\/strong> f\u00fcr eine au\u00dfergew\u00f6hnliche Lichtausbeute.<\/p>\n<p>Das Rohr ist aus gerolltem Stahl konstruiert und mit einer <strong>schwarzes Metallic-Finish \"Black Diamond\"<\/strong>, die sowohl elegant als auch robust ist. Abgerundet wird das Ganze durch einen <strong>Fokussierer Crayford 2\u2033 doppelte Geschwindigkeit (10:1)<\/strong>Die Kamera ist pr\u00e4zise und fl\u00fcssig, ideal f\u00fcr Feineinstellungen beim Fotografieren.<\/p>\n<h2>Technische Spezifikationen - Quattro 250P<\/h2>\n<table border=\"1\" cellspacing=\"0\" cellpadding=\"8\">\n<caption><strong>Optische Daten<\/strong><\/caption>\n<tbody>\n<tr>\n<td>Art der Optik<\/td>\n<td>Parabolischer Newton-Reflektor<\/td>\n<\/tr>\n<tr>\n<td>Er\u00f6ffnung<\/td>\n<td>254 mm<\/td>\n<\/tr>\n<tr>\n<td>Brennweite<\/td>\n<td>1000 mm<\/td>\n<\/tr>\n<tr>\n<td>Fokusbericht<\/td>\n<td>f\/4<\/td>\n<\/tr>\n<tr>\n<td>Glasart<\/td>\n<td>Borosilikat<\/td>\n<\/tr>\n<tr>\n<td>Beschichtung von Spiegeln<\/td>\n<td>Radiant\u2122 Aluminum Quartz\u2122 (RAQ\u2122) - 94% Reflektivit\u00e4t<\/td>\n<\/tr>\n<tr>\n<td>Durchmesser des Sekund\u00e4rteils<\/td>\n<td>89 mm (Obstruktion 35%)<\/td>\n<\/tr>\n<tr>\n<td>Obstruktion durch Oberfl\u00e4che<\/td>\n<td>12%<\/td>\n<\/tr>\n<tr>\n<td>Trennende Kraft (Dawes)<\/td>\n<td>0,46\u2033<\/td>\n<\/tr>\n<tr>\n<td>Rayleigh-Grenze<\/td>\n<td>0,55\u2033<\/td>\n<\/tr>\n<tr>\n<td>Grenzmagnitude<\/td>\n<td>14,5<\/td>\n<\/tr>\n<tr>\n<td>Nutzbare Vergr\u00f6\u00dferung min.\/max.<\/td>\n<td>36\u00d7 \/ 500\u00d7<\/td>\n<\/tr>\n<tr>\n<td>Lichtverst\u00e4rkung vs. 200 mm<\/td>\n<td>+57%<\/td>\n<\/tr>\n<\/tbody>\n<\/table>\n<p>&nbsp;<\/p>\n<table border=\"1\" cellspacing=\"0\" cellpadding=\"8\">\n<caption><strong>Zubeh\u00f6r und Ma\u00dfe<\/strong><\/caption>\n<tbody>\n<tr>\n<td>Fokussieren<\/td>\n<td>Crayford 2\u2033 Doppelte Geschwindigkeit (10:1)<\/td>\n<\/tr>\n<tr>\n<td>Forscher<\/td>\n<td>9\u00d750 optisch<\/td>\n<\/tr>\n<tr>\n<td>Adapter<\/td>\n<td>1,25\u2033 und 2\u2033.<\/td>\n<\/tr>\n<tr>\n<td>Inklusive Okulare<\/td>\n<td>Keine (f\u00fcr Fotozwecke konzipiert)<\/td>\n<\/tr>\n<tr>\n<td>Koma-Korrektur<\/td>\n<td>Nicht enthalten (optional)<\/td>\n<\/tr>\n<tr>\n<td>Ringe und Montagestange<\/td>\n<td>Inklusive Vixen-Ringe und Schwalbenschwanz<\/td>\n<\/tr>\n<tr>\n<td>L\u00e4nge des Rohrs<\/td>\n<td>92,7 cm (36,5\u2033)<\/td>\n<\/tr>\n<tr>\n<td>Au\u00dfendurchmesser des Rohrs<\/td>\n<td>289 mm (11,375\u2033)<\/td>\n<\/tr>\n<tr>\n<td>Gewicht mit Zubeh\u00f6r<\/td>\n<td>16,5 kg<\/td>\n<\/tr>\n<\/tbody>\n<\/table>\n<h2>Warum sollten Sie sich f\u00fcr den Quattro 250P entscheiden?<\/h2>\n<ul>\n<li><strong>Schnelles f\/4-Verh\u00e4ltnis<\/strong> f\u00fcr k\u00fcrzere Belichtungszeiten und ein besseres Signal-Rausch-Verh\u00e4ltnis<\/li>\n<li><strong>Gro\u00dfer Sekund\u00e4rspiegel<\/strong> f\u00fcr die volle Ausleuchtung von Vollformatsensoren<\/li>\n<li><strong>Black Diamond Finish<\/strong> robust und professionell<\/li>\n<li><strong>Kompatibel mit den Fassungen EQ6 \/ EQ8 \/ AM5<\/strong><\/li>\n<li><strong>M\u00f6gliche Entwicklung<\/strong> mit Koma-Korrektur f\u00fcr ein perfekt korrigiertes Feld<\/li>\n<\/ul>\n<h2>Eine erschwingliche professionelle R\u00f6hre f\u00fcr anspruchsvolle Astrofotografen<\/h2>\n<p>Die <strong>Sky-Watcher Quattro 250P Imaging Newtonian<\/strong> kombiniert Leistung, Geschwindigkeit und Zug\u00e4nglichkeit. Es ist eine strategische Wahl f\u00fcr Enthusiasten, die mit einem Instrument mit gro\u00dfem Durchmesser in die fortgeschrittene Bildgebung einsteigen m\u00f6chten, ohne Kompromisse bei der optischen Qualit\u00e4t einzugehen. Es eignet sich auch hervorragend f\u00fcr den visuellen Einsatz mit gro\u00dfem Bildfeld und hoher Aufl\u00f6sung.<\/p>\n<p><strong>Bestellen Sie jetzt<\/strong> Ihren Quattro 250P in unserem Fachgesch\u00e4ft - schnelle Lieferung, technische Unterst\u00fctzung und pers\u00f6nliche Betreuung inklusive.<\/p>\n<\/section>","protected":false},"excerpt":{"rendered":"<p>Sky-Watcher Quattro 250P Imaging Newtonian \u2013 T\u00e9lescope Astrographe 254 mm f\/4 Le Sky-Watcher Quattro 250P Imaging Newtonian est un t\u00e9lescope newtonien de 10 pouces (254 mm) con\u00e7u pour l\u2019astrophotographie rapide et performante. Avec son rapport focal f\/4 et son miroir secondaire surdimensionn\u00e9, il garantit une couverture id\u00e9ale des capteurs DSLR plein format et cam\u00e9ras CCD [&hellip;]<\/p>\n","protected":false},"featured_media":9761,"comment_status":"open","ping_status":"closed","template":"","meta":[],"product_brand":[822],"product_cat":[747,392],"product_tag":[],"class_list":{"0":"post-8710","1":"product","2":"type-product","3":"status-publish","4":"has-post-thumbnail","6":"product_brand-sky-watcher","7":"product_cat-newton","8":"product_cat-telescopes_reflecteurs","10":"first","11":"on_supplier","12":"taxable","13":"shipping-taxable","14":"purchasable","15":"product-type-simple"},"_links":{"self":[{"href":"https:\/\/deep-space-astronomy.ch\/de\/wp-json\/wp\/v2\/product\/8710","targetHints":{"allow":["GET"]}}],"collection":[{"href":"https:\/\/deep-space-astronomy.ch\/de\/wp-json\/wp\/v2\/product"}],"about":[{"href":"https:\/\/deep-space-astronomy.ch\/de\/wp-json\/wp\/v2\/types\/product"}],"replies":[{"embeddable":true,"href":"https:\/\/deep-space-astronomy.ch\/de\/wp-json\/wp\/v2\/comments?post=8710"}],"wp:featuredmedia":[{"embeddable":true,"href":"https:\/\/deep-space-astronomy.ch\/de\/wp-json\/wp\/v2\/media\/9761"}],"wp:attachment":[{"href":"https:\/\/deep-space-astronomy.ch\/de\/wp-json\/wp\/v2\/media?parent=8710"}],"wp:term":[{"taxonomy":"product_brand","embeddable":true,"href":"https:\/\/deep-space-astronomy.ch\/de\/wp-json\/wp\/v2\/product_brand?post=8710"},{"taxonomy":"product_cat","embeddable":true,"href":"https:\/\/deep-space-astronomy.ch\/de\/wp-json\/wp\/v2\/product_cat?post=8710"},{"taxonomy":"product_tag","embeddable":true,"href":"https:\/\/deep-space-astronomy.ch\/de\/wp-json\/wp\/v2\/product_tag?post=8710"}],"curies":[{"name":"wp","href":"https:\/\/api.w.org\/{rel}","templated":true}]}}