{"id":8712,"date":"2025-06-26T17:18:26","date_gmt":"2025-06-26T15:18:26","guid":{"rendered":"https:\/\/deep-space-astronomy.ch\/?post_type=product&#038;p=8712"},"modified":"2025-09-17T15:43:50","modified_gmt":"2025-09-17T13:43:50","slug":"sky-watcher-quattro-150p-f-4","status":"publish","type":"product","link":"https:\/\/deep-space-astronomy.ch\/de\/produkt\/sky-watcher-quattro-150p-f-4\/","title":{"rendered":"Sky-Watcher Quattro-150P (f\/4)"},"content":{"rendered":"<section lang=\"fr\">\n<h1>Sky-Watcher Quattro 150P Imaging Newtonian - Ultra-schneller f\/4 Reflektor-Astrograph<\/h1>\n<p>Die <strong>Sky-Watcher Quattro 150P Imaging Newtonian<\/strong> ist ein <strong>150-mm-Reflektorteleskop<\/strong> das speziell f\u00fcr die schnelle und qualitativ hochwertige Astrofotografie entwickelt wurde. Dank seiner <strong>f\/4-Brennweite<\/strong> nativ und sein <strong>inkl. Komakorrektor<\/strong>Er erm\u00f6glicht sehr kurze Belichtungszeiten und deckt APS-C- und kleinere Sensoren perfekt ab. Dieser optische Tubus ist ein <strong>leistungsf\u00e4higer und erschwinglicher Astrograf<\/strong>Die Kamera ist ideal f\u00fcr den Einstieg oder die Vervollst\u00e4ndigung einer mobilen Fotokonfiguration.<\/p>\n<h2>Ein f\u00fcr die Bildgebung konzipiertes Teleskop<\/h2>\n<p>Ausgestattet mit parabolischen Spiegeln aus Borosilikat, die mit den <strong>exklusive Beschichtungen Radiant\u2122 Aluminum Quartz\u2122 (RAQ\u2122)<\/strong>Dieses Teleskop erreicht eine <strong>Reflexionsverm\u00f6gen von 94 %<\/strong>. Der \u00fcbergro\u00dfe Sekund\u00e4rspiegel sorgt f\u00fcr eine <strong>optimale Ausleuchtung f\u00fcr Vollformat-DSLR-Sensoren<\/strong> und CCD-Kameras verwendet werden. Der Tubus ist aus gerolltem Stahl mit einer <strong>Black Diamond Metallic<\/strong> elegant und widerstandsf\u00e4hig.<\/p>\n<h2>Technische Daten - Quattro 150P f\/4<\/h2>\n<table border=\"1\" cellspacing=\"0\" cellpadding=\"8\">\n<caption><strong>Optische Spezifikationen<\/strong><\/caption>\n<tbody>\n<tr>\n<td>Art der Optik<\/td>\n<td>Newtonscher Parabolreflektor<\/td>\n<\/tr>\n<tr>\n<td>Durchmesser der \u00d6ffnung<\/td>\n<td>150 mm<\/td>\n<\/tr>\n<tr>\n<td>Brennweite<\/td>\n<td>600 mm<\/td>\n<\/tr>\n<tr>\n<td>Natives Fokusverh\u00e4ltnis<\/td>\n<td>f\/4<\/td>\n<\/tr>\n<tr>\n<td>Fokusverh\u00e4ltnis mit Korrektor<\/td>\n<td>f\/3.45<\/td>\n<\/tr>\n<tr>\n<td>Korrigierte Brennweite<\/td>\n<td>518 mm<\/td>\n<\/tr>\n<tr>\n<td>Beschichtung von Spiegeln<\/td>\n<td>Radiant\u2122 Aluminum Quartz\u2122 (RAQ\u2122) - 94 % Reflektivit\u00e4t<\/td>\n<\/tr>\n<tr>\n<td>Kollimierbare Spiegel<\/td>\n<td>Ja (Primar- und Sekundarstufe)<\/td>\n<\/tr>\n<\/tbody>\n<\/table>\n<p>&nbsp;<\/p>\n<table border=\"1\" cellspacing=\"0\" cellpadding=\"8\">\n<caption><strong>Inklusive Zubeh\u00f6r<\/strong><\/caption>\n<tbody>\n<tr>\n<td>Fokussieren<\/td>\n<td>Crayford 2\u2033 Doppelte Geschwindigkeit (11:1)<\/td>\n<\/tr>\n<tr>\n<td>Okular im Lieferumfang enthalten<\/td>\n<td>22 mm 70\u00b0 Ultra Wide Angle<\/td>\n<\/tr>\n<tr>\n<td>Forscher<\/td>\n<td>6\u00d730 optisch<\/td>\n<\/tr>\n<tr>\n<td>Adapter<\/td>\n<td>1,25\u2033 und 2\u2033.<\/td>\n<\/tr>\n<tr>\n<td>Koma-Korrektur<\/td>\n<td>Inklusive, optimiert f\u00fcr 600 mm<\/td>\n<\/tr>\n<tr>\n<td>Rohrringe<\/td>\n<td>Inklusive<\/td>\n<\/tr>\n<tr>\n<td>Schwalbenschwanz<\/td>\n<td>Vixen-Format (V-style)<\/td>\n<\/tr>\n<\/tbody>\n<\/table>\n<h2>Warum sollte man den Quattro 150P f\u00fcr die Astrofotografie w\u00e4hlen?<\/h2>\n<ul>\n<li><strong>Schnelles Fokusverh\u00e4ltnis<\/strong> f\u00fcr kurze Belichtungszeiten und weniger Rauschen bei der Bildgebung.<\/li>\n<li><strong>Koma-Korrektur enthalten<\/strong> f\u00fcr scharfe Sterne bis zum Rand des Feldes.<\/li>\n<li><strong>Hochwertige RAQ\u2122-Spiegel<\/strong> mit ausgezeichneter Lichtdurchl\u00e4ssigkeit.<\/li>\n<li><strong>Kompaktes Design<\/strong> ideal f\u00fcr eine leichte Montierung vom Typ HEQ5\/AVX\/AM3.<\/li>\n<li><strong>Vielseitig<\/strong> : Perfekt f\u00fcr die Bildgebung, aber auch leistungsstark in der Gro\u00dffeldvisualisierung.<\/li>\n<\/ul>\n<h2>Eine schnelle, erschwingliche und leistungsf\u00e4hige Alternative zu teureren Astrographen<\/h2>\n<p>Die <strong>Sky-Watcher Quattro 150P<\/strong> ist eine hervorragende Option f\u00fcr Astrofotografen, die auf der Suche nach einem leichten, schnellen und gut ausgestatteten Instrument sind. Ob Sie nun ein <strong>digitale Spiegelreflexkamera APS-C<\/strong>Wenn Sie eine spezielle Farbkamera oder eine Monokamera mit Filterrad verwenden, liefert der korrigierte Newton f\/4 tiefe und scharfe Aufnahmen mit minimalem Aufwand.<\/p>\n<p><strong>Jetzt verf\u00fcgbar<\/strong> mit schneller Lieferung, pers\u00f6nlicher Beratung und technischem Support in unserem spezialisierten Astronomie-Shop!<\/p>\n<\/section>","protected":false},"excerpt":{"rendered":"<p>Sky-Watcher Quattro 150P Imaging Newtonian \u2013 Astrographe R\u00e9flecteur f\/4 Ultra-Rapide Le Sky-Watcher Quattro 150P Imaging Newtonian est un t\u00e9lescope r\u00e9flecteur de 150 mm con\u00e7u sp\u00e9cialement pour l\u2019astrophotographie rapide et de haute qualit\u00e9. Gr\u00e2ce \u00e0 son rapport focal f\/4 natif et son correcteur de coma inclus, il permet des poses tr\u00e8s courtes tout en couvrant parfaitement [&hellip;]<\/p>\n","protected":false},"featured_media":9759,"comment_status":"open","ping_status":"closed","template":"","meta":[],"product_brand":[822],"product_cat":[392,747],"product_tag":[],"class_list":{"0":"post-8712","1":"product","2":"type-product","3":"status-publish","4":"has-post-thumbnail","6":"product_brand-sky-watcher","7":"product_cat-telescopes_reflecteurs","8":"product_cat-newton","10":"first","11":"on_supplier","12":"taxable","13":"shipping-taxable","14":"purchasable","15":"product-type-simple"},"_links":{"self":[{"href":"https:\/\/deep-space-astronomy.ch\/de\/wp-json\/wp\/v2\/product\/8712","targetHints":{"allow":["GET"]}}],"collection":[{"href":"https:\/\/deep-space-astronomy.ch\/de\/wp-json\/wp\/v2\/product"}],"about":[{"href":"https:\/\/deep-space-astronomy.ch\/de\/wp-json\/wp\/v2\/types\/product"}],"replies":[{"embeddable":true,"href":"https:\/\/deep-space-astronomy.ch\/de\/wp-json\/wp\/v2\/comments?post=8712"}],"wp:featuredmedia":[{"embeddable":true,"href":"https:\/\/deep-space-astronomy.ch\/de\/wp-json\/wp\/v2\/media\/9759"}],"wp:attachment":[{"href":"https:\/\/deep-space-astronomy.ch\/de\/wp-json\/wp\/v2\/media?parent=8712"}],"wp:term":[{"taxonomy":"product_brand","embeddable":true,"href":"https:\/\/deep-space-astronomy.ch\/de\/wp-json\/wp\/v2\/product_brand?post=8712"},{"taxonomy":"product_cat","embeddable":true,"href":"https:\/\/deep-space-astronomy.ch\/de\/wp-json\/wp\/v2\/product_cat?post=8712"},{"taxonomy":"product_tag","embeddable":true,"href":"https:\/\/deep-space-astronomy.ch\/de\/wp-json\/wp\/v2\/product_tag?post=8712"}],"curies":[{"name":"wp","href":"https:\/\/api.w.org\/{rel}","templated":true}]}}