{"id":8724,"date":"2025-06-26T17:18:28","date_gmt":"2025-06-26T15:18:28","guid":{"rendered":"https:\/\/deep-space-astronomy.ch\/?post_type=product&#038;p=8724"},"modified":"2026-01-22T17:48:42","modified_gmt":"2026-01-22T16:48:42","slug":"sky-watcher-stargate-400p-flextube-goto","status":"publish","type":"product","link":"https:\/\/deep-space-astronomy.ch\/de\/produkt\/sky-watcher-stargate-400p-flextube-goto\/","title":{"rendered":"Sky-Watcher StarGate-400P SynScan FlexTube GoTo"},"content":{"rendered":"<div>\n<h3>Sky-Watcher Stargate 400P SynScan Go-To Wi-Fi - Der ultrahelle Premium-Dobson<\/h3>\n<p><strong>Ein erstklassiges Dobson-Teleskop f\u00fcr unvergessliche N\u00e4chte<\/strong><br \/>\nDer Sky-Watcher Stargate 400P SynScan Go-To Wi-Fi bietet eine einzigartige Kombination aus leistungsstarker Beobachtung, Kompaktheit und Technologie. Mit seinem Hauptspiegel von <strong>406 mm<\/strong>die starre, teleskopische Rohrstruktur <strong>FlexTube Truss<\/strong>seine <strong>motorisiertes Alt-Az-Montier mit Go-To<\/strong> und sein <strong>integrierte Wi-Fi-Kontrolle<\/strong>Dieses Teleskop wurde f\u00fcr Enthusiasten entwickelt, die nach kompromissloser Leistung suchen.<\/p>\n<h3>Ein robustes und intelligentes modulares Design<\/h3>\n<p>Dank seiner Metallstruktur <strong>teleskopisch und starr<\/strong>Das Stargate 400P kann in weniger als 30 Minuten aufgebaut werden und ist leichter zu transportieren als ein herk\u00f6mmlicher Dobson mit diesem Durchmesser. Das <strong>3-Punkt-Verriegelung<\/strong> garantiert Stabilit\u00e4t und optische Pr\u00e4zision, wenn es einmal aufgesetzt ist. Die mitgelieferte textile Lichtsch\u00fcrze sch\u00fctzt vor st\u00f6renden Reflexionen w\u00e4hrend Ihrer Sitzungen.<\/p>\n<h3>Integrierte Go-To-Technologie &amp; Wi-Fi<\/h3>\n<p>Die <strong>SynScan-System<\/strong> erm\u00f6glicht es Ihnen, automatisch mehr als <strong>42 900 Himmelsobjekte<\/strong>. Es ist steuerbar \u00fcber :<\/p>\n<ul>\n<li>Die <strong>SynScan-Controller<\/strong> eingeschlossen<\/li>\n<li>Die Anwendung <strong>SynScan App (iOS \/ Android)<\/strong> \u00fcber das integrierte Wi-Fi-Modul<\/li>\n<li>Kompatible Planetariumssoftware f\u00fcr unbegrenzte Kontrolle<\/li>\n<\/ul>\n<p>Technologie <strong>Freedom-Find\u2122<\/strong> mit Doppel-Encoder erm\u00f6glicht es Ihnen, das Teleskop manuell zu bewegen, ohne die Ausrichtung zu verlieren - ein au\u00dfergew\u00f6hnlicher Komfort bei der visuellen Beobachtung.<\/p>\n<h3>Extrem leistungsf\u00e4hige parabolische Optik<\/h3>\n<p>Sein leichter Parabolspiegel mit 406 mm Brennweite bei 1:4,1, gekoppelt mit einem Sekund\u00e4rspiegel mit 120 mm Brennweite, verf\u00fcgt \u00fcber die Verg\u00fctung <strong>RAQ\u2122<\/strong> (Radiant\u2122 Aluminum Quartz) mit einem Reflexionsverm\u00f6gen von bis zu 94 %. Der Kontrast, die Helligkeit und die Stabilit\u00e4t sind selbst bei hoher Vergr\u00f6\u00dferung au\u00dfergew\u00f6hnlich. Ideal f\u00fcr Deep Sky und Planeten.<\/p>\n<h3>Technische Daten<\/h3>\n<table border=\"1\" cellspacing=\"0\" cellpadding=\"8\">\n<tbody>\n<tr>\n<td><strong>Art der Optik<\/strong><\/td>\n<td>Newton-Reflektor (Truss FlexTube-Struktur)<\/td>\n<\/tr>\n<tr>\n<td><strong>Durchmesser des Hauptspiegels<\/strong><\/td>\n<td>406 mm<\/td>\n<\/tr>\n<tr>\n<td><strong>Brennweite<\/strong><\/td>\n<td>1650 mm (f\/4.1)<\/td>\n<\/tr>\n<tr>\n<td><strong>Sekund\u00e4rer Spiegel<\/strong><\/td>\n<td>120 mm<\/td>\n<\/tr>\n<tr>\n<td><strong>Optische Verarbeitung<\/strong><\/td>\n<td>RAQ\u2122 - bis zu 94 % Reflektivit\u00e4t<\/td>\n<\/tr>\n<tr>\n<td><strong>Okularhalter<\/strong><\/td>\n<td>Crayford 2\u2033 doppelte Geschwindigkeit + 1,25\u2033-Adapter<\/td>\n<\/tr>\n<tr>\n<td><strong>Inklusive Okulare<\/strong><\/td>\n<td>12,5 mm und 20 mm - 70\u00b0-Weitwinkel<\/td>\n<\/tr>\n<tr>\n<td><strong>Mitgelieferte Vergr\u00f6\u00dferungen<\/strong><\/td>\n<td>82,5x und 132x<\/td>\n<\/tr>\n<tr>\n<td><strong>Maximal nutzbare Vergr\u00f6\u00dferung<\/strong><\/td>\n<td>812x<\/td>\n<\/tr>\n<tr>\n<td><strong>Forscher<\/strong><\/td>\n<td>9\u00d750 optisch<\/td>\n<\/tr>\n<tr>\n<td><strong>Justierokular<\/strong><\/td>\n<td>1,25\u2033 (einschlie\u00dflich)<\/td>\n<\/tr>\n<tr>\n<td><strong>R\u00f6hrenf\u00f6rmige Struktur<\/strong><\/td>\n<td>FlexTube Truss (teleskopisch) - 850 bis 1500 mm<\/td>\n<\/tr>\n<tr>\n<td><strong>Rahmen<\/strong><\/td>\n<td>Dobson Alt-Az motorisierte Ganzmetall mit Go-To<\/td>\n<\/tr>\n<tr>\n<td><strong>Kontrolle<\/strong><\/td>\n<td>SynScan-Controller und SynScan App (integriertes Wi-Fi)<\/td>\n<\/tr>\n<tr>\n<td><strong>Go-To-Datenbank<\/strong><\/td>\n<td>42 900+ Objekte (Messier, NGC, IC, Caldwell, etc.)<\/td>\n<\/tr>\n<tr>\n<td><strong>Freedom-Find\u2122-Technologie<\/strong><\/td>\n<td>Ja - Doppel-Encoder f\u00fcr manuelle Bewegung ohne Verlust der Ausrichtung<\/td>\n<\/tr>\n<tr>\n<td><strong>Motorsteuerung<\/strong><\/td>\n<td>Schneckengetriebe + Zahnriemen - 256 Micro-Step \/ Schrittmotor 1.8\u00b0<\/td>\n<\/tr>\n<tr>\n<td><strong>Positionierung<\/strong><\/td>\n<td>Genauigkeit: 5\u2032 Bogenl\u00e4nge RMS<\/td>\n<\/tr>\n<tr>\n<td><strong>Verbindungen<\/strong><\/td>\n<td>USB-B, Stromversorgung, SynScan<\/td>\n<\/tr>\n<tr>\n<td><strong>Erforderliche Stromversorgung<\/strong><\/td>\n<td>11-15V DC (5A oder 3A)<\/td>\n<\/tr>\n<tr>\n<td><strong>Lichtgewinn (vs. 300 mm)<\/strong><\/td>\n<td>+34,5%<\/td>\n<\/tr>\n<tr>\n<td><strong>Gewicht der R\u00f6hre<\/strong><\/td>\n<td>25 kg<\/td>\n<\/tr>\n<tr>\n<td><strong>Gewicht des Rahmens<\/strong><\/td>\n<td>25 kg<\/td>\n<\/tr>\n<tr>\n<td><strong>Gesamtgewicht<\/strong><\/td>\n<td>50 kg<\/td>\n<\/tr>\n<\/tbody>\n<\/table>\n<h3>In der Box enthalten<\/h3>\n<ul>\n<li>Tubus truss einziehbar 406 mm<\/li>\n<li>Dobson Go-To Ganzmetallgestell<\/li>\n<li>SynScan-Controller mit Kabel<\/li>\n<li>Integriertes Wi-Fi-Modul<\/li>\n<li>2 Okulare (12,5 mm und 20 mm)<\/li>\n<li>Justierokular 1,25\u2033<\/li>\n<li>Universeller Smartphone-Adapter<\/li>\n<li>Sucher 9\u00d750<\/li>\n<li>Textile Lichtsch\u00fcrze<\/li>\n<\/ul>\n<h3>Schlussfolgerung<\/h3>\n<p>Die <strong>Sky-Watcher Stargate 400P SynScan Go-To Wi-Fi<\/strong> ist ein Trauminstrument f\u00fcr begeisterte Astronomen. Seine gro\u00dfe \u00d6ffnung, relative Mobilit\u00e4t, vollst\u00e4ndige Automatisierung und intelligente Steuerung machen es zu einer leistungsstarken und benutzerfreundlichen L\u00f6sung, um die spektakul\u00e4rsten Objekte am Himmel zu erforschen. Ein Ma\u00dfstab f\u00fcr die fortgeschrittene visuelle Beobachtung.<\/p>\n<\/div>","protected":false},"excerpt":{"rendered":"<p>Sky-Watcher Stargate 400P SynScan Go-To Wi-Fi \u2013 Le Dobson premium ultra-lumineux Un t\u00e9lescope Dobson haut de gamme pour des nuits inoubliables Le Sky-Watcher Stargate 400P SynScan Go-To Wi-Fi offre une combinaison unique de puissance d&rsquo;observation, de compacit\u00e9 et de technologie. Avec son miroir primaire de 406 mm, sa structure tubulaire t\u00e9lescopique rigide FlexTube Truss, sa [&hellip;]<\/p>\n","protected":false},"featured_media":8886,"comment_status":"open","ping_status":"closed","template":"","meta":[],"product_brand":[822],"product_cat":[392,746,816],"product_tag":[],"class_list":{"0":"post-8724","1":"product","2":"type-product","3":"status-publish","4":"has-post-thumbnail","6":"product_brand-sky-watcher","7":"product_cat-telescopes_reflecteurs","8":"product_cat-dobson","9":"product_cat-nouveautes","11":"first","12":"on_supplier","13":"taxable","14":"shipping-taxable","15":"purchasable","16":"product-type-simple"},"_links":{"self":[{"href":"https:\/\/deep-space-astronomy.ch\/de\/wp-json\/wp\/v2\/product\/8724","targetHints":{"allow":["GET"]}}],"collection":[{"href":"https:\/\/deep-space-astronomy.ch\/de\/wp-json\/wp\/v2\/product"}],"about":[{"href":"https:\/\/deep-space-astronomy.ch\/de\/wp-json\/wp\/v2\/types\/product"}],"replies":[{"embeddable":true,"href":"https:\/\/deep-space-astronomy.ch\/de\/wp-json\/wp\/v2\/comments?post=8724"}],"wp:featuredmedia":[{"embeddable":true,"href":"https:\/\/deep-space-astronomy.ch\/de\/wp-json\/wp\/v2\/media\/8886"}],"wp:attachment":[{"href":"https:\/\/deep-space-astronomy.ch\/de\/wp-json\/wp\/v2\/media?parent=8724"}],"wp:term":[{"taxonomy":"product_brand","embeddable":true,"href":"https:\/\/deep-space-astronomy.ch\/de\/wp-json\/wp\/v2\/product_brand?post=8724"},{"taxonomy":"product_cat","embeddable":true,"href":"https:\/\/deep-space-astronomy.ch\/de\/wp-json\/wp\/v2\/product_cat?post=8724"},{"taxonomy":"product_tag","embeddable":true,"href":"https:\/\/deep-space-astronomy.ch\/de\/wp-json\/wp\/v2\/product_tag?post=8724"}],"curies":[{"name":"wp","href":"https:\/\/api.w.org\/{rel}","templated":true}]}}