{"id":8725,"date":"2025-06-26T17:18:28","date_gmt":"2025-06-26T15:18:28","guid":{"rendered":"https:\/\/deep-space-astronomy.ch\/?post_type=product&#038;p=8725"},"modified":"2026-01-22T17:47:33","modified_gmt":"2026-01-22T16:47:33","slug":"sky-watcher-skyliner-400p-flextube-synscan-go-to","status":"publish","type":"product","link":"https:\/\/deep-space-astronomy.ch\/de\/produkt\/sky-watcher-skyliner-400p-flextube-synscan-go-to\/","title":{"rendered":"Sky-Watcher Skyliner-400P FlexTube SynScan Go-To"},"content":{"rendered":"<div>\n<h3>Sky-Watcher Skyliner 400P FlexTube SynScan Go-To Wi-Fi - Der verbundene 406mm Dobson<\/h3>\n<p><strong>Ein riesiger, intelligenter und transportabler Dobson<\/strong><br \/>\nDer Skyliner 400P FlexTube SynScan Go-To Wi-Fi von Sky-Watcher kombiniert eine 406-mm-Newton-Paraboloptik, einen patentierten einziehbaren Tubus <strong>FlexTube<\/strong> und eine Technologie <strong>Motorisiertes Go-To mit integriertem Wi-Fi<\/strong>. Ob Sie die schw\u00e4chsten Deep-Sky-Objekte erkunden oder die Details der Planeten bewundern m\u00f6chten, dieses Teleskop bietet ein au\u00dfergew\u00f6hnliches Beobachtungserlebnis.<\/p>\n<h3>Eine leistungsstarke und pr\u00e4zise Optik<\/h3>\n<p>Dank seines parabolischen Hauptspiegels von <strong>406 mm Durchmesser<\/strong> und einer Brennweite von 1800 mm (f\/4,4) f\u00e4ngt dieses Teleskop eine beeindruckende Menge an Licht mit hoher Aufl\u00f6sung ein. Die RAQ\u2122-Verg\u00fctung (Radiant\u2122 Aluminum Quartz) sorgt f\u00fcr ein Reflexionsverm\u00f6gen von bis zu 94 % und damit f\u00fcr scharfe, kontrastreiche und detailreiche Bilder. Ob Sie auf einen fernen Nebel oder die Jupiterb\u00e4nder zielen, die Leistung stimmt.<\/p>\n<h3>FlexTube-Technologie und motorisierte Go-To-Fassung<\/h3>\n<p>Das Design <strong>Einziehbare FlexTube<\/strong> erleichtert den Transport dieses gro\u00dfen Durchmessers. Die <strong>motorisierte Dobson-Montierung<\/strong> ist mit eingebauten robusten Servomotoren und einem <strong>Go-To-Kontrolle SynScan<\/strong> steuerbar \u00fcber Joystick oder <strong>Wi-Fi von der SynScan Mobile App aus<\/strong> (iOS &amp; Android).<\/p>\n<p>Das Go-To-System erm\u00f6glicht Ihnen den automatischen Zugriff auf <strong>mehr als 42 900 Himmelsobjekte<\/strong> (Messier-, NGC-, IC-, Caldwell-Kataloge...). Die Verfolgung ist fl\u00fcssig und leise. Die <strong>patentierter Doppelkodierer<\/strong> erlaubt es Ihnen, das Teleskop manuell zu bewegen, ohne die Ausrichtung zu verlieren - ein echtes Plus an Komfort und Flexibilit\u00e4t.<\/p>\n<h3>In der Box enthalten<\/h3>\n<ul>\n<li>Tubus Newton 406 mm FlexTube einziehbar<\/li>\n<li>Motorisiertes Dobson-Montierungssystem mit Zubeh\u00f6rplatte und integrierten Servomotoren<\/li>\n<li>Integriertes Wi-Fi zur Steuerung \u00fcber mobile Apps<\/li>\n<li>Crayford 2\u2033 Okularhalter mit 10:1 Untersetzung und 1,25\u2033 Adapter<\/li>\n<li>Optischer Sucher 9\u00d750<\/li>\n<li>Okulare: 10 mm und 25 mm<\/li>\n<li>Universeller Smartphone-Adapter<\/li>\n<li>Parabolischer Prim\u00e4r- und Sekund\u00e4rspiegel mit RAQ\u2122-Behandlung bis 94 %<\/li>\n<\/ul>\n<p><em>\u26a0\ufe0f 12V-Netzteil nicht im Lieferumfang enthalten. Sky-Watcher PowerTank 17Ah empfohlen.<\/em><\/p>\n<h3>Technische Daten<\/h3>\n<table border=\"1\" cellspacing=\"0\" cellpadding=\"8\">\n<tbody>\n<tr>\n<td><strong>Art der Optik<\/strong><\/td>\n<td>Newton-Reflektor (Dobson)<\/td>\n<\/tr>\n<tr>\n<td><strong>Spiegeldurchmesser<\/strong><\/td>\n<td>406 mm<\/td>\n<\/tr>\n<tr>\n<td><strong>Brennweite<\/strong><\/td>\n<td>1800 mm (f\/4.4)<\/td>\n<\/tr>\n<tr>\n<td><strong>Okularhalter<\/strong><\/td>\n<td>Crayford 2\u2033 mit \u00dcbersetzung 10:1 + Adapter 1,25\u2033.<\/td>\n<\/tr>\n<tr>\n<td><strong>Mitgelieferte Vergr\u00f6\u00dferungen<\/strong><\/td>\n<td>80x und 128x<\/td>\n<\/tr>\n<tr>\n<td><strong>Empfohlene maximale Vergr\u00f6\u00dferung<\/strong><\/td>\n<td>710x<\/td>\n<\/tr>\n<tr>\n<td><strong>Mitgelieferte Okulare<\/strong><\/td>\n<td>10 mm und 25 mm (1,25\u2033) - 70\u00b0-Weitwinkel<\/td>\n<\/tr>\n<tr>\n<td><strong>Forscher<\/strong><\/td>\n<td>9\u00d750 optisch<\/td>\n<\/tr>\n<tr>\n<td><strong>Go-To-Technologie<\/strong><\/td>\n<td>Motorisierter SynScan mit Joystick und integriertem Wi-Fi<\/td>\n<\/tr>\n<tr>\n<td><strong>Go-To-Datenbank<\/strong><\/td>\n<td>42 900+ Objekte (Messier, NGC, IC, Caldwell, Planeten, etc.)<\/td>\n<\/tr>\n<tr>\n<td><strong>Mobile Verbindung<\/strong><\/td>\n<td>SynScan-App (iOS &amp; Android)<\/td>\n<\/tr>\n<tr>\n<td><strong>Erforderliche Stromversorgung<\/strong><\/td>\n<td>12V DC - nicht im Lieferumfang enthalten<\/td>\n<\/tr>\n<tr>\n<td><strong>Einziehbares Rohr<\/strong><\/td>\n<td>Ja - FlexTube (97 cm bis 151 cm)<\/td>\n<\/tr>\n<tr>\n<td><strong>Rahmen<\/strong><\/td>\n<td>Dobson Alt-Azimutal motorisiert mit Servomotoren<\/td>\n<\/tr>\n<tr>\n<td><strong>Gewicht der R\u00f6hre<\/strong><\/td>\n<td>32 kg<\/td>\n<\/tr>\n<tr>\n<td><strong>Gesamtgewicht Brillengestell<\/strong><\/td>\n<td>53 kg<\/td>\n<\/tr>\n<tr>\n<td><strong>Versandgewicht<\/strong><\/td>\n<td>112,4 kg<\/td>\n<\/tr>\n<tr>\n<td><strong>Abmessungen Paket<\/strong><\/td>\n<td>120x63x66 cm \/ 102x95x36 cm \/ 55x55x28 cm<\/td>\n<\/tr>\n<\/tbody>\n<\/table>\n<h3>Schlussfolgerung<\/h3>\n<p>Die <strong>Sky-Watcher Skyliner 400P FlexTube SynScan Go-To Wi-Fi<\/strong> ist ein au\u00dfergew\u00f6hnliches Teleskop f\u00fcr alle, die sich f\u00fcr visuelle Beobachtung begeistern. Mit seiner gro\u00dfen \u00d6ffnung, der flexiblen Transportm\u00f6glichkeit und der Assisted-Pointing-Technologie bringt es Sie mit Leichtigkeit zu den sch\u00f6nsten Objekten am Himmel. Eine erstklassige Wahl f\u00fcr Deep-Sky-Forscher.<\/p>\n<\/div>","protected":false},"excerpt":{"rendered":"<p>Sky-Watcher Skyliner 400P FlexTube SynScan Go-To Wi-Fi \u2013 Le Dobson connect\u00e9 de 406 mm Un Dobson g\u00e9ant, intelligent et transportable Le Skyliner 400P FlexTube SynScan Go-To Wi-Fi de Sky-Watcher associe une optique Newton parabolique de 406 mm, un tube r\u00e9tractable brevet\u00e9 FlexTube et une technologie Go-To motoris\u00e9e avec Wi-Fi int\u00e9gr\u00e9. Que ce soit pour explorer [&hellip;]<\/p>\n","protected":false},"featured_media":8884,"comment_status":"open","ping_status":"closed","template":"","meta":[],"product_brand":[822],"product_cat":[392,746,747],"product_tag":[],"class_list":{"0":"post-8725","1":"product","2":"type-product","3":"status-publish","4":"has-post-thumbnail","6":"product_brand-sky-watcher","7":"product_cat-telescopes_reflecteurs","8":"product_cat-dobson","9":"product_cat-newton","11":"first","12":"on_supplier","13":"sale","14":"taxable","15":"shipping-taxable","16":"purchasable","17":"product-type-simple"},"_links":{"self":[{"href":"https:\/\/deep-space-astronomy.ch\/de\/wp-json\/wp\/v2\/product\/8725","targetHints":{"allow":["GET"]}}],"collection":[{"href":"https:\/\/deep-space-astronomy.ch\/de\/wp-json\/wp\/v2\/product"}],"about":[{"href":"https:\/\/deep-space-astronomy.ch\/de\/wp-json\/wp\/v2\/types\/product"}],"replies":[{"embeddable":true,"href":"https:\/\/deep-space-astronomy.ch\/de\/wp-json\/wp\/v2\/comments?post=8725"}],"wp:featuredmedia":[{"embeddable":true,"href":"https:\/\/deep-space-astronomy.ch\/de\/wp-json\/wp\/v2\/media\/8884"}],"wp:attachment":[{"href":"https:\/\/deep-space-astronomy.ch\/de\/wp-json\/wp\/v2\/media?parent=8725"}],"wp:term":[{"taxonomy":"product_brand","embeddable":true,"href":"https:\/\/deep-space-astronomy.ch\/de\/wp-json\/wp\/v2\/product_brand?post=8725"},{"taxonomy":"product_cat","embeddable":true,"href":"https:\/\/deep-space-astronomy.ch\/de\/wp-json\/wp\/v2\/product_cat?post=8725"},{"taxonomy":"product_tag","embeddable":true,"href":"https:\/\/deep-space-astronomy.ch\/de\/wp-json\/wp\/v2\/product_tag?post=8725"}],"curies":[{"name":"wp","href":"https:\/\/api.w.org\/{rel}","templated":true}]}}