{"id":8726,"date":"2025-06-26T17:18:28","date_gmt":"2025-06-26T15:18:28","guid":{"rendered":"https:\/\/deep-space-astronomy.ch\/?post_type=product&#038;p=8726"},"modified":"2025-10-07T16:36:31","modified_gmt":"2025-10-07T14:36:31","slug":"sky-watcher-skyliner-350p-flextube-synscan-go-to-telescope-dobson-parabolique-go-to-de-355-mm-14-a-tube-retractable","status":"publish","type":"product","link":"https:\/\/deep-space-astronomy.ch\/de\/produkt\/sky-watcher-skyliner-350p-flextube-synscan-go-to-telescope-dobson-parabolique-go-to-de-355-mm-14-a-tube-retractable\/","title":{"rendered":"Sky-Watcher Skyliner-350P FlexTube SynScan Go-To"},"content":{"rendered":"<div>\n<h3>Sky-Watcher Skyliner 355P FlexTube SynScan Go-To Wi-Fi - Der K\u00f6nig der angeschlossenen Dobsons<\/h3>\n<p><strong>Der ultimative Dobson ist geboren!<\/strong><br \/>\nDer Skyliner 355P FlexTube SynScan Go-To Wi-Fi verk\u00f6rpert die perfekte Verschmelzung von optischer Leistung, intelligenter Technologie und einfachem Transport. Mit einem 355 mm gro\u00dfen Parabolspiegel, einem einziehbaren Tubus <strong>FlexTube<\/strong>und das System <strong>Go-To SynScan mit integriertem Wi-Fi<\/strong>Dieses Teleskop bringt mehr als 42 900 Himmelsobjekte in Reichweite und verfolgt sie automatisch am Himmel.<\/p>\n<p><strong>NEU :<\/strong> wird mit zwei Weitwinkelokularen (12,5 mm &amp; 20 mm - 70\u00b0), einem 1,25\u2033-Adapter mit Messingklemmring zum Schutz Ihres Zubeh\u00f6rs, einem Crayford 2\u2033 Doppelgeschwindigkeits-Okularhalter und einem universellen Smartphone-Adapter zum Fotografieren Ihrer Beobachtungen geliefert.<\/p>\n<h3>Einziehbares FlexTube: transportable Kraft<\/h3>\n<p>Dank seines Designs <strong>FlexTube<\/strong>Der optische Tubus kann von 151 cm auf nur 97 cm eingefahren werden, um den Transport zu erleichtern. Das mechanische 3-Punkt-Verriegelungssystem sorgt f\u00fcr optimale Stabilit\u00e4t, sobald Sie sich in der Beobachtungsposition befinden, selbst bei schweren oder hoch vergr\u00f6\u00dfernden Okularen.<\/p>\n<h3>Go-To Wi-Fi-Technologie: Einfachheit und Automatisierung<\/h3>\n<p>Das System <strong>SynScan Go-To<\/strong>Die \u00fcber die kostenlose mobile App (iOS\/Android) oder den SynScan AZ-Controller steuerbare Software erm\u00f6glicht ..:<\/p>\n<ul>\n<li>Automatisch auf \u00fcber 42 900 Himmelsobjekte zeigen<\/li>\n<li>Die Bewegung von Objekten am Himmel verfolgen<\/li>\n<li>Einfache Ausrichtungen durchf\u00fchren (1, 3 Sterne, heller Stern, Nord-Ebene)<\/li>\n<li>Eine Himmelstour starten (\"Best Tonight\")<\/li>\n<li>Beobachtete Objekte identifizieren und neue entdecken<\/li>\n<li>Fernsteuerung des Teleskops \u00fcber das Internet<\/li>\n<\/ul>\n<p>Dank seines Systems <strong>mit doppeltem Encoder<\/strong> patentiert, k\u00f6nnen Sie den Tubus manuell bewegen, ohne die Ausrichtung zu verlieren: die Freiheit des klassischen Dobson, kombiniert mit der Intelligenz eines Go-To.<\/p>\n<h3>Eine 355-mm-Optik f\u00fcr spektakul\u00e4re Bilder<\/h3>\n<p>Der 355 mm gro\u00dfe Parabolspiegel ist RAQ\u2122-beschichtet (Radiant\u2122 Aluminum Quartz) mit einem Reflexionsverm\u00f6gen von bis zu 94 % und garantiert maximale Helligkeit und einen au\u00dfergew\u00f6hnlichen Kontrast. Die ultrad\u00fcnne 0,5-mm-Sekund\u00e4rhalterung minimiert die Beugung, wodurch die Sch\u00e4rfe von Sternen und Details in Nebeln oder Galaxien verbessert wird.<\/p>\n<h3>Technische Daten<\/h3>\n<table border=\"1\" cellspacing=\"0\" cellpadding=\"8\">\n<tbody>\n<tr>\n<td><strong>Art der Optik<\/strong><\/td>\n<td>Newton-Reflektor auf motorisierter Dobson-Montierung Go-To<\/td>\n<\/tr>\n<tr>\n<td><strong>Durchmesser des Hauptspiegels<\/strong><\/td>\n<td>355 mm<\/td>\n<\/tr>\n<tr>\n<td><strong>Brennweite<\/strong><\/td>\n<td>1600 mm (f\/4,5)<\/td>\n<\/tr>\n<tr>\n<td><strong>Inklusive Okulare<\/strong><\/td>\n<td>12,5 mm und 20 mm - Weitwinkel 70\u00b0 (1,25\u2033)<\/td>\n<\/tr>\n<tr>\n<td><strong>Mitgelieferte Vergr\u00f6\u00dferungen<\/strong><\/td>\n<td>80x und 128x<\/td>\n<\/tr>\n<tr>\n<td><strong>Theoretische maximale Vergr\u00f6\u00dferung<\/strong><\/td>\n<td>710x<\/td>\n<\/tr>\n<tr>\n<td><strong>Okularhalter<\/strong><\/td>\n<td>Crayford 2\u2033 doppelter Gang - mit Adaptern 1,25\u2033\/2\u2033.<\/td>\n<\/tr>\n<tr>\n<td><strong>Behandlung von Spiegeln<\/strong><\/td>\n<td>RAQ\u2122 - Reflexionsverm\u00f6gen bis zu 94 %<\/td>\n<\/tr>\n<tr>\n<td><strong>Sekund\u00e4re Unterst\u00fctzung<\/strong><\/td>\n<td>0,5 mm - minimale Beugung<\/td>\n<\/tr>\n<tr>\n<td><strong>Optischer Sucher<\/strong><\/td>\n<td>9\u00d750 (rechte Ansicht)<\/td>\n<\/tr>\n<tr>\n<td><strong>Optische R\u00f6hre<\/strong><\/td>\n<td>Einziehbar - FlexTube (97 cm bis 151 cm)<\/td>\n<\/tr>\n<tr>\n<td><strong>Verriegelungssystem<\/strong><\/td>\n<td>3 mechanische Punkte<\/td>\n<\/tr>\n<tr>\n<td><strong>Rahmen<\/strong><\/td>\n<td>Dobson Alt-Az motorisiert - Servomotoren + Zubeh\u00f6rtablett<\/td>\n<\/tr>\n<tr>\n<td><strong>Kontrolle<\/strong><\/td>\n<td>Integriertes Wi-Fi - \u00fcber SynScan-App oder SynScan-Controller<\/td>\n<\/tr>\n<tr>\n<td><strong>Datenbank<\/strong><\/td>\n<td>42 900+ Objekte: Messier, NGC, IC, Caldwell, Planeten, Sterne, etc.<\/td>\n<\/tr>\n<tr>\n<td><strong>Software-Kompatibilit\u00e4t<\/strong><\/td>\n<td>SynScan App \/ Planetariumssoftware von Drittanbietern \u00fcber Wi-Fi<\/td>\n<\/tr>\n<tr>\n<td><strong>Ern\u00e4hrung<\/strong><\/td>\n<td>12V DC - PowerTank Sky-Watcher 17Ah empfohlen<\/td>\n<\/tr>\n<tr>\n<td><strong>Gesammeltes Licht (vs 300 mm)<\/strong><\/td>\n<td>+40%<\/td>\n<\/tr>\n<\/tbody>\n<\/table>\n<h3>Die Highlights des Skyliner 355P Go-To Wi-Fi<\/h3>\n<ul>\n<li>Eine 355-mm-Blende f\u00fcr au\u00dfergew\u00f6hnliche Details<\/li>\n<li>Schrumpfschlauch FlexTube: Mobilit\u00e4t und Kompaktheit<\/li>\n<li>Go-To-Wi-Fi-Technologie zum Zeigen und Verfolgen von \u00fcber 42 900 Objekten<\/li>\n<li>Manuelles Verschieben m\u00f6glich, ohne die Ausrichtung zu verlieren<\/li>\n<li>Hochwertige parabolische Optik mit RAQ\u2122-Verg\u00fctung<\/li>\n<li>Intuitive Steuerung \u00fcber Smartphone oder Joystick<\/li>\n<\/ul>\n<h3>Schlussfolgerung<\/h3>\n<p>Die <strong>Sky-Watcher Skyliner 355P FlexTube SynScan Go-To Wi-Fi<\/strong> ist ein au\u00dfergew\u00f6hnliches Teleskop. Es vereint extreme Leistung, Bedienkomfort und leichten Transport. Ideal f\u00fcr anspruchsvolle Astronomen, die die Grenzen des Deep-Sky-Bereichs fl\u00fcssig und pr\u00e4zise erkunden m\u00f6chten. Der Traumbegleiter f\u00fcr die ambitioniertesten Sternenn\u00e4chte.<\/p>\n<\/div>","protected":false},"excerpt":{"rendered":"<p>Sky-Watcher Skyliner 355P FlexTube SynScan Go-To Wi-Fi \u2013 Le roi des Dobson connect\u00e9s Le Dobson ultime est n\u00e9 ! Le Skyliner 355P FlexTube SynScan Go-To Wi-Fi incarne la fusion parfaite entre puissance optique, technologie intelligente et transport facilit\u00e9. Avec un miroir parabolique de 355 mm, un tube r\u00e9tractable FlexTube, et le syst\u00e8me Go-To SynScan avec [&hellip;]<\/p>\n","protected":false},"featured_media":8883,"comment_status":"open","ping_status":"closed","template":"","meta":[],"product_brand":[822],"product_cat":[392,746,816],"product_tag":[],"class_list":{"0":"post-8726","1":"product","2":"type-product","3":"status-publish","4":"has-post-thumbnail","6":"product_brand-sky-watcher","7":"product_cat-telescopes_reflecteurs","8":"product_cat-dobson","9":"product_cat-nouveautes","11":"first","12":"on_supplier","13":"taxable","14":"shipping-taxable","15":"purchasable","16":"product-type-simple"},"_links":{"self":[{"href":"https:\/\/deep-space-astronomy.ch\/de\/wp-json\/wp\/v2\/product\/8726","targetHints":{"allow":["GET"]}}],"collection":[{"href":"https:\/\/deep-space-astronomy.ch\/de\/wp-json\/wp\/v2\/product"}],"about":[{"href":"https:\/\/deep-space-astronomy.ch\/de\/wp-json\/wp\/v2\/types\/product"}],"replies":[{"embeddable":true,"href":"https:\/\/deep-space-astronomy.ch\/de\/wp-json\/wp\/v2\/comments?post=8726"}],"wp:featuredmedia":[{"embeddable":true,"href":"https:\/\/deep-space-astronomy.ch\/de\/wp-json\/wp\/v2\/media\/8883"}],"wp:attachment":[{"href":"https:\/\/deep-space-astronomy.ch\/de\/wp-json\/wp\/v2\/media?parent=8726"}],"wp:term":[{"taxonomy":"product_brand","embeddable":true,"href":"https:\/\/deep-space-astronomy.ch\/de\/wp-json\/wp\/v2\/product_brand?post=8726"},{"taxonomy":"product_cat","embeddable":true,"href":"https:\/\/deep-space-astronomy.ch\/de\/wp-json\/wp\/v2\/product_cat?post=8726"},{"taxonomy":"product_tag","embeddable":true,"href":"https:\/\/deep-space-astronomy.ch\/de\/wp-json\/wp\/v2\/product_tag?post=8726"}],"curies":[{"name":"wp","href":"https:\/\/api.w.org\/{rel}","templated":true}]}}