{"id":8730,"date":"2025-06-26T17:18:29","date_gmt":"2025-06-26T15:18:29","guid":{"rendered":"https:\/\/deep-space-astronomy.ch\/?post_type=product&#038;p=8730"},"modified":"2026-01-22T17:46:54","modified_gmt":"2026-01-22T16:46:54","slug":"sky-watcher-skyliner-400p-flextube","status":"publish","type":"product","link":"https:\/\/deep-space-astronomy.ch\/de\/produkt\/sky-watcher-skyliner-400p-flextube\/","title":{"rendered":"Sky-Watcher Skyliner-400P FlexTube"},"content":{"rendered":"<div>\n<h3>Sky-Watcher Skyliner 406P FlexTube - Der ultimative Dobson f\u00fcr visuelle Astronomen<\/h3>\n<p><strong>Ein Riese mit einer \u00d6ffnung von 406 mm in einem einziehbaren Format!<\/strong><br \/>\nDer Sky-Watcher Skyliner 406P FlexTube ist ein Beobachtungstier, das f\u00fcr anspruchsvolle Astronomen entwickelt wurde. Mit seinem 406-mm-Prim\u00e4rspiegel f\u00e4ngt es ungeahnte Details in den schw\u00e4chsten Deep-Sky-Objekten ein, w\u00e4hrend es dank der manuellen Dobson-Montierung fl\u00fcssig zu bedienen ist. Und das alles in einem einziehbaren FlexTube-Design f\u00fcr einfachen Transport und Aufbewahrung.<\/p>\n<p><strong>NEU :<\/strong> wird mit zwei Weitwinkelokularen (12,5 mm und 20 mm - 70\u00b0 Feld), einem 1,25\u2033-Adapter mit Messingklemmring zum Schutz Ihrer Okulare, einem universellen Smartphone-Adapter sowie einem Crayford 2\u2033-Okularhalter mit doppelter Geschwindigkeit f\u00fcr eine feine Fokussierung auch bei hoher Vergr\u00f6\u00dferung geliefert.<\/p>\n<h3>FlexTube: Ein Riesenteleskop, das ins Auto passt<\/h3>\n<p>Das System <strong>Einziehbare FlexTube<\/strong> erm\u00f6glicht es, das Rohr von 168,5 cm auf eine L\u00e4nge von nur 107,1 cm zu verk\u00fcrzen. Dieses faltbare Design macht den Transport eines 406 mm viel zug\u00e4nglicher. Einmal in der Beobachtungsposition, sorgt die 3-Punkt-Verriegelung f\u00fcr perfekte Steifigkeit.<\/p>\n<h3>Dobson-Rahmen: Einfachheit f\u00fcr Leistung<\/h3>\n<p>Die alt-azimutale Dobson-Holzmontierung ruht auf einer flie\u00dfenden Drehbasis, die eine intuitive manuelle Nachf\u00fchrung der Gestirne erm\u00f6glicht. Dieses bew\u00e4hrte Konzept, das von John Dobson popul\u00e4r gemacht wurde, macht dieses Teleskop schnell aufbaubar, einfach zu bedienen und extrem stabil - keine Elektronik, keine Motoren, nur Freude an der Beobachtung.<\/p>\n<h3>Eine au\u00dfergew\u00f6hnliche parabolische Optik<\/h3>\n<p>Der Prim\u00e4rspiegel <strong>parabolisch<\/strong> mit RAQ\u2122-Beschichtung (Radiant Aluminum Quartz) bietet ein Reflexionsverm\u00f6gen von bis zu 94 % f\u00fcr helle, scharfe und kontrastreiche Bilder. Die ultrad\u00fcnne Sekund\u00e4rst\u00fctze (0,5 mm) minimiert die Beugung und garantiert eine hohe Sch\u00e4rfe bei Deep-Sky-Sternen und -Strukturen. Dieses Teleskop setzt Ma\u00dfst\u00e4be bei der Beobachtung von Planeten mit hoher Vergr\u00f6\u00dferung ebenso wie bei diffusen Nebeln.<\/p>\n<h3>Technische Daten<\/h3>\n<table border=\"1\" cellspacing=\"0\" cellpadding=\"8\">\n<tbody>\n<tr>\n<td><strong>Art der Optik<\/strong><\/td>\n<td>Newton-Reflektor auf Dobson-Montierung<\/td>\n<\/tr>\n<tr>\n<td><strong>Durchmesser des Hauptspiegels<\/strong><\/td>\n<td>406 mm<\/td>\n<\/tr>\n<tr>\n<td><strong>Brennweite<\/strong><\/td>\n<td>1800 mm (f\/4.4)<\/td>\n<\/tr>\n<tr>\n<td><strong>Inklusive Okulare<\/strong><\/td>\n<td>12,5 mm &amp; 20 mm - Weitwinkel 70\u00b0 (1,25\u2033)<\/td>\n<\/tr>\n<tr>\n<td><strong>Mitgelieferte Vergr\u00f6\u00dferungen<\/strong><\/td>\n<td>90x &amp; 144x<\/td>\n<\/tr>\n<tr>\n<td><strong>Theoretische maximale Vergr\u00f6\u00dferung<\/strong><\/td>\n<td>812x<\/td>\n<\/tr>\n<tr>\n<td><strong>Okularhalter<\/strong><\/td>\n<td>Crayford 2\u2033 doppelter Gang mit Adaptern 1,25\u2033\/2\u2033.<\/td>\n<\/tr>\n<tr>\n<td><strong>Spiegel<\/strong><\/td>\n<td>Parabolische Prim\u00e4r- und Sekund\u00e4rstufe - RAQ\u2122-Behandlung bis 94%<\/td>\n<\/tr>\n<tr>\n<td><strong>Sekund\u00e4re Unterst\u00fctzung<\/strong><\/td>\n<td>0,5 mm - minimale Beugung<\/td>\n<\/tr>\n<tr>\n<td><strong>Forscher<\/strong><\/td>\n<td>9\u00d750 rechts (optisch)<\/td>\n<\/tr>\n<tr>\n<td><strong>Smartphone-Adapter<\/strong><\/td>\n<td>Universell - 54 bis 90 mm Breite<\/td>\n<\/tr>\n<tr>\n<td><strong>Spiegelreflexverbindung<\/strong><\/td>\n<td>Ja - Direkte Kameraadaption<\/td>\n<\/tr>\n<tr>\n<td><strong>Abmessungen der R\u00f6hre<\/strong><\/td>\n<td>Durchmesser: 540 mm \/ L\u00e4nge: 1071 mm (eingefahren) - 1685 mm (ausgefahren)<\/td>\n<\/tr>\n<tr>\n<td><strong>Verriegelungssystem<\/strong><\/td>\n<td>Mechanische 3-Punkt-Verriegelung<\/td>\n<\/tr>\n<tr>\n<td><strong>Rahmen<\/strong><\/td>\n<td>Alt-azimutale aus Holz mit Zubeh\u00f6rtablett<\/td>\n<\/tr>\n<tr>\n<td><strong>Gesammeltes Licht (vs 350 mm)<\/strong><\/td>\n<td>+34,5%<\/td>\n<\/tr>\n<\/tbody>\n<\/table>\n<h3>Warum sollten Sie sich f\u00fcr den Skyliner 406P FlexTube entscheiden?<\/h3>\n<ul>\n<li>Ein Durchmesser von 406 mm f\u00fcr eine un\u00fcbertroffene Sehleistung<\/li>\n<li>Einziehbarer FlexTube: leichter Transport trotz der Gr\u00f6\u00dfe<\/li>\n<li>RAQ\u2122-beschichtete Paraboloptik - ultrahelle Bilder<\/li>\n<li>Crayford 2\u2033-Okularhalter mit doppelter Geschwindigkeit f\u00fcr eine feine Fokussierung<\/li>\n<li>Robustes, flie\u00dfendes Dobson-Rahmenwerk, perfekt f\u00fcr den visuellen Bereich<\/li>\n<\/ul>\n<h3>Schlussfolgerung<\/h3>\n<p>Die <strong>Sky-Watcher Skyliner 406P FlexTube<\/strong> ist ein Eliteinstrument f\u00fcr Astronomen, die sich f\u00fcr die visuelle Beobachtung begeistern. Es wurde entwickelt, um nach den feinsten Details im Deep Sky und im Planetenhimmel zu suchen, ist aber gleichzeitig transportabel und leicht zu bedienen. Es ist einfach der K\u00f6nig der Dobsons f\u00fcr den Massenmarkt. Eine astronomische Traummaschine.<\/p>\n<\/div>","protected":false},"excerpt":{"rendered":"<p>Sky-Watcher Skyliner 406P FlexTube \u2013 Le Dobson ultime pour les astronomes visuels Un g\u00e9ant de 406 mm d\u2019ouverture dans un format r\u00e9tractable ! Le Sky-Watcher Skyliner 406P FlexTube est une b\u00eate d\u2019observation con\u00e7ue pour les astronomes exigeants. Avec son miroir primaire de 406 mm, il capte des d\u00e9tails insoup\u00e7onn\u00e9s dans les objets les plus faibles [&hellip;]<\/p>\n","protected":false},"featured_media":8879,"comment_status":"open","ping_status":"closed","template":"","meta":[],"product_brand":[822],"product_cat":[816,746,392],"product_tag":[],"class_list":{"0":"post-8730","1":"product","2":"type-product","3":"status-publish","4":"has-post-thumbnail","6":"product_brand-sky-watcher","7":"product_cat-nouveautes","8":"product_cat-dobson","9":"product_cat-telescopes_reflecteurs","11":"first","12":"on_supplier","13":"taxable","14":"shipping-taxable","15":"purchasable","16":"product-type-simple"},"_links":{"self":[{"href":"https:\/\/deep-space-astronomy.ch\/de\/wp-json\/wp\/v2\/product\/8730","targetHints":{"allow":["GET"]}}],"collection":[{"href":"https:\/\/deep-space-astronomy.ch\/de\/wp-json\/wp\/v2\/product"}],"about":[{"href":"https:\/\/deep-space-astronomy.ch\/de\/wp-json\/wp\/v2\/types\/product"}],"replies":[{"embeddable":true,"href":"https:\/\/deep-space-astronomy.ch\/de\/wp-json\/wp\/v2\/comments?post=8730"}],"wp:featuredmedia":[{"embeddable":true,"href":"https:\/\/deep-space-astronomy.ch\/de\/wp-json\/wp\/v2\/media\/8879"}],"wp:attachment":[{"href":"https:\/\/deep-space-astronomy.ch\/de\/wp-json\/wp\/v2\/media?parent=8730"}],"wp:term":[{"taxonomy":"product_brand","embeddable":true,"href":"https:\/\/deep-space-astronomy.ch\/de\/wp-json\/wp\/v2\/product_brand?post=8730"},{"taxonomy":"product_cat","embeddable":true,"href":"https:\/\/deep-space-astronomy.ch\/de\/wp-json\/wp\/v2\/product_cat?post=8730"},{"taxonomy":"product_tag","embeddable":true,"href":"https:\/\/deep-space-astronomy.ch\/de\/wp-json\/wp\/v2\/product_tag?post=8730"}],"curies":[{"name":"wp","href":"https:\/\/api.w.org\/{rel}","templated":true}]}}