{"id":8731,"date":"2025-06-26T17:18:29","date_gmt":"2025-06-26T15:18:29","guid":{"rendered":"https:\/\/deep-space-astronomy.ch\/?post_type=product&#038;p=8731"},"modified":"2026-01-22T17:46:20","modified_gmt":"2026-01-22T16:46:20","slug":"sky-watcher-skyliner-350p","status":"publish","type":"product","link":"https:\/\/deep-space-astronomy.ch\/de\/produkt\/sky-watcher-skyliner-350p\/","title":{"rendered":"Sky-Watcher Skyliner-350P Flextube"},"content":{"rendered":"<div>\n<h3>Sky-Watcher Skyliner 355P FlexTube - Beobachtung mit sehr gro\u00dfem Durchmesser<\/h3>\n<p>\n    <strong>Der Skyliner 355P FlexTube ist ein Lichtbiest f\u00fcr anspruchsvolle visuelle Astronomen!<\/strong><br \/>\n    Mit einem Hauptspiegel von 355 mm Durchmesser bringt Sie dieses Dobson-Teleskop mitten in die feinsten Details des Deep-Sky-Himmels. Das System <strong>FlexTube<\/strong> erm\u00f6glicht es, den Tubus teilweise zusammenzuklappen, um den Transport zu erleichtern, und garantiert auch im verriegelten Zustand eine einwandfreie Steifigkeit. Dies ist die perfekte Balance zwischen Beobachtungsleistung und logistischer Praktikabilit\u00e4t.\n  <\/p>\n<p>\n    Geliefert wird es mit zwei Super Pl\u00f6ssl-Okularen (10 mm und 25 mm), einem 9\u00d750 optischen Sucher, einem Crayford 2\u2033-Okularhalter mit doppelter Geschwindigkeit, einem SLR-Adapter und einem Smartphone-Adapter - alles montiert auf einer robusten und intuitiven Dobson-Basis.\n  <\/p>\n<h3>Ein Dobson, der f\u00fcr Enthusiasten mit gro\u00dfem Durchmesser entwickelt wurde<\/h3>\n<p>\n    Das Dobson-Design, das in den 70er Jahren von John Dobson popul\u00e4r gemacht wurde, beruht auf einem einfachen Prinzip: Stabilit\u00e4t, Fl\u00fcssigkeit und Handbedienung. Die Alt-azimutale Montierung erm\u00f6glicht nat\u00fcrliche Bewegungen in Azimut und H\u00f6he, mit einem optimierten Friktionssystem, um die Zielrichtung beizubehalten. Dank des FlexTube-Systems kann das Rohr zusammengeklappt werden (von 151 cm auf 97 cm), um es leichter zu verstauen und zu transportieren.\n  <\/p>\n<h3>Hochwertige parabolische Optik<\/h3>\n<p>\n    Dieses Teleskop ist mit einem Spiegel ausgestattet <strong>parabolisch<\/strong> behandelt RAQ\u2122 (Radiant\u2122 Aluminum Quartz), garantiert bis zu 94 % Reflektivit\u00e4t f\u00fcr helle und detailreiche Bilder. Die ultrad\u00fcnne (0,5 mm) Sekund\u00e4rhalterung begrenzt Beugungseffekte f\u00fcr einen optimalen Kontrast. Mit einer Brennweite von 1600 mm ist dieser 14-Z\u00f6ller ideal f\u00fcr Deep-Sky- und Planetenbeobachtungen mit hoher Vergr\u00f6\u00dferung.\n  <\/p>\n<h3>Technische Daten<\/h3>\n<table border=\"1\" cellpadding=\"8\" cellspacing=\"0\">\n<tbody>\n<tr>\n<td><strong>Art der Optik<\/strong><\/td>\n<td>Newton-Reflektor auf Dobson-Montierung<\/td>\n<\/tr>\n<tr>\n<td><strong>Durchmesser des Hauptspiegels<\/strong><\/td>\n<td>355 mm<\/td>\n<\/tr>\n<tr>\n<td><strong>Brennweite<\/strong><\/td>\n<td>1600 mm (f\/4,5)<\/td>\n<\/tr>\n<tr>\n<td><strong>Inklusive Okulare<\/strong><\/td>\n<td>10 mm und 25 mm - Super Pl\u00f6ssl (1,25\u2033)<\/td>\n<\/tr>\n<tr>\n<td><strong>Mitgelieferte Vergr\u00f6\u00dferungen<\/strong><\/td>\n<td>64x und 160x<\/td>\n<\/tr>\n<tr>\n<td><strong>Theoretische maximale Vergr\u00f6\u00dferung<\/strong><\/td>\n<td>710x<\/td>\n<\/tr>\n<tr>\n<td><strong>Okularhalter<\/strong><\/td>\n<td>Crayford 2\u2033 doppelter Gang mit Adaptern 1,25\u2033\/2\u2033.<\/td>\n<\/tr>\n<tr>\n<td><strong>Spiegel<\/strong><\/td>\n<td>Parabolische Prim\u00e4r- und Sekund\u00e4rstufe - RAQ\u2122-Behandlung<\/td>\n<\/tr>\n<tr>\n<td><strong>Halterung des Sekund\u00e4rspiegels<\/strong><\/td>\n<td>0,5 mm - ultrad\u00fcnn f\u00fcr minimale Beugung<\/td>\n<\/tr>\n<tr>\n<td><strong>Optischer Sucher<\/strong><\/td>\n<td>9\u00d750 rechts (direkte Sicht)<\/td>\n<\/tr>\n<tr>\n<td><strong>Spiegelreflexverbindung<\/strong><\/td>\n<td>Ja - Direkte Anpassung SLR<\/td>\n<\/tr>\n<tr>\n<td><strong>L\u00e4nge des Rohrs<\/strong><\/td>\n<td>97 cm (eingefahren) \/ 151 cm (ausgefahren)<\/td>\n<\/tr>\n<tr>\n<td><strong>Durchmesser des Rohrs<\/strong><\/td>\n<td>500 mm<\/td>\n<\/tr>\n<tr>\n<td><strong>Rohrverriegelungssystem<\/strong><\/td>\n<td>Mechanische 3-Punkt-Sperre<\/td>\n<\/tr>\n<tr>\n<td><strong>Rahmen<\/strong><\/td>\n<td>Alt-azimutale aus Holz mit Zubeh\u00f6rtablett<\/td>\n<\/tr>\n<tr>\n<td><strong>Gesammeltes Licht (vs 300 mm)<\/strong><\/td>\n<td>+40%<\/td>\n<\/tr>\n<\/tbody>\n<\/table>\n<h3>Die St\u00e4rken des Skyliner 355P FlexTube<\/h3>\n<ul>\n<li>Extreme Beobachtungsleistung mit 355-mm-Spiegel<\/li>\n<li>Einziehbares FlexTube-System f\u00fcr leichteren Transport<\/li>\n<li>Crayford-Okularhalter mit doppelter Geschwindigkeit f\u00fcr eine ultrapr\u00e4zise Fokussierung<\/li>\n<li>RAQ\u2122-Behandlung f\u00fcr ein hervorragendes Reflexionsverm\u00f6gen<\/li>\n<li>Intuitives, robustes und fl\u00fcssiges Gestell ohne Elektronik<\/li>\n<\/ul>\n<h3>Schlussfolgerung<\/h3>\n<p>\n    Die <strong>Sky-Watcher Skyliner 355P FlexTube<\/strong> ist das ultimative Teleskop f\u00fcr alle, die tief in das Universum eintauchen m\u00f6chten. Mit seiner gro\u00dfen \u00d6ffnung, dem faltbaren Design und den hochwertigen Komponenten ist es die erste Wahl f\u00fcr erfahrene Amateurastronomen. Machen Sie sich bereit f\u00fcr unvergessliche Beobachtungsn\u00e4chte!\n  <\/p>\n<\/div>","protected":false},"excerpt":{"rendered":"<p>Sky-Watcher Skyliner 355P FlexTube \u2013 L\u2019observation \u00e0 tr\u00e8s grand diam\u00e8tre Le Skyliner 355P FlexTube est une b\u00eate de lumi\u00e8re pour les astronomes visuels exigeants ! Avec un miroir primaire de 355 mm de diam\u00e8tre, ce t\u00e9lescope Dobson vous plonge au c\u0153ur des d\u00e9tails les plus fins du ciel profond. Le syst\u00e8me FlexTube permet de replier [&hellip;]<\/p>\n","protected":false},"featured_media":8877,"comment_status":"open","ping_status":"closed","template":"","meta":[],"product_brand":[822],"product_cat":[816,746,745,392],"product_tag":[],"class_list":{"0":"post-8731","1":"product","2":"type-product","3":"status-publish","4":"has-post-thumbnail","6":"product_brand-sky-watcher","7":"product_cat-nouveautes","8":"product_cat-dobson","9":"product_cat-telescope-dinitiation","10":"product_cat-telescopes_reflecteurs","12":"first","13":"on_supplier","14":"taxable","15":"shipping-taxable","16":"purchasable","17":"product-type-simple"},"_links":{"self":[{"href":"https:\/\/deep-space-astronomy.ch\/de\/wp-json\/wp\/v2\/product\/8731","targetHints":{"allow":["GET"]}}],"collection":[{"href":"https:\/\/deep-space-astronomy.ch\/de\/wp-json\/wp\/v2\/product"}],"about":[{"href":"https:\/\/deep-space-astronomy.ch\/de\/wp-json\/wp\/v2\/types\/product"}],"replies":[{"embeddable":true,"href":"https:\/\/deep-space-astronomy.ch\/de\/wp-json\/wp\/v2\/comments?post=8731"}],"wp:featuredmedia":[{"embeddable":true,"href":"https:\/\/deep-space-astronomy.ch\/de\/wp-json\/wp\/v2\/media\/8877"}],"wp:attachment":[{"href":"https:\/\/deep-space-astronomy.ch\/de\/wp-json\/wp\/v2\/media?parent=8731"}],"wp:term":[{"taxonomy":"product_brand","embeddable":true,"href":"https:\/\/deep-space-astronomy.ch\/de\/wp-json\/wp\/v2\/product_brand?post=8731"},{"taxonomy":"product_cat","embeddable":true,"href":"https:\/\/deep-space-astronomy.ch\/de\/wp-json\/wp\/v2\/product_cat?post=8731"},{"taxonomy":"product_tag","embeddable":true,"href":"https:\/\/deep-space-astronomy.ch\/de\/wp-json\/wp\/v2\/product_tag?post=8731"}],"curies":[{"name":"wp","href":"https:\/\/api.w.org\/{rel}","templated":true}]}}