{"id":8732,"date":"2025-06-26T17:18:29","date_gmt":"2025-06-26T15:18:29","guid":{"rendered":"https:\/\/deep-space-astronomy.ch\/?post_type=product&#038;p=8732"},"modified":"2026-01-22T17:45:35","modified_gmt":"2026-01-22T16:45:35","slug":"sky-watcher-skyliner-300p","status":"publish","type":"product","link":"https:\/\/deep-space-astronomy.ch\/de\/produkt\/sky-watcher-skyliner-300p\/","title":{"rendered":"Sky-Watcher Skyliner-300P FlexTube"},"content":{"rendered":"<div>\n<h3>Sky-Watcher Skyliner 300P FlexTube - Maximale Leistung bei kompakter Gr\u00f6\u00dfe<\/h3>\n<p><strong>Ein 305-mm-Dobson-Teleskop f\u00fcr anspruchsvolle - und mobile - Beobachter!<\/strong><br \/>\nDer Sky-Watcher Skyliner 300P FlexTube bietet einen beeindruckenden parabolischen Hauptspiegel mit einem Durchmesser von 305 mm, der die feinsten Strukturen von Nebeln, Galaxien und Planeten aufdecken kann. Dank seines ausgekl\u00fcgelten Systems <strong>FlexTube<\/strong>So ist es trotz seiner Gr\u00f6\u00dfe leicht zu transportieren - ideal f\u00fcr alle, die einen gro\u00dfen Durchmesser suchen, ohne auf Praktikabilit\u00e4t verzichten zu m\u00fcssen.<\/p>\n<p><strong>NEU :<\/strong> wird mit zwei Weitwinkelokularen (12,5 mm und 20 mm - 70\u00b0-Feld), einem 1,25\u2033-Adapter mit Messingklemmring zum Schutz Ihres Zubeh\u00f6rs sowie einem Universaladapter f\u00fcr Smartphones geliefert. Perfekt, um Ihre sch\u00f6nsten Beobachtungen in Sekundenschnelle festzuhalten.<\/p>\n<h3>Ein Dobson-Teleskop mit innovativem Design: der FlexTube<\/h3>\n<p>Das System <strong>FlexTube<\/strong> erm\u00f6glicht es, den optischen Tubus in einem Augenblick einzuziehen, um seine L\u00e4nge von 144 cm auf nur 92,5 cm zu reduzieren. Dieses einzigartige Design vereinfacht den Transport, die Aufbewahrung und das Einladen in ein Auto. Im ausgefahrenen Zustand sorgt ein 3-Punkt-Verriegelungssystem f\u00fcr Steifigkeit und Stabilit\u00e4t, selbst bei l\u00e4ngeren Beobachtungen mit hoher Vergr\u00f6\u00dferung.<\/p>\n<h3>Dobson-Rahmen: Einfachheit und Effizienz<\/h3>\n<p>Basierend auf dem alt-azimutalen Prinzip von John Dobson erm\u00f6glicht diese stabile Holzmontierung eine sanfte Bewegung des Teleskops auf zwei Achsen ohne Motoren oder Elektronik. Die manuelle Nachf\u00fchrung ist intuitiv und nat\u00fcrlich. Die Montage ist schnell erledigt und erfordert keine komplizierten Werkzeuge.<\/p>\n<h3>Eine Optik von h\u00f6chster Qualit\u00e4t<\/h3>\n<p>Der Prim\u00e4rspiegel <strong>parabolisch<\/strong> von 305 mm, RAQ\u2122 (Radiant Aluminum Quartz) behandelt, bietet ein Reflexionsverm\u00f6gen von bis zu 94 % f\u00fcr brillante Bilder. Die ultrad\u00fcnne Sekund\u00e4rst\u00fctze von 0,5 mm verringert die Beugung und sorgt f\u00fcr eine h\u00f6here Bildsch\u00e4rfe. Ob Sie die Spiralarme einer Galaxie oder die Teilungen der Saturnringe anvisieren, der Skyliner 300P bietet Ihnen eine au\u00dfergew\u00f6hnliche Klarheit.<\/p>\n<h3>Technische Daten<\/h3>\n<table border=\"1\" cellspacing=\"0\" cellpadding=\"8\">\n<tbody>\n<tr>\n<td><strong>Art der Optik<\/strong><\/td>\n<td>Newton-Reflektor auf Dobson-Montierung<\/td>\n<\/tr>\n<tr>\n<td><strong>Durchmesser des Hauptspiegels<\/strong><\/td>\n<td>305 mm<\/td>\n<\/tr>\n<tr>\n<td><strong>Brennweite<\/strong><\/td>\n<td>1500 mm (f\/5)<\/td>\n<\/tr>\n<tr>\n<td><strong>Inklusive Okulare<\/strong><\/td>\n<td>12,5 mm und 20 mm - 70\u00b0-Weitwinkel (im Format 1,25\u2033)<\/td>\n<\/tr>\n<tr>\n<td><strong>Mitgelieferte Vergr\u00f6\u00dferungen<\/strong><\/td>\n<td>75x und 120x<\/td>\n<\/tr>\n<tr>\n<td><strong>Theoretische maximale Vergr\u00f6\u00dferung<\/strong><\/td>\n<td>600x<\/td>\n<\/tr>\n<tr>\n<td><strong>Okularhalter<\/strong><\/td>\n<td>Crayford Dual-Fit 1,25\u2033 \/ 2\u2033 mit mitgelieferten Adaptern<\/td>\n<\/tr>\n<tr>\n<td><strong>Spiegel<\/strong><\/td>\n<td>Parabolische Prim\u00e4r- und Sekund\u00e4rstufe mit RAQ\u2122-Behandlung<\/td>\n<\/tr>\n<tr>\n<td><strong>Sekund\u00e4re Unterst\u00fctzung<\/strong><\/td>\n<td>Ultrad\u00fcnne 0,5 mm-B\u00fcgel zur Begrenzung der Beugung<\/td>\n<\/tr>\n<tr>\n<td><strong>Forscher<\/strong><\/td>\n<td>9\u00d750 rechts (direkte Sicht)<\/td>\n<\/tr>\n<tr>\n<td><strong>Smartphone-Adapter<\/strong><\/td>\n<td>Universell (54 bis 90 mm Breite)<\/td>\n<\/tr>\n<tr>\n<td><strong>Anschluss Spiegelreflexkamera<\/strong><\/td>\n<td>Ja - Direkte Anpassung<\/td>\n<\/tr>\n<tr>\n<td><strong>L\u00e4nge des Rohrs<\/strong><\/td>\n<td>92,5 cm (eingefahren) \/ 144 cm (ausgefahren)<\/td>\n<\/tr>\n<tr>\n<td><strong>Rohrverriegelungssystem<\/strong><\/td>\n<td>Mechanische 3-Punkt-Verriegelung<\/td>\n<\/tr>\n<tr>\n<td><strong>Rahmen<\/strong><\/td>\n<td>Alt-azimutale aus Holz mit Zubeh\u00f6rtablett<\/td>\n<\/tr>\n<tr>\n<td><strong>Gesammeltes Licht (vs. 250 mm)<\/strong><\/td>\n<td>+44%<\/td>\n<\/tr>\n<\/tbody>\n<\/table>\n<h3>Warum sollten Sie sich f\u00fcr den Skyliner 300P FlexTube entscheiden?<\/h3>\n<ul>\n<li>Gro\u00dfe Blende von 305 mm: maximale Leistung f\u00fcr Deep Sky<\/li>\n<li>Einziehbares FlexTube-System: leichterer Transport ohne Verlust der Steifigkeit<\/li>\n<li>Parabolische Optik mit hohem RAQ\u2122-Reflexionsverm\u00f6gen<\/li>\n<li>1,25\u2033 und 2\u2033 kompatibler Crayford-Okularhalter f\u00fcr hohe Flexibilit\u00e4t<\/li>\n<li>Mitgeliefertes Zubeh\u00f6r: Weitwinkelokulare, Sucher, Smartphone- und Fotoadapter<\/li>\n<\/ul>\n<h3>Schlussfolgerung<\/h3>\n<p>Die <strong>Sky-Watcher Skyliner 300P FlexTube<\/strong> ist ein Dobson-Teleskop der Spitzenklasse, das f\u00fcr passionierte Astronomen ma\u00dfgeschneidert ist. Es kombiniert die Kraft eines gro\u00dfen Durchmessers mit dem Einfallsreichtum eines einziehbaren Designs, ohne Kompromisse bei der optischen Qualit\u00e4t oder der Benutzerfreundlichkeit einzugehen. Ein Must-have f\u00fcr unvergessliche Beobachtungsn\u00e4chte.<\/p>\n<\/div>","protected":false},"excerpt":{"rendered":"<p>Sky-Watcher Skyliner 300P FlexTube \u2013 Puissance maximale et format compact Un t\u00e9lescope Dobson de 305 mm pour les observateurs exigeants\u2026 et mobiles ! Le Sky-Watcher Skyliner 300P FlexTube offre un miroir primaire parabolique impressionnant de 305 mm de diam\u00e8tre, capable de r\u00e9v\u00e9ler les structures les plus fines des n\u00e9buleuses, galaxies et plan\u00e8tes. Gr\u00e2ce \u00e0 son [&hellip;]<\/p>\n","protected":false},"featured_media":8875,"comment_status":"open","ping_status":"closed","template":"","meta":[],"product_brand":[822],"product_cat":[816,746,745,392],"product_tag":[],"class_list":{"0":"post-8732","1":"product","2":"type-product","3":"status-publish","4":"has-post-thumbnail","6":"product_brand-sky-watcher","7":"product_cat-nouveautes","8":"product_cat-dobson","9":"product_cat-telescope-dinitiation","10":"product_cat-telescopes_reflecteurs","12":"first","13":"on_supplier","14":"taxable","15":"shipping-taxable","16":"purchasable","17":"product-type-simple"},"_links":{"self":[{"href":"https:\/\/deep-space-astronomy.ch\/de\/wp-json\/wp\/v2\/product\/8732","targetHints":{"allow":["GET"]}}],"collection":[{"href":"https:\/\/deep-space-astronomy.ch\/de\/wp-json\/wp\/v2\/product"}],"about":[{"href":"https:\/\/deep-space-astronomy.ch\/de\/wp-json\/wp\/v2\/types\/product"}],"replies":[{"embeddable":true,"href":"https:\/\/deep-space-astronomy.ch\/de\/wp-json\/wp\/v2\/comments?post=8732"}],"wp:featuredmedia":[{"embeddable":true,"href":"https:\/\/deep-space-astronomy.ch\/de\/wp-json\/wp\/v2\/media\/8875"}],"wp:attachment":[{"href":"https:\/\/deep-space-astronomy.ch\/de\/wp-json\/wp\/v2\/media?parent=8732"}],"wp:term":[{"taxonomy":"product_brand","embeddable":true,"href":"https:\/\/deep-space-astronomy.ch\/de\/wp-json\/wp\/v2\/product_brand?post=8732"},{"taxonomy":"product_cat","embeddable":true,"href":"https:\/\/deep-space-astronomy.ch\/de\/wp-json\/wp\/v2\/product_cat?post=8732"},{"taxonomy":"product_tag","embeddable":true,"href":"https:\/\/deep-space-astronomy.ch\/de\/wp-json\/wp\/v2\/product_tag?post=8732"}],"curies":[{"name":"wp","href":"https:\/\/api.w.org\/{rel}","templated":true}]}}