{"id":8734,"date":"2025-06-26T17:18:29","date_gmt":"2025-06-26T15:18:29","guid":{"rendered":"https:\/\/deep-space-astronomy.ch\/?post_type=product&#038;p=8734"},"modified":"2026-03-25T12:25:15","modified_gmt":"2026-03-25T11:25:15","slug":"sky-watcher-skyliner-250p-classic","status":"publish","type":"product","link":"https:\/\/deep-space-astronomy.ch\/de\/produkt\/sky-watcher-skyliner-250p-classic\/","title":{"rendered":"Dobson Sky-Watcher Skyliner-250P Classic"},"content":{"rendered":"<h3 style=\"text-align: center;\">Dobson Sky-Watcher Skyliner-250P Classic - Erschwingliche Sehkraft<\/h3>\n<p><strong>Ein 254-mm-Dobson-Teleskop, das Leistung, Einfachheit und ein hervorragendes Preis-Leistungs-Verh\u00e4ltnis vereint.<\/strong><br \/>\nMit seinem gro\u00dfen 254-mm-Parabolspiegel f\u00e4ngt der Skyliner 254 beeindruckende Details von Galaxien, Nebeln, Sternhaufen und Planeten ein. Er ist ein ideales Instrument f\u00fcr die fortgeschrittene visuelle Beobachtung ohne Kompromisse.<\/p>\n<p><strong>NEU :<\/strong> wird mit zwei Weitwinkelokularen (12,5 mm und 20 mm - 70\u00b0), einem 1,25\u2033-Adapter mit Messingklemmring, damit Ihre Okulare nicht verkratzt werden, und einem Universaladapter f\u00fcr Smartphones geliefert - fangen Sie die Sch\u00f6nheit des Himmels mit Ihrem Telefon ein!<\/p>\n<h3>Was Sir Patrick Moore dar\u00fcber sagte<\/h3>\n<blockquote><p>\"Ich habe eine Vielzahl von Teleskopen benutzt; einige waren gut, andere mittelm\u00e4\u00dfig oder sogar schlecht. F\u00fcr mich ist das Sky-Watcher-Sortiment hervorragend, f\u00fcr alle Amateure geeignet - und die Preise sind immer noch sehr erschwinglich. Ein bemerkenswertes Preis-Leistungs-Verh\u00e4ltnis. Benutzen Sie sie und erfreuen Sie sich daran\".<br \/>\n<em>- Sir Patrick Moore CBE FRS (1923 - 2012)<\/em><\/p><\/blockquote>\n<h3>Ein fl\u00fcssiger und robuster Dobson-Rahmen<\/h3>\n<p>Das Prinzip der Dobson-Montierung ist einfach: eine fl\u00fcssige, intuitive Azimutalbewegung ohne Motor oder Elektronik. Die gesamte Montierung ist so konzipiert, dass sie einem Himmelsobjekt leicht mit der Hand folgt und dabei absolut stabil bleibt. Die Montage ist in nur wenigen Minuten erledigt.<\/p>\n<h3>Eine High-End-Optik f\u00fcr Deep Sky und Planetenhimmel<\/h3>\n<p>Der Prim\u00e4rspiegel <strong>parabolisch<\/strong> behandelt RAQ\u2122 bietet bis zu 94 % Reflexionsverm\u00f6gen. Dies erm\u00f6glicht eine naturgetreue Wiedergabe von Details bei hervorragender Helligkeit. Dank seines Durchmessers von 254 mm sammelt dieses Teleskop 56 % mehr Licht als ein 200-mm-Teleskop - ein echter Unterschied bei schwachen Objekten.<\/p>\n<h3><b>Beispiele f\u00fcr Beobachtungen (klassische Ziele)<\/b><\/h3>\n<ul>\n<li>\n<p class=\"p1\"><span class=\"s1\"><b>M42 - Gro\u00dfer Orionnebel<\/b><\/span> : sehr spektakul\u00e4r, mit einem sch\u00f6nen Reliefgef\u00fchl. Unter dem Stadthimmel kann man je nach Bedingungen manchmal eine leichte Farbnuance erahnen.<\/p>\n<\/li>\n<li>\n<p class=\"p1\"><span class=\"s1\"><b>M57 - Ringnebel<\/b><\/span> : vertr\u00e4gt sehr gut hohe Vergr\u00f6\u00dferungen, um die <span class=\"s1\"><b>x250<\/b><\/span>, Sie k\u00f6nnen sich auch auf ein eigenes Bild konzentrieren.<\/p>\n<\/li>\n<li>\n<p class=\"p1\"><span class=\"s1\"><b>Sch\u00fctze (Lagune, Trifid etc.)<\/b><\/span> : helle und detaillierte Nebel, wenn sie gut am Himmel platziert sind.<\/p>\n<\/li>\n<li>\n<p class=\"p1\"><span class=\"s1\"><b>M27 - Hantelnebel<\/b><\/span> : sehr hell, leicht zu erkennen und besonders lohnend.<\/p>\n<\/li>\n<li>\n<p class=\"p1\"><span class=\"s1\"><b>Planeten<\/b><\/span> : Alle gro\u00dfen Planeten sind zug\u00e4nglich und bieten reichhaltige Beobachtungen (abh\u00e4ngig von der Turbulenz und der H\u00f6he \u00fcber dem Horizont).<\/p>\n<\/li>\n<li>\n<p class=\"p1\"><span class=\"s1\"><b>M13 - Kugelsternhaufen des Herkules<\/b><\/span> : verkraftet die Vergr\u00f6\u00dferung sehr gut (<span class=\"s1\"><b>~x250<\/b><\/span>) und offenbart eine wundersch\u00f6ne K\u00f6rnung.<\/p>\n<\/li>\n<\/ul>\n<h3><\/h3>\n<h3><b>Wie weit kann das Instrument gehen (guter Himmel + optimale Bedingungen)<\/b><\/h3>\n<ul>\n<li>\n<p class=\"p1\"><span class=\"s1\"><b>Doppel-Doppel der Lyra<\/b><\/span> : Trennung ohne Schwierigkeiten an <span class=\"s1\"><b>x250<\/b><\/span> mit einer sorgf\u00e4ltigen Kollimation.<\/p>\n<\/li>\n<li>\n<p class=\"p1\"><span class=\"s1\"><b>M51 - Wirbelwindgalaxie<\/b><\/span> : Die Spiralarme beginnen sich abzuzeichnen, wenn der Himmel ganz dunkel ist.<\/p>\n<\/li>\n<li>\n<p class=\"p1\"><span class=\"s1\"><b>Dentelles du Cygne (ohne Filter)<\/b><\/span> : sichtbar, aber sehr empfindlich - das typische Beispiel f\u00fcr ein Objekt, das einen ausgezeichneten Himmel belohnt.<\/p>\n<\/li>\n<li>\n<p class=\"p1\"><span class=\"s1\"><b>M31 - Andromeda<\/b><\/span> : Der Staubstreifen kann unter guten Bedingungen erscheinen.<\/p>\n<\/li>\n<li>\n<p class=\"p1\"><span class=\"s1\"><b>Jupiter<\/b><\/span> : m\u00f6gliche Beobachtung von markanten Ereignissen wie <span class=\"s1\"><b>Sonnenfinsternis\/Satellitenokkultation<\/b><\/span>.<\/p>\n<\/li>\n<li>\n<p class=\"p1\"><span class=\"s1\"><b>Saturn<\/b><\/span> : Bei au\u00dfergew\u00f6hnlichem Seeing kann man bis zu <span class=\"s1\"><b>x500<\/b><\/span> und eine beeindruckende Detailgenauigkeit erreichen.<\/p>\n<\/li>\n<\/ul>\n<h3>Technische Daten<\/h3>\n<table border=\"1\" cellspacing=\"0\" cellpadding=\"8\">\n<tbody>\n<tr>\n<td><strong>Art der Optik<\/strong><\/td>\n<td>Newton-Reflektor auf Dobson-Montierung<\/td>\n<\/tr>\n<tr>\n<td><strong>Durchmesser des Hauptspiegels<\/strong><\/td>\n<td>254 mm<\/td>\n<\/tr>\n<tr>\n<td><strong>Brennweite<\/strong><\/td>\n<td>1200 mm (f\/5)<\/td>\n<\/tr>\n<tr>\n<td><strong>Inklusive Okulare<\/strong><\/td>\n<td>12,5 mm und 20 mm - Weitwinkel 70\u00b0 (1,25\u2033)<\/td>\n<\/tr>\n<tr>\n<td><strong>Mitgelieferte Vergr\u00f6\u00dferungen<\/strong><\/td>\n<td>60x und 96x<\/td>\n<\/tr>\n<tr>\n<td><strong>Theoretische maximale Vergr\u00f6\u00dferung<\/strong><\/td>\n<td>508x<\/td>\n<\/tr>\n<tr>\n<td><strong>Okularhalter<\/strong><\/td>\n<td>Kompatibel mit 1,25\u2033 und 2\u2033 (Dual Fit)<\/td>\n<\/tr>\n<tr>\n<td><strong>Adapter mit Messingring<\/strong><\/td>\n<td>Ja, f\u00fcr Okulare 1,25\u2033.<\/td>\n<\/tr>\n<tr>\n<td><strong>Spiegel<\/strong><\/td>\n<td>Parabolische Prim\u00e4r- und Sekund\u00e4rstufe, RAQ\u2122-Behandlung<\/td>\n<\/tr>\n<tr>\n<td><strong>Sekund\u00e4re Unterst\u00fctzung<\/strong><\/td>\n<td>D\u00fcnne \u00c4ste 0,5 mm, um die Beugung zu begrenzen<\/td>\n<\/tr>\n<tr>\n<td><strong>Forscher<\/strong><\/td>\n<td>9\u00d750-Optik<\/td>\n<\/tr>\n<tr>\n<td><strong>Smartphone-Adapter<\/strong><\/td>\n<td>Universell (54 bis 90 mm Breite)<\/td>\n<\/tr>\n<tr>\n<td><strong>Anschluss Spiegelreflexkamera<\/strong><\/td>\n<td>Ja - SLR direkt<\/td>\n<\/tr>\n<tr>\n<td><strong>Rahmen<\/strong><\/td>\n<td>Alt-azimutale aus Holz mit Zubeh\u00f6rtablett<\/td>\n<\/tr>\n<tr>\n<td><strong>Gesammeltes Licht (vs 200 mm)<\/strong><\/td>\n<td>+56%<\/td>\n<\/tr>\n<\/tbody>\n<\/table>\n<h3>Warum sollten Sie sich f\u00fcr den Skyliner 254 entscheiden?<\/h3>\n<ul>\n<li>Au\u00dfergew\u00f6hnliche Lichtsammelst\u00e4rke f\u00fcr einen Dobson<\/li>\n<li>Kontrastreiche und detailreiche Bilder dank Parabolspiegeln<\/li>\n<li>Einfach zu montieren und zu verwenden, auch f\u00fcr unerfahrene Amateure<\/li>\n<li>Fotokompatibel: Spiegelreflexkamera und Smartphone<\/li>\n<li>Lieferung komplett mit Okularen, Sucher, 1,25\u2033\/2\u2033-Adapter, Zubeh\u00f6r<\/li>\n<\/ul>\n<h3>Schlussfolgerung<\/h3>\n<p>Die <strong>Sky-Watcher Skyliner 254\/1200<\/strong> ist ein leistungsstarkes, vielseitiges und zuverl\u00e4ssiges Teleskop. Es bietet ein immersives Beobachtungserlebnis, egal ob Sie sich f\u00fcr Nebel, Galaxien oder Planeten begeistern. Von Experten empfohlen und f\u00fcr seine Einfachheit gelobt, ist es eine feste Gr\u00f6\u00dfe in der Welt der gro\u00dfen Dobson-Teleskope.<\/p>","protected":false},"excerpt":{"rendered":"<p>Dobson Sky-Watcher Skyliner-250P Classic \u2013 La puissance visuelle accessible Un t\u00e9lescope Dobson de 254 mm qui allie performance, simplicit\u00e9 et excellent rapport qualit\u00e9\/prix. Avec son large miroir parabolique de 254 mm, le Skyliner 254 capte des d\u00e9tails impressionnants sur les galaxies, n\u00e9buleuses, amas stellaires et plan\u00e8tes. C\u2019est un instrument id\u00e9al pour l\u2019observation visuelle avanc\u00e9e, sans [&hellip;]<\/p>\n","protected":false},"featured_media":8869,"comment_status":"open","ping_status":"closed","template":"","meta":[],"product_brand":[822],"product_cat":[392,746,816,745],"product_tag":[856],"class_list":{"0":"post-8734","1":"product","2":"type-product","3":"status-publish","4":"has-post-thumbnail","6":"product_brand-sky-watcher","7":"product_cat-telescopes_reflecteurs","8":"product_cat-dobson","9":"product_cat-nouveautes","10":"product_cat-telescope-dinitiation","11":"product_tag-produits-phares-en-stock","13":"first","14":"onbackorder","15":"taxable","16":"shipping-taxable","17":"purchasable","18":"product-type-simple"},"_links":{"self":[{"href":"https:\/\/deep-space-astronomy.ch\/de\/wp-json\/wp\/v2\/product\/8734","targetHints":{"allow":["GET"]}}],"collection":[{"href":"https:\/\/deep-space-astronomy.ch\/de\/wp-json\/wp\/v2\/product"}],"about":[{"href":"https:\/\/deep-space-astronomy.ch\/de\/wp-json\/wp\/v2\/types\/product"}],"replies":[{"embeddable":true,"href":"https:\/\/deep-space-astronomy.ch\/de\/wp-json\/wp\/v2\/comments?post=8734"}],"wp:featuredmedia":[{"embeddable":true,"href":"https:\/\/deep-space-astronomy.ch\/de\/wp-json\/wp\/v2\/media\/8869"}],"wp:attachment":[{"href":"https:\/\/deep-space-astronomy.ch\/de\/wp-json\/wp\/v2\/media?parent=8734"}],"wp:term":[{"taxonomy":"product_brand","embeddable":true,"href":"https:\/\/deep-space-astronomy.ch\/de\/wp-json\/wp\/v2\/product_brand?post=8734"},{"taxonomy":"product_cat","embeddable":true,"href":"https:\/\/deep-space-astronomy.ch\/de\/wp-json\/wp\/v2\/product_cat?post=8734"},{"taxonomy":"product_tag","embeddable":true,"href":"https:\/\/deep-space-astronomy.ch\/de\/wp-json\/wp\/v2\/product_tag?post=8734"}],"curies":[{"name":"wp","href":"https:\/\/api.w.org\/{rel}","templated":true}]}}