{"id":8735,"date":"2025-06-26T17:18:29","date_gmt":"2025-06-26T15:18:29","guid":{"rendered":"https:\/\/deep-space-astronomy.ch\/?post_type=product&#038;p=8735"},"modified":"2026-03-31T17:43:14","modified_gmt":"2026-03-31T15:43:14","slug":"sky-watcher-skyliner-200p-classic-telescope-dobson-parabolique-de-200-mm-8-prix-promotionnel","status":"publish","type":"product","link":"https:\/\/deep-space-astronomy.ch\/de\/produkt\/sky-watcher-skyliner-200p-classic-telescope-dobson-parabolique-de-200-mm-8-prix-promotionnel\/","title":{"rendered":"Sky-Watcher Skyliner-150P Classic Parabolisches Dobson-Teleskop 150 mm (6\u2033) - Aktionspreis"},"content":{"rendered":"<div>\n<h3>Sky-Watcher Dobson 153\/1200 Teleskop - Leistung und Einfachheit<\/h3>\n<p><strong>Ein neu aufgelegter Klassiker f\u00fcr Liebhaber des Nachthimmels!<\/strong><br \/>\nDieses 153-mm-Dobson-Teleskop von Sky-Watcher bietet ein au\u00dfergew\u00f6hnliches Verh\u00e4ltnis von Durchmesser und Preis. Es eignet sich ideal f\u00fcr die Beobachtung des Mondes, der Planeten und Deep-Sky-Objekte wie Galaxien und Nebel und kombiniert einfache Bedienung mit beeindruckender optischer Qualit\u00e4t.<\/p>\n<p><strong>NEU:<\/strong> jetzt mit zwei Weitwinkelokularen 12,5 mm und 20 mm (70\u00b0 Feld), einem 1,25\u2033-Adapter mit Messingklemmring (Kratzschutz) und einem universellen Smartphone-Adapter geliefert - perfekt, um Ihre ersten astronomischen Bilder einfach festzuhalten!<\/p>\n<h3>Eine stabile und intuitive Dobson-Montierung<\/h3>\n<p>Inspiriert von den Konzepten von John Dobson, erm\u00f6glicht diese einfache azimutale Montierung eine fl\u00fcssige und nat\u00fcrliche Handhabung in der Hand. Keine komplizierten Einstellungen: Sie richten den Tubus in die gew\u00fcnschte Richtung aus, und das Teleskop bleibt dank der pr\u00e4zisen Balance und reibungsoptimierter Materialien an Ort und Stelle. Der Aufbau ist schnell erledigt und die Beobachtung kann in wenigen Minuten beginnen.<\/p>\n<h3>Hochwertige parabolische Optik<\/h3>\n<p>Im Gegensatz zu billigen sph\u00e4rischen Spiegeln enth\u00e4lt dieses Teleskop einen Hauptspiegel <strong>parabolisch<\/strong> von h\u00f6chster Qualit\u00e4t. Dadurch werden sph\u00e4rische Aberrationen korrigiert und Sie erhalten scharfe, kontrastreiche und detailreiche Bilder - ob vom Saturn oder einer weit entfernten Galaxie.<\/p>\n<h3>Technische Daten<\/h3>\n<table border=\"1\" cellspacing=\"0\" cellpadding=\"8\">\n<tbody>\n<tr>\n<td><strong>Art der Optik<\/strong><\/td>\n<td>Newton-Reflektor auf Dobson-Montierung<\/td>\n<\/tr>\n<tr>\n<td><strong>Durchmesser des Hauptspiegels<\/strong><\/td>\n<td>153 mm<\/td>\n<\/tr>\n<tr>\n<td><strong>Brennweite<\/strong><\/td>\n<td>1200 mm (f\/8)<\/td>\n<\/tr>\n<tr>\n<td><strong>Inklusive Okulare<\/strong><\/td>\n<td>12,5 mm und 20 mm - 70\u00b0-Weitwinkel (im Format 1,25\u2033)<\/td>\n<\/tr>\n<tr>\n<td><strong>Mitgelieferte Vergr\u00f6\u00dferungen<\/strong><\/td>\n<td>60x und 96x<\/td>\n<\/tr>\n<tr>\n<td><strong>Theoretische maximale Vergr\u00f6\u00dferung<\/strong><\/td>\n<td>306x<\/td>\n<\/tr>\n<tr>\n<td><strong>Spiegel<\/strong><\/td>\n<td>Parabolische Prim\u00e4r- und Sekund\u00e4rstufe mit RAQ\u2122-Behandlung (bis zu 94% Reflektivit\u00e4t)<\/td>\n<\/tr>\n<tr>\n<td><strong>Sekund\u00e4re Unterst\u00fctzung<\/strong><\/td>\n<td>0,5 mm d\u00fcnne \u00c4ste f\u00fcr minimale Beugung<\/td>\n<\/tr>\n<tr>\n<td><strong>Forscher<\/strong><\/td>\n<td>6\u00d730 optisch<\/td>\n<\/tr>\n<tr>\n<td><strong>Foto-Adapter<\/strong><\/td>\n<td>Direkter Anschluss f\u00fcr Spiegelreflexkameras<\/td>\n<\/tr>\n<tr>\n<td><strong>Smartphone-Adapter<\/strong><\/td>\n<td>Universell - Kompatibel mit Smartphones mit einer Breite von 54 bis 90 mm<\/td>\n<\/tr>\n<tr>\n<td><strong>Rahmen<\/strong><\/td>\n<td>Alt-azimutale aus Holz mit Zubeh\u00f6rtablett<\/td>\n<\/tr>\n<tr>\n<td><strong>Gesammeltes Licht (vs. 114 mm)<\/strong><\/td>\n<td>+73%<\/td>\n<\/tr>\n<\/tbody>\n<\/table>\n<h3>Warum sollten Sie sich f\u00fcr dieses Dobson-Teleskop entscheiden?<\/h3>\n<ul>\n<li>Hervorragendes Preis-Leistungs-Verh\u00e4ltnis, um mit der Astronomie zu beginnen oder sie zu verbessern<\/li>\n<li>Stabiles, intuitives und schnell einsetzbares Gestell<\/li>\n<li>Hochpr\u00e4zise parabolische Optik f\u00fcr scharfe Bilder<\/li>\n<li>Inklusive Smartphone-Adapter, um Ihre Beobachtungen festzuhalten<\/li>\n<li>Umfangreiches Zubeh\u00f6r: Weitwinkelokulare, Sucher, Fotoadapter<\/li>\n<\/ul>\n<h3>Zusammenfassend<\/h3>\n<p>Dieses Dobson-Teleskop 153\/1200 ist die ideale Wahl f\u00fcr alle, die ein vielseitiges, einfach zu bedienendes und leistungsstarkes Instrument suchen. Ob Sie ein neugieriger Anf\u00e4nger oder ein leidenschaftlicher Amateur sind, es wird Ihnen ein treuer Begleiter bei Ihren Mond-, Planeten- und Himmelserkundungen sein.<\/p>\n<\/div>","protected":false},"excerpt":{"rendered":"<p>T\u00e9lescope Sky-Watcher Dobson 153\/1200 \u2013 Performance et Simplicit\u00e9 Un classique revisit\u00e9 pour les passionn\u00e9s du ciel nocturne ! Ce t\u00e9lescope Dobson de Sky-Watcher de 153 mm offre un rapport exceptionnel diam\u00e8tre\/prix. Id\u00e9al pour l\u2019observation de la Lune, des plan\u00e8tes et des objets du ciel profond comme les galaxies et les n\u00e9buleuses, il combine simplicit\u00e9 d\u2019utilisation [&hellip;]<\/p>\n","protected":false},"featured_media":8865,"comment_status":"open","ping_status":"closed","template":"","meta":[],"product_brand":[822],"product_cat":[392,746,816,815],"product_tag":[],"class_list":{"0":"post-8735","1":"product","2":"type-product","3":"status-publish","4":"has-post-thumbnail","6":"product_brand-sky-watcher","7":"product_cat-telescopes_reflecteurs","8":"product_cat-dobson","9":"product_cat-nouveautes","10":"product_cat-debutants","12":"first","13":"onbackorder","14":"taxable","15":"shipping-taxable","16":"purchasable","17":"product-type-simple"},"_links":{"self":[{"href":"https:\/\/deep-space-astronomy.ch\/de\/wp-json\/wp\/v2\/product\/8735","targetHints":{"allow":["GET"]}}],"collection":[{"href":"https:\/\/deep-space-astronomy.ch\/de\/wp-json\/wp\/v2\/product"}],"about":[{"href":"https:\/\/deep-space-astronomy.ch\/de\/wp-json\/wp\/v2\/types\/product"}],"replies":[{"embeddable":true,"href":"https:\/\/deep-space-astronomy.ch\/de\/wp-json\/wp\/v2\/comments?post=8735"}],"wp:featuredmedia":[{"embeddable":true,"href":"https:\/\/deep-space-astronomy.ch\/de\/wp-json\/wp\/v2\/media\/8865"}],"wp:attachment":[{"href":"https:\/\/deep-space-astronomy.ch\/de\/wp-json\/wp\/v2\/media?parent=8735"}],"wp:term":[{"taxonomy":"product_brand","embeddable":true,"href":"https:\/\/deep-space-astronomy.ch\/de\/wp-json\/wp\/v2\/product_brand?post=8735"},{"taxonomy":"product_cat","embeddable":true,"href":"https:\/\/deep-space-astronomy.ch\/de\/wp-json\/wp\/v2\/product_cat?post=8735"},{"taxonomy":"product_tag","embeddable":true,"href":"https:\/\/deep-space-astronomy.ch\/de\/wp-json\/wp\/v2\/product_tag?post=8735"}],"curies":[{"name":"wp","href":"https:\/\/api.w.org\/{rel}","templated":true}]}}