{"id":8736,"date":"2025-06-26T17:35:13","date_gmt":"2025-06-26T15:35:13","guid":{"rendered":"https:\/\/deep-space-astronomy.ch\/?post_type=product&#038;p=8736"},"modified":"2026-03-31T17:42:37","modified_gmt":"2026-03-31T15:42:37","slug":"sky-watcher-skyliner-200p-classic-telescope-dobson-parabolique-de-200-mm-8-prix-promotionnel-2","status":"publish","type":"product","link":"https:\/\/deep-space-astronomy.ch\/de\/produkt\/sky-watcher-skyliner-200p-classic-telescope-dobson-parabolique-de-200-mm-8-prix-promotionnel-2\/","title":{"rendered":"Dobson Skyliner 200mm - Classic"},"content":{"rendered":"<h3 style=\"text-align: center;\">Sky-Watcher-Teleskop Dobson Skyliner 200mm - Classic - Spa\u00df an der Beobachtung im Gro\u00dfen<\/h3>\n<p><strong>Kraft, Fl\u00fcssigkeit und Spa\u00df beim Beobachten: Der Skyliner 200 ist ein Bestseller unter den Amateuren!<\/strong><\/p>\n<p>Der Dobson Skyliner mit einem Durchmesser von 203 mm bietet eine beeindruckende Helligkeit und scharfe Bilder, sowohl von Deep-Sky-Objekten als auch von Planeten. Es ist einfach zu montieren, robust und stabil und setzt Ma\u00dfst\u00e4be in seiner Klasse.<\/p>\n<p><strong>NEU:<\/strong> wird mit zwei Weitwinkelokularen (12,5 mm und 20 mm - 70\u00b0 Feld), einem 1,25\u2033-Adapter mit Messingklemmring und einem Universaladapter f\u00fcr Smartphones geliefert! Halten Sie die Sch\u00f6nheit des Himmels in Sekundenschnelle fest!<\/p>\n<h3>Was die Presse sagt<\/h3>\n<blockquote><p>\"Der Sockel des Skyliner 200 ist dank der klaren Anleitung sehr einfach zu montieren... Die Optik war bei 80 % des 1-Grad-Feldes scharf... Wir beobachteten den Krebsnebel, M81 und M82 trotz des fast vollen Mondlichts - w\u00e4hrend sich die anderen Teleskope abm\u00fchten. Unter einem dunklen Himmel waren Objekte wie der Doppelsternhaufen und M35 mit dem 25-mm-Okular einfach atemberaubend. Saturn raubte uns den Atem: f\u00fcnf sichtbare Monde, ausgepr\u00e4gte Cassini-Teilung und sogar ein Farbunterschied zwischen dem A- und dem B-Ring. Dieses Teleskop enth\u00fcllt wirklich alle planetaren Details. Deep-Sky-Liebhaber kommen voll auf ihre Kosten... Der Skyliner ist eine wahre Freude zu benutzen\".<br \/>\n<em>- BBC Sky at Night Magazine<\/em><\/p><\/blockquote>\n<h3>Ein intuitiver und fl\u00fcssiger Dobson-Rahmen<\/h3>\n<p>Inspiriert von John Dobsons Konzept ist diese einfache azimutale Montierung so konzipiert, dass sie sich flie\u00dfend mit der Hand bedienen l\u00e4sst. Das Rohr dreht sich mithilfe eines optimierten Friktionssystems um seine vertikale und horizontale Achse und erm\u00f6glicht so sanfte und pr\u00e4zise Bewegungen ohne Stabilit\u00e4tsverlust. Aufbau in wenigen Minuten ohne komplizierte Werkzeuge.<\/p>\n<h3>Parabolische Hochleistungsoptik<\/h3>\n<p>Der Skyliner 200 ist mit einem Hauptspiegel ausgestattet <strong>parabolisch<\/strong> behandelt RAQ\u2122 (Radiant Aluminum Quartz) mit einem Reflexionsverm\u00f6gen von bis zu 94 %. Diese Behandlung garantiert eine hervorragende Haltbarkeit und eine gleichbleibende Leistung, auch nach jahrelangem Gebrauch. Die Bilder sind scharf, kontrastreich und detailreich.<\/p>\n<h3>Technische Daten<\/h3>\n<table border=\"1\" cellspacing=\"0\" cellpadding=\"8\">\n<tbody>\n<tr>\n<td><strong>Art der Optik<\/strong><\/td>\n<td>Newton-Reflektor auf Dobson-Montierung<\/td>\n<\/tr>\n<tr>\n<td><strong>Durchmesser des Hauptspiegels<\/strong><\/td>\n<td>203 mm<\/td>\n<\/tr>\n<tr>\n<td><strong>Brennweite<\/strong><\/td>\n<td>1200 mm (f\/5.91)<\/td>\n<\/tr>\n<tr>\n<td><strong>Inklusive Okulare<\/strong><\/td>\n<td>12,5 mm und 20 mm - Weitwinkel 70\u00b0 (1,25\u2033)<\/td>\n<\/tr>\n<tr>\n<td><strong>Mitgelieferte Vergr\u00f6\u00dferungen<\/strong><\/td>\n<td>48x und 120x<\/td>\n<\/tr>\n<tr>\n<td><strong>Theoretische maximale Vergr\u00f6\u00dferung<\/strong><\/td>\n<td>406x<\/td>\n<\/tr>\n<tr>\n<td><strong>Okularhalter<\/strong><\/td>\n<td>1,25\u2033 und 2\u2033 kompatibel<\/td>\n<\/tr>\n<tr>\n<td><strong>Adapter mit Messingring<\/strong><\/td>\n<td>Ja, f\u00fcr Okulare 1,25\u2033.<\/td>\n<\/tr>\n<tr>\n<td><strong>Spiegel<\/strong><\/td>\n<td>Parabolische Prim\u00e4r- und Sekund\u00e4rstufe mit RAQ\u2122-Behandlung<\/td>\n<\/tr>\n<tr>\n<td><strong>Sekund\u00e4re Unterst\u00fctzung<\/strong><\/td>\n<td>0,5 mm ultrad\u00fcnne \u00c4ste<\/td>\n<\/tr>\n<tr>\n<td><strong>Forscher<\/strong><\/td>\n<td>9\u00d750-Optik<\/td>\n<\/tr>\n<tr>\n<td><strong>Spiegelreflexkamera-Adapter<\/strong><\/td>\n<td>Direkte Verbindung SLR<\/td>\n<\/tr>\n<tr>\n<td><strong>Smartphone-Adapter<\/strong><\/td>\n<td>Universell (54 bis 90 mm Breite)<\/td>\n<\/tr>\n<tr>\n<td><strong>Rahmen<\/strong><\/td>\n<td>Alt-azimutale aus Holz mit Zubeh\u00f6rtablett<\/td>\n<\/tr>\n<tr>\n<td><strong>Gesammeltes Licht (vs 150 mm)<\/strong><\/td>\n<td>+77%<\/td>\n<\/tr>\n<\/tbody>\n<\/table>\n<h3>Warum sollten Sie sich f\u00fcr den Skyliner 200 entscheiden?<\/h3>\n<ul>\n<li>203 mm Durchmesser zur Erforschung schwacher Deep-Sky-Objekte<\/li>\n<li>Stabiler, intuitiver Rahmen, ideal f\u00fcr Anf\u00e4nger und Fortgeschrittene<\/li>\n<li>Hochwertige parabolische Optik mit fortschrittlicher Reflexionsbehandlung<\/li>\n<li>Mitgeliefertes Zubeh\u00f6r: Okulare, Sucher, Smartphone- und Spiegelreflex-Adapter<\/li>\n<li>Schneller Aufbau, kein \u00c4rger: Beobachten Sie in nur wenigen Minuten<\/li>\n<\/ul>\n<h3>Schlussfolgerung<\/h3>\n<p>Die <strong>Skyliner 200\/1200<\/strong> ist ein komplettes, leistungsstarkes und einfach zu bedienendes Teleskop. Ob Sie nun davon tr\u00e4umen, in die Spiralarme einer Galaxie einzutauchen oder den Ringen des Saturn zu folgen, es wird Ihnen unvergessliche N\u00e4chte bescheren. Von Experten empfohlen, von Benutzern bejubelt, ist es einfach ein Muss f\u00fcr die visuelle Beobachtung.<\/p>","protected":false},"excerpt":{"rendered":"<p>T\u00e9lescope Sky-Watcher Dobson Skyliner 200mm &#8211; Classic \u2013 Le plaisir de l\u2019observation en grand Puissance, fluidit\u00e9 et plaisir d\u2019observer : le Skyliner 200 est un best-seller chez les amateurs ! Le Dobson Skyliner de 203 mm de diam\u00e8tre offre une luminosit\u00e9 impressionnante et des images nettes, aussi bien sur les objets du ciel profond que [&hellip;]<\/p>\n","protected":false},"featured_media":8867,"comment_status":"open","ping_status":"closed","template":"","meta":[],"product_brand":[822],"product_cat":[816,746,833,815,392],"product_tag":[],"class_list":{"0":"post-8736","1":"product","2":"type-product","3":"status-publish","4":"has-post-thumbnail","6":"product_brand-sky-watcher","7":"product_cat-nouveautes","8":"product_cat-dobson","9":"product_cat-en-stock","10":"product_cat-debutants","11":"product_cat-telescopes_reflecteurs","13":"first","14":"instock","15":"taxable","16":"shipping-taxable","17":"purchasable","18":"product-type-simple"},"_links":{"self":[{"href":"https:\/\/deep-space-astronomy.ch\/de\/wp-json\/wp\/v2\/product\/8736","targetHints":{"allow":["GET"]}}],"collection":[{"href":"https:\/\/deep-space-astronomy.ch\/de\/wp-json\/wp\/v2\/product"}],"about":[{"href":"https:\/\/deep-space-astronomy.ch\/de\/wp-json\/wp\/v2\/types\/product"}],"replies":[{"embeddable":true,"href":"https:\/\/deep-space-astronomy.ch\/de\/wp-json\/wp\/v2\/comments?post=8736"}],"wp:featuredmedia":[{"embeddable":true,"href":"https:\/\/deep-space-astronomy.ch\/de\/wp-json\/wp\/v2\/media\/8867"}],"wp:attachment":[{"href":"https:\/\/deep-space-astronomy.ch\/de\/wp-json\/wp\/v2\/media?parent=8736"}],"wp:term":[{"taxonomy":"product_brand","embeddable":true,"href":"https:\/\/deep-space-astronomy.ch\/de\/wp-json\/wp\/v2\/product_brand?post=8736"},{"taxonomy":"product_cat","embeddable":true,"href":"https:\/\/deep-space-astronomy.ch\/de\/wp-json\/wp\/v2\/product_cat?post=8736"},{"taxonomy":"product_tag","embeddable":true,"href":"https:\/\/deep-space-astronomy.ch\/de\/wp-json\/wp\/v2\/product_tag?post=8736"}],"curies":[{"name":"wp","href":"https:\/\/api.w.org\/{rel}","templated":true}]}}