{"id":8749,"date":"2025-06-26T17:38:00","date_gmt":"2025-06-26T15:38:00","guid":{"rendered":"https:\/\/deep-space-astronomy.ch\/?post_type=product&#038;p=8749"},"modified":"2025-09-17T15:44:29","modified_gmt":"2025-09-17T13:44:29","slug":"sky-watcher-skymax-180-pro-f-15","status":"publish","type":"product","link":"https:\/\/deep-space-astronomy.ch\/de\/produkt\/sky-watcher-skymax-180-pro-f-15\/","title":{"rendered":"Sky-Watcher Skymax-180 PRO (f\/15)"},"content":{"rendered":"<section lang=\"fr\">\n<h1>Sky-Watcher Skymax 180 - Maksutov-Cassegrain-Teleskop der Spitzenklasse<\/h1>\n<p>Die <strong>Skymax 180<\/strong> von Sky-Watcher ist eines der besten Teleskope des Typs <strong>Maksutov-Cassegrain<\/strong> die auf dem Markt f\u00fcr hochaufl\u00f6sende visuelle Astronomie erh\u00e4ltlich sind. Ausgestattet mit einem <strong>180-mm-Objektiv<\/strong> und einer <strong>beeindruckende Brennweite von 2700 mm<\/strong>, In den letzten Jahren hat er sich bei der Beobachtung von Planetendetails, Mondkratern, Doppelsternen und kompakten Deep-Sky-Objekten hervorgetan.<\/p>\n<h2>Eine Pr\u00e4zisionsoptik, die f\u00fcr Enthusiasten entwickelt wurde<\/h2>\n<p>Gebaut mit Spiegeln aus <strong>Borosilikat<\/strong> und exklusive Behandlungen <strong>Radiant\u2122 Aluminum Quartz\u2122 (RAQ\u2122)<\/strong>, erreicht dieser Maksutov-Cassegrain eine Reflektivit\u00e4t von <strong>94 %<\/strong>. Seine Verschlussplatte ist mit dem <strong>Beschichtung Metallic High-Transmission Coatings\u2122 (MHTC\u2122)<\/strong>, Das Ergebnis ist eine hervorragende Lichtdurchl\u00e4ssigkeit, w\u00e4hrend chromatische Aberrationen fast vollst\u00e4ndig eliminiert werden. Das Ergebnis sind scharfe, kontrastreiche und perfekt korrigierte Bilder.<\/p>\n<h2>Ein kompaktes Teleskop mit sehr langer Brennweite<\/h2>\n<p>Dank seiner <strong>Fokusverh\u00e4ltnis von f\/15<\/strong>, Das Skymax 180 bietet eine hohe native Vergr\u00f6\u00dferung, die ideal f\u00fcr sehr detaillierte Beobachtungen ist, ohne dass ein Barlow erforderlich ist. Im Gegensatz zu gr\u00f6\u00dferen Tuben begrenzt das geschlossene Design die internen Turbulenzen und erleichtert die Kollimation.<\/p>\n<h2>Technische Daten - Skymax 180<\/h2>\n<table border=\"1\" cellspacing=\"0\" cellpadding=\"8\">\n<caption><strong>Optische Spezifikationen<\/strong><\/caption>\n<tbody>\n<tr>\n<td>Art des Teleskops<\/td>\n<td>Maksutov-Cassegrain<\/td>\n<\/tr>\n<tr>\n<td>Durchmesser der \u00d6ffnung<\/td>\n<td>180 mm<\/td>\n<\/tr>\n<tr>\n<td>Brennweite<\/td>\n<td>2700 mm<\/td>\n<\/tr>\n<tr>\n<td>Fokusbericht<\/td>\n<td>f\/15<\/td>\n<\/tr>\n<tr>\n<td>Beschichtung von Spiegeln<\/td>\n<td>Radiant\u2122 Aluminum Quartz\u2122 (RAQ\u2122) - 94 % Reflektivit\u00e4t<\/td>\n<\/tr>\n<tr>\n<td>Korrekturplatte<\/td>\n<td>Behandelt MHTC\u2122 (Metallic High-Transmission Coatings)<\/td>\n<\/tr>\n<tr>\n<td>Material des Rohrs<\/td>\n<td>Aluminium mit schwarzem \u00abBlack Diamond\u00bb-Metallic-Finish\u00bb<\/td>\n<\/tr>\n<tr>\n<td>Geschlossenes Design<\/td>\n<td>Ja - Staubschutz und reduzierte Turbulenzen<\/td>\n<\/tr>\n<\/tbody>\n<\/table>\n<p>&nbsp;<\/p>\n<table border=\"1\" cellspacing=\"0\" cellpadding=\"8\">\n<caption><strong>Inklusive Zubeh\u00f6r<\/strong><\/caption>\n<tbody>\n<tr>\n<td>Okular im Lieferumfang enthalten<\/td>\n<td>1x 28 mm 2\u2033-Okular<\/td>\n<\/tr>\n<tr>\n<td>Forscher<\/td>\n<td>9\u00d750 optisch auf Medien<\/td>\n<\/tr>\n<tr>\n<td>Abgewinkelte Umlenkung<\/td>\n<td>Abgewinkelte Umlenkung 2\u2033.<\/td>\n<\/tr>\n<tr>\n<td>Schwalbenschwanz<\/td>\n<td>Vixen-Format (V-style)<\/td>\n<\/tr>\n<\/tbody>\n<\/table>\n<h2>Ideal f\u00fcr Liebhaber von Planeten und hoher Aufl\u00f6sung<\/h2>\n<p>Die <strong>Skymax 180<\/strong> zeichnet sich besonders f\u00fcr Beobachtungen aus, bei denen es auf Sch\u00e4rfe und Kontrast ankommt. Es kann mit wesentlich teureren Instrumenten konkurrieren und ist dabei relativ kompakt. Es ist auch beliebt f\u00fcr die\u2019<strong>planetarische Astrofotografie<\/strong> mit Spezialkameras (Mond, Planeten, Doppelsterne).<\/p>\n<h2>St\u00e4rken des Skymax 180<\/h2>\n<ul>\n<li><strong>Brennweite von 2700 mm<\/strong> f\u00fcr hohe Vergr\u00f6\u00dferungen ohne Qualit\u00e4tsverlust.<\/li>\n<li><strong>Exklusive optische Behandlungen<\/strong> RAQ\u2122 und MHTC\u2122 f\u00fcr ein High-Fidelity-Bild.<\/li>\n<li><strong>Maksutov-Format<\/strong> kompakt, luftdicht und pflegeleicht.<\/li>\n<li><strong>Wird gebrauchsfertig geliefert<\/strong> mit Okular, Sucher, Winkelumlenkung und Schwalbenschwanz.<\/li>\n<li><strong>Kompatibel mit allen Vixen\/Sky-Watcher-Rahmen<\/strong>.<\/li>\n<\/ul>\n<h2>Eine High-End-Auswahl f\u00fcr anspruchsvolle Beobachter<\/h2>\n<p>Wenn Sie ein leistungsstarkes Instrument suchen, um die kleinsten Details unseres Sonnensystems zu erforschen, ist das <strong>Sky-Watcher Skymax 180<\/strong> ist die ideale Wahl. Sie bietet eine au\u00dfergew\u00f6hnliche Bildqualit\u00e4t in einem kontrollierten Format und eignet sich sowohl f\u00fcr erfahrene Enthusiasten als auch f\u00fcr Amateure, die von Anfang an eine R\u00f6hre mit sehr hoher Qualit\u00e4t w\u00fcnschen.<\/p>\n<p><strong>Bestellen Sie jetzt<\/strong> Ihre Skymax 180 in unserem Shop und profitieren Sie von einer schnellen Lieferung, fachkundigem technischen Support und einem freundlichen Kundenservice!<\/p>\n<\/section>","protected":false},"excerpt":{"rendered":"<p>Sky-Watcher Skymax 180 \u2013 T\u00e9lescope Maksutov-Cassegrain Haut de Gamme Le Skymax 180 de Sky-Watcher est l\u2019un des meilleurs t\u00e9lescopes de type Maksutov-Cassegrain disponibles sur le march\u00e9 pour l\u2019astronomie visuelle haute r\u00e9solution. Dot\u00e9 d\u2019un objectif de 180 mm et d\u2019une focale impressionnante de 2700 mm, il excelle dans l\u2019observation des d\u00e9tails plan\u00e9taires, des crat\u00e8res lunaires, des [&hellip;]<\/p>\n","protected":false},"featured_media":9758,"comment_status":"open","ping_status":"closed","template":"","meta":[],"product_brand":[822],"product_cat":[392,752],"product_tag":[],"class_list":{"0":"post-8749","1":"product","2":"type-product","3":"status-publish","4":"has-post-thumbnail","6":"product_brand-sky-watcher","7":"product_cat-telescopes_reflecteurs","8":"product_cat-maksutov-cassegrain","10":"first","11":"on_supplier","12":"taxable","13":"shipping-taxable","14":"purchasable","15":"product-type-simple"},"_links":{"self":[{"href":"https:\/\/deep-space-astronomy.ch\/de\/wp-json\/wp\/v2\/product\/8749","targetHints":{"allow":["GET"]}}],"collection":[{"href":"https:\/\/deep-space-astronomy.ch\/de\/wp-json\/wp\/v2\/product"}],"about":[{"href":"https:\/\/deep-space-astronomy.ch\/de\/wp-json\/wp\/v2\/types\/product"}],"replies":[{"embeddable":true,"href":"https:\/\/deep-space-astronomy.ch\/de\/wp-json\/wp\/v2\/comments?post=8749"}],"wp:featuredmedia":[{"embeddable":true,"href":"https:\/\/deep-space-astronomy.ch\/de\/wp-json\/wp\/v2\/media\/9758"}],"wp:attachment":[{"href":"https:\/\/deep-space-astronomy.ch\/de\/wp-json\/wp\/v2\/media?parent=8749"}],"wp:term":[{"taxonomy":"product_brand","embeddable":true,"href":"https:\/\/deep-space-astronomy.ch\/de\/wp-json\/wp\/v2\/product_brand?post=8749"},{"taxonomy":"product_cat","embeddable":true,"href":"https:\/\/deep-space-astronomy.ch\/de\/wp-json\/wp\/v2\/product_cat?post=8749"},{"taxonomy":"product_tag","embeddable":true,"href":"https:\/\/deep-space-astronomy.ch\/de\/wp-json\/wp\/v2\/product_tag?post=8749"}],"curies":[{"name":"wp","href":"https:\/\/api.w.org\/{rel}","templated":true}]}}