{"id":8761,"date":"2025-06-26T17:38:01","date_gmt":"2025-06-26T15:38:01","guid":{"rendered":"https:\/\/deep-space-astronomy.ch\/?post_type=product&#038;p=8761"},"modified":"2025-09-17T15:44:37","modified_gmt":"2025-09-17T13:44:37","slug":"sky-watcher-evostar-150-ota","status":"publish","type":"product","link":"https:\/\/deep-space-astronomy.ch\/de\/produkt\/sky-watcher-evostar-150-ota\/","title":{"rendered":"Sky-Watcher Evostar-150 (OTA)"},"content":{"rendered":"<section lang=\"fr\">\n<h1>Sky-Watcher Evostar 150\/1200 OTA - Achromatisches Refraktor-Teleskop der Spitzenklasse<\/h1>\n<blockquote><p><em>\"Ich habe eine Vielzahl von Teleskopen benutzt; einige sind gut, andere mittelm\u00e4\u00dfig und wieder andere schlecht. F\u00fcr mich ist die Sky-Watcher-Reihe wirklich hervorragend, f\u00fcr jeden Amateur geeignet - und das zu einem erschwinglichen Preis! Hervorragendes Preis-Leistungs-Verh\u00e4ltnis. Benutzen Sie sie und genie\u00dfen Sie sie\".<\/em><\/p>\n<footer>- <strong>Sir Patrick Moore CBE FRS (1923-2012)<\/strong><\/footer>\n<\/blockquote>\n<p>Die <strong>Sky-Watcher Evostar 150\/1200 OTA<\/strong> ist ein achromatisches Refraktorteleskop mit einem Durchmesser von 150 mm, das eine bemerkenswerte Bildqualit\u00e4t f\u00fcr die Beobachtung von Planeten, des Mondes und des hellen Deep-Sky-Bereichs bietet. Gebaut in einem Design mit <strong>Dublette mit Luftabstand<\/strong>Er bietet eine hervorragende Kontrolle der chromatischen Aberration und eine hohe optische Pr\u00e4zision. Dieser Tubus ist ideal f\u00fcr anspruchsvolle visuelle Astronomen, die auf der Suche nach feinen Details und optimalem Kontrast sind.<\/p>\n<h2>Ein leistungsstarkes Teleskop f\u00fcr visuelle Enthusiasten<\/h2>\n<p>Mit seinem <strong>150-mm-Objektiv<\/strong> und seine <strong>lange Brennweite von 1200 mm (f\/8)<\/strong>Mit diesem Refraktor k\u00f6nnen Sie die Vergr\u00f6\u00dferungen erh\u00f6hen und gleichzeitig ein scharfes und kontrastreiches Bild erhalten. Er ist besonders f\u00fcr die Beobachtung von Planeten, dem Mond und Doppelsternen geeignet, bietet aber auch eine gute Leistung bei offenen Sternhaufen, Kugelsternhaufen und hellen Nebeln.<\/p>\n<h2>Wichtigste optische Merkmale<\/h2>\n<table border=\"1\" cellspacing=\"0\" cellpadding=\"8\">\n<caption><strong>Technische Spezifikationen - Evostar 150\/1200 OTA<\/strong><\/caption>\n<tbody>\n<tr>\n<td>Art des Teleskops<\/td>\n<td>Achromatischer Refraktor mit zwei durch Luft beabstandeten Elementen<\/td>\n<\/tr>\n<tr>\n<td>Durchmesser des Objektivs<\/td>\n<td>150 mm (6\u2033)<\/td>\n<\/tr>\n<tr>\n<td>Brennweite<\/td>\n<td>1200 mm<\/td>\n<\/tr>\n<tr>\n<td>Er\u00f6ffnungsbericht<\/td>\n<td>f\/8<\/td>\n<\/tr>\n<tr>\n<td>Vergr\u00f6\u00dferungen mit mitgelieferten Okularen<\/td>\n<td>x48 (25 mm) &amp; x120 (10 mm)<\/td>\n<\/tr>\n<tr>\n<td>Optische Verarbeitung<\/td>\n<td>Mehrfach behandelt Antireflexionsmittel<\/td>\n<\/tr>\n<tr>\n<td>Rahmen<\/td>\n<td>Nicht enthalten (nur optischer Tubus)<\/td>\n<\/tr>\n<\/tbody>\n<\/table>\n<h2>Zubeh\u00f6r, das im Lieferumfang des optischen Tubus enthalten ist<\/h2>\n<table border=\"1\" cellspacing=\"0\" cellpadding=\"8\">\n<caption><strong>Inhalt der Schachtel<\/strong><\/caption>\n<tbody>\n<tr>\n<td>Okulare<\/td>\n<td>10 mm und 25 mm (bei Gie\u00dfen 1,25\u2033)<\/td>\n<\/tr>\n<tr>\n<td>Forscher<\/td>\n<td>9\u00d750 optisch auf Medien<\/td>\n<\/tr>\n<tr>\n<td>Rohrringe<\/td>\n<td>Ja, enthalten<\/td>\n<\/tr>\n<tr>\n<td>Montageleiste<\/td>\n<td>Schwalbenschwanz Typ Vixen<\/td>\n<\/tr>\n<tr>\n<td>Fokussieren<\/td>\n<td>Zahnstange im Format 2\u2033 mit Adapter 1,25\u2033.<\/td>\n<\/tr>\n<\/tbody>\n<\/table>\n<h2>Fortschrittliches optisches Design - Dubletten mit Luftabstand<\/h2>\n<p>Die Sky-Watcher-Refraktoren der Evostar-Serie verwenden ein Design mit <strong>achromatische Linsen, die durch Luft getrennt sind<\/strong>Die Bildqualit\u00e4t ist viel besser als bei einer einfachen geklebten Dublette. Dies erm\u00f6glicht eine bessere Farbkorrektur, reduziert Farbs\u00e4ume und erh\u00f6ht den Kontrast der Bilder. Sie profitieren von scharfen, nat\u00fcrlichen und angenehmen visuellen Beobachtungen.<\/p>\n<h2>Eine robuste, erweiterbare R\u00f6hre<\/h2>\n<p>Der optische Tubus Evostar 150 ist sorgf\u00e4ltig verarbeitet und kann mit verschiedenen kompatiblen \u00e4quatorialen oder azimutalen Montierungen verwendet werden. Sein gro\u00dfz\u00fcgiger Durchmesser erm\u00f6glicht es auch, ihn mit einer geeigneten Kamera f\u00fcr die Planetenabbildung zu verwenden. Er bildet eine solide Grundlage f\u00fcr die Weiterentwicklung Ihrer astronomischen Praxis.<\/p>\n<h2>Highlights des Sky-Watcher Evostar 150\/1200 OTA<\/h2>\n<ul>\n<li><strong>150-mm-Objektiv<\/strong> f\u00fcr eine hohe Lichtsammelkapazit\u00e4t.<\/li>\n<li><strong>Dublette mit Luftabstand<\/strong> f\u00fcr eine bessere optische Qualit\u00e4t.<\/li>\n<li><strong>Robuste Konstruktion<\/strong> und sorgf\u00e4ltige Verarbeitung.<\/li>\n<li><strong>Kompatibel mit Vixen\/Sky-Watcher-Rahmen<\/strong>.<\/li>\n<li><strong>Wird mit wichtigem Zubeh\u00f6r geliefert<\/strong> f\u00fcr eine schnelle Inbetriebnahme.<\/li>\n<\/ul>\n<h2>Fazit: Ein Referenzrefraktor f\u00fcr die Planetenbeobachtung<\/h2>\n<p>Die <strong>Sky-Watcher Evostar 150\/1200 OTA<\/strong> ist eine der besten Entscheidungen f\u00fcr alle, die sich ein leistungsstarkes, zuverl\u00e4ssiges Teleskop w\u00fcnschen, das keine Kompromisse bei der optischen Qualit\u00e4t eingeht. Von f\u00fchrenden Amateurastronomen anerkannt, ist es ein Referenzinstrument f\u00fcr visuelle Enthusiasten, die nach Leistung und Pr\u00e4zision suchen.<\/p>\n<p><strong>Jetzt verf\u00fcgbar<\/strong> in unserem Shop mit schneller Lieferung, Garantie und Experten-Support!<\/p>\n<\/section>","protected":false},"excerpt":{"rendered":"<p>Sky-Watcher Evostar 150\/1200 OTA \u2013 T\u00e9lescope R\u00e9fracteur Achromatique Haut de Gamme \u00ab J\u2019ai utilis\u00e9 un grand nombre de t\u00e9lescopes ; certains sont bons, d\u2019autres m\u00e9diocres, et d\u2019autres encore mauvais. Pour moi, la gamme Sky-Watcher est vraiment excellente, adapt\u00e9e \u00e0 tous les amateurs \u2013 et \u00e0 des prix abordables ! Excellent rapport qualit\u00e9\/prix. Utilisez-les et profitez-en. [&hellip;]<\/p>\n","protected":false},"featured_media":0,"comment_status":"open","ping_status":"closed","template":"","meta":[],"product_brand":[822],"product_cat":[384,754],"product_tag":[],"class_list":{"0":"post-8761","1":"product","2":"type-product","3":"status-publish","5":"product_brand-sky-watcher","6":"product_cat-lunettes_refracteurs","7":"product_cat-lunettes-achromatiques","9":"first","10":"on_supplier","11":"taxable","12":"shipping-taxable","13":"purchasable","14":"product-type-simple"},"_links":{"self":[{"href":"https:\/\/deep-space-astronomy.ch\/de\/wp-json\/wp\/v2\/product\/8761","targetHints":{"allow":["GET"]}}],"collection":[{"href":"https:\/\/deep-space-astronomy.ch\/de\/wp-json\/wp\/v2\/product"}],"about":[{"href":"https:\/\/deep-space-astronomy.ch\/de\/wp-json\/wp\/v2\/types\/product"}],"replies":[{"embeddable":true,"href":"https:\/\/deep-space-astronomy.ch\/de\/wp-json\/wp\/v2\/comments?post=8761"}],"wp:attachment":[{"href":"https:\/\/deep-space-astronomy.ch\/de\/wp-json\/wp\/v2\/media?parent=8761"}],"wp:term":[{"taxonomy":"product_brand","embeddable":true,"href":"https:\/\/deep-space-astronomy.ch\/de\/wp-json\/wp\/v2\/product_brand?post=8761"},{"taxonomy":"product_cat","embeddable":true,"href":"https:\/\/deep-space-astronomy.ch\/de\/wp-json\/wp\/v2\/product_cat?post=8761"},{"taxonomy":"product_tag","embeddable":true,"href":"https:\/\/deep-space-astronomy.ch\/de\/wp-json\/wp\/v2\/product_tag?post=8761"}],"curies":[{"name":"wp","href":"https:\/\/api.w.org\/{rel}","templated":true}]}}