{"id":8767,"date":"2025-06-26T17:38:02","date_gmt":"2025-06-26T15:38:02","guid":{"rendered":"https:\/\/deep-space-astronomy.ch\/?post_type=product&#038;p=8767"},"modified":"2025-11-21T21:07:38","modified_gmt":"2025-11-21T20:07:38","slug":"sky-watcher-evostar-120-tube","status":"publish","type":"product","link":"https:\/\/deep-space-astronomy.ch\/de\/produkt\/sky-watcher-evostar-120-tube\/","title":{"rendered":"Sky-Watcher Evostar-120 (R\u00f6hre)"},"content":{"rendered":"<section lang=\"fr\">\n<h1>Sky-Watcher Evostar - Nur optische R\u00f6hre - Erschwingliche optische Exzellenz<\/h1>\n<blockquote><p><em>\u00abIch habe eine Vielzahl von Teleskopen benutzt; einige sind gut, andere mittelm\u00e4\u00dfig und wieder andere schlecht. F\u00fcr mich ist die Sky-Watcher-Reihe wirklich hervorragend, f\u00fcr jeden Amateur geeignet - und das zu vern\u00fcnftigen Preisen! Hervorragendes Preis-Leistungs-Verh\u00e4ltnis. Benutzen Sie sie und genie\u00dfen Sie sie\u00bb.\u00bb<\/em><\/p>\n<footer>- <strong>Sir Patrick Moore CBE FRS (1923-2012)<\/strong><\/footer>\n<\/blockquote>\n<p>Die <strong>Sky-Watcher Evostar (Einzelne R\u00f6hre)<\/strong> ist ein <strong>achromatischer Refraktor mit zwei durch Luft beabstandeten Elementen<\/strong>, ist ein sorgf\u00e4ltig entwickeltes Objektiv, das scharfe, kontrastreiche und pr\u00e4zise Bilder liefert. Es ist das ideale Instrument f\u00fcr anspruchsvolle Amateure, die sich ihre eigene Konfiguration mit einer Montierung zusammenstellen m\u00f6chten, die ihren Bed\u00fcrfnissen entspricht.<\/p>\n<h2>Hochwertige Optik - achromatisches Dublett mit Luftabstand<\/h2>\n<p>Im Gegensatz zu einer einfachen Linse, die die verschiedenen Wellenl\u00e4ngen schlecht b\u00fcndelt, ist das <strong>Dublette mit Luftabstand<\/strong> von Sky-Watcher erm\u00f6glicht eine effektive Reduzierung der\u2019<strong>chromatische Aberration<\/strong>. Dies garantiert ein naturgetreueres Bild ohne Farbs\u00e4ume um helle Objekte wie den Mond oder Jupiter.<\/p>\n<h2>Verpackungsinhalt - Einzelne Tube mit wichtigem Zubeh\u00f6r<\/h2>\n<p>Dieses Modell wird geliefert <strong>ohne Gestell<\/strong>, Dies erm\u00f6glicht eine maximale Flexibilit\u00e4t f\u00fcr den Benutzer. Es ist dank seiner Standard-Schwalbenschwanzschiene bereit f\u00fcr die Installation auf einer \u00e4quatorialen oder azimutalen Montierung.<\/p>\n<table border=\"1\" cellspacing=\"0\" cellpadding=\"8\">\n<caption><strong>Zubeh\u00f6r, das im Lieferumfang des optischen Tubus enthalten ist<\/strong><\/caption>\n<tbody>\n<tr>\n<td>Mitgelieferte Okulare<\/td>\n<td>10 mm &amp; 25 mm (Format 1,25\u2033)<\/td>\n<\/tr>\n<tr>\n<td>Optischer Sucher<\/td>\n<td>9\u00d750<\/td>\n<\/tr>\n<tr>\n<td>Befestigungsringe<\/td>\n<td>Inklusive Schlauchringe<\/td>\n<\/tr>\n<tr>\n<td>Montageleiste<\/td>\n<td>Vixen-kompatibler Schwalbenschwanz<\/td>\n<\/tr>\n<\/tbody>\n<\/table>\n<h2>Optische Eigenschaften der R\u00f6hre (variiert je nach genauem Modell)<\/h2>\n<p>Diese R\u00f6hre kann verschiedenen Modellen der Evostar-Serie entsprechen, z. B. 90\/900, 102\/1000, 120\/1000 usw. Hier sind die typischen allgemeinen Spezifikationen :<\/p>\n<table border=\"1\" cellspacing=\"0\" cellpadding=\"8\">\n<caption><strong>Technische Spezifikationen (Beispiel Evostar 102\/1000)<\/strong><\/caption>\n<tbody>\n<tr>\n<td>Art der Optik<\/td>\n<td>Achromatischer Doppelrefraktor<\/td>\n<\/tr>\n<tr>\n<td>Durchmesser des Objektivs<\/td>\n<td>120 mm<\/td>\n<\/tr>\n<tr>\n<td>Brennweite<\/td>\n<td>1000 mm<\/td>\n<\/tr>\n<tr>\n<td>Relative Offenheit<\/td>\n<td>f\/10<\/td>\n<\/tr>\n<tr>\n<td>Mitgelieferte Vergr\u00f6\u00dferungen<\/td>\n<td>x40 und x100<\/td>\n<\/tr>\n<tr>\n<td>Optische Verarbeitung<\/td>\n<td>Mehrfach verg\u00fctet (Antireflex)<\/td>\n<\/tr>\n<\/tbody>\n<\/table>\n<h2>Warum sollte man sich f\u00fcr diese optische R\u00f6hre von Evostar entscheiden?<\/h2>\n<ul>\n<li><strong>Freiheit der Konfiguration :<\/strong> Sie w\u00e4hlen Ihr Gestell entsprechend Ihren Bed\u00fcrfnissen (visuell oder fotografisch) aus.<\/li>\n<li><strong>Qualit\u00e4tsoptik Sky-Watcher :<\/strong> weltweit anerkannt und von Sir Patrick Moore selbst gebilligt.<\/li>\n<li><strong>Vollst\u00e4ndiges Zubeh\u00f6r :<\/strong> zwei Okulare, Sucher 9\u00d750, inklusive Ringe und Schwalbenschwanz.<\/li>\n<li><strong>Erschwinglicher Preis :<\/strong> ausgezeichnete Qualit\u00e4t zu einem sehr g\u00fcnstigen Preis.<\/li>\n<\/ul>\n<h2>Ein von Liebhabern gesch\u00e4tztes Instrument<\/h2>\n<p>Dieser optische Tubus wird von Amateurastronomen auf der ganzen Welt empfohlen und bietet <strong>Leistungen, die den gr\u00f6\u00dften Namen w\u00fcrdig sind<\/strong> ohne sich zu ruinieren. Es ist ideal f\u00fcr die Beobachtung von Mond, Planeten, Doppelsternen und sogar einigen hellen Deep-Sky-Objekten.<\/p>\n<p>Bestellen Sie jetzt Ihr <strong>Sky-Watcher Evostar - Einzelne R\u00f6hre<\/strong> und profitieren Sie von einem fachkundigen Kundenservice, einer schnellen Lieferung und einer pers\u00f6nlichen Beratung aus unserem Spezialshop!<\/p>\n<\/section>","protected":false},"excerpt":{"rendered":"<p>Sky-Watcher Evostar \u2013 Tube Optique Seul \u2013 L\u2019Excellence Optique Accessible \u00ab J\u2019ai utilis\u00e9 un grand nombre de t\u00e9lescopes ; certains sont bons, d\u2019autres m\u00e9diocres, d\u2019autres encore mauvais. Pour moi, la gamme Sky-Watcher est vraiment excellente, adapt\u00e9e \u00e0 tous les amateurs \u2013 et \u00e0 des prix raisonnables ! Excellent rapport qualit\u00e9\/prix. Utilisez-les et profitez-en. \u00bb \u2014 [&hellip;]<\/p>\n","protected":false},"featured_media":9755,"comment_status":"open","ping_status":"closed","template":"","meta":[],"product_brand":[822],"product_cat":[754],"product_tag":[],"class_list":{"0":"post-8767","1":"product","2":"type-product","3":"status-publish","4":"has-post-thumbnail","6":"product_brand-sky-watcher","7":"product_cat-lunettes-achromatiques","9":"first","10":"on_supplier","11":"taxable","12":"shipping-taxable","13":"purchasable","14":"product-type-simple"},"_links":{"self":[{"href":"https:\/\/deep-space-astronomy.ch\/de\/wp-json\/wp\/v2\/product\/8767","targetHints":{"allow":["GET"]}}],"collection":[{"href":"https:\/\/deep-space-astronomy.ch\/de\/wp-json\/wp\/v2\/product"}],"about":[{"href":"https:\/\/deep-space-astronomy.ch\/de\/wp-json\/wp\/v2\/types\/product"}],"replies":[{"embeddable":true,"href":"https:\/\/deep-space-astronomy.ch\/de\/wp-json\/wp\/v2\/comments?post=8767"}],"wp:featuredmedia":[{"embeddable":true,"href":"https:\/\/deep-space-astronomy.ch\/de\/wp-json\/wp\/v2\/media\/9755"}],"wp:attachment":[{"href":"https:\/\/deep-space-astronomy.ch\/de\/wp-json\/wp\/v2\/media?parent=8767"}],"wp:term":[{"taxonomy":"product_brand","embeddable":true,"href":"https:\/\/deep-space-astronomy.ch\/de\/wp-json\/wp\/v2\/product_brand?post=8767"},{"taxonomy":"product_cat","embeddable":true,"href":"https:\/\/deep-space-astronomy.ch\/de\/wp-json\/wp\/v2\/product_cat?post=8767"},{"taxonomy":"product_tag","embeddable":true,"href":"https:\/\/deep-space-astronomy.ch\/de\/wp-json\/wp\/v2\/product_tag?post=8767"}],"curies":[{"name":"wp","href":"https:\/\/api.w.org\/{rel}","templated":true}]}}