{"id":8803,"date":"2025-06-26T17:46:11","date_gmt":"2025-06-26T15:46:11","guid":{"rendered":"https:\/\/deep-space-astronomy.ch\/?post_type=product&#038;p=8803"},"modified":"2026-05-14T14:52:50","modified_gmt":"2026-05-14T12:52:50","slug":"sky-watcher-solarquest-monture","status":"publish","type":"product","link":"https:\/\/deep-space-astronomy.ch\/de\/produkt\/sky-watcher-solarquest-monture\/","title":{"rendered":"Sky-Watcher SolarQuest Go-To Solar mit Stativ"},"content":{"rendered":"<h3>Sky-Watcher SolarQuest: Die ultimative Montierung zur Beobachtung der Sonne<\/h3>\n<p>Die <strong>Sky-Watcher SolarQuest<\/strong> ist eine revolution\u00e4re motorisierte Montierung, die ausschlie\u00dflich der Sonnenbeobachtung gewidmet ist. Dank seines <strong>HelioFind\u2122<\/strong> patentiert und sein <strong>Integriertes GPS<\/strong>, Mit nur einem Knopfdruck lokalisiert sie automatisch die Sonne, zentriert sie in Ihrem Okular und verfolgt sie dann mit hoher Genauigkeit.<\/p>\n<h3>Einfache und automatische Solartechnologie<\/h3>\n<p>Sie m\u00fcssen nicht im Morgengrauen aufstehen, um Ihr Reittier auszurichten. Das SolarQuest richtet sich mithilfe des integrierten GPS, Kompasses und Neigungsmessers selbst aus. Sobald die automatische Ausrichtung abgeschlossen ist, wird er <strong>verfolgt die Sonne stundenlang<\/strong> ohne dass ein Eingreifen erforderlich ist. Seine <strong>8-Wege-Joystick<\/strong> erm\u00f6glicht es Ihnen, sich bei Bedarf schnell wieder zu konzentrieren.<\/p>\n<h3>Ideal f\u00fcr den Unterricht, Sonnenfinsternisse und Sonneninteressierte<\/h3>\n<p>Ob Sie nun Lehrer sind, Planetentransits beobachten oder Sonnenfinsternisse beobachten wollen, das SolarQuest macht Ihnen das Leben leichter. Es eignet sich perfekt f\u00fcr :<\/p>\n<ul>\n<li>Sonnenflecken beobachten (mit Wei\u00dflichtfilter)<\/li>\n<li>Sonnenfinsternisse verfolgen<\/li>\n<li>Untersuchung der Oberfl\u00e4che in H-Alpha (Protuberanzen, Filamente, Eruptionen)<\/li>\n<li>Beobachtung von Transiten der ISS oder der chinesischen Raumstation<\/li>\n<\/ul>\n<h3>Technische Daten<\/h3>\n<table>\n<tbody>\n<tr>\n<th>Merkmal<\/th>\n<th>Detail<\/th>\n<\/tr>\n<tr>\n<td>Tragf\u00e4higkeit<\/td>\n<td>5 kg (11 lbs)<\/td>\n<\/tr>\n<tr>\n<td>Art der Fassung<\/td>\n<td>Motorisierte Alt-Az<\/td>\n<\/tr>\n<tr>\n<td>Optische Fixierung<\/td>\n<td>Schwalbenschwanz Typ Vixen<\/td>\n<\/tr>\n<tr>\n<td>Tracking-System<\/td>\n<td>Automatische HelioFind\u2122 mit integriertem GPS<\/td>\n<\/tr>\n<tr>\n<td>Joystick<\/td>\n<td>8 Richtungen f\u00fcr manuelle Nachzentrierung<\/td>\n<\/tr>\n<tr>\n<td>Ern\u00e4hrung<\/td>\n<td>8 AA-Batterien (nicht enthalten) oder 12V-Adapter (enthalten)<\/td>\n<\/tr>\n<tr>\n<td>Stativ<\/td>\n<td>Aluminium, verstellbar, Beine \u00d8 1.25\u201d.\u201d<\/td>\n<\/tr>\n<tr>\n<td>Gewicht<\/td>\n<td>Leicht und tragbar<\/td>\n<\/tr>\n<tr>\n<td>Verwendung<\/td>\n<td>Nur Sonnenbeobachtung<\/td>\n<\/tr>\n<\/tbody>\n<\/table>\n<h3>In der Box enthalten<\/h3>\n<ul>\n<li>SolarQuest motorisierte Montierung mit integriertem GPS<\/li>\n<li>Verstellbares Aluminium-Stativ<\/li>\n<li>12V-Netzadapter<\/li>\n<\/ul>\n<p><strong>Achtung :<\/strong> diese Montierung ist nur f\u00fcr die Beobachtung der Sonne vorgesehen. Verwenden Sie immer ein <strong>passender Sonnenfilter<\/strong> (Wei\u00dflicht oder H-Alpha), um Ihre Augen und Ihre Ausr\u00fcstung zu sch\u00fctzen.<\/p>\n<p>Die <strong>Sky-Watcher SolarQuest<\/strong> ist eine schl\u00fcsselfertige L\u00f6sung, mit der Sie unseren Stern sicher erkunden k\u00f6nnen, sei es von Ihrem Garten, einem Klassenzimmer oder dem Weg zu einer Sonnenfinsternis aus. Einfach zu bedienen, pr\u00e4zise und v\u00f6llig unabh\u00e4ngig - eine neue Art, die Astronomie am Tag zu erleben.<\/p>","protected":false},"excerpt":{"rendered":"<p>Sky-Watcher SolarQuest : la monture ultime pour observer le Soleil La Sky-Watcher SolarQuest est une monture motoris\u00e9e r\u00e9volutionnaire d\u00e9di\u00e9e exclusivement \u00e0 l\u2019observation solaire. Gr\u00e2ce \u00e0 son syst\u00e8me HelioFind\u2122 brevet\u00e9 et son GPS int\u00e9gr\u00e9, elle localise automatiquement le Soleil, le centre dans votre oculaire, puis le suit avec une grande pr\u00e9cision \u2014 le tout en appuyant [&hellip;]<\/p>\n","protected":false},"featured_media":9062,"comment_status":"open","ping_status":"closed","template":"","meta":[],"product_brand":[822],"product_cat":[642,759,833,20],"product_tag":[856],"class_list":{"0":"post-8803","1":"product","2":"type-product","3":"status-publish","4":"has-post-thumbnail","6":"product_brand-sky-watcher","7":"product_cat-materiel-pour-lobservation-solaire","8":"product_cat-alt-azimutales","9":"product_cat-en-stock","10":"product_cat-montures","11":"product_tag-produits-phares-en-stock","13":"first","14":"instock","15":"taxable","16":"shipping-taxable","17":"purchasable","18":"product-type-simple"},"_links":{"self":[{"href":"https:\/\/deep-space-astronomy.ch\/de\/wp-json\/wp\/v2\/product\/8803","targetHints":{"allow":["GET"]}}],"collection":[{"href":"https:\/\/deep-space-astronomy.ch\/de\/wp-json\/wp\/v2\/product"}],"about":[{"href":"https:\/\/deep-space-astronomy.ch\/de\/wp-json\/wp\/v2\/types\/product"}],"replies":[{"embeddable":true,"href":"https:\/\/deep-space-astronomy.ch\/de\/wp-json\/wp\/v2\/comments?post=8803"}],"wp:featuredmedia":[{"embeddable":true,"href":"https:\/\/deep-space-astronomy.ch\/de\/wp-json\/wp\/v2\/media\/9062"}],"wp:attachment":[{"href":"https:\/\/deep-space-astronomy.ch\/de\/wp-json\/wp\/v2\/media?parent=8803"}],"wp:term":[{"taxonomy":"product_brand","embeddable":true,"href":"https:\/\/deep-space-astronomy.ch\/de\/wp-json\/wp\/v2\/product_brand?post=8803"},{"taxonomy":"product_cat","embeddable":true,"href":"https:\/\/deep-space-astronomy.ch\/de\/wp-json\/wp\/v2\/product_cat?post=8803"},{"taxonomy":"product_tag","embeddable":true,"href":"https:\/\/deep-space-astronomy.ch\/de\/wp-json\/wp\/v2\/product_tag?post=8803"}],"curies":[{"name":"wp","href":"https:\/\/api.w.org\/{rel}","templated":true}]}}