{"id":8826,"date":"2025-06-26T17:46:14","date_gmt":"2025-06-26T15:46:14","guid":{"rendered":"https:\/\/deep-space-astronomy.ch\/?post_type=product&#038;p=8826"},"modified":"2025-09-17T15:45:50","modified_gmt":"2025-09-17T13:45:50","slug":"sky-watcher-eq8-rh-pro","status":"publish","type":"product","link":"https:\/\/deep-space-astronomy.ch\/de\/produkt\/sky-watcher-eq8-rh-pro\/","title":{"rendered":"Sky-Watcher EQ8-Rh PRO (Kopf)"},"content":{"rendered":"<h3>Sky-Watcher EQ8-RH - GoTo \u00e4quatorialen Montierung mit Renishaw Encoder<\/h3>\n<p>Die <strong>Sky-Watcher EQ8-RH<\/strong> ist die ultimative \u00e4quatoriale Montierung f\u00fcr die private Sternwarte oder den professionellen Gebrauch. Sie kombiniert eine <strong>Ganzmetallstruktur<\/strong>eine <strong>au\u00dfergew\u00f6hnliche Tragf\u00e4higkeit von 50 kg<\/strong> und ein <strong>hochaufl\u00f6sender Renishaw-Encoder<\/strong> auf der Rektaszensionsachse, was eine un\u00fcbertroffene Verfolgungsgenauigkeit gew\u00e4hrleistet.<\/p>\n<p>Die EQ8-RH wurde f\u00fcr anspruchsvolle Astrofotografen und semipermanente Observatorien entwickelt und verf\u00fcgt \u00fcber einen integrierten <strong>ger\u00e4uscharme Riemen<\/strong>ein <strong>vollst\u00e4ndige interne Verdrahtung<\/strong> (USB 3.0, Stromversorgung, serielle Schnittstellen), und PC-Direktbetrieb oder \u00fcber SynScan V5-Racket.<\/p>\n<h3>Hauptmerkmale der EQ8-RH<\/h3>\n<ul>\n<li><strong>Renishaw Inkremental Encoder 11,8 Millionen Punkte<\/strong> auf der RA-Achse - nahezu Beseitigung des periodischen Fehlers<\/li>\n<li><strong>Nutzlast von 50 kg<\/strong> - f\u00fcr schwere Rohre, Kameras, Filter und F\u00fchrung<\/li>\n<li><strong>Riemenantrieb bei RA und DEC<\/strong> - Pr\u00e4zision und Laufruhe<\/li>\n<li><strong>Internes Kabelmanagement<\/strong> - USB 3.0, 2.1 mm, serielle Anschl\u00fcsse<\/li>\n<li><strong>Inklusive SynScan V5-Schl\u00e4ger<\/strong> - GoTo-Basis von \u00fcber 42.000 Objekten<\/li>\n<li><strong>Direkte Verbindung zum PC<\/strong> - erleichterte Fernsteuerung<\/li>\n<\/ul>\n<h3>Technische Spezifikationen des Rahmens<\/h3>\n<table border=\"1\" cellspacing=\"0\" cellpadding=\"6\">\n<thead>\n<tr>\n<th colspan=\"2\">Sky-Watcher EQ8-RH Montierung (Head Only)<\/th>\n<\/tr>\n<\/thead>\n<tbody>\n<tr>\n<td><strong>Typ<\/strong><\/td>\n<td>\u00c4quatorial motorisiert GoTo (Ultra High Capacity)<\/td>\n<\/tr>\n<tr>\n<td><strong>Nutzlast<\/strong><\/td>\n<td>50 kg (110 lbs)<\/td>\n<\/tr>\n<tr>\n<td><strong>H\u00f6he des Kopfes allein<\/strong><\/td>\n<td>49,5 cm<\/td>\n<\/tr>\n<tr>\n<td><strong>Gewicht des Kopfes<\/strong><\/td>\n<td>25,8 kg<\/td>\n<\/tr>\n<tr>\n<td><strong>Befestigung Instrument<\/strong><\/td>\n<td>Schwalbenschwanz Typ D (Losmandy)<\/td>\n<\/tr>\n<tr>\n<td><strong>Motoren<\/strong><\/td>\n<td>Hybride Schritt f\u00fcr Schritt 0.9\u00b0.<\/td>\n<\/tr>\n<tr>\n<td><strong>Training<\/strong><\/td>\n<td>Per Riemen auf beiden Achsen<\/td>\n<\/tr>\n<tr>\n<td><strong>Encoder<\/strong><\/td>\n<td>Renishaw inkrementell auf der RA-Achse (11,8M Ticks)<\/td>\n<\/tr>\n<tr>\n<td><strong>Breitengradbereich<\/strong><\/td>\n<td>10\u00b0 \u00e0 65\u00b0<\/td>\n<\/tr>\n<tr>\n<td><strong>Ern\u00e4hrung<\/strong><\/td>\n<td>DC 11-16V, 3A<\/td>\n<\/tr>\n<\/tbody>\n<\/table>\n<h3>Anschl\u00fcsse und Steuerung<\/h3>\n<table border=\"1\" cellspacing=\"0\" cellpadding=\"6\">\n<thead>\n<tr>\n<th colspan=\"2\">Ports &amp; Steuerungsfunktionen<\/th>\n<\/tr>\n<\/thead>\n<tbody>\n<tr>\n<td><strong>GoTo-Datenbank<\/strong><\/td>\n<td>Messier, NGC, IC, SAO + 25 Benutzerobjekte (42 900 Objekte)<\/td>\n<\/tr>\n<tr>\n<td><strong>Inklusive Schneeschuh<\/strong><\/td>\n<td>SynScan V5 (aufr\u00fcstbarer Flash)<\/td>\n<\/tr>\n<tr>\n<td><strong>PC-Direktverbindung<\/strong><\/td>\n<td>Ja (USB-Anschluss)<\/td>\n<\/tr>\n<tr>\n<td><strong>USB-Anschl\u00fcsse<\/strong><\/td>\n<td>4x USB 3.0<\/td>\n<\/tr>\n<tr>\n<td><strong>Power Ports<\/strong><\/td>\n<td>3x 2.1 mm<\/td>\n<\/tr>\n<tr>\n<td><strong>Serielle Anschl\u00fcsse<\/strong><\/td>\n<td>3x<\/td>\n<\/tr>\n<tr>\n<td><strong>Autoguide-Anschluss<\/strong><\/td>\n<td>Ja (ST4)<\/td>\n<\/tr>\n<tr>\n<td><strong>Wi-Fi<\/strong><\/td>\n<td>Optional \u00fcber Dongle<\/td>\n<\/tr>\n<tr>\n<td><strong>GPS<\/strong><\/td>\n<td>SynScan GPS-Option<\/td>\n<\/tr>\n<tr>\n<td><strong>Zeigegeschwindigkeiten<\/strong><\/td>\n<td>1000x, 800x, 600x, 400x, 200x, 32x, 16x, 8x, 2x, 1x<\/td>\n<\/tr>\n<\/tbody>\n<\/table>\n<h3>Inklusive Zubeh\u00f6r<\/h3>\n<ul>\n<li>Montierung EQ8-RH (head only)<\/li>\n<li>2 Gegengewichte \u00e0 9,9 kg (22 lbs)<\/li>\n<li>SynScan V5-Schl\u00e4ger<\/li>\n<li>Gegengewichtsstange<\/li>\n<li>Netzkabel<\/li>\n<li>Benutzerhandbuch<\/li>\n<\/ul>\n<h3>Eine Elite-Montierung f\u00fcr den erfahrenen Beobachter<\/h3>\n<p>Die <strong>Sky-Watcher EQ8-RH<\/strong> setzt die Messlatte f\u00fcr Reittiere der Observatoriumsklasse sehr hoch. Dank seiner <strong>Encoder auf der RA-Achse<\/strong> und seiner robusten Mechanik garantiert er eine perfekte Nachf\u00fchrung ohne Autoguiding. Eine ideale L\u00f6sung f\u00fcr Forschungsprojekte, pr\u00e4zise Langzeitbelichtungen und die Fernsteuerung von einer privaten oder semiprofessionellen Sternwarte aus.<\/p>","protected":false},"excerpt":{"rendered":"<p>Sky-Watcher EQ8-RH \u2013 Monture \u00e9quatoriale GoTo avec encodeur Renishaw La Sky-Watcher EQ8-RH repr\u00e9sente le summum des montures \u00e9quatoriales pour observatoire personnel ou usage professionnel. Elle combine une structure enti\u00e8rement m\u00e9tallique, une capacit\u00e9 de charge exceptionnelle de 50 kg et un encodeur Renishaw haute r\u00e9solution sur l\u2019axe d\u2019ascension droite, garantissant une pr\u00e9cision de suivi in\u00e9gal\u00e9e. Con\u00e7ue [&hellip;]<\/p>\n","protected":false},"featured_media":9223,"comment_status":"open","ping_status":"closed","template":"","meta":[],"product_brand":[822],"product_cat":[762],"product_tag":[],"class_list":{"0":"post-8826","1":"product","2":"type-product","3":"status-publish","4":"has-post-thumbnail","6":"product_brand-sky-watcher","7":"product_cat-equatoriales","9":"first","10":"on_supplier","11":"taxable","12":"shipping-taxable","13":"purchasable","14":"product-type-simple"},"_links":{"self":[{"href":"https:\/\/deep-space-astronomy.ch\/de\/wp-json\/wp\/v2\/product\/8826","targetHints":{"allow":["GET"]}}],"collection":[{"href":"https:\/\/deep-space-astronomy.ch\/de\/wp-json\/wp\/v2\/product"}],"about":[{"href":"https:\/\/deep-space-astronomy.ch\/de\/wp-json\/wp\/v2\/types\/product"}],"replies":[{"embeddable":true,"href":"https:\/\/deep-space-astronomy.ch\/de\/wp-json\/wp\/v2\/comments?post=8826"}],"wp:featuredmedia":[{"embeddable":true,"href":"https:\/\/deep-space-astronomy.ch\/de\/wp-json\/wp\/v2\/media\/9223"}],"wp:attachment":[{"href":"https:\/\/deep-space-astronomy.ch\/de\/wp-json\/wp\/v2\/media?parent=8826"}],"wp:term":[{"taxonomy":"product_brand","embeddable":true,"href":"https:\/\/deep-space-astronomy.ch\/de\/wp-json\/wp\/v2\/product_brand?post=8826"},{"taxonomy":"product_cat","embeddable":true,"href":"https:\/\/deep-space-astronomy.ch\/de\/wp-json\/wp\/v2\/product_cat?post=8826"},{"taxonomy":"product_tag","embeddable":true,"href":"https:\/\/deep-space-astronomy.ch\/de\/wp-json\/wp\/v2\/product_tag?post=8826"}],"curies":[{"name":"wp","href":"https:\/\/api.w.org\/{rel}","templated":true}]}}